{"id":1013,"date":"2018-09-27T16:48:42","date_gmt":"2018-09-27T09:48:42","guid":{"rendered":"http:\/\/sure-shirts.com\/?page_id=1013"},"modified":"2022-02-07T22:18:19","modified_gmt":"2022-02-07T15:18:19","slug":"returns-replacements","status":"publish","type":"page","link":"https:\/\/thai-clothing.com\/de\/returns-replacements\/","title":{"rendered":"R\u00fccksendungen &amp; Warenumtausch"},"content":{"rendered":"<h2><span style=\"font-family: verdana, geneva, sans-serif;\">R\u00fccksendungen &amp; Warenumtausch<\/span><\/h2>\n<p><span style=\"font-family: verdana, geneva, sans-serif;\"><strong>1.<\/strong> Jede Art von Beschwerde, die zu einer R\u00fcckerstattung, Entsch\u00e4digung oder Warenersatz f\u00fchrt, darf <strong>nicht sp\u00e4ter als 14 Tage nach Erhalt<\/strong> der Ware gemacht werden.<\/span><\/p>\n<p><span style=\"font-family: verdana, geneva, sans-serif;\"><strong>2. In jedem Fall, bei dem wir einen gravierenden Fehler gemacht haben, \u00fcbernehmen wir die volle Verantwortung und bieten eine zufriedenstellende Entsch\u00e4digung an: Ersatzlieferung auf unsere Kosten, oder volle R\u00fcckerstattung des Kaufpreises<\/strong>. Ein Foto als Nachweis f\u00fcr unseren Fehler kann gegebenenfalls gefordert werden.<\/span><\/p>\n<p><span style=\"font-family: verdana, geneva, sans-serif;\"><strong>3.<\/strong> Wir verpacken unsere Ware und Sendungen ordentlich und sorgf\u00e4ltig. Sollten Sie eine <strong>besch\u00e4digte Sendung erhalten<\/strong>, oder wenn die Sendung sichtbar bereits ge\u00f6ffnet wurde (z.B. durch den Zoll) bitten Sie Ihren Zusteller \/ Postboten als Zeuge bei der \u00d6ffnung der Sendung zu fungieren. Dadurch entsteht Ihnen ein Anspruch auf Entsch\u00e4digung (von der nationalen Postgesellschaft oder dem Zollamt Ihres Landes).<\/span><\/p>\n<h3><span style=\"font-family: verdana, geneva, sans-serif;\">R\u00fccksendungen (nicht durch unser Verschulden verursacht)<\/span><\/h3>\n<p><span style=\"font-family: verdana, geneva, sans-serif;\"><strong>1.<\/strong> Durch die hohen Versandkosten und unsere niedrigen Produktpreise k\u00f6nnen wir leider keine kostenfreien R\u00fccksendungen anbieten.<\/span><\/p>\n<p><span style=\"font-family: verdana, geneva, sans-serif;\"><strong>2.<\/strong> Wenn Sie Ware zur\u00fcck geben m\u00f6chten, m\u00fcssen Sie f\u00fcr den R\u00fcckversand aufkommen, und wir erstatten lediglich den Betrag der zur\u00fcckgesandten Produkte <strong>abz\u00fcglich 15% Material- Und Bearbeitungsgeb\u00fchr <\/strong>(nur bei R\u00fcckgabe, nicht bei Warenumtausch).<strong> Versandkosten k\u00f6nnen gar nicht erstattet werden. <\/strong>Die Erstattung wird per PayPal  zur\u00fcck gebucht, nur NACHDEM wir die Ware unbeschadet zur\u00fcck erhalten haben.<\/span><\/p>\n<h3><span style=\"font-family: verdana, geneva, sans-serif;\">Warenumtausch (nicht durch unser Verschulden verursacht)<\/span><\/h3>\n<p><span style=\"font-family: verdana, geneva, sans-serif;\"><strong>1.<\/strong> Aus den selben Gr\u00fcnden (hohe Versandkosten) <strong>k\u00f6nnen wir leider keinen kostenlosen Warenumtausch anbieten<\/strong>.<\/span><\/p>\n<p><span style=\"font-family: verdana, geneva, sans-serif;\"><strong>2.<\/strong> Neben sehr ungenauen Ma\u00dfangaben, wie S, M, L, XL, ... geben wir auf jeder Produktseite zus\u00e4tzlich sehr viel genauere und spezifischere Angaben f\u00fcr jedes einzelne Produkt und jede Gr\u00f6\u00dfeneinheit an. Nutzen Sie unsere Angaben und vergleichen Sie die Ma\u00dfe und Dimensionen (zumindest L\u00e4nge und Breite) mit einem gut passenden Kleidungsst\u00fcck von Ihnen.<\/span><\/p>\n<p><strong><span style=\"font-family: verdana, geneva, sans-serif;\">Sie d\u00fcrfen uns (m\u00f6glichst VOR der Bestellung) jederzeit gerne kontaktieren, damit wir Sie bei der Auswahl beraten k\u00f6nnen und gegebenenfalls noch weitere oder genauere Angaben zu den Produkten Ihrer Wahl machen k\u00f6nnen.<\/span><\/strong><\/p>\n<p><span style=\"font-family: verdana, geneva, sans-serif;\"><strong>3.<\/strong> Wenn Sie ein Produkt umtauschen m\u00f6chten (so lange wir nicht das falsche Produkt, oder die falsche Gr\u00f6\u00dfe oder Farbe gesendet haben), <strong>m\u00fcssen Sie jeweils f\u00fcr die Kosten der R\u00fccksendung, sowie f\u00fcr die neue Zusendung aufkommen<\/strong>. Wir berechnen nichts f\u00fcr Material und Bearbeitung der neuen Sendung. Dennoch sind die 2x Versandkosten zusammen vermutlich so hoch, dass Sie sich das gut \u00fcberlegen sollten.<\/span><\/p>\n<p><span style=\"font-family: verdana, geneva, sans-serif;\">In jedem Fall, wenn Sie unzufrieden sind mit unseren Produkten, kontaktieren Sie uns. <strong>Wir sind \u00fcberzeugt Ware von guter Qualit\u00e4t zu verkaufen, und wir sind immer offen f\u00fcr L\u00f6sungen, denen beide Seiten zustimmen k\u00f6nnen.<\/strong> Senden Sie nur eine E-Mail an: <strong><a href=\"mailto:service@thai-clothing.com\" target=\"_blank\" rel=\"noopener\">service@thai-clothing.com<\/a>.<\/strong><\/span><\/p>","protected":false},"excerpt":{"rendered":"<p>Returns &amp; Replacements 1. Any kinds of complaints leading to a refund, compensation or replacement must be made no more than 14 days after the receipt of the goods. 2. In any case where we made any mistake we certainly take full responsibility to offer a satisfiying compensation: replace the goods at our expense or [&hellip;]<\/p>\n","protected":false},"author":1,"featured_media":0,"parent":0,"menu_order":35,"comment_status":"closed","ping_status":"closed","template":"","meta":{"footnotes":""},"class_list":["post-1013","page","type-page","status-publish","hentry"],"blocksy_meta":{"styles_descriptor":{"styles":{"desktop":"","tablet":"","mobile":""},"google_fonts":[],"version":6}},"_links":{"self":[{"href":"https:\/\/thai-clothing.com\/de\/wp-json\/wp\/v2\/pages\/1013","targetHints":{"allow":["GET"]}}],"collection":[{"href":"https:\/\/thai-clothing.com\/de\/wp-json\/wp\/v2\/pages"}],"about":[{"href":"https:\/\/thai-clothing.com\/de\/wp-json\/wp\/v2\/types\/page"}],"author":[{"embeddable":true,"href":"https:\/\/thai-clothing.com\/de\/wp-json\/wp\/v2\/users\/1"}],"replies":[{"embeddable":true,"href":"https:\/\/thai-clothing.com\/de\/wp-json\/wp\/v2\/comments?post=1013"}],"version-history":[{"count":10,"href":"https:\/\/thai-clothing.com\/de\/wp-json\/wp\/v2\/pages\/1013\/revisions"}],"predecessor-version":[{"id":19127,"href":"https:\/\/thai-clothing.com\/de\/wp-json\/wp\/v2\/pages\/1013\/revisions\/19127"}],"wp:attachment":[{"href":"https:\/\/thai-clothing.com\/de\/wp-json\/wp\/v2\/media?parent=1013"}],"curies":[{"name":"wp","href":"https:\/\/api.w.org\/{rel}","templated":true}]}}