{"id":1015,"date":"2018-09-27T16:54:58","date_gmt":"2018-09-27T09:54:58","guid":{"rendered":"http:\/\/sure-shirts.com\/?page_id=1015"},"modified":"2022-02-08T13:50:03","modified_gmt":"2022-02-08T06:50:03","slug":"terms-and-conditions","status":"publish","type":"page","link":"https:\/\/thai-clothing.com\/de\/terms-and-conditions\/","title":{"rendered":"Allgemeine Gesch\u00e4ftsbedingungen"},"content":{"rendered":"<h1 class=\"has-text-align-center wp-block-heading\" id=\"1---terms-and-conditions-gtc---of---\"><span style=\"font-family: verdana, geneva, sans-serif;\"><strong>Allgemeine Gesch\u00e4ftsbedingungen (AGB) <\/strong><strong>von <\/strong><\/span><\/h1>\n\n\n\n<h1 class=\"has-text-align-center wp-block-heading\" id=\"2---thai-clothingcom--\"><span style=\"font-family: verdana, geneva, sans-serif;\"><strong>thai-clothing.com<\/strong><\/span><\/h1>\n\n\n\n<section id=\"aab875\" class=\"wp-block-gutentor-m13 section-aab875 gutentor-module gutentor-module-table-of-contents\"><div class=\"grid-container\"><div class=\"g-toc\"><div class=\"g-toc-header\"><div class=\"g-toc-heading\"><div class=\"g-toc-title\"><strong>Inhalt<\/strong><\/div><\/div><\/div><div class=\"g-toc-body\"><ol class=\"g-ordered-list\" type=\"1\"><li><a href=\"#4---%C2%A71-scope-definitions-of-terms-defense-clause-general-notes--\">\u00a71 Geltungsbereich, Begriffsbestimmungen, Abwehrklausel, Allgemeine Hinweise<\/a><\/li><li><a href=\"#5---%C2%A72-conclusion-of-contract--\">\u00a72 Vertragsschluss<\/a><\/li><li><a href=\"#6---%C2%A73-prices-and-shipping-costs--\">\u00a73 Preise und Versandkosten<\/a><\/li><li><a href=\"#7---%C2%A74-terms-of-payment--maturity--\">\u00a74 Zahlungsbedingungen \/ F\u00e4lligkeit<\/a><\/li><li><a href=\"#8---%C2%A75-reservation-of-ownership--\">\u00a75 Eigentumsvorbehalt<\/a><\/li><li><a href=\"#9---%C2%A76-product-availability-and-delivery--\">\u00a76 Produktverf\u00fcgbarkeit und Lieferung<\/a><\/li><li><a href=\"#10---%C2%A77-cancellation-policy--\">\u00a77 Widerrufsbelehrung<\/a><\/li><li><a href=\"#11---%C2%A78-screen-display--\">\u00a78 Bildschirmanzeige<\/a><\/li><li><a href=\"#12---%C2%A79-data-privacy-and-protection--\">\u00a79 Privatsph\u00e4re und Datenschutz<\/a><\/li><li><a href=\"#13---%C2%A710-copyright--\">\u00a710 Urheberrecht<\/a><\/li><li><a href=\"#14---%C2%A711-severability-clause--\">\u00a711 Salvatorische Klausel<\/a><\/li><\/ol><\/div><\/div><\/div><\/section>\n\n\n\n<h2 class=\"wp-block-heading\" id=\"4---%C2%A71-scope-definitions-of-terms-defense-clause-general-notes--\"><span style=\"font-size: large; font-family: verdana, geneva, sans-serif;\"><strong>\u00a71 Geltungsbereich, Begriffsbestimmungen, Abwehrklausel, Allgemeine Hinweise<\/strong><\/span><\/h2>\n\n\n\n<p><span style=\"font-family: verdana, geneva, sans-serif;\"><span style=\"font-size: medium;\"><strong>1)<\/strong> Die nachfolgenden Allgemeinen Gesch\u00e4ftsbedingungen gelten f\u00fcr die Gesch\u00e4ftsbeziehung zwischen dem Betreiber des Online-Shops \u201e<strong>thai-clothing.com<\/strong>\u201c (nachfolgend \u201eAnbieter\u201c genannt) und seinen Kunden (nachfolgend Kunde genannt) in der zum Zeitpunkt der Bestellung aktuellen Fassung.<\/span><\/span><\/p>\n\n\n\n<p><span style=\"font-family: verdana, geneva, sans-serif;\"><strong>2)<\/strong> Die AGB k\u00f6nnen jederzeit auf unserer Website abgerufen und anschlie\u00dfend gelesen, ausgedruckt oder auf einem lokalen Computer gespeichert werden.<\/span><\/p>\n\n\n\n<h2 class=\"wp-block-heading\" id=\"5---%C2%A72-conclusion-of-contract--\"><span style=\"font-size: large; font-family: verdana, geneva, sans-serif;\"><strong>\u00a72 Vertragsschluss<\/strong><\/span><\/h2>\n\n\n\n<p><span style=\"font-family: verdana, geneva, sans-serif;\"><strong>1)<\/strong> F\u00fcr Bestellungen in unserem Onlineshop \u201ethai-clothing.com\u201c gelten die nachfolgenden Bestimmungen zum Vertragsschluss.<\/span><\/p>\n\n\n\n<p><span style=\"font-family: verdana, geneva, sans-serif;\"><strong>2)<\/strong> Im Falle des Vertragsschlusses kommt der Vertrag mit thai-clothing.com zustande.<\/span><\/p>\n\n\n\n<p><span style=\"font-family: verdana, geneva, sans-serif;\"><strong>3)<\/strong> Die Warenpr\u00e4sentation auf thai-clothing.com verpflichtet den Verk\u00e4ufer nicht zum Abschluss eines Kaufvertrages, sondern bietet lediglich eine unverbindliche M\u00f6glichkeit, Waren zu bestellen.<\/span><\/p>\n\n\n\n<p><span style=\"font-family: verdana, geneva, sans-serif;\"><strong>4)<\/strong> Mit Eingang einer abgeschlossenen Bestellung in unserem Onlineshop gilt: Der Kunde gibt ein verbindliches Vertragsangebot ab.<\/span><\/p>\n\n\n\n<p><span style=\"font-family: verdana, geneva, sans-serif;\">Eine abgeschlossene Bestellung kommt wie folgt zustande:<\/span><\/p>\n\n\n\n<p><span style=\"font-family: verdana, geneva, sans-serif;\">a) Der Kunde kann als Gast (ohne Registrierung) oder als registrierter Kunde eine verbindliche Bestellung abgeben. In beiden F\u00e4llen muss er f\u00fcr die ordnungsgem\u00e4\u00dfe Bearbeitung der Bestellung und deren Versand genaue pers\u00f6nliche Daten angeben.<\/span><\/p>\n\n\n\n<p><span style=\"font-family: verdana, geneva, sans-serif;\">b) Waren k\u00f6nnen zun\u00e4chst unverbindlich in den Warenkorb gelegt und anschlie\u00dfend bestellt werden.<\/span><\/p>\n\n\n\n<p><span style=\"font-family: verdana, geneva, sans-serif;\">c) Vor der Bestellung k\u00f6nnen ausgew\u00e4hlte Produkte im Warenkorb gesammelt, die Bestellmenge ge\u00e4ndert, neue Produkte hinzugef\u00fcgt und bereits enthaltene Waren entfernt werden.<\/span><\/p>\n\n\n\n<p>d) <strong>Mit dem Absenden der Bestellung erkl\u00e4rt sich der Kunde mit diesen AGB einverstanden<\/strong> <strong>und gibt ein verbindliches Angebot ab,<\/strong> dass er einen Kaufvertrag gem\u00e4\u00df den Artikeln im Warenkorb und den dort angegebenen Bedingungen abschlie\u00dft. W\u00e4hrend des Bestellvorgangs wird der Kunde au\u00dferdem aufgefordert, die Allgemeinen Gesch\u00e4ftsbedingungen zu akzeptieren. Ohne diese aktive Anerkennung kann der Bestellvorgang nicht abgeschlossen werden.<\/p>\n\n\n\n<p>Vor Absenden der verbindlichen Bestellung kann der Kunde jederzeit \u00fcber die im Shop integrierte \u201eZur\u00fcck\u201c-Taste oder die \u201eZur\u00fcck\u201c-Taste des Internetbrowsers auf seine gemachten Angaben zugreifen und ggf. Eingabefehler erg\u00e4nzen, berichtigen oder den Bestellvorgang abbrechen z.B. durch Schlie\u00dfen des Internetbrowsers.<\/p>\n\n\n\n<p><span style=\"font-family: verdana, geneva, sans-serif;\">e) Nach Absenden der Bestellung erh\u00e4lt der Kunde unverz\u00fcglich eine automatisch erstellte Best\u00e4tigungs-E-Mail. Diese Best\u00e4tigung stellt noch nicht zwingend eine verbindliche Annahme des Kaufvertrages durch den Anbieter dar. In der Regel werden wir (der Anbieter) die Bestellung jedoch innerhalb von 24 Stunden verpacken und versenden.<\/span><\/p>\n\n\n\n<p><\/p>\n\n\n\n<p><span style=\"font-family: verdana, geneva, sans-serif;\"><strong>5)<\/strong> Die Daten des Kaufangebots werden vom Anbieter gespeichert. Als registrierter Kunde k\u00f6nnen Sie Ihre vergangenen Bestellungen in unserem Kundenbereich unter \u201e<a href=\"\/my-account\/\" target=\"_blank\" rel=\"noopener\"><strong>Mein Konto<\/strong><\/a>\u201d -&gt; \u201eBestellungen\u201c jederzeit einsehen. Unsere AGB k\u00f6nnen Sie auch jederzeit auf unseren Informationsseiten einsehen.<\/span><\/p>\n\n\n\n<h2 class=\"wp-block-heading\" id=\"6---%C2%A73-prices-and-shipping-costs--\"><span style=\"font-size: large; font-family: verdana, geneva, sans-serif;\"><strong>\u00a73 Preise und Versandkosten<\/strong><\/span><\/h2>\n\n\n\n<p><span style=\"font-family: verdana, geneva, sans-serif;\"><strong>1)<\/strong> Alle Produktpreise auf \u201ethai-clothing.com\u201c enthalten bereits die Kosten f\u00fcr Verpackung und Bearbeitung, <strong>ausgenommen der Versandkosten, welche erst im Warenkorb oder beim Bezahlvorgang hinzugef\u00fcgt werden<\/strong>.<\/span><\/p>\n\n\n\n<p><span style=\"font-family: verdana, geneva, sans-serif;\"><strong>2)<\/strong> Eine Umsatzsteuer wird vom Verk\u00e4ufer aufgrund des Kleinunternehmerstatus nicht erhoben.<\/span><\/p>\n\n\n\n<p><span style=\"font-family: verdana, geneva, sans-serif;\"><strong>3)<\/strong> <strong>Steuern und andere Kosten, <\/strong>wie irgendwelche<strong> Einfuhrabgaben (Z\u00f6lle, Einfuhrumsatzsteuern, ...), <\/strong>die vom Anbieter (thai-clothing.com) nicht erhoben oder verrechnet werden, <strong>liegen in der alleinigen Verantwortung des Kunden \/ Empf\u00e4ngers.<\/strong><\/span><\/p>\n\n\n\n<p><span style=\"font-family: verdana, geneva, sans-serif;\"><strong>4)<\/strong> Weitere Informationen finden Sie auf unseren Infoseiten \u201e<strong><a href=\"\/shipping-costs-shipping-methods\/\" target=\"_blank\" rel=\"noopener\">Versandkosten \/ Versandmethoden<\/a><\/strong>\u201d und \u201c<strong><a href=\"\/shipping-delivery\/\" target=\"_blank\" rel=\"noopener\">Versand &amp; Lieferung<\/a><\/strong>&#8220;.<\/span><\/p>\n\n\n\n<h2 class=\"wp-block-heading\" id=\"7---%C2%A74-terms-of-payment--maturity--\"><span style=\"font-size: large; font-family: verdana, geneva, sans-serif;\"><strong>\u00a74 Zahlungsbedingungen \/ F\u00e4lligkeit<\/strong><\/span><\/h2>\n\n\n\n<p><meta http-equiv=\"content-type\" content=\"text\/html; charset=utf-8\"><span style=\"font-family: verdana, geneva, sans-serif;\"><strong>1)<\/strong> <\/span>Unsere Kunden haben folgende Zahlungsm\u00f6glichkeiten:<\/p>\n\n\n\n<p>a) <span style=\"font-family: verdana, geneva, sans-serif;\"><strong>Bezahlen Sie per Paypal<\/strong> <strong>von Ihrem pers\u00f6nlichen PayPal-Konto<\/strong><\/span>.<\/p>\n\n\n\n<p>b) Verwenden Sie PayPal, um <strong>pay <meta http-equiv=\"content-type\" content=\"text\/html; charset=utf-8\"><span style=\"font-family: verdana, geneva, sans-serif;\">ohne PayPal-Konto per Kreditkarte zu bezahlen<\/span><\/strong>.<\/p>\n\n\n\n<p>c) <strong>Bezahlen Sie direkt von einem Bankkonto in den USA <\/strong>auf unser USA WISE-Konto mittels ACH-Transfer (kein Wire!).<\/p>\n\n\n\n<p>d) <meta http-equiv=\"content-type\" content=\"text\/html; charset=utf-8\"><strong>Bezahlen Sie direkt von einem europ\u00e4ischen Bankkonto <\/strong>auf unser EU WISE-Konto per SEPA-\u00dcberweisung.<\/p>\n\n\n\n<p>e) <strong>Bezahlen Sie direkt von einem thail\u00e4ndischen Bankkonto <\/strong>auf unser thail\u00e4ndisches Bankkonto.<\/p>\n\n\n\n<p><span style=\"font-family: verdana, geneva, sans-serif;\"><strong>2)<\/strong> Der Kunde kann nur mit unbestrittenen oder rechtskr\u00e4ftig festgestellten Forderungen aufrechnen.<\/span><\/p>\n\n\n\n<p><span style=\"font-family: verdana, geneva, sans-serif;\"><strong>3)<\/strong> Ein sog. Zur\u00fcckbehaltungsrecht kann der Kunde nur aus\u00fcben, wenn sein Gegenanspruch auf demselben Vertragsverh\u00e4ltnis beruht.<\/span><\/p>\n\n\n\n<h2 class=\"wp-block-heading\" id=\"8---%C2%A75-reservation-of-ownership--\"><span style=\"font-size: large; font-family: verdana, geneva, sans-serif;\"><strong>\u00a75 Eigentumsvorbehalt<\/strong><\/span><\/h2>\n\n\n\n<p><span style=\"font-family: verdana, geneva, sans-serif;\">Ware, ob bereits geliefert oder nicht, bleibt bis zum vollst\u00e4ndigen Eingang der jeweiligen Bezahlung Eigentum des Anbieters.<\/span><\/p>\n\n\n\n<h2 class=\"wp-block-heading\" id=\"9---%C2%A76-product-availability-and-delivery--\"><span style=\"font-size: large; font-family: verdana, geneva, sans-serif;\"><strong>\u00a76 Produktverf\u00fcgbarkeit und Lieferung<\/strong><\/span><\/h2>\n\n\n\n<p><span style=\"font-family: verdana, geneva, sans-serif;\"><strong>1)<\/strong> In der Regel sind alle auf unserer Website angebotenen Produkte auf Lager und innerhalb eines Tages versandfertig, sofern es in der Produktbeschreibung nicht anders angegeben ist.<\/span><\/p>\n\n\n\n<p><span style=\"font-family: verdana, geneva, sans-serif;\"><strong>2)<\/strong> Bis zur vollst\u00e4ndigen Bezahlung garantiert der Anbieter keine Reservierung der bestellten Ware. Sollten Produkte bis zum vollst\u00e4ndigen Zahlungseingang nicht mehr vorr\u00e4tig sein, wird der Kunde dar\u00fcber informiert. Der Kunde hat dann das Recht, die Bestellung zu \u00e4ndern oder die vollst\u00e4ndige Zahlung zur\u00fcckzufordern.<\/span><\/p>\n\n\n\n<p><span style=\"font-family: verdana, geneva, sans-serif;\"><strong>3)<\/strong> Nach Geldeingang oder positiv best\u00e4tigter Paypal-Zahlung wird die Ware umgehend verpackt und schnellstm\u00f6glich versendet, das hei\u00dft nach M\u00f6glichkeit am n\u00e4chsten Werktag. <strong>Der Kunde erh\u00e4lt eine Versandbest\u00e4tigung mit den entsprechenden Versanddetails und Sendungsverfolgungsnummer<\/strong>.<\/span><\/p>\n\n\n\n<p><span style=\"font-family: verdana, geneva, sans-serif;\"><strong>4)<\/strong> Sollte thai-clothing.com trotz Angebotsannahme ausnahmsweise die bestellte Ware nicht versenden k\u00f6nnen, ist der Anbieter berechtigt, vom Kaufvertrag zur\u00fcckzutreten. Sollte dies der Fall sein, wird der Kunde unverz\u00fcglich informiert und bereits geleistete Zahlungen unverz\u00fcglich erstattet. Weitergehende Anspr\u00fcche des Kunden sind ausgeschlossen.<\/span><\/p>\n\n\n\n<p><span style=\"font-family: verdana, geneva, sans-serif;\"><strong>5)<\/strong> Sollte nach Eingang der vollst\u00e4ndigen Zahlung eine fristgerechte Lieferung der Ware (innerhalb der n\u00e4chsten 3 Werktage) nicht m\u00f6glich sein, wird der Anbieter den Kunden hier\u00fcber informieren. Der Kunde hat dann das Recht, bis zur tats\u00e4chlichen Absendung der Bestellung vom Kauf des\/der jeweiligen Produkte(s) zur\u00fcckzutreten.<\/span><\/p>\n\n\n\n<p><span style=\"font-family: verdana, geneva, sans-serif;\"><strong>6)<\/strong> <strong>Thai-clothing.com \u00fcbernimmt keine Verantwortung<\/strong><strong>f\u00fcr Lieferverz\u00f6gerungen<\/strong> trotz rechtzeitigem Versand und jenseits des Einflussbereiches des Anbieters. Insbesondere seit und w\u00e4hrend der Covid-19-Pandemie kann es zu starken Verz\u00f6gerungen bei Versand, Verzollung und Zustellung kommen. Bitte lesen Sie mehr \u00fcber den Versand auf den folgenden Informationsseiten: \u201e<strong><a href=\"\/shipping-costs-shipping-methods\/\" target=\"_blank\" rel=\"noopener\">Versandkosten \/ Versandmethoden<\/a><\/strong>\u201d und \u201c<strong><a href=\"\/shipping-delivery\/\" target=\"_blank\" rel=\"noopener\">Versand &amp; Lieferung<\/a><\/strong>&#8220;.<\/span><\/p>\n\n\n\n<h2 class=\"wp-block-heading\" id=\"10---%C2%A77-cancellation-policy--\"><span style=\"font-size: large; font-family: verdana, geneva, sans-serif;\"><strong>\u00a77 Widerrufsbelehrung<\/strong><\/span><\/h2>\n\n\n\n<p><span style=\"font-family: verdana, geneva, sans-serif;\">Wir betreiben unseren Onlineshop in Thailand, was unter anderem mit deutlich h\u00f6heren Versandkosten verbunden ist. Daher weichen einige Formulierungen zwangsl\u00e4ufig von den E-Commerce-Gesetzen und -Vorschriften der USA oder der EU ab. Zum Beispiel: Wir k\u00f6nnen keine kostenlose R\u00fccksendung oder kostenlosen Umtausch von Waren anbieten (es sei denn, wir haben einen Fehler gemacht und z. B. das falsche Produkt, die falsche Farbe oder Gr\u00f6\u00dfe gesendet).<\/span><\/p>\n\n\n\n<p><span style=\"font-family: verdana, geneva, sans-serif;\"><strong>1)<\/strong> Widerrufsrecht<\/span><\/p>\n\n\n\n<p><span style=\"font-family: verdana, geneva, sans-serif;\">a) Der Kunde kann <strong>innerhalb von 2 Wochen nach Erhalt der Ware seine Vertragserkl\u00e4rung widerrufen<\/strong> oder 2 Wochen ab der ersten Teillieferung schriftlich (E-Mail) ohne Angabe von Gr\u00fcnden. Zur Wahrung der Widerrufsfrist gen\u00fcgt die rechtzeitige Absendung des Widerrufs.<\/span><\/p>\n\n\n\n<p><span style=\"font-family: verdana, geneva, sans-serif;\">b) Im Falle eines beabsichtigten Widerrufs wird gebeten, den Verk\u00e4ufer vorher per E-Mail \u00fcber das Kontaktformular zu informieren. Der Anbieter sendet daraufhin eine Best\u00e4tigung und eine Erl\u00e4uterung des weiteren Vorgehens an den Kunden. Der Widerruf ist zu richten an: <strong><a href=\"mailto:service@thai-clothing.com\" target=\"_blank\" rel=\"noopener\">service@thai-clothing.com<\/a><\/strong>.<\/span><\/p>\n\n\n\n<p><span style=\"font-family: verdana, geneva, sans-serif;\"><strong>2)<\/strong> Folgen der Stornierung<\/span><\/p>\n\n\n\n<p><span style=\"font-family: verdana, geneva, sans-serif;\">Im Falle eines wirksamen Widerrufs gilt Folgendes:<\/span><\/p>\n\n\n\n<p><span style=\"font-family: verdana, geneva, sans-serif;\">a) Liegt der Widerrufsgrund in einem Verschulden des Anbieters (z. B. die erhaltene Ware entspricht nicht der Bestellung), wird die urspr\u00fcnglich bestellte Ware dem Kunden ohne weitere Kosten neu zugesandt. Ist der Versand der jeweiligen Ware nicht mehr m\u00f6glich, wird dem Kunden nach Pr\u00fcfung des Sachverhalts der volle Kaufpreis erstattet. Eine R\u00fccksendung der Ware an den Anbieter erfolgt nur mit Zustimmung des Anbieters. Wenn der Anbieter eine R\u00fccksendung der Ware genehmigt oder verlangt, werden die f\u00fcr die R\u00fccksendung anfallenden Kosten vollst\u00e4ndig vom Anbieter getragen.<\/span><\/p>\n\n\n\n<p><span style=\"font-family: verdana, geneva, sans-serif;\">b) <strong>Entspricht die gelieferte Ware der Bestellung und wird dennoch ein wirksamer Widerruf durchgef\u00fchrt (z.B. weil die Ware irrt\u00fcmlich bestellt wurde, Hinweise in der Warenbeschreibung nicht wahrgenommen wurden, die Ware nicht den Erwartungen des Kunden entspricht bzw der Kunde diese nicht rechtzeitig bei der Post oder beim Zoll abgeholt hat), erfolgt die R\u00fccksendung auf Kosten und Gefahr des Kunden. Nachdem die Ware retourniert und vollst\u00e4ndig und unbesch\u00e4digt beim Anbieter eingetroffen ist, erstatten wir (der Anbieter) nur den Preis der retournierten Ware(n) abz\u00fcglich 15 % Material- und Bearbeitungsgeb\u00fchr (nur bei Retouren, nicht bei Ersatzlieferungen). ). Versandkosten werden nicht erstattet.<\/strong><\/span><\/p>\n\n\n\n<p><span style=\"font-family: verdana, geneva, sans-serif;\">c) Wird die Ware nicht vollst\u00e4ndig oder in verschlechtertem Zustand zur\u00fcckgesandt, muss der Kunde Wertersatz leisten. Davon ausgenommen sind Gebrauchsspuren und Abnutzungen, die sich lediglich auf eine ausreichende Produktpr\u00fcfung (z. B. Anprobe) beziehen. Gemeint ist ein ausreichendes Testen und Anprobieren des jeweiligen Artikels, wie es auch im Ladengesch\u00e4ft m\u00f6glich und \u00fcblich w\u00e4re.<\/span><\/p>\n\n\n\n<p><span style=\"font-family: verdana, geneva, sans-serif;\">d) Verpflichtungen zur Erstattung von Zahlungen m\u00fcssen innerhalb von 30 Tagen erf\u00fcllt werden. Die Frist beginnt f\u00fcr den Kunden mit der Absendung des Widerrufs oder der Sache, f\u00fcr den Anbieter mit deren Empfang.<\/span><\/p>\n\n\n\n<p><span style=\"font-family: verdana, geneva, sans-serif;\">Ende der Widerrufsbelehrung<\/span><\/p>\n\n\n\n<h2 class=\"wp-block-heading\" id=\"11---%C2%A78-screen-display--\"><span style=\"font-size: large; font-family: verdana, geneva, sans-serif;\"><strong>\u00a78 Bildschirmanzeige<\/strong><\/span><\/h2>\n\n\n\n<p><span style=\"font-family: verdana, geneva, sans-serif;\"><strong>1)<\/strong> Bei den Bildern, die zur Beschreibung der Ware verwendet werden, handelt es sich um Beispielfotos. Sie zeigen zwar das reale Produkt, stellen den Artikel aber m\u00f6glicherweise nicht in allen Details naturgetreu dar.<\/span><\/p>\n\n\n\n<p><span style=\"font-family: verdana, geneva, sans-serif;\"><strong>2)<\/strong> <strong>Je nach verwendetem Ger\u00e4t und Bildschirm-\/Anzeigeeinstellungen k\u00f6nnen insbesondere Farben und Gr\u00f6\u00dfen unterschiedlich erscheinen<\/strong>.<\/span><\/p>\n\n\n\n<h2 class=\"wp-block-heading\" id=\"12---%C2%A79-data-privacy-and-protection--\"><span style=\"font-size: large; font-family: verdana, geneva, sans-serif;\"><strong>\u00a79 Privatsph\u00e4re und Datenschutz<\/strong><\/span><\/h2>\n\n\n\n<p><span style=\"font-family: verdana, geneva, sans-serif;\"><strong>1)<\/strong> Bestands- und Nutzungsdaten des Kunden werden nur erhoben, verarbeitet oder genutzt, soweit dies f\u00fcr die Vertragsabwicklung erforderlich ist.<\/span><\/p>\n\n\n\n<p><span style=\"font-family: verdana, geneva, sans-serif;\"><strong>2)<\/strong> Weitere Informationen finden Sie auf der \u201e<a href=\"\/privacy-data-protection\/\" target=\"_blank\" rel=\"noopener\"><strong>Privatsph\u00e4re &amp; Datenschutz<\/strong><\/a>\u201c Infoseite.<\/span><\/p>\n\n\n\n<h2 class=\"wp-block-heading\" id=\"13---%C2%A710-copyright--\"><span style=\"font-size: large; font-family: verdana, geneva, sans-serif;\"><strong>\u00a710 Urheberrecht<\/strong><\/span><\/h2>\n\n\n\n<p><span style=\"font-family: verdana, geneva, sans-serif;\">Die auf der Website verwendeten Bilder, Grafiken und Beschreibungen einzelner Beitr\u00e4ge sind urheberrechtlich gesch\u00fctzt. Jegliche Vervielf\u00e4ltigung oder Verwendung ist ohne die ausdr\u00fcckliche Genehmigung von thai-clothing.com nicht gestattet.<\/span><\/p>\n\n\n\n<h2 class=\"wp-block-heading\" id=\"14---%C2%A711-severability-clause--\"><span style=\"font-size: large; font-family: verdana, geneva, sans-serif;\"><strong>\u00a711 Salvatorische Klausel<\/strong><\/span><\/h2>\n\n\n\n<p><span style=\"font-family: verdana, geneva, sans-serif;\">Sollte eine Bestimmung dieser AGB unwirksam sein, wird die G\u00fcltigkeit der \u00fcbrigen Bestimmungen hierdurch nicht ber\u00fchrt.<\/span><\/p>\n\n\n\n<hr class=\"wp-block-separator\"\/>\n\n\n\n<p><span style=\"font-family: verdana, geneva, sans-serif;\">Stand der AGB: 10.05.2021<\/span><\/p>","protected":false},"excerpt":{"rendered":"<p>Terms and Conditions (GTC) of thai-clothing.com \u00a71 Scope, definitions of terms, defense clause, general notes 1) The following terms and conditions apply to the business relationship between the operator of the online shop &#8220;thai-clothing.com&#8221; (hereinafter called &#8220;Provider&#8221;) and its customers (hereinafter called Customer&#8221;) in the current version at the time of order. 2) The terms [&hellip;]<\/p>\n","protected":false},"author":1,"featured_media":0,"parent":0,"menu_order":41,"comment_status":"closed","ping_status":"closed","template":"","meta":{"footnotes":""},"class_list":["post-1015","page","type-page","status-publish","hentry"],"blocksy_meta":{"styles_descriptor":{"styles":{"desktop":"","tablet":"","mobile":""},"google_fonts":[],"version":6}},"_links":{"self":[{"href":"https:\/\/thai-clothing.com\/de\/wp-json\/wp\/v2\/pages\/1015","targetHints":{"allow":["GET"]}}],"collection":[{"href":"https:\/\/thai-clothing.com\/de\/wp-json\/wp\/v2\/pages"}],"about":[{"href":"https:\/\/thai-clothing.com\/de\/wp-json\/wp\/v2\/types\/page"}],"author":[{"embeddable":true,"href":"https:\/\/thai-clothing.com\/de\/wp-json\/wp\/v2\/users\/1"}],"replies":[{"embeddable":true,"href":"https:\/\/thai-clothing.com\/de\/wp-json\/wp\/v2\/comments?post=1015"}],"version-history":[{"count":10,"href":"https:\/\/thai-clothing.com\/de\/wp-json\/wp\/v2\/pages\/1015\/revisions"}],"predecessor-version":[{"id":19136,"href":"https:\/\/thai-clothing.com\/de\/wp-json\/wp\/v2\/pages\/1015\/revisions\/19136"}],"wp:attachment":[{"href":"https:\/\/thai-clothing.com\/de\/wp-json\/wp\/v2\/media?parent=1015"}],"curies":[{"name":"wp","href":"https:\/\/api.w.org\/{rel}","templated":true}]}}