{"id":1021,"date":"2018-09-27T20:00:15","date_gmt":"2018-09-27T13:00:15","guid":{"rendered":"http:\/\/sure-shirts.com\/?page_id=1021"},"modified":"2021-05-26T21:14:35","modified_gmt":"2021-05-26T14:14:35","slug":"privacy-data-protection","status":"publish","type":"page","link":"https:\/\/thai-clothing.com\/de\/privacy-data-protection\/","title":{"rendered":"Privatsph\u00e4re &amp; Datenschutz"},"content":{"rendered":"<h2 style=\"text-align: center;\"><span style=\"font-family: verdana, geneva, sans-serif;\"><strong>Datenschutz-Bestimmungen<\/strong><\/span><\/h2>\n<p><span style=\"font-family: verdana, geneva, sans-serif;\">Der Schutz Ihrer personenbezogenen Daten bei der Erhebung, Verarbeitung und Nutzung anl\u00e4sslich Ihres Besuchs auf unserer Website ist uns ein wichtiges Anliegen. Ihre Daten werden nach den Gesetzen der USA und der EU gesch\u00fctzt.<\/span><\/p>\n<p><span style=\"font-family: verdana, geneva, sans-serif;\">Wenn Sie Fragen zum Datenschutz haben, Rechte oder Anspr\u00fcche zu Ihren personenbezogenen Daten geltend machen m\u00f6chten, senden Sie uns bitte eine E-Mail an \u201e<a href=\"mailto:service@thai-clothing.com\" target=\"_blank\" rel=\"noopener\">service@thai-clothing.com<\/a>&#8220;.<\/span><\/p>\n<p><span style=\"font-family: verdana, geneva, sans-serif;\">F\u00fcr externe Links zu fremden Inhalten k\u00f6nnen wir trotz sorgf\u00e4ltiger inhaltlicher Kontrolle keine Haftung \u00fcbernehmen.<\/span><\/p>\n<h3><span style=\"font-family: verdana, geneva, sans-serif;\"><strong>1. Erhebung und Verarbeitung von Daten<\/strong><\/span><\/h3>\n<p><span style=\"font-family: verdana, geneva, sans-serif;\">Jeder Zugriff auf unsere Website und jeder Abruf einer auf der Website hinterlegten Datei werden protokolliert. Die Speicherung dient internen systembezogenen und statistischen Zwecken. Protokolliert werden: Name der abgerufenen Datei, Datum und Uhrzeit des Abrufs, \u00fcbertragene Datenmenge, Meldung \u00fcber erfolgreichen Abruf, Webbrowser und anfragende Domain.<\/span><br \/>\n<span style=\"font-family: verdana, geneva, sans-serif;\">Weitergehende personenbezogene Daten werden nur erfasst, wenn Sie sich freiwillig, z.B. im Rahmen einer Anfrage oder Registrierung diese Angaben machen.<\/span><\/p>\n<h3><span style=\"font-family: verdana, geneva, sans-serif;\"><strong>2. Nutzung und Weitergabe personenbezogener Daten<\/strong><\/span><\/h3>\n<p><span style=\"font-family: verdana, geneva, sans-serif;\">Soweit Sie uns personenbezogene Daten zur Verf\u00fcgung gestellt haben, verwenden wir diese nur zur Beantwortung Ihrer Anfragen, zur Abwicklung mit Ihnen geschlossener Vertr\u00e4ge und f\u00fcr die technische Administration.<\/span><br \/>\n<span style=\"font-family: verdana, geneva, sans-serif;\">Ihre personenbezogenen Daten werden an Dritte nur weitergegeben, wenn dies zum Zwecke der Vertragsabwicklung oder zu Abrechnungszwecken erforderlich ist oder Sie zuvor eingewilligt haben.<\/span><br \/>\n<span style=\"font-family: verdana, geneva, sans-serif;\">Die L\u00f6schung gespeicherter personenbezogener Daten erfolgt, wenn Sie Ihre Einwilligung zur Speicherung widerrufen, wenn die Daten zur Erf\u00fcllung des vorgesehenen Zwecks nicht mehr erforderlich sind oder ihre Speicherung aus sonstigen gesetzlichen Gr\u00fcnden unzul\u00e4ssig ist.<\/span><\/p>\n<h3><span style=\"font-family: verdana, geneva, sans-serif;\"><strong>3. Auskunftsrecht<\/strong><\/span><\/h3>\n<p><span style=\"font-family: verdana, geneva, sans-serif;\">Auf schriftliche Anfrage werden wir Sie \u00fcber die zu Ihrer Person gespeicherten Daten informieren.<\/span><\/p>\n<h3><span style=\"font-family: verdana, geneva, sans-serif;\"><strong>4. Einwilligung, Widerruf und Widerspruch<\/strong><\/span><\/h3>\n<p><span style=\"font-family: verdana, geneva, sans-serif;\">Soweit wir Daten f\u00fcr einen Zweck nutzen, der nach den gesetzlichen Vorschriften Ihre Einwilligung erfordert, werden wir Sie stets um Ihre ausdr\u00fcckliche Einwilligung bitten und Ihre Einwilligung datenschutzkonform protokollieren. Sie k\u00f6nnen Ihre Einwilligung jederzeit mit Wirkung f\u00fcr die Zukunft widerrufen und\/oder k\u00fcnftigen Zwecken der Werbung, Markt- und Meinungsforschung widersprechen. Zum Widerruf einer Einwilligung oder zum Widerspruch gen\u00fcgt eine einfache Nachricht per E-Mail an uns. Sie k\u00f6nnen die oben angegebenen Kontaktdaten verwenden.<\/span><\/p>\n<h3><span style=\"font-family: verdana, geneva, sans-serif;\"><strong>Sicherheitshinweis:<\/strong><\/span><\/h3>\n<p><span style=\"font-family: verdana, geneva, sans-serif;\">Wir sind bem\u00fcht, Ihre personenbezogenen Daten durch Ergreifung aller technischen und organisatorischen M\u00f6glichkeiten so zu sch\u00fctzen, dass sie f\u00fcr Dritte nicht zug\u00e4nglich sind. Bei der Kommunikation per E-Mail kann die vollst\u00e4ndige Datensicherheit von uns nicht gew\u00e4hrleistet werden, so dass wir Ihnen bei vertraulichen Informationen den nichtelektronischen Postweg empfehlen.<\/span><\/p>","protected":false},"excerpt":{"rendered":"<p>Privacy Policy The protection of your personal data during collection, processing and use during your visit to our website is important to us. Your data is protected according to the laws of the USA and EU. If you have questions about privacy, wish to exercise any rights or claims to your personal data, please send [&hellip;]<\/p>\n","protected":false},"author":1,"featured_media":0,"parent":0,"menu_order":45,"comment_status":"closed","ping_status":"closed","template":"","meta":{"footnotes":""},"class_list":["post-1021","page","type-page","status-publish","hentry"],"blocksy_meta":{"styles_descriptor":{"styles":{"desktop":"","tablet":"","mobile":""},"google_fonts":[],"version":6}},"_links":{"self":[{"href":"https:\/\/thai-clothing.com\/de\/wp-json\/wp\/v2\/pages\/1021","targetHints":{"allow":["GET"]}}],"collection":[{"href":"https:\/\/thai-clothing.com\/de\/wp-json\/wp\/v2\/pages"}],"about":[{"href":"https:\/\/thai-clothing.com\/de\/wp-json\/wp\/v2\/types\/page"}],"author":[{"embeddable":true,"href":"https:\/\/thai-clothing.com\/de\/wp-json\/wp\/v2\/users\/1"}],"replies":[{"embeddable":true,"href":"https:\/\/thai-clothing.com\/de\/wp-json\/wp\/v2\/comments?post=1021"}],"version-history":[{"count":4,"href":"https:\/\/thai-clothing.com\/de\/wp-json\/wp\/v2\/pages\/1021\/revisions"}],"predecessor-version":[{"id":17973,"href":"https:\/\/thai-clothing.com\/de\/wp-json\/wp\/v2\/pages\/1021\/revisions\/17973"}],"wp:attachment":[{"href":"https:\/\/thai-clothing.com\/de\/wp-json\/wp\/v2\/media?parent=1021"}],"curies":[{"name":"wp","href":"https:\/\/api.w.org\/{rel}","templated":true}]}}