{"id":7,"date":"2020-08-29T10:52:45","date_gmt":"2020-08-29T10:52:45","guid":{"rendered":"http:\/\/thai-clothing.com\/cart\/"},"modified":"2025-08-28T17:56:01","modified_gmt":"2025-08-28T10:56:01","slug":"cart","status":"publish","type":"page","link":"https:\/\/thai-clothing.com\/de\/cart\/","title":{"rendered":"Warenkorb"},"content":{"rendered":"<p><span style=\"font-family: verdana, geneva, sans-serif;\"><\/span><\/p>\r\n<p class=\"has-text-align-center has-palette-color-3-color has-text-color has-background\" style=\"background-color: #62edf6; font-size:clamp(14px, 0.875rem + ((1vw - 3.2px) * 0.156), 16px);\"><span style=\"font-family: verdana, geneva, sans-serif;\">W\u00e4hlen Sie das <strong>Zielland<\/strong> aus der Dropdown-Liste \u201e<strong>Adresse \u00e4ndern<\/strong>\" - alle verf\u00fcgbaren <strong>Versandmethoden<\/strong> und <strong>Kosten<\/strong> werden angezeigt. <\/span><\/p>\r\n<p style=\"text-align: center;\"><span style=\"font-family: verdana, geneva, sans-serif; color: #000000;\"><strong>Please select the same currency as the one you are paying in.<\/strong><\/span><\/p>\r\n<p><span style=\"font-family: verdana, geneva, sans-serif;\">\r\n\r\n<p><\/span><\/p>\n<p><span style=\"font-family: verdana, geneva, sans-serif;\"><\/span><\/p>\n<p><span style=\"font-family: verdana, geneva, sans-serif;\"><\/p>\n\r\n\r\n<\/span><\/p>\r\n<p class=\"has-palette-color-1-background-color has-background\"><span style=\"font-family: verdana, geneva, sans-serif;\"><strong>Sollten Sie w\u00e4hrend des Bezahlvorgangs auf irgendwelche Probleme sto\u00dfen,\u00a0<\/strong>bitte<strong>\u00a0kontaktieren Sie uns:\u00a0<a href=\"https:\/\/thai-clothing.com\/contact-us\/\" target=\"_blank\" rel=\"noreferrer noopener\" data-type=\"page\" data-id=\"1025\">service@thai-clothing.com<\/a><\/strong>\u00a0und beschreiben Sie, was passiert ist und wann \/ wie das Problem aufgetreten ist.<\/span><\/p>\r\n<p><span style=\"font-family: verdana, geneva, sans-serif;\">\r\n\r\n<\/span><\/p>\r\n<h2 id=\"brief-overview-of-shipping-methods\" class=\"wp-block-heading\"><span style=\"font-family: verdana, geneva, sans-serif;\">Kurzer \u00dcberblick der Versandmethoden:<\/span><\/h2>\r\n<p><span style=\"font-family: verdana, geneva, sans-serif;\">\r\n\r\n<\/span><\/p>\r\n<figure class=\"wp-block-table is-style-stripes\">\r\n<table class=\"has-background\" style=\"background: radial-gradient(#ffffff 0%, #80f8fd 19%, #ffffff 95%); width: 100%; height: 373px;\">\r\n<thead>\r\n<tr style=\"background-color: #78cee3;\">\r\n<th class=\"has-text-align-center\" style=\"width: 15.6863%; height: 25px;\" data-align=\"center\"><span style=\"font-family: verdana, geneva, sans-serif;\"><strong>SERVICE (Versandart)<\/strong><\/span><\/th>\r\n<th class=\"has-text-align-center\" style=\"width: 8.82353%; height: 25px;\" data-align=\"center\"><span style=\"font-family: verdana, geneva, sans-serif;\"><strong>LIMIT<\/strong><\/span><\/th>\r\n<th class=\"has-text-align-center\" style=\"width: 19.1176%; height: 25px;\" data-align=\"center\"><span style=\"font-family: verdana, geneva, sans-serif;\"><strong>PREIS-BERECHNUNG<\/strong><\/span><\/th>\r\n<th class=\"has-text-align-center\" style=\"width: 55.1961%; height: 25px;\" data-align=\"center\"><span style=\"font-family: verdana, geneva, sans-serif;\"><strong>ZUS\u00c4TZLICHE INFORMATIONEN<\/strong><\/span><\/th>\r\n<\/tr>\r\n<\/thead>\r\n<tbody>\r\n<tr style=\"height: 123px;\">\r\n<td style=\"text-align: center; width: 15.6863%; height: 123px;\"><span style=\"font-family: verdana, geneva, sans-serif;\"><a href=\"#go-to-Private-Shipper\"><strong>Privater Versanddienst<\/strong><\/a><\/span><\/td>\r\n<td style=\"width: 8.82353%; height: 123px;\"><span style=\"font-family: verdana, geneva, sans-serif;\">max. 30 kg<\/span><\/td>\r\n<td style=\"width: 19.1176%; height: 123px;\">\r\n<p><span style=\"font-family: verdana, geneva, sans-serif;\">until 2kg: scaled all 100g\u00a0<\/span><\/p>\r\n<p><span style=\"font-family: verdana, geneva, sans-serif;\">over 2kg: scaled all 500g<\/span><\/p>\r\n<\/td>\r\n<td style=\"width: 55.1961%; height: 123px;\">\r\n<p><span style=\"font-family: verdana, geneva, sans-serif;\">Registered &#8211; average shipping time <strong>approx. 1 week<\/strong><\/span><\/p>\r\n<p><span style=\"font-family: verdana, geneva, sans-serif;\"><strong>Customs Inclusive for: Australia, Canada, Hong Kong, India, Malaysia, Philippines, Singapore, UAE, USA.<\/strong><\/span><\/p>\r\n<\/td>\r\n<\/tr>\r\n<tr style=\"height: 25px;\">\r\n<td class=\"has-text-align-center\" style=\"text-align: center; width: 15.6863%; height: 25px;\" data-align=\"center\"><span style=\"font-family: verdana, geneva, sans-serif;\"><a href=\"#go-to-ePacket-Air\"><strong>ePacket Air<\/strong><\/a><\/span><\/td>\r\n<td class=\"has-text-align-center\" style=\"width: 8.82353%; height: 25px;\" data-align=\"center\"><span style=\"font-family: verdana, geneva, sans-serif;\">max. 2 kg<\/span><\/td>\r\n<td class=\"has-text-align-center\" style=\"width: 19.1176%; height: 25px;\" data-align=\"center\"><span style=\"font-family: verdana, geneva, sans-serif;\">gestaffelt alle 100 Gramm<\/span><\/td>\r\n<td class=\"has-text-align-center\" style=\"width: 55.1961%; height: 25px;\" data-align=\"center\"><span style=\"font-family: verdana, geneva, sans-serif;\">Registered &#8211; average shipping time <strong>approx. 8-14 days<\/strong><\/span><\/td>\r\n<\/tr>\r\n<tr style=\"height: 50px;\">\r\n<td class=\"has-text-align-center\" style=\"text-align: center; width: 15.6863%; height: 50px;\" data-align=\"center\"><span style=\"font-family: verdana, geneva, sans-serif;\"><a href=\"#go-to-Parcel-Air\"><strong>Parcel Air<\/strong><\/a><\/span><\/td>\r\n<td class=\"has-text-align-center\" style=\"width: 8.82353%; height: 50px;\" data-align=\"center\"><span style=\"font-family: verdana, geneva, sans-serif;\">max. 20\/30 kg<\/span><\/td>\r\n<td class=\"has-text-align-center\" style=\"width: 19.1176%; height: 50px;\" data-align=\"center\"><span style=\"font-family: verdana, geneva, sans-serif;\">gestaffelt alle 1000 Gramm<\/span><\/td>\r\n<td class=\"has-text-align-center\" style=\"width: 55.1961%; height: 50px;\" data-align=\"center\"><span style=\"font-family: verdana, geneva, sans-serif;\">Registered &#8211; average shipping time <strong>approx. 2 weeks<\/strong><\/span><\/td>\r\n<\/tr>\r\n<tr style=\"height: 50px;\">\r\n<td class=\"has-text-align-center\" style=\"text-align: center; width: 15.6863%; height: 50px;\" data-align=\"center\"><span style=\"font-family: verdana, geneva, sans-serif;\"><a href=\"#go-to-EMS\"><strong>EMS<\/strong><\/a><\/span><\/td>\r\n<td class=\"has-text-align-center\" style=\"width: 8.82353%; height: 50px;\" data-align=\"center\"><span style=\"font-family: verdana, geneva, sans-serif;\">max. 20\/30 kg<\/span><\/td>\r\n<td class=\"has-text-align-center\" style=\"width: 19.1176%; height: 50px;\" data-align=\"center\"><span style=\"font-family: verdana, geneva, sans-serif;\">gestaffelt alle 500 Gramm<\/span><\/td>\r\n<td class=\"has-text-align-center\" style=\"width: 55.1961%; height: 50px;\" data-align=\"center\"><span style=\"font-family: verdana, geneva, sans-serif;\">Registered &#8211; average shipping time <strong>approx. 1 week<\/strong><\/span><\/td>\r\n<\/tr>\r\n<tr style=\"height: 50px;\">\r\n<td class=\"has-text-align-center\" style=\"text-align: center; width: 15.6863%; height: 50px;\" data-align=\"center\"><span style=\"font-family: verdana, geneva, sans-serif;\"><a href=\"#go-to-Courier-Post\"><strong>Courier Post \/ DHL Express<\/strong><\/a><\/span><\/td>\r\n<td class=\"has-text-align-center\" style=\"width: 8.82353%; height: 50px;\" data-align=\"center\"><span style=\"font-family: verdana, geneva, sans-serif;\">max. 20\/30 kg<\/span><\/td>\r\n<td class=\"has-text-align-center\" style=\"width: 19.1176%; height: 50px;\" data-align=\"center\"><span style=\"font-family: verdana, geneva, sans-serif;\">gestaffelt alle 500 Gramm<\/span><\/td>\r\n<td class=\"has-text-align-center\" style=\"width: 55.1961%; height: 50px;\" data-align=\"center\"><span style=\"font-family: verdana, geneva, sans-serif;\">Registered &#8211; EXPRESS (DHL network) &#8211; <strong>approx. 3-6 days<\/strong><\/span><\/td>\r\n<\/tr>\r\n<tr style=\"height: 50px;\">\r\n<td class=\"has-text-align-center\" style=\"text-align: center; width: 15.6863%; height: 50px;\" data-align=\"center\"><span style=\"font-family: verdana, geneva, sans-serif;\"><a href=\"#go-to-Parcel-Surface\"><strong>Parcel Surface<\/strong><\/a><\/span><\/td>\r\n<td class=\"has-text-align-center\" style=\"width: 8.82353%; height: 50px;\" data-align=\"center\"><span style=\"font-family: verdana, geneva, sans-serif;\">max. 20\/30 kg<\/span><\/td>\r\n<td class=\"has-text-align-center\" style=\"width: 19.1176%; height: 50px;\" data-align=\"center\"><span style=\"font-family: verdana, geneva, sans-serif;\">gestaffelt alle 1000 Gramm<\/span><\/td>\r\n<td class=\"has-text-align-center\" style=\"width: 55.1961%; height: 50px;\" data-align=\"center\"><span style=\"font-family: verdana, geneva, sans-serif;\">very slow (<strong>up to 4 months!<\/strong>)<\/span><\/td>\r\n<\/tr>\r\n<\/tbody>\r\n<\/table>\r\n<figcaption class=\"wp-element-caption\"><br \/>\r\n<h3><span style=\"font-family: verdana, geneva, sans-serif;\">Bitte beachten Sie:<\/span><\/h3>\r\n<ul style=\"list-style-type: square;\">\r\n<li><span style=\"font-family: verdana, geneva, sans-serif;\">Preise und Verf\u00fcgbarkeit sind abh\u00e4ngig vom Zielland.<\/span><\/li>\r\n<li><span style=\"font-family: verdana, geneva, sans-serif;\">ALL shipments will be registered and therefore traceable. You will be provided with tracking number and link to the tracking website.<\/span><\/li>\r\n<li><span style=\"font-family: verdana, geneva, sans-serif;\">The given shipping times are averages (not guarantees!). We have no influence on customs clearance in the destination country.<\/span><\/li>\r\n<li><span style=\"font-family: verdana, geneva, sans-serif;\">Import tax and\/or customs duties might occur. Please inform yourself about customs regulations of your country.<\/span><\/li>\r\n<\/ul>\r\n<p class=\"has-text-align-center\"><span style=\"font-family: verdana, geneva, sans-serif;\">\r\n\r\n<\/span><\/p>\r\n<p>&nbsp;<\/p>\r\n<h2 class=\"wp-block-heading\" style=\"text-align: center;\"><span style=\"font-family: verdana, geneva, sans-serif;\">More detailed Information to each shipping method:<\/span><\/h2>\r\n<h3 id=\"go-to-ePacket\" class=\"wp-block-heading\" style=\"text-align: left;\"><span style=\"font-family: verdana, geneva, sans-serif;\"><strong><a id=\"go-to-Private-Shipper\"><\/a>Privater Versanddienst<\/strong><\/span><\/h3>\r\n<ul style=\"text-align: left;\">\r\n<li><span style=\"font-family: verdana, geneva, sans-serif;\"><strong>airmail &#8211; faster than most other services<\/strong> (except Courier Post). Shipping time <strong>approx. 1 week<\/strong><\/span><\/li>\r\n\r\n\r\n\r\n<li><span style=\"font-family: verdana, geneva, sans-serif;\">no limit up to 30 kg<\/span><\/li>\r\n\r\n\r\n\r\n<li><span style=\"font-family: verdana, geneva, sans-serif;\">evenly weight based graduated prices<\/span><\/li>\r\n<li><span style=\"font-family: verdana, geneva, sans-serif;\"><strong>Customs Inclusive fo<\/strong>r: Australia, Canada, Hong Kong, India, Malaysia, Philippines, Singapore, UAE, USA. No additional import fees guaranteed for these countries!<\/span><\/li>\r\n\r\n\r\n\r\n<li><span style=\"font-family: verdana, geneva, sans-serif;\">Track &amp; Trace weltweit<\/span><\/li>\r\n<\/ul>\r\n<h3 id=\"go-to-ePacket\" class=\"wp-block-heading\" style=\"text-align: left;\"><span style=\"font-family: verdana, geneva, sans-serif;\"><strong><a id=\"go-to-ePacket-Air\"><\/a>ePacket Air<\/strong> (recommended)<\/span><\/h3>\r\n<p class=\"has-text-align-center\" style=\"text-align: left;\"><span style=\"font-family: verdana, geneva, sans-serif;\">\r\n\r\n<\/span><\/p>\r\n<ul class=\"wp-block-list\" style=\"text-align: left;\">\r\n<li><span style=\"font-family: verdana, geneva, sans-serif;\">budget-priced airmail &#8211; Shipping time <strong>approx. 8-14 days<\/strong><\/span><\/li>\r\n\r\n\r\n\r\n<li><span style=\"font-family: verdana, geneva, sans-serif;\"><strong>auf 2 kg limitiert<\/strong><\/span><\/li>\r\n\r\n\r\n\r\n<li><span style=\"font-family: verdana, geneva, sans-serif;\">evenly weight based graduated prices<\/span><\/li>\r\n\r\n\r\n\r\n<li><span style=\"font-family: verdana, geneva, sans-serif;\">track &amp; trace within Thailand and in the destination country (when processed for delivery)<\/span><\/li>\r\n<\/ul>\r\n<p class=\"has-text-align-center\" style=\"text-align: left;\"><span style=\"font-family: verdana, geneva, sans-serif;\">\r\n\r\n<\/span><\/p>\r\n<p style=\"text-align: left;\"><span style=\"font-family: verdana, geneva, sans-serif;\">Wenn Ihre Bestellung 2 kg \u00fcberschreitet, steht diese Versandmethode nicht zur Auswahl!<\/span><\/p>\r\n<p class=\"has-text-align-center\" style=\"text-align: left;\"><span style=\"font-family: verdana, geneva, sans-serif;\">\r\n\r\n<\/span><\/p>\r\n<p style=\"text-align: left;\"><span style=\"font-family: verdana, geneva, sans-serif;\"><strong>Hinweis:<\/strong> Es ist m\u00f6glich, dass 2 Sendungen\/Bestellungen unter 2 kg mit \"ePacket Air\" g\u00fcnstiger sind, als 1 Sendung\/Bestellung \u00fcber 2 kg mit \"Parcel Air\". (Wir berechnen nichts extra f\u00fcr das Packing, w\u00e4hlen Sie also so aus, wie es g\u00fcnstiger f\u00fcr Sie ist.)<\/span><\/p>\r\n<p class=\"has-text-align-center\" style=\"text-align: left;\"><span style=\"font-family: verdana, geneva, sans-serif;\">\r\n\r\n<\/span><\/p>\r\n<h3 id=\"go-to-Parcel-Air\" class=\"wp-block-heading\" style=\"text-align: left;\"><span style=\"font-family: verdana, geneva, sans-serif;\"><strong><a id=\"go-to-Parcel-Air\"><\/a>Parcel Air<\/strong><\/span><\/h3>\r\n<p class=\"has-text-align-center\" style=\"text-align: left;\"><span style=\"font-family: verdana, geneva, sans-serif;\">\r\n\r\n<\/span><\/p>\r\n<ul class=\"wp-block-list\" style=\"text-align: left;\">\r\n<li><span style=\"font-family: verdana, geneva, sans-serif;\">standard airmail &#8211; Shipping time <strong>approx. 2 weeks<\/strong><\/span><\/li>\r\n\r\n\r\n\r\n<li><span style=\"font-family: verdana, geneva, sans-serif;\">kein Limit bis zu 30 kg (einige L\u00e4nder 20 kg)<\/span><\/li>\r\n\r\n\r\n\r\n<li><span style=\"font-family: verdana, geneva, sans-serif;\">evenly weight based graduated prices<\/span><\/li>\r\n\r\n\r\n\r\n<li><span style=\"font-family: verdana, geneva, sans-serif;\">track &amp; trace within Thailand and finally in the destination country (when processed for delivery)<\/span><\/li>\r\n<\/ul>\r\n<p class=\"has-text-align-center\" style=\"text-align: left;\"><span style=\"font-family: verdana, geneva, sans-serif;\">\r\n\r\n<\/span><\/p>\r\n<h3 id=\"go-to-EMS\" class=\"wp-block-heading\" style=\"text-align: left;\"><span style=\"font-family: verdana, geneva, sans-serif;\"><strong><a id=\"go-to-EMS-World\"><\/a>EMS World<\/strong><\/span><\/h3>\r\n<p class=\"has-text-align-center\" style=\"text-align: left;\"><span style=\"font-family: verdana, geneva, sans-serif;\">\r\n\r\n<\/span><\/p>\r\n<ul class=\"wp-block-list\" style=\"text-align: left;\">\r\n<li><span style=\"font-family: verdana, geneva, sans-serif;\">privileged airmail &#8211; Shipping time <strong>approx. 1 week<\/strong><\/span><\/li>\r\n\r\n\r\n\r\n<li><span style=\"font-family: verdana, geneva, sans-serif;\">faster and privileged handling<\/span><\/li>\r\n\r\n\r\n\r\n<li><span style=\"font-family: verdana, geneva, sans-serif;\">weight based graduated prices<\/span><\/li>\r\n\r\n\r\n\r\n<li><span style=\"font-family: verdana, geneva, sans-serif;\">track &amp; trace within Thailand and finally in the destination country (when processed for delivery)<\/span><\/li>\r\n<\/ul>\r\n<p class=\"has-text-align-center\" style=\"text-align: left;\"><span style=\"font-family: verdana, geneva, sans-serif;\">\r\n\r\n<\/span><\/p>\r\n<h3 id=\"go-to-DHL\" class=\"wp-block-heading\" style=\"text-align: left;\"><span style=\"font-family: verdana, geneva, sans-serif;\"><strong><a id=\"go-to-Courier-Post\"><\/a>Courier Post<\/strong> (DHL Express)<\/span><\/h3>\r\n<p class=\"has-text-align-center\" style=\"text-align: left;\"><span style=\"font-family: verdana, geneva, sans-serif;\">\r\n\r\n<\/span><\/p>\r\n<ul class=\"wp-block-list\" id=\"block-a3673196-b6e5-417f-9a87-30e43ba24b18\" style=\"text-align: left;\">\r\n<li><span style=\"font-family: verdana, geneva, sans-serif;\">in Zusammenarbeit mit <strong>DHL Express International<\/strong><\/span><\/li>\r\n\r\n\r\n\r\n<li><span style=\"font-family: verdana, geneva, sans-serif;\">premium airmail (DHL aircraft fleet and air freight services) &#8211; Shipping time <strong>approx. 3-6 days<\/strong><\/span><\/li>\r\n\r\n\r\n\r\n<li><span style=\"font-family: verdana, geneva, sans-serif;\">schnellste und bevorzugte Bearbeitung<\/span><\/li>\r\n\r\n\r\n\r\n<li><span style=\"font-family: verdana, geneva, sans-serif;\">weight based graduated prices<\/span><\/li>\r\n\r\n\r\n\r\n<li><span style=\"font-family: verdana, geneva, sans-serif;\">durch Nutzung des speziellen DHL Liefernetzwerks<\/span><\/li>\r\n\r\n\r\n\r\n<li><span style=\"font-family: verdana, geneva, sans-serif;\"><strong>Express Zollabfertigung<\/strong> Verbindung im Zielland (in Zusammenarbeit mit den lokalen Zollbeh\u00f6rden)<\/span><\/li>\r\n\r\n\r\n\r\n<li><span style=\"font-family: verdana, geneva, sans-serif;\">track &amp; trace within Thailand and finally in the destination country (when processed for delivery)<\/span><\/li>\r\n<\/ul>\r\n<p class=\"has-text-align-center\" style=\"text-align: left;\"><span style=\"font-family: verdana, geneva, sans-serif;\">\r\n\r\n<\/span><\/p>\r\n<h3 id=\"go-to-Surface\" class=\"wp-block-heading\" style=\"text-align: left;\"><span style=\"font-family: verdana, geneva, sans-serif;\"><strong><a id=\"go-to-Parcel-Surface\"><\/a>Parcel Surface<\/strong><\/span><\/h3>\r\n<p class=\"has-text-align-center\" style=\"text-align: left;\"><span style=\"font-family: verdana, geneva, sans-serif;\">\r\n\r\n<\/span><\/p>\r\n<ul class=\"wp-block-list\">\r\n<li style=\"text-align: left;\"><span style=\"font-family: verdana, geneva, sans-serif;\">budget-priced but very slow &#8211; est. <strong>shipping time = 2-4 months !!!<\/strong><\/span><\/li>\r\n\r\n\r\n\r\n<li style=\"text-align: left;\"><span style=\"font-family: verdana, geneva, sans-serif;\"><strong>KEINE Luftpost<\/strong>, Versand nur \u00fcber Wasser- und Landwege<\/span><\/li>\r\n\r\n\r\n\r\n<li style=\"text-align: left;\"><span style=\"font-family: verdana, geneva, sans-serif;\">evenly weight based graduated prices<\/span><\/li>\r\n\r\n\r\n\r\n<li style=\"text-align: left;\"><span style=\"font-family: verdana, geneva, sans-serif;\">track &amp; trace within Thailand and finally in the destination country (when processed for delivery)<\/span><\/li>\r\n<\/ul>\r\n<\/figcaption>\r\n<\/figure>\r\n<p><span style=\"font-family: verdana, geneva, sans-serif;\"><\/span><\/p>","protected":false},"excerpt":{"rendered":"<p>Choose the destination country from the dropdown &#8220;Change address&#8221; &#8211; all available shipping methods and costs will be displayed. Please select the same currency as the one you are paying in. If you encounter any problems or issues\u00a0during the check-out process, please\u00a0contact us:\u00a0service@thai-clothing.com\u00a0and describe what happened and when \/ how the issue occurred. Brief overview [&hellip;]<\/p>\n","protected":false},"author":1,"featured_media":0,"parent":0,"menu_order":12,"comment_status":"closed","ping_status":"closed","template":"","meta":{"footnotes":""},"class_list":["post-7","page","type-page","status-publish","hentry"],"blocksy_meta":{"styles_descriptor":{"styles":{"desktop":"","tablet":"","mobile":""},"google_fonts":[],"version":6}},"_links":{"self":[{"href":"https:\/\/thai-clothing.com\/de\/wp-json\/wp\/v2\/pages\/7","targetHints":{"allow":["GET"]}}],"collection":[{"href":"https:\/\/thai-clothing.com\/de\/wp-json\/wp\/v2\/pages"}],"about":[{"href":"https:\/\/thai-clothing.com\/de\/wp-json\/wp\/v2\/types\/page"}],"author":[{"embeddable":true,"href":"https:\/\/thai-clothing.com\/de\/wp-json\/wp\/v2\/users\/1"}],"replies":[{"embeddable":true,"href":"https:\/\/thai-clothing.com\/de\/wp-json\/wp\/v2\/comments?post=7"}],"version-history":[{"count":10,"href":"https:\/\/thai-clothing.com\/de\/wp-json\/wp\/v2\/pages\/7\/revisions"}],"predecessor-version":[{"id":44630,"href":"https:\/\/thai-clothing.com\/de\/wp-json\/wp\/v2\/pages\/7\/revisions\/44630"}],"wp:attachment":[{"href":"https:\/\/thai-clothing.com\/de\/wp-json\/wp\/v2\/media?parent=7"}],"curies":[{"name":"wp","href":"https:\/\/api.w.org\/{rel}","templated":true}]}}