{"id":1330,"date":"2018-12-08T13:12:53","date_gmt":"2018-12-08T06:12:53","guid":{"rendered":"http:\/\/sure-shirts.com\/?post_type=product&#038;p=1330"},"modified":"2026-03-24T15:05:09","modified_gmt":"2026-03-24T08:05:09","slug":"buddha-in-temple-red-long-sleeve-shirt-m","status":"publish","type":"product","link":"https:\/\/thai-clothing.com\/de\/produkt\/buddha-in-temple-red-long-sleeve-shirt-m\/","title":{"rendered":"Buddha im Tempel \u2013 Rotes SURE Langarmshirt Gr\u00f6\u00dfe M"},"content":{"rendered":"<h2 style=\"text-align: center;\">Buddha im Tempel<\/h2>\n<h3 style=\"text-align: center;\">Rotes SURE Langarmshirt Gr\u00f6\u00dfe M<\/h3>\n<h4>\u00a0\u00a0 Motiv: Buddha im Tempel<\/h4>\n<p>Ein <a title=\"Wikipedia: Siddhartha Gautama\" href=\"https:\/\/de.wikipedia.org\/wiki\/Siddhartha_Gautama\" target=\"_blank\" rel=\"noopener noreferrer\">Buddha<\/a> sitzt in einer Tempelhalle mit halb ge\u00f6ffneter, geschnitzter Holzt\u00fcr. Er sitzt in Meditation, seine Augen sind geschlossen und seine linke Hand bildet das Prithivi-Mudra, wobei der Ringfinger die Spitze des Daumens ber\u00fchrt, w\u00e4hrend die anderen 3 Finger gestreckt sind. Mudras sind spirituelle Gesten, um bestimmte Energien zu erzeugen. Das Privithi-Mudra soll das Wurzelchakra aufladen und mit Erdenergien f\u00fcllen.<\/p>\n<h4>\u00a0\u00a0 Sure Langarmshirt Gr\u00f6\u00dfe M<\/h4>\n<p>Sch\u00f6nes Bild auf einem <strong>rot gef\u00e4rbten<\/strong> Langarm-Shirt.<\/p>\n<h4 style=\"text-align: left;\"><span style=\"font-family: verdana, geneva, sans-serif;\"><a href=\"https:\/\/thai-clothing.com\/wp-content\/uploads\/2018\/05\/TC_Sure_Shirt_Longsleeve-Shirt_Measurement.jpg\"><img decoding=\"async\" class=\"alignleft wp-image-18029 size-full lazyload\" title=\"SURE Langarm-Shirt aus 100% Baumwoll-Knittergewebe\" data-src=\"https:\/\/thai-clothing.com\/wp-content\/uploads\/2018\/05\/TC_Sure_Shirt_Longsleeve-Shirt_Measurement.jpg\" alt=\"SURE Longsleeve Shirt - measurements\" width=\"136\" height=\"119\" src=\"data:image\/svg+xml;base64,PHN2ZyB3aWR0aD0iMSIgaGVpZ2h0PSIxIiB4bWxucz0iaHR0cDovL3d3dy53My5vcmcvMjAwMC9zdmciPjwvc3ZnPg==\" style=\"--smush-placeholder-width: 136px; --smush-placeholder-aspect-ratio: 136\/119;\" \/><\/a><\/span><\/h4>\n<h4>Ma\u00dfe (ca.):<\/h4>\n<p style=\"text-align: left;\">A = 18 inch \/ 46 cm<br \/>\nB = 26 inch \/ 66 c<span style=\"font-family: verdana, geneva, sans-serif;\">m<\/span><\/p>\n<p>&nbsp;<\/p>\n<h4><span style=\"font-family: verdana, geneva, sans-serif;\">\u00a0\u00a0 Bitte beachten Sie:<\/span><\/h4>\n<p><span style=\"font-family: verdana, geneva, sans-serif;\">Gr\u00f6\u00dfenbezeichnungen wie S, M, L, XL sind nur ungenaue Zuordnungen.<\/span><br \/>\n<span style=\"font-family: verdana, geneva, sans-serif;\">Die Ma\u00dfe aller Sure-Shirts k\u00f6nnen von Modell zu Modell, von Motiv zu Motiv und sogar von Farbe zu Farbe (des gleichen Motivs) voneinander abweichen!<\/span><br \/>\n<strong><span style=\"font-family: verdana, geneva, sans-serif;\">Wir versuchen unser Bestes, um genaue Ma\u00dfe f\u00fcr jedes einzelne Hemd anzugeben.<\/span><\/strong><br \/>\n<strong><span style=\"font-family: verdana, geneva, sans-serif;\">Bitte legen Sie Ihr Lieblingshemd flach auf den Boden und vergleichen Sie dann die Ma\u00dfe gem\u00e4\u00df dem Bild und den angegebenen Ma\u00dfen, wie im Bild oben gezeigt.<\/span><\/strong><\/p>\n<h4><span style=\"font-family: verdana, geneva, sans-serif;\">\u00a0\u00a0 Lesen Sie mehr \u00fcber:<\/span><\/h4>\n<p style=\"text-align: center;\"><span style=\"font-family: verdana, geneva, sans-serif;\"><a title=\"Dehnbarer Knitterstoff aus 100 % Baumwolle - die Knitterfalten verleihen diesen Shirts einen besonderen Look. Weiterlesen...\" href=\"\/sure-brand-thailand\/comfortable-wrinkle-fabric-cotton-shirts\/\" target=\"_blank\" rel=\"noopener\">Sure Shirts \u2013 Knitterstoff<\/a><\/span><\/p>\n<p style=\"text-align: center;\"><span style=\"font-family: verdana, geneva, sans-serif;\"><a title=\"Kaum f\u00fchlbare Siebdrucktechnik, waschbest\u00e4ndig und von guter Qualit\u00e4t. Weiterlesen...\" href=\"\/sure-brand-thailand\/serigraphy-screen-print\/\" target=\"_blank\" rel=\"noopener\">Sure Shirts \u2013 Siebdruck<\/a><\/span><\/p>\n<p style=\"text-align: center;\"><span style=\"font-family: verdana, geneva, sans-serif;\"><a title=\"Die Gr\u00f6\u00dfen von SURE-Hemden variieren aufgrund des zerknitterten Stoffes von Hemd zu Hemd. Bitte \u00fcberpr\u00fcfen Sie die individuell angegebenen Abmessungen, um die richtige Wahl zu treffen, bevor Sie eine Bestellung abschlie\u00dfen. Weiterlesen...\" href=\"\/sure-brand-thailand\/standard-sizes-measurements-dimensions\/\" target=\"_blank\" rel=\"noopener\">Sure Shirts \u2013 Gr\u00f6\u00dfen<\/a><\/span><\/p>\n<p style=\"text-align: center;\"><span style=\"font-family: verdana, geneva, sans-serif;\"><a title=\"Sure ist ein thail\u00e4ndischer Markenname mit Sitz in Bangkok. Weiterlesen...\" href=\"\/sure-brand-thailand\/sure-shirts-thailand\/\" target=\"_blank\" rel=\"noopener\">Sure Shirts \u2013 Marke<\/a><\/span><\/p>\n<p><span style=\"font-family: verdana, geneva, sans-serif;\"><a href=\"\/product-category\/sure-shirts-thailand\/\"><img decoding=\"async\" class=\"aligncenter wp-image-18019 size-full lazyload\" title=\"zu SURE Shirts (Hauptkategorie)\" data-src=\"https:\/\/thai-clothing.com\/wp-content\/uploads\/2021\/06\/Sure_Shirts_Banner.gif\" alt=\"Sure Shirts Thailand\" width=\"900\" height=\"176\" data-srcset=\"https:\/\/thai-clothing.com\/wp-content\/uploads\/2021\/06\/Sure_Shirts_Banner.gif 900w, https:\/\/thai-clothing.com\/wp-content\/uploads\/2021\/06\/Sure_Shirts_Banner-600x117.gif 600w\" data-sizes=\"auto, (max-width: 900px) 100vw, 900px\" src=\"data:image\/svg+xml;base64,PHN2ZyB3aWR0aD0iMSIgaGVpZ2h0PSIxIiB4bWxucz0iaHR0cDovL3d3dy53My5vcmcvMjAwMC9zdmciPjwvc3ZnPg==\" style=\"--smush-placeholder-width: 900px; --smush-placeholder-aspect-ratio: 900\/176;\" \/><\/a><\/span><\/p>\n<p style=\"text-align: center;\"><span style=\"font-family: verdana, geneva, sans-serif;\">Wir verkaufen nur original SURE Shirts aus Thailand!<\/span><\/p>","protected":false},"excerpt":{"rendered":"<ul>\n<li>Rotes Langarmshirt Gr\u00f6\u00dfe M<\/li>\n<li>100% Baumwolle<\/li>\n<li>dehnbarer Knitterstoff<\/li>\n<li>d\u00fcnn und bequem<\/li>\n<li>kaum f\u00fchlbarer Siebdruck<\/li>\n<li>waschbest\u00e4ndig<\/li>\n<li>Original SURE Thailand<\/li>\n<\/ul>","protected":false},"featured_media":15473,"comment_status":"open","ping_status":"closed","template":"","meta":[],"product_brand":[],"product_cat":[269],"product_tag":[34,42,43,49,19,20,87,23,24,25],"pa_sizes":[],"class_list":{"0":"post-1330","1":"product","2":"type-product","3":"status-publish","4":"has-post-thumbnail","6":"product_cat-sure-size-m-long-sleeve-shirts-hoodies","7":"product_tag-buddha","8":"product_tag-long-sleeve","9":"product_tag-longsleeve","10":"product_tag-red","11":"product_tag-size-m","12":"product_tag-sure-shirt","13":"product_tag-temple","14":"product_tag-thai-shirt","15":"product_tag-thailand-shirt","16":"product_tag-wrinkle-shirt","18":"first","19":"instock","20":"shipping-taxable","21":"purchasable","22":"product-type-simple"},"_links":{"self":[{"href":"https:\/\/thai-clothing.com\/de\/wp-json\/wp\/v2\/product\/1330","targetHints":{"allow":["GET"]}}],"collection":[{"href":"https:\/\/thai-clothing.com\/de\/wp-json\/wp\/v2\/product"}],"about":[{"href":"https:\/\/thai-clothing.com\/de\/wp-json\/wp\/v2\/types\/product"}],"replies":[{"embeddable":true,"href":"https:\/\/thai-clothing.com\/de\/wp-json\/wp\/v2\/comments?post=1330"}],"wp:featuredmedia":[{"embeddable":true,"href":"https:\/\/thai-clothing.com\/de\/wp-json\/wp\/v2\/media\/15473"}],"wp:attachment":[{"href":"https:\/\/thai-clothing.com\/de\/wp-json\/wp\/v2\/media?parent=1330"}],"wp:term":[{"taxonomy":"product_brand","embeddable":true,"href":"https:\/\/thai-clothing.com\/de\/wp-json\/wp\/v2\/product_brand?post=1330"},{"taxonomy":"product_cat","embeddable":true,"href":"https:\/\/thai-clothing.com\/de\/wp-json\/wp\/v2\/product_cat?post=1330"},{"taxonomy":"product_tag","embeddable":true,"href":"https:\/\/thai-clothing.com\/de\/wp-json\/wp\/v2\/product_tag?post=1330"},{"taxonomy":"pa_sizes","embeddable":true,"href":"https:\/\/thai-clothing.com\/de\/wp-json\/wp\/v2\/pa_sizes?post=1330"}],"curies":[{"name":"wp","href":"https:\/\/api.w.org\/{rel}","templated":true}]}}