{"id":1398,"date":"2019-02-01T18:40:14","date_gmt":"2019-02-01T11:40:14","guid":{"rendered":"http:\/\/sure-shirts.com\/?post_type=product&#038;p=1398"},"modified":"2026-02-27T14:47:56","modified_gmt":"2026-02-27T07:47:56","slug":"yin-yang-white-sure-long-sleeve-hoodie-m","status":"publish","type":"product","link":"https:\/\/thai-clothing.com\/de\/produkt\/yin-yang-white-sure-long-sleeve-hoodie-m\/","title":{"rendered":"Yin Yang \u2013 Wei\u00dfes SURE Langarm Hoodie Gr\u00f6\u00dfe M"},"content":{"rendered":"<h2 style=\"text-align: center;\">Yin Yang<\/h2>\n<h3 style=\"text-align: center;\">Wei\u00dfes SURE Langarm Hoodie Gr\u00f6\u00dfe M<\/h3>\n<h4>\u00a0\u00a0 Motiv: Yin Yang Sonne<\/h4>\n<p><a title=\"Wikipedia: Yin und Yang\" href=\"https:\/\/de.wikipedia.org\/wiki\/Yin_und_Yang\" target=\"_blank\" rel=\"noopener noreferrer\">Yin &amp; Yang<\/a> ist ein grundlegendes Konzept in der chinesischen Philosophie und stammt mindestens aus dem 3. Jahrhundert v.C. Es ist das Konzept der Dualit\u00e4t und Untrennbarkeit widerspr\u00fcchlicher Gegens\u00e4tze wie Tag und Nacht, weiblich und m\u00e4nnlich, alt und jung, \u2026 Jeder Teil braucht ein Gleichgewicht von seinem gegen\u00fcberliegenden Teil, um Harmonie zu erreichen. Steigerung durch das eine bedeutet Reduktion durch das andere und beide Teile haben in ihrem Kern ein Element des anderen.<br \/>\n<strong>Yin<\/strong> Elemente sind: weiblich, schwarz, dunkel, Norden, Wasser (Verwandlung), passiv, Mond (Schw\u00e4che und die G\u00f6ttin Changxi), Erde, kalt, alt, gerade Zahlen, T\u00e4ler, arm, weich und verleiht allen Dingen Geist<br \/>\n<strong>Yang<\/strong> Elemente sind: m\u00e4nnlich, wei\u00df, Licht, S\u00fcden, Feuer (Kreativit\u00e4t), aktiv, Sonne (St\u00e4rke und der Gott Xihe), Himmel, warm, jung, ungerade Zahlen, Berge, reich, hart und gibt allen Dingen Form. Auf diesem T-Shirt bilden Yin-Yang-Symbole in verschiedenen Gr\u00f6\u00dfen eine Sonne.<\/p>\n<h4>\u00a0\u00a0 Sure Langarm-Hoodie Gr\u00f6\u00dfe M:<\/h4>\n<p>Tolles \u201eYin Yang Sonne\u201c Bild auf einem <strong>wei\u00dfen<\/strong> \"Hoodie\" Kapuzen-Shirt.<\/p>\n<h4 style=\"text-align: left;\"><span style=\"font-family: verdana, geneva, sans-serif;\"><a href=\"https:\/\/thai-clothing.com\/wp-content\/uploads\/2018\/05\/TC_Sure_Shirt_Hoody_Measures.jpg\"><img decoding=\"async\" class=\"alignleft wp-image-18030 size-full lazyload\" title=\"SURE Hoodie Langarmshirt made of 100% cotton wrinkle fabric\" data-src=\"https:\/\/thai-clothing.com\/wp-content\/uploads\/2018\/05\/TC_Sure_Shirt_Hoody_Measures.jpg\" alt=\"Sure Hoodie Longsleeve Shirt\" width=\"170\" height=\"161\" src=\"data:image\/svg+xml;base64,PHN2ZyB3aWR0aD0iMSIgaGVpZ2h0PSIxIiB4bWxucz0iaHR0cDovL3d3dy53My5vcmcvMjAwMC9zdmciPjwvc3ZnPg==\" style=\"--smush-placeholder-width: 170px; --smush-placeholder-aspect-ratio: 170\/161;\" \/><\/a><\/span><\/h4>\n<h4>Ma\u00dfe (ca.):<\/h4>\n<p style=\"text-align: left;\">A = 20 inch \/ 50 cm<br \/>\nB = 27,5 inch \/ 69 c<span style=\"font-family: verdana, geneva, sans-serif;\">m<\/span><\/p>\n<p>&nbsp;<\/p>\n<h4><span style=\"font-family: verdana, geneva, sans-serif;\">\u00a0\u00a0 Bitte beachten Sie:<\/span><\/h4>\n<p><span style=\"font-family: verdana, geneva, sans-serif;\">Gr\u00f6\u00dfenbezeichnungen wie S, M, L, XL sind nur ungenaue Zuordnungen.<\/span><br \/>\n<span style=\"font-family: verdana, geneva, sans-serif;\">Die Ma\u00dfe aller Sure-Shirts k\u00f6nnen von Modell zu Modell, von Motiv zu Motiv und sogar von Farbe zu Farbe (des gleichen Motivs) voneinander abweichen!<\/span><br \/>\n<strong><span style=\"font-family: verdana, geneva, sans-serif;\">Wir versuchen unser Bestes, um genaue Ma\u00dfe f\u00fcr jedes einzelne Hemd anzugeben.<\/span><\/strong><br \/>\n<strong><span style=\"font-family: verdana, geneva, sans-serif;\">Bitte legen Sie Ihr Lieblingshemd flach auf den Boden und vergleichen Sie dann die Ma\u00dfe gem\u00e4\u00df dem Bild und den angegebenen Ma\u00dfen, wie im Bild oben gezeigt.<\/span><\/strong><\/p>\n<h4><span style=\"font-family: verdana, geneva, sans-serif;\">\u00a0\u00a0 Lesen Sie mehr \u00fcber:<\/span><\/h4>\n<p style=\"text-align: center;\"><span style=\"font-family: verdana, geneva, sans-serif;\"><a title=\"Dehnbarer Knitterstoff aus 100 % Baumwolle - die Knitterfalten verleihen diesen Shirts einen besonderen Look. Weiterlesen...\" href=\"\/sure-brand-thailand\/comfortable-wrinkle-fabric-cotton-shirts\/\" target=\"_blank\" rel=\"noopener\">Sure Shirts \u2013 Knitterstoff<\/a><\/span><\/p>\n<p style=\"text-align: center;\"><span style=\"font-family: verdana, geneva, sans-serif;\"><a title=\"Kaum f\u00fchlbare Siebdrucktechnik, waschbest\u00e4ndig und von guter Qualit\u00e4t. Weiterlesen...\" href=\"\/sure-brand-thailand\/serigraphy-screen-print\/\" target=\"_blank\" rel=\"noopener\">Sure Shirts \u2013 Siebdruck<\/a><\/span><\/p>\n<p style=\"text-align: center;\"><span style=\"font-family: verdana, geneva, sans-serif;\"><a title=\"Die Gr\u00f6\u00dfen von SURE-Hemden variieren aufgrund des zerknitterten Stoffes von Hemd zu Hemd. Bitte \u00fcberpr\u00fcfen Sie die individuell angegebenen Abmessungen, um die richtige Wahl zu treffen, bevor Sie eine Bestellung abschlie\u00dfen. Weiterlesen...\" href=\"\/sure-brand-thailand\/standard-sizes-measurements-dimensions\/\" target=\"_blank\" rel=\"noopener\">Sure Shirts \u2013 Gr\u00f6\u00dfen<\/a><\/span><\/p>\n<p style=\"text-align: center;\"><span style=\"font-family: verdana, geneva, sans-serif;\"><a title=\"Sure ist ein thail\u00e4ndischer Markenname mit Sitz in Bangkok. Weiterlesen...\" href=\"\/sure-brand-thailand\/sure-shirts-thailand\/\" target=\"_blank\" rel=\"noopener\">Sure Shirts \u2013 Marke<\/a><\/span><\/p>\n<p><span style=\"font-family: verdana, geneva, sans-serif;\"><a href=\"\/product-category\/sure-shirts-thailand\/\"><img decoding=\"async\" class=\"aligncenter wp-image-18019 size-full lazyload\" title=\"zu SURE Shirts (Hauptkategorie)\" data-src=\"https:\/\/thai-clothing.com\/wp-content\/uploads\/2021\/06\/Sure_Shirts_Banner.gif\" alt=\"Sure Shirts Thailand\" width=\"900\" height=\"176\" data-srcset=\"https:\/\/thai-clothing.com\/wp-content\/uploads\/2021\/06\/Sure_Shirts_Banner.gif 900w, https:\/\/thai-clothing.com\/wp-content\/uploads\/2021\/06\/Sure_Shirts_Banner-600x117.gif 600w\" data-sizes=\"auto, (max-width: 900px) 100vw, 900px\" src=\"data:image\/svg+xml;base64,PHN2ZyB3aWR0aD0iMSIgaGVpZ2h0PSIxIiB4bWxucz0iaHR0cDovL3d3dy53My5vcmcvMjAwMC9zdmciPjwvc3ZnPg==\" style=\"--smush-placeholder-width: 900px; --smush-placeholder-aspect-ratio: 900\/176;\" \/><\/a><\/span><\/p>\n<p style=\"text-align: center;\"><span style=\"font-family: verdana, geneva, sans-serif;\">Wir verkaufen nur original SURE Shirts aus Thailand!<\/span><\/p>","protected":false},"excerpt":{"rendered":"<ul>\n<li>Wei\u00dfes Langarm Hoodie Gr\u00f6\u00dfe M<\/li>\n<li>100% Baumwolle<\/li>\n<li>dehnbarer Knitterstoff<\/li>\n<li>d\u00fcnn und bequem<\/li>\n<li>kaum f\u00fchlbarer Siebdruck<\/li>\n<li>waschbest\u00e4ndig<\/li>\n<li>Original SURE Thailand<\/li>\n<\/ul>","protected":false},"featured_media":15511,"comment_status":"open","ping_status":"closed","template":"","meta":[],"product_brand":[],"product_cat":[269],"product_tag":[42,43,19,169,20,23,24,69,25,170,223],"pa_sizes":[],"class_list":{"0":"post-1398","1":"product","2":"type-product","3":"status-publish","4":"has-post-thumbnail","6":"product_cat-sure-size-m-long-sleeve-shirts-hoodies","7":"product_tag-long-sleeve","8":"product_tag-longsleeve","9":"product_tag-size-m","10":"product_tag-sun","11":"product_tag-sure-shirt","12":"product_tag-thai-shirt","13":"product_tag-thailand-shirt","14":"product_tag-white","15":"product_tag-wrinkle-shirt","16":"product_tag-yin-yang","17":"product_tag-yin-yang-sun","19":"first","20":"outofstock","21":"shipping-taxable","22":"purchasable","23":"product-type-simple"},"_links":{"self":[{"href":"https:\/\/thai-clothing.com\/de\/wp-json\/wp\/v2\/product\/1398","targetHints":{"allow":["GET"]}}],"collection":[{"href":"https:\/\/thai-clothing.com\/de\/wp-json\/wp\/v2\/product"}],"about":[{"href":"https:\/\/thai-clothing.com\/de\/wp-json\/wp\/v2\/types\/product"}],"replies":[{"embeddable":true,"href":"https:\/\/thai-clothing.com\/de\/wp-json\/wp\/v2\/comments?post=1398"}],"wp:featuredmedia":[{"embeddable":true,"href":"https:\/\/thai-clothing.com\/de\/wp-json\/wp\/v2\/media\/15511"}],"wp:attachment":[{"href":"https:\/\/thai-clothing.com\/de\/wp-json\/wp\/v2\/media?parent=1398"}],"wp:term":[{"taxonomy":"product_brand","embeddable":true,"href":"https:\/\/thai-clothing.com\/de\/wp-json\/wp\/v2\/product_brand?post=1398"},{"taxonomy":"product_cat","embeddable":true,"href":"https:\/\/thai-clothing.com\/de\/wp-json\/wp\/v2\/product_cat?post=1398"},{"taxonomy":"product_tag","embeddable":true,"href":"https:\/\/thai-clothing.com\/de\/wp-json\/wp\/v2\/product_tag?post=1398"},{"taxonomy":"pa_sizes","embeddable":true,"href":"https:\/\/thai-clothing.com\/de\/wp-json\/wp\/v2\/pa_sizes?post=1398"}],"curies":[{"name":"wp","href":"https:\/\/api.w.org\/{rel}","templated":true}]}}