{"id":14834,"date":"2020-03-13T12:50:08","date_gmt":"2020-03-13T05:50:08","guid":{"rendered":"https:\/\/www.sure-shirts.com\/?post_type=product&#038;p=14834"},"modified":"2025-11-03T20:07:24","modified_gmt":"2025-11-03T13:07:24","slug":"wise-ganesha-white-sure-women-summer","status":"publish","type":"product","link":"https:\/\/thai-clothing.com\/de\/produkt\/wise-ganesha-white-sure-women-summer\/","title":{"rendered":"Weiser Ganesha \u2013 Wei\u00dfes SURE Damen Sommerkleid \/ Tr\u00e4gerkleid"},"content":{"rendered":"<h2 style=\"text-align: center;\">Weiser Ganesha<\/h2>\n<h3 style=\"text-align: center;\">Wei\u00dfes SURE Damen Sommerkleid \/ Tr\u00e4gerkleid<\/h3>\n<h4>\u00a0\u00a0 Motiv: Weiser Ganesha<\/h4>\n<p>In dieser <a title=\"Wikipedia: Ganesha\" href=\"https:\/\/de.wikipedia.org\/wiki\/Ganesha\" target=\"_blank\" rel=\"noopener noreferrer\">Ganesha<\/a> Illustration sieht der beliebte Hindu-Gott gealtert, m\u00e4chtig und weise aus. Er h\u00e4lt, typisch f\u00fcr Ganesha, eine Axt, um die Unwissenheit zu zerst\u00f6ren und alle Anhaftungen des Lebens abzuschneiden, eine Sch\u00fcssel mit Laddus (seine Lieblingss\u00fc\u00dfigkeiten), eine Flamme, die Zerst\u00f6rung und Sch\u00f6pfung symbolisiert, und Mooshika (oder Anindya) die Maus, sein Vaahana (Vehikel) ist auch dort in der N\u00e4he von seinen F\u00fc\u00dfen.<\/p>\n<h4>\u00a0 SURE Damen Sommerkleid \/ Tr\u00e4gerkleid<\/h4>\n<p>Sch\u00f6nes Ganesha Bild auf einem <strong>wei\u00dfen<\/strong> Damen Sommerkleid \/ Tr\u00e4gerkleid.<\/p>\n<p>Weiser Ganesha \u2013 Schwarzes SURE Damen Sommerkleid \/ Tr\u00e4gerkleid<\/p>\n<h4 style=\"text-align: left;\"><span style=\"font-family: verdana, geneva, sans-serif;\"><a href=\"https:\/\/thai-clothing.com\/wp-content\/uploads\/2021\/06\/TC_Sure_Shirt_Ladies_Tank-Dress_Measurement.jpg\"><img decoding=\"async\" class=\"alignleft wp-image-18039 size-full lazyload\" title=\"Sure Sommerkleid \/ Tr\u00e4gerkleid aus 100% Baumwolle - Ma\u00dfe\" data-src=\"https:\/\/thai-clothing.com\/wp-content\/uploads\/2021\/06\/TC_Sure_Shirt_Ladies_Tank-Dress_Measurement.jpg\" alt=\"Sure Women tank dress \/ sundress - Measurements\" width=\"136\" height=\"119\" src=\"data:image\/svg+xml;base64,PHN2ZyB3aWR0aD0iMSIgaGVpZ2h0PSIxIiB4bWxucz0iaHR0cDovL3d3dy53My5vcmcvMjAwMC9zdmciPjwvc3ZnPg==\" style=\"--smush-placeholder-width: 136px; --smush-placeholder-aspect-ratio: 136\/119;\" \/><\/a><\/span><\/h4>\n<h4>Ma\u00dfe (ca.):<\/h4>\n<p>A = 15 inch \/ 39 cm<br \/>\nB = 29,5 inch \/ 75 cm<\/p>\n<h4><\/h4>\n<h4><span style=\"font-family: verdana, geneva, sans-serif;\">\u00a0\u00a0 Bitte beachten Sie:<\/span><\/h4>\n<p><span style=\"font-family: verdana, geneva, sans-serif;\">Gr\u00f6\u00dfenbezeichnungen wie S, M, L, XL sind nur ungenaue Zuordnungen.<\/span><br \/>\n<span style=\"font-family: verdana, geneva, sans-serif;\">Die Ma\u00dfe aller Sure-Shirts k\u00f6nnen von Modell zu Modell, von Motiv zu Motiv und sogar von Farbe zu Farbe (des gleichen Motivs) voneinander abweichen!<\/span><br \/>\n<strong><span style=\"font-family: verdana, geneva, sans-serif;\">Wir versuchen unser Bestes, um genaue Ma\u00dfe f\u00fcr jedes einzelne Hemd anzugeben.<\/span><\/strong><br \/>\n<strong><span style=\"font-family: verdana, geneva, sans-serif;\">Bitte legen Sie Ihr Lieblingshemd flach auf den Boden und vergleichen Sie dann die Ma\u00dfe gem\u00e4\u00df dem Bild und den angegebenen Ma\u00dfen, wie im Bild oben gezeigt.<\/span><\/strong><\/p>\n<h4><span style=\"font-family: verdana, geneva, sans-serif;\">\u00a0\u00a0 Lesen Sie mehr \u00fcber:<\/span><\/h4>\n<p style=\"text-align: center;\"><span style=\"font-family: verdana, geneva, sans-serif;\"><a title=\"Dehnbarer Knitterstoff aus 100 % Baumwolle - die Knitterfalten verleihen diesen Shirts einen besonderen Look. Weiterlesen...\" href=\"\/sure-brand-thailand\/comfortable-wrinkle-fabric-cotton-shirts\/\" target=\"_blank\" rel=\"noopener\">Sure Shirts \u2013 Knitterstoff<\/a><\/span><\/p>\n<p style=\"text-align: center;\"><span style=\"font-family: verdana, geneva, sans-serif;\"><a title=\"Kaum f\u00fchlbare Siebdrucktechnik, waschbest\u00e4ndig und von guter Qualit\u00e4t. Weiterlesen...\" href=\"\/sure-brand-thailand\/serigraphy-screen-print\/\" target=\"_blank\" rel=\"noopener\">Sure Shirts \u2013 Siebdruck<\/a><\/span><\/p>\n<p style=\"text-align: center;\"><span style=\"font-family: verdana, geneva, sans-serif;\"><a title=\"Die Gr\u00f6\u00dfen von SURE-Hemden variieren aufgrund des zerknitterten Stoffes von Hemd zu Hemd. Bitte \u00fcberpr\u00fcfen Sie die individuell angegebenen Abmessungen, um die richtige Wahl zu treffen, bevor Sie eine Bestellung abschlie\u00dfen. Weiterlesen...\" href=\"\/sure-brand-thailand\/standard-sizes-measurements-dimensions\/\" target=\"_blank\" rel=\"noopener\">Sure Shirts \u2013 Gr\u00f6\u00dfen<\/a><\/span><\/p>\n<p style=\"text-align: center;\"><span style=\"font-family: verdana, geneva, sans-serif;\"><a title=\"Sure ist ein thail\u00e4ndischer Markenname mit Sitz in Bangkok. Weiterlesen...\" href=\"\/sure-brand-thailand\/sure-shirts-thailand\/\" target=\"_blank\" rel=\"noopener\">Sure Shirts \u2013 Marke<\/a><\/span><\/p>\n<p><span style=\"font-family: verdana, geneva, sans-serif;\"><a href=\"\/product-category\/sure-shirts-thailand\/\"><img decoding=\"async\" class=\"aligncenter wp-image-18019 size-full lazyload\" title=\"zu SURE Shirts (Hauptkategorie)\" data-src=\"https:\/\/thai-clothing.com\/wp-content\/uploads\/2021\/06\/Sure_Shirts_Banner.gif\" alt=\"Sure Shirts Thailand\" width=\"900\" height=\"176\" data-srcset=\"https:\/\/thai-clothing.com\/wp-content\/uploads\/2021\/06\/Sure_Shirts_Banner.gif 900w, https:\/\/thai-clothing.com\/wp-content\/uploads\/2021\/06\/Sure_Shirts_Banner-600x117.gif 600w\" data-sizes=\"auto, (max-width: 900px) 100vw, 900px\" src=\"data:image\/svg+xml;base64,PHN2ZyB3aWR0aD0iMSIgaGVpZ2h0PSIxIiB4bWxucz0iaHR0cDovL3d3dy53My5vcmcvMjAwMC9zdmciPjwvc3ZnPg==\" style=\"--smush-placeholder-width: 900px; --smush-placeholder-aspect-ratio: 900\/176;\" \/><\/a><\/span><\/p>\n<p style=\"text-align: center;\"><span style=\"font-family: verdana, geneva, sans-serif;\">Wir verkaufen nur original SURE Shirts aus Thailand!<\/span><\/p>","protected":false},"excerpt":{"rendered":"<ul>\n<li>Wei\u00dfes Damen Tr\u00e4gerkleid<\/li>\n<li>100% Baumwolle<\/li>\n<li>dehnbarer Knitterstoff<\/li>\n<li>d\u00fcnn und bequem<\/li>\n<li>kaum f\u00fchlbarer Siebdruck<\/li>\n<li>waschbest\u00e4ndig<\/li>\n<li>Original SURE Thailand<\/li>\n<\/ul>","protected":false},"featured_media":15543,"comment_status":"open","ping_status":"closed","template":"","meta":[],"product_brand":[],"product_cat":[268],"product_tag":[96,192,45,46,30,48,69,236],"pa_sizes":[],"class_list":{"0":"post-14834","1":"product","2":"type-product","3":"status-publish","4":"has-post-thumbnail","6":"product_cat-sure-women-summer-dresses-sundresses-sure-shirts-women","7":"product_tag-ganesha","8":"product_tag-sitting","9":"product_tag-summer-dress","10":"product_tag-sundress","11":"product_tag-sure-women","12":"product_tag-tank-dress","13":"product_tag-white","14":"product_tag-wise","16":"first","17":"instock","18":"shipping-taxable","19":"purchasable","20":"product-type-simple"},"_links":{"self":[{"href":"https:\/\/thai-clothing.com\/de\/wp-json\/wp\/v2\/product\/14834","targetHints":{"allow":["GET"]}}],"collection":[{"href":"https:\/\/thai-clothing.com\/de\/wp-json\/wp\/v2\/product"}],"about":[{"href":"https:\/\/thai-clothing.com\/de\/wp-json\/wp\/v2\/types\/product"}],"replies":[{"embeddable":true,"href":"https:\/\/thai-clothing.com\/de\/wp-json\/wp\/v2\/comments?post=14834"}],"wp:featuredmedia":[{"embeddable":true,"href":"https:\/\/thai-clothing.com\/de\/wp-json\/wp\/v2\/media\/15543"}],"wp:attachment":[{"href":"https:\/\/thai-clothing.com\/de\/wp-json\/wp\/v2\/media?parent=14834"}],"wp:term":[{"taxonomy":"product_brand","embeddable":true,"href":"https:\/\/thai-clothing.com\/de\/wp-json\/wp\/v2\/product_brand?post=14834"},{"taxonomy":"product_cat","embeddable":true,"href":"https:\/\/thai-clothing.com\/de\/wp-json\/wp\/v2\/product_cat?post=14834"},{"taxonomy":"product_tag","embeddable":true,"href":"https:\/\/thai-clothing.com\/de\/wp-json\/wp\/v2\/product_tag?post=14834"},{"taxonomy":"pa_sizes","embeddable":true,"href":"https:\/\/thai-clothing.com\/de\/wp-json\/wp\/v2\/pa_sizes?post=14834"}],"curies":[{"name":"wp","href":"https:\/\/api.w.org\/{rel}","templated":true}]}}