{"id":15002,"date":"2020-03-22T21:06:54","date_gmt":"2020-03-22T14:06:54","guid":{"rendered":"https:\/\/www.sure-shirts.com\/?post_type=product&#038;p=15002"},"modified":"2025-11-03T20:07:24","modified_gmt":"2025-11-03T13:07:24","slug":"young-ganesha-writing-aqua-green-tee-l","status":"publish","type":"product","link":"https:\/\/thai-clothing.com\/de\/produkt\/young-ganesha-writing-aqua-green-tee-l\/","title":{"rendered":"Junger Ganesha Studiert - Aquagr\u00fcnes SURE T-Shirt Gr\u00f6\u00dfe L"},"content":{"rendered":"<h2 style=\"text-align: center;\">Junger Ganesha Studiert<\/h2>\n<h3 style=\"text-align: center;\">Aquagr\u00fcnes SURE T-Shirt Gr\u00f6\u00dfe L<\/h3>\n<h4>\u00a0\u00a0 Motiv: Junger Ganesha Studiert<\/h4>\n<p>Hindugott <a href=\"https:\/\/de.wikipedia.org\/wiki\/Ganesha\" target=\"_blank\" rel=\"noopener\">Ganesha<\/a> ist als Besch\u00fctzer und Beseitiger von Hindernissen bekannt. Er ist aber auch Patron der Literatur und Gelehrsamkeit sowie Patron der Schriftsteller und Studenten. Es wird gesagt, dass Ganesha der Schreiber des <a href=\"https:\/\/de.wikipedia.org\/wiki\/Mahabharata\" target=\"_blank\" rel=\"noopener\">Mahabharata<\/a> (legend\u00e4res indisches Epos) war, das ihm der alte Weise Vyasa diktiert habe.<\/p>\n<h4>\u00a0\u00a0 Sure T-Shirt Gr\u00f6\u00dfe L:<\/h4>\n<p>Sch\u00f6nes Bild \"junger Ganesha Studiert\" auf einem <strong>aquagr\u00fcn gef\u00e4rbten<\/strong> T-Shirt in Gr\u00f6\u00dfe L.<\/p>\n<h4 style=\"text-align: left;\"><span style=\"font-family: verdana, geneva, sans-serif;\"><a href=\"https:\/\/thai-clothing.com\/wp-content\/uploads\/2021\/06\/TC_Sure_Shirt_Men_T-Shirt_Measurement-1.jpg\"><img decoding=\"async\" class=\"wp-image-18021 size-full alignleft lazyload\" title=\"SURE T-Shirt Gr\u00f6\u00dfe M aus 100 % Baumwolle\" data-src=\"https:\/\/thai-clothing.com\/wp-content\/uploads\/2021\/06\/TC_Sure_Shirt_Men_T-Shirt_Measurement-1.jpg\" alt=\"SURET Shirt \/ Tee size M - Measurements\" width=\"136\" height=\"119\" src=\"data:image\/svg+xml;base64,PHN2ZyB3aWR0aD0iMSIgaGVpZ2h0PSIxIiB4bWxucz0iaHR0cDovL3d3dy53My5vcmcvMjAwMC9zdmciPjwvc3ZnPg==\" style=\"--smush-placeholder-width: 136px; --smush-placeholder-aspect-ratio: 136\/119;\" \/><\/a><\/span><\/h4>\n<h4>Ma\u00dfe (ca.):<\/h4>\n<p>A = 20 inch \/ 51 cm<br \/>\nB = 28 inch \/ 72 c<span style=\"font-family: verdana, geneva, sans-serif;\">m<\/span><\/p>\n<p>&nbsp;<\/p>\n<h4><span style=\"font-family: verdana, geneva, sans-serif;\">\u00a0\u00a0 Bitte beachten Sie:<\/span><\/h4>\n<p><span style=\"font-family: verdana, geneva, sans-serif;\">Gr\u00f6\u00dfenbezeichnungen wie S, M, L, XL sind nur ungenaue Zuordnungen.<\/span><br \/>\n<span style=\"font-family: verdana, geneva, sans-serif;\">Die Ma\u00dfe aller Sure-Shirts k\u00f6nnen von Modell zu Modell, von Motiv zu Motiv und sogar von Farbe zu Farbe (des gleichen Motivs) voneinander abweichen!<\/span><br \/>\n<strong><span style=\"font-family: verdana, geneva, sans-serif;\">Wir versuchen unser Bestes, um genaue Ma\u00dfe f\u00fcr jedes einzelne Hemd anzugeben.<\/span><\/strong><br \/>\n<strong><span style=\"font-family: verdana, geneva, sans-serif;\">Bitte legen Sie Ihr Lieblingshemd flach auf den Boden und vergleichen Sie dann die Ma\u00dfe gem\u00e4\u00df dem Bild und den angegebenen Ma\u00dfen, wie im Bild oben gezeigt.<\/span><\/strong><\/p>\n<h4><span style=\"font-family: verdana, geneva, sans-serif;\">\u00a0\u00a0 Lesen Sie mehr \u00fcber:<\/span><\/h4>\n<p style=\"text-align: center;\"><span style=\"font-family: verdana, geneva, sans-serif;\"><a title=\"Dehnbarer Knitterstoff aus 100 % Baumwolle - die Knitterfalten verleihen diesen Shirts einen besonderen Look. Weiterlesen...\" href=\"\/sure-brand-thailand\/comfortable-wrinkle-fabric-cotton-shirts\/\" target=\"_blank\" rel=\"noopener\">Sure Shirts \u2013 Knitterstoff<\/a><\/span><\/p>\n<p style=\"text-align: center;\"><span style=\"font-family: verdana, geneva, sans-serif;\"><a title=\"Kaum f\u00fchlbare Siebdrucktechnik, waschbest\u00e4ndig und von guter Qualit\u00e4t. Weiterlesen...\" href=\"\/sure-brand-thailand\/serigraphy-screen-print\/\" target=\"_blank\" rel=\"noopener\">Sure Shirts \u2013 Siebdruck<\/a><\/span><\/p>\n<p style=\"text-align: center;\"><span style=\"font-family: verdana, geneva, sans-serif;\"><a title=\"Die Gr\u00f6\u00dfen von SURE-Hemden variieren aufgrund des zerknitterten Stoffes von Hemd zu Hemd. Bitte \u00fcberpr\u00fcfen Sie die individuell angegebenen Abmessungen, um die richtige Wahl zu treffen, bevor Sie eine Bestellung abschlie\u00dfen. Weiterlesen...\" href=\"\/sure-brand-thailand\/standard-sizes-measurements-dimensions\/\" target=\"_blank\" rel=\"noopener\">Sure Shirts \u2013 Gr\u00f6\u00dfen<\/a><\/span><\/p>\n<p style=\"text-align: center;\"><span style=\"font-family: verdana, geneva, sans-serif;\"><a title=\"Sure ist ein thail\u00e4ndischer Markenname mit Sitz in Bangkok. Weiterlesen...\" href=\"\/sure-brand-thailand\/sure-shirts-thailand\/\" target=\"_blank\" rel=\"noopener\">Sure Shirts \u2013 Marke<\/a><\/span><\/p>\n<p><span style=\"font-family: verdana, geneva, sans-serif;\"><a href=\"\/product-category\/sure-shirts-thailand\/\"><img decoding=\"async\" class=\"aligncenter wp-image-18019 size-full lazyload\" title=\"zu SURE Shirts (Hauptkategorie)\" data-src=\"https:\/\/thai-clothing.com\/wp-content\/uploads\/2021\/06\/Sure_Shirts_Banner.gif\" alt=\"Sure Shirts Thailand\" width=\"900\" height=\"176\" data-srcset=\"https:\/\/thai-clothing.com\/wp-content\/uploads\/2021\/06\/Sure_Shirts_Banner.gif 900w, https:\/\/thai-clothing.com\/wp-content\/uploads\/2021\/06\/Sure_Shirts_Banner-600x117.gif 600w\" data-sizes=\"auto, (max-width: 900px) 100vw, 900px\" src=\"data:image\/svg+xml;base64,PHN2ZyB3aWR0aD0iMSIgaGVpZ2h0PSIxIiB4bWxucz0iaHR0cDovL3d3dy53My5vcmcvMjAwMC9zdmciPjwvc3ZnPg==\" style=\"--smush-placeholder-width: 900px; --smush-placeholder-aspect-ratio: 900\/176;\" \/><\/a><\/span><\/p>\n<p style=\"text-align: center;\"><span style=\"font-family: verdana, geneva, sans-serif;\">Wir verkaufen nur original SURE Shirts aus Thailand!<\/span><\/p>","protected":false},"excerpt":{"rendered":"<ul>\n<li>Aquagr\u00fcnes T-Shirt Gr\u00f6\u00dfe L<\/li>\n<li>100% Baumwolle<\/li>\n<li>dehnbarer Knitterstoff<\/li>\n<li>d\u00fcnn und bequem<\/li>\n<li>kaum f\u00fchlbarer Siebdruck<\/li>\n<li>waschbest\u00e4ndig<\/li>\n<li>Original SURE Thailand<\/li>\n<\/ul>","protected":false},"featured_media":15643,"comment_status":"open","ping_status":"closed","template":"","meta":[],"product_brand":[],"product_cat":[270],"product_tag":[256,96,81,53,54,20,56,57,23,24,25,257,258],"pa_sizes":[],"class_list":{"0":"post-15002","1":"product","2":"type-product","3":"status-publish","4":"has-post-thumbnail","6":"product_cat-sure-size-l-t-shirts-tees-sure-shirts-men","7":"product_tag-aqua","8":"product_tag-ganesha","9":"product_tag-green","10":"product_tag-large","11":"product_tag-size-l","12":"product_tag-sure-shirt","13":"product_tag-t-shirt","14":"product_tag-tee","15":"product_tag-thai-shirt","16":"product_tag-thailand-shirt","17":"product_tag-wrinkle-shirt","18":"product_tag-writing","19":"product_tag-young-ganesha","21":"first","22":"instock","23":"shipping-taxable","24":"purchasable","25":"product-type-simple"},"_links":{"self":[{"href":"https:\/\/thai-clothing.com\/de\/wp-json\/wp\/v2\/product\/15002","targetHints":{"allow":["GET"]}}],"collection":[{"href":"https:\/\/thai-clothing.com\/de\/wp-json\/wp\/v2\/product"}],"about":[{"href":"https:\/\/thai-clothing.com\/de\/wp-json\/wp\/v2\/types\/product"}],"replies":[{"embeddable":true,"href":"https:\/\/thai-clothing.com\/de\/wp-json\/wp\/v2\/comments?post=15002"}],"wp:featuredmedia":[{"embeddable":true,"href":"https:\/\/thai-clothing.com\/de\/wp-json\/wp\/v2\/media\/15643"}],"wp:attachment":[{"href":"https:\/\/thai-clothing.com\/de\/wp-json\/wp\/v2\/media?parent=15002"}],"wp:term":[{"taxonomy":"product_brand","embeddable":true,"href":"https:\/\/thai-clothing.com\/de\/wp-json\/wp\/v2\/product_brand?post=15002"},{"taxonomy":"product_cat","embeddable":true,"href":"https:\/\/thai-clothing.com\/de\/wp-json\/wp\/v2\/product_cat?post=15002"},{"taxonomy":"product_tag","embeddable":true,"href":"https:\/\/thai-clothing.com\/de\/wp-json\/wp\/v2\/product_tag?post=15002"},{"taxonomy":"pa_sizes","embeddable":true,"href":"https:\/\/thai-clothing.com\/de\/wp-json\/wp\/v2\/pa_sizes?post=15002"}],"curies":[{"name":"wp","href":"https:\/\/api.w.org\/{rel}","templated":true}]}}