{"id":16614,"date":"2021-03-09T12:01:58","date_gmt":"2021-03-09T12:01:58","guid":{"rendered":"http:\/\/thai-clothing.com\/?post_type=product&#038;p=16614"},"modified":"2026-04-19T11:49:54","modified_gmt":"2026-04-19T04:49:54","slug":"voyager-molecule-pants-black-ripstop","status":"publish","type":"product","link":"https:\/\/thai-clothing.com\/de\/produkt\/voyager-molecule-pants-black-ripstop\/","title":{"rendered":"\u201eVoyager\u201c RIPSTOP Molecule Pants Schwarze lange Cargohose"},"content":{"rendered":"<h2><span style=\"font-family: verdana, geneva, sans-serif;\">Voyager Molecule Hose Schwarz Ripstop<img decoding=\"async\" class=\"wp-image-16235 size-full alignright lazyload\" data-src=\"http:\/\/thai-clothing.com\/wp-content\/uploads\/2016\/12\/Molecule_animated-GIF.gif\" alt=\"\" width=\"59\" height=\"59\" src=\"data:image\/svg+xml;base64,PHN2ZyB3aWR0aD0iMSIgaGVpZ2h0PSIxIiB4bWxucz0iaHR0cDovL3d3dy53My5vcmcvMjAwMC9zdmciPjwvc3ZnPg==\" style=\"--smush-placeholder-width: 59px; --smush-placeholder-aspect-ratio: 59\/59;\" \/><\/span><\/h2>\n<p><span style=\"font-size: 12pt; font-family: verdana, geneva, sans-serif;\">Das Modell 55003, hier in Schwarz, ist aus <a title=\"Wikipedia: Ripstop\" href=\"https:\/\/de.wikipedia.org\/wiki\/Ripstop\" target=\"_blank\" rel=\"noopener\"><strong>Ripstop<\/strong><\/a> Gewebe (100 % Baumwolle) mit einem kleineren und engeren Schnitt im Vergleich zu anderen Molecule-Modellen.\u00a0<\/span><\/p>\n<p><span style=\"font-size: 12pt; font-family: verdana, geneva, sans-serif;\"><span style=\"color: #ff0000;\"><strong>Achtung:<\/strong> <\/span>Dieses Modell <strong>f\u00e4llt kleiner aus<\/strong> als andere Molecule-Modelle. Bitte \u00fcberpr\u00fcfen Sie die angegebenen Ma\u00dfe (nach unten scrollen), es ist m\u00f6glich, dass Sie eine Gr\u00f6\u00dfe kleiner als \u00fcblich w\u00e4hlen m\u00fcssen!<\/span><\/p>\n<p><span style=\"font-size: 12pt; font-family: verdana, geneva, sans-serif;\"><a title=\"Wikipedia: Ripstop Fabric\" href=\"https:\/\/de.wikipedia.org\/wiki\/Ripstop\" target=\"_blank\" rel=\"noopener\"><strong>RIPSTOP<\/strong><\/a> Gewebe ist d\u00fcnner und leichter als die typische \"heavy cotton\" Baumwolle von Molecule, bietet jedoch eine hohe Belastbarkeit und Haltbarkeit durch spezielle horizontal eingewebte Verst\u00e4rkungsf\u00e4den, die bei genauerem Hinsehen sichtbar sind.<\/span><\/p>\n<p><span style=\"font-size: 12pt; font-family: verdana, geneva, sans-serif;\">Dieses Voyager-Modell hat insgesamt 6 Taschen, von denen 4 Patten mit Eisenkn\u00f6pfen haben. <\/span><\/p>\n<p><span style=\"font-size: 12pt; font-family: verdana, geneva, sans-serif;\">In dieser Hose kann man jede Menge Dinge verstauen und mit herumtragen und noch gr\u00f6\u00dfere Dinge wie ein Buch oder eine Kamera in den beiden seitlichen Cargotaschen, sodass man bei dieser Hose eigentlich kaum eine Tasche ben\u00f6tigt.<\/span><\/p>\n<p><span style=\"font-size: 12pt; font-family: verdana, geneva, sans-serif;\">Im Einzelnen gibt es<\/span><\/p>\n<ul>\n<li><span style=\"font-size: 12pt; font-family: verdana, geneva, sans-serif;\">2 Vordertaschen<\/span><\/li>\n<li><span style=\"font-size: 12pt; font-family: verdana, geneva, sans-serif;\">2 gro\u00dfe Cargotaschen mit Patte + Kn\u00f6pfen<\/span><\/li>\n<li><span style=\"font-size: 12pt; font-family: verdana, geneva, sans-serif;\">2 Ges\u00e4\u00dftaschen mit Patte + Eisenkn\u00f6pfen<\/span><\/li>\n<\/ul>\n<p><span style=\"font-size: 12pt; font-family: verdana, geneva, sans-serif;\">Durch den praktischen Innenbund mit Kordelzug braucht man nicht einmal einen G\u00fcrtel.<\/span><\/p>\n<p><span style=\"font-family: verdana, geneva, sans-serif;\"><strong><span style=\"font-size: 14pt;\">Voyager Molecule Hose Schwarz \u2013 Gr\u00f6\u00dfen \/ Ma\u00dfe:<\/span><\/strong><\/span><\/p>\n<p style=\"letter-spacing: 0.8px; text-align: left; padding-left: 40px;\"><span style=\"font-size: 12pt; font-family: verdana, geneva, sans-serif;\"><strong>Standardgr\u00f6\u00dfen wie S, M, L, XL k\u00f6nnen sehr unterschiedlich ausfallen, daher bitte vor der Bestellung die spezifisch angegebenen Ma\u00dfe pr\u00fcfen! <\/strong><\/span><\/p>\n<p style=\"letter-spacing: 0.8px; text-align: left; padding-left: 40px;\"><span style=\"font-size: 12pt; font-family: verdana, geneva, sans-serif;\">Einfach eine gut sitzende Hose flach auf den Boden legen und die jeweiligen Ma\u00dfe vergleichen: <\/span><\/p>\n<p><span style=\"font-family: verdana, geneva, sans-serif;\"><h2 id=\"tablepress-1114-name\" class=\"tablepress-table-name tablepress-table-name-id-1114\">Ma\u00dfe Molecule VOYAGER \/ 55003<\/h2>\n\n<table id=\"tablepress-1114\" class=\"tablepress tablepress-id-1114 tbody-has-connected-cells\" aria-labelledby=\"tablepress-1114-name\">\n<tbody class=\"row-striping row-hover\">\n<tr class=\"row-1\">\n\t<td class=\"column-1\"><center><strong>Gr\u00f6\u00dfe<\/strong><\/center><\/td><td class=\"column-2\"><center><strong>A) G\u00fcrtellinie (flach) \/ Taille<\/strong><\/center><\/td><td class=\"column-3\"><center><strong>B) L\u00e4nge (Schrittl\u00e4nge)<\/strong><\/center><\/td><td class=\"column-4\"><center><strong>C) Gesamtl\u00e4nge (Au\u00dfennaht)<\/strong><\/center><\/td><td rowspan=\"5\" class=\"column-5\"><img decoding=\"async\" data-src=\"http:\/\/thai-clothing.com\/wp-content\/uploads\/2021\/03\/4_Measurements_Molecule_Pants_Voyager_red.jpg\" alt=\"\" width=\"180\" height=\"270\" class=\"alignnone size-full wp-image-16214 lazyload\" src=\"data:image\/svg+xml;base64,PHN2ZyB3aWR0aD0iMSIgaGVpZ2h0PSIxIiB4bWxucz0iaHR0cDovL3d3dy53My5vcmcvMjAwMC9zdmciPjwvc3ZnPg==\" style=\"--smush-placeholder-width: 180px; --smush-placeholder-aspect-ratio: 180\/270;\" \/><\/td>\n<\/tr>\n<tr class=\"row-2\">\n\t<td class=\"column-1\"><center><img decoding=\"async\" data-src=\"http:\/\/thai-clothing.com\/wp-content\/uploads\/2021\/03\/Molecule_Pants_Shop_Size_S.png\" alt=\"Molecule Pants size S\" width=\"40\" height=\"40\" class=\"alignnone size-full wp-image-16218 lazyload\" src=\"data:image\/svg+xml;base64,PHN2ZyB3aWR0aD0iMSIgaGVpZ2h0PSIxIiB4bWxucz0iaHR0cDovL3d3dy53My5vcmcvMjAwMC9zdmciPjwvc3ZnPg==\" style=\"--smush-placeholder-width: 40px; --smush-placeholder-aspect-ratio: 40\/40;\" \/><\/center><\/td><td class=\"column-2\"><center>15,5 inch \/ 39-40 cm<\/center><\/td><td class=\"column-3\"><center>30 inch \/ 76 cm<\/center><\/td><td class=\"column-4\"><center>39,5 inch \/ 100 cm<\/center><\/td>\n<\/tr>\n<tr class=\"row-3\">\n\t<td class=\"column-1\"><center><img decoding=\"async\" data-src=\"http:\/\/thai-clothing.com\/wp-content\/uploads\/2021\/03\/Molecule_Pants_Shop_Size_M.png\" alt=\"Molecule Pants size M\" width=\"40\" height=\"40\" class=\"alignnone size-full wp-image-16219 lazyload\" src=\"data:image\/svg+xml;base64,PHN2ZyB3aWR0aD0iMSIgaGVpZ2h0PSIxIiB4bWxucz0iaHR0cDovL3d3dy53My5vcmcvMjAwMC9zdmciPjwvc3ZnPg==\" style=\"--smush-placeholder-width: 40px; --smush-placeholder-aspect-ratio: 40\/40;\" \/><\/center><\/td><td class=\"column-2\"><center>16,5-17 inch \/ 42-43 cm<\/center><\/td><td class=\"column-3\"><center>30,5 inch \/ 77 cm<\/center><\/td><td class=\"column-4\"><center>39,5-40 inch \/ 101-102 cm<\/center><\/td>\n<\/tr>\n<tr class=\"row-4\">\n\t<td class=\"column-1\"><center><img decoding=\"async\" data-src=\"http:\/\/thai-clothing.com\/wp-content\/uploads\/2021\/03\/Molecule_Pants_Shop_Size_L.png\" alt=\"Molecule Pants size L\" width=\"40\" height=\"40\" class=\"alignnone size-full wp-image-16220 lazyload\" src=\"data:image\/svg+xml;base64,PHN2ZyB3aWR0aD0iMSIgaGVpZ2h0PSIxIiB4bWxucz0iaHR0cDovL3d3dy53My5vcmcvMjAwMC9zdmciPjwvc3ZnPg==\" style=\"--smush-placeholder-width: 40px; --smush-placeholder-aspect-ratio: 40\/40;\" \/><\/center><\/td><td class=\"column-2\"><center>17,5 inch \/ 44 cm<\/center><\/td><td class=\"column-3\"><center>30,5 inch \/ 78 cm<\/center><\/td><td class=\"column-4\"><center>41-41,5 inch \/ 104-105 cm<\/center><\/td>\n<\/tr>\n<tr class=\"row-5\">\n\t<td class=\"column-1\"><center><img decoding=\"async\" data-src=\"http:\/\/thai-clothing.com\/wp-content\/uploads\/2021\/03\/Molecule_Pants_Shop_Size_XL.png\" alt=\"Molecule Pants size XL\" width=\"40\" height=\"40\" class=\"alignnone size-full wp-image-16221 lazyload\" src=\"data:image\/svg+xml;base64,PHN2ZyB3aWR0aD0iMSIgaGVpZ2h0PSIxIiB4bWxucz0iaHR0cDovL3d3dy53My5vcmcvMjAwMC9zdmciPjwvc3ZnPg==\" style=\"--smush-placeholder-width: 40px; --smush-placeholder-aspect-ratio: 40\/40;\" \/><\/center><\/td><td class=\"column-2\"><center>18-18,5 inch \/ 46-47 cm<\/center><\/td><td class=\"column-3\"><center>31 inch \/ 79 cm<\/center><\/td><td class=\"column-4\"><center>41,5 inch \/ 105-106 cm<\/center><\/td>\n<\/tr>\n<\/tbody>\n<\/table>\n<!-- #tablepress-1114 from cache --><\/span><\/p>\n<p><span style=\"font-size: 12pt; font-family: verdana, geneva, sans-serif;\"><strong>Alle Ma\u00dfe sind ungef\u00e4hre Werte und k\u00f6nnen geringf\u00fcgig abweichen!<\/strong><\/span><\/p>\n<p><span style=\"font-size: 12pt; font-family: verdana, geneva, sans-serif;\">Wir bieten dieses Molecule Backpacker Modell in folgenden Farben an:<\/span><\/p>\n<table style=\"border-collapse: collapse; width: 100%; height: 213px;\">\n<tbody>\n<tr style=\"height: 213px; border-style: hidden;\">\n<td style=\"width: 20%; height: 213px; border-style: hidden;\"><span style=\"font-family: verdana, geneva, sans-serif;\"><img decoding=\"async\" class=\"alignnone wp-image-16397 size-full lazyload\" title=\"zur Produktseite der gr\u00fcnen Voyager-Hose.\" data-src=\"http:\/\/thai-clothing.com\/wp-content\/uploads\/2021\/03\/Thai-Clothing_Molecule_Pants_Voyager_GREEN-7-scaled.jpg\" alt=\"Molecule Pants Voyager Green Ripstop Cargo Pants\" width=\"2560\" height=\"2560\" data-srcset=\"https:\/\/thai-clothing.com\/wp-content\/uploads\/2021\/03\/Thai-Clothing_Molecule_Pants_Voyager_GREEN-7-scaled.jpg 900w, https:\/\/thai-clothing.com\/wp-content\/uploads\/2021\/03\/Thai-Clothing_Molecule_Pants_Voyager_GREEN-7-scaled-300x300.jpg 300w, https:\/\/thai-clothing.com\/wp-content\/uploads\/2021\/03\/Thai-Clothing_Molecule_Pants_Voyager_GREEN-7-scaled-100x100.jpg 100w, https:\/\/thai-clothing.com\/wp-content\/uploads\/2021\/03\/Thai-Clothing_Molecule_Pants_Voyager_GREEN-7-scaled-600x600.jpg 600w\" data-sizes=\"auto, (max-width: 2560px) 100vw, 2560px\" src=\"data:image\/svg+xml;base64,PHN2ZyB3aWR0aD0iMSIgaGVpZ2h0PSIxIiB4bWxucz0iaHR0cDovL3d3dy53My5vcmcvMjAwMC9zdmciPjwvc3ZnPg==\" style=\"--smush-placeholder-width: 2560px; --smush-placeholder-aspect-ratio: 2560\/2560;\" \/><\/span><\/td>\n<td style=\"width: 20%; height: 213px;\"><span style=\"font-family: verdana, geneva, sans-serif;\"><img decoding=\"async\" class=\"alignnone wp-image-16405 size-full lazyload\" title=\"zur Produktseite der schwarzen Voyager-Hose.\" data-src=\"http:\/\/thai-clothing.com\/wp-content\/uploads\/2021\/03\/Thai-Clothing_Molecule_Pants_Voyager_BLACK-1.jpg\" alt=\"Voyager Molecule Pants Black Ripstop Cargo Pants\" width=\"900\" height=\"900\" data-srcset=\"https:\/\/thai-clothing.com\/wp-content\/uploads\/2021\/03\/Thai-Clothing_Molecule_Pants_Voyager_BLACK-1.jpg 900w, https:\/\/thai-clothing.com\/wp-content\/uploads\/2021\/03\/Thai-Clothing_Molecule_Pants_Voyager_BLACK-1-300x300.jpg 300w, https:\/\/thai-clothing.com\/wp-content\/uploads\/2021\/03\/Thai-Clothing_Molecule_Pants_Voyager_BLACK-1-100x100.jpg 100w, https:\/\/thai-clothing.com\/wp-content\/uploads\/2021\/03\/Thai-Clothing_Molecule_Pants_Voyager_BLACK-1-600x600.jpg 600w\" data-sizes=\"auto, (max-width: 900px) 100vw, 900px\" src=\"data:image\/svg+xml;base64,PHN2ZyB3aWR0aD0iMSIgaGVpZ2h0PSIxIiB4bWxucz0iaHR0cDovL3d3dy53My5vcmcvMjAwMC9zdmciPjwvc3ZnPg==\" style=\"--smush-placeholder-width: 900px; --smush-placeholder-aspect-ratio: 900\/900;\" \/><\/span><\/td>\n<td style=\"width: 20%; height: 213px; border-style: hidden;\"><a href=\"https:\/\/thai-clothing.com\/wp-content\/uploads\/2022\/07\/Thai-Clothing_Molecule_Pants_Voyager_Orange_3.jpg\"><img decoding=\"async\" class=\"alignnone size-full wp-image-23874 lazyload\" data-src=\"https:\/\/thai-clothing.com\/wp-content\/uploads\/2022\/07\/Thai-Clothing_Molecule_Pants_Voyager_Orange_3.jpg\" alt=\"Voyager Molecule Pants Orange Ripstop Cargo Pants\" width=\"900\" height=\"900\" data-srcset=\"https:\/\/thai-clothing.com\/wp-content\/uploads\/2022\/07\/Thai-Clothing_Molecule_Pants_Voyager_Orange_3.jpg 900w, https:\/\/thai-clothing.com\/wp-content\/uploads\/2022\/07\/Thai-Clothing_Molecule_Pants_Voyager_Orange_3-300x300.jpg 300w, https:\/\/thai-clothing.com\/wp-content\/uploads\/2022\/07\/Thai-Clothing_Molecule_Pants_Voyager_Orange_3-100x100.jpg 100w, https:\/\/thai-clothing.com\/wp-content\/uploads\/2022\/07\/Thai-Clothing_Molecule_Pants_Voyager_Orange_3-600x600.jpg 600w, https:\/\/thai-clothing.com\/wp-content\/uploads\/2022\/07\/Thai-Clothing_Molecule_Pants_Voyager_Orange_3-150x150.jpg 150w, https:\/\/thai-clothing.com\/wp-content\/uploads\/2022\/07\/Thai-Clothing_Molecule_Pants_Voyager_Orange_3-768x768.jpg 768w, https:\/\/thai-clothing.com\/wp-content\/uploads\/2022\/07\/Thai-Clothing_Molecule_Pants_Voyager_Orange_3-12x12.jpg 12w\" data-sizes=\"auto, (max-width: 900px) 100vw, 900px\" src=\"data:image\/svg+xml;base64,PHN2ZyB3aWR0aD0iMSIgaGVpZ2h0PSIxIiB4bWxucz0iaHR0cDovL3d3dy53My5vcmcvMjAwMC9zdmciPjwvc3ZnPg==\" style=\"--smush-placeholder-width: 900px; --smush-placeholder-aspect-ratio: 900\/900;\" \/><\/a><\/td>\n<td style=\"width: 20%; height: 213px; border-style: hidden;\"><\/td>\n<td style=\"width: 20%; height: 213px;\"><\/td>\n<\/tr>\n<\/tbody>\n<\/table>\n<p><span style=\"font-size: 12pt; font-family: verdana, geneva, sans-serif;\">Und es gibt es auch in kurz:<\/span><\/p>\n<table class=\"aligncenter\" style=\"width: 100%; border-collapse: collapse; border-style: hidden; height: 216px;\" border=\"0\">\n<tbody>\n<tr style=\"height: 216px; border-style: hidden;\">\n<td style=\"width: 206px; height: 216px; border-style: hidden;\"><span style=\"font-family: verdana, geneva, sans-serif;\"><a href=\"https:\/\/thai-clothing.com\/wp-content\/uploads\/2021\/03\/Thai-Clothing_Molecule_Pants_Rambler_BLACK-6.jpg\"><img decoding=\"async\" class=\"alignnone wp-image-16499 size-full lazyload\" title=\"zur Produktseite der schwarzen Rambler (kurz) Hose.\" data-src=\"https:\/\/thai-clothing.com\/wp-content\/uploads\/2021\/03\/Thai-Clothing_Molecule_Pants_Rambler_BLACK-6.jpg\" alt=\"Molecule Pants Rambler Black Ripstop Cargo Shorts\" width=\"900\" height=\"900\" data-srcset=\"https:\/\/thai-clothing.com\/wp-content\/uploads\/2021\/03\/Thai-Clothing_Molecule_Pants_Rambler_BLACK-6.jpg 900w, https:\/\/thai-clothing.com\/wp-content\/uploads\/2021\/03\/Thai-Clothing_Molecule_Pants_Rambler_BLACK-6-300x300.jpg 300w, https:\/\/thai-clothing.com\/wp-content\/uploads\/2021\/03\/Thai-Clothing_Molecule_Pants_Rambler_BLACK-6-100x100.jpg 100w, https:\/\/thai-clothing.com\/wp-content\/uploads\/2021\/03\/Thai-Clothing_Molecule_Pants_Rambler_BLACK-6-600x600.jpg 600w\" data-sizes=\"auto, (max-width: 900px) 100vw, 900px\" src=\"data:image\/svg+xml;base64,PHN2ZyB3aWR0aD0iMSIgaGVpZ2h0PSIxIiB4bWxucz0iaHR0cDovL3d3dy53My5vcmcvMjAwMC9zdmciPjwvc3ZnPg==\" style=\"--smush-placeholder-width: 900px; --smush-placeholder-aspect-ratio: 900\/900;\" \/><\/a><\/span><\/td>\n<td style=\"width: 206px; height: 216px; border-style: hidden;\"><\/td>\n<td style=\"width: 206px; height: 216px; border-style: hidden;\"><\/td>\n<td style=\"width: 206px; height: 216px; border-style: hidden;\"><\/td>\n<td style=\"width: 206px; height: 216px; border-style: hidden;\"><\/td>\n<\/tr>\n<\/tbody>\n<\/table>\n<p><span style=\"font-size: 12pt; font-family: verdana, geneva, sans-serif;\">(Klicken Sie auf die Bilder, um zu den jeweiligen Produktseiten zu gelangen)<\/span><\/p>\n<p><span style=\"font-family: verdana, geneva, sans-serif;\"><img decoding=\"async\" class=\"aligncenter wp-image-16413 size-full lazyload\" data-src=\"http:\/\/thai-clothing.com\/wp-content\/uploads\/2021\/03\/Molecule_Pants_Cargo_Trousers_Voyager_Light_Ripstop_black_ZOOM_banner.jpg\" alt=\"Molecule Pants Voyager Black Ripstop Cargo Pants\" width=\"700\" height=\"208\" data-srcset=\"https:\/\/thai-clothing.com\/wp-content\/uploads\/2021\/03\/Molecule_Pants_Cargo_Trousers_Voyager_Light_Ripstop_black_ZOOM_banner.jpg 700w, https:\/\/thai-clothing.com\/wp-content\/uploads\/2021\/03\/Molecule_Pants_Cargo_Trousers_Voyager_Light_Ripstop_black_ZOOM_banner-600x178.jpg 600w\" data-sizes=\"auto, (max-width: 700px) 100vw, 700px\" src=\"data:image\/svg+xml;base64,PHN2ZyB3aWR0aD0iMSIgaGVpZ2h0PSIxIiB4bWxucz0iaHR0cDovL3d3dy53My5vcmcvMjAwMC9zdmciPjwvc3ZnPg==\" style=\"--smush-placeholder-width: 700px; --smush-placeholder-aspect-ratio: 700\/208;\" \/><\/span><\/p>\n<p style=\"text-align: center;\"><span style=\"font-size: 12pt; font-family: verdana, geneva, sans-serif;\"><a title=\"Sehen Sie sich alle unsere LANGEN Molecule Cargohosen an\" href=\"\/product-category\/molecule-pants-thailand\/molecule-long-pants\/\" target=\"_blank\" rel=\"noopener\"><strong>Quick-Link zu all unseren LANGEN Molecule Cargohosen (hier klicken)<\/strong><\/a><\/span><\/p>\n<p style=\"text-align: center;\"><span style=\"font-size: 12pt; font-family: verdana, geneva, sans-serif;\"><a title=\"Sehen Sie sich alle unsere KURZEN Molecule Cargohosen an\" href=\"\/product-category\/molecule-pants-thailand\/molecule-short-pants\/\" target=\"_blank\" rel=\"noopener\"><strong>Quick-Link zu all unseren KURZEN Molecule Cargohosen (hier klicken)<\/strong><\/a><\/span><\/p>\n<h2><span style=\"font-family: verdana, geneva, sans-serif;\">Molecule Cargo Pants<\/span><\/h2>\n<p style=\"letter-spacing: 0.8px;\"><span style=\"font-size: 12pt; font-family: verdana, geneva, sans-serif;\">Molecule Cargo Pants sind hochwertige Hosen aus robuster und strapazierf\u00e4higer Baumwolle (100%) sehr gut verarbeitet mit festen N\u00e4hten. Deine Molecule Hose wird dein bester Freund unterwegs auf Reisen, im Urlaub, bei Ausfl\u00fcgen oder auch beim Einkaufen oder bei Freizeitaktivit\u00e4ten, auf Partys, Festivals, \u2026 Sie wird dich nie im Stich lassen!<\/span><\/p>\n<p style=\"letter-spacing: 0.8px;\"><span style=\"font-size: 12pt; font-family: verdana, geneva, sans-serif;\">Alle Molecule Hosen sind pflegeleicht, waschmaschinenfest (60\u00b0) und kein B\u00fcgeln n\u00f6tig, da sich der Stoff beim Tragen gerade zieht.<\/span><\/p>\n<p style=\"text-align: center;\"><span style=\"font-family: verdana, geneva, sans-serif;\"><a href=\"\/product-category\/molecule-pants-thailand\/\"><img decoding=\"async\" class=\"aligncenter wp-image-16207 size-full lazyload\" title=\"Molecule Cargo Pants - Molecule Clothing seit 1998 Thailand\" data-src=\"http:\/\/thai-clothing.com\/wp-content\/uploads\/2016\/12\/Molecule_Pants.png\" alt=\"Molecule Clothing since 1998\" width=\"518\" height=\"124\" src=\"data:image\/svg+xml;base64,PHN2ZyB3aWR0aD0iMSIgaGVpZ2h0PSIxIiB4bWxucz0iaHR0cDovL3d3dy53My5vcmcvMjAwMC9zdmciPjwvc3ZnPg==\" style=\"--smush-placeholder-width: 518px; --smush-placeholder-aspect-ratio: 518\/124;\" \/><\/a><\/span><\/p>\n<p style=\"text-align: center;\"><span style=\"font-size: 12pt; font-family: verdana, geneva, sans-serif;\">Wir verkaufen nur ORIGINAL Molecule Pants, die wir direkt vom Hersteller beziehen.<\/span><\/p>","protected":false},"excerpt":{"rendered":"<ul>\n<li><span style=\"font-family: verdana, geneva, sans-serif;\">55003 Schwarz<\/span><\/li>\n<li><span style=\"font-family: verdana, geneva, sans-serif;\">leichtes, aber strapazierf\u00e4higes RIPSTOP-Gewebe<\/span><\/li>\n<li><span style=\"font-family: verdana, geneva, sans-serif;\">kleiner und schmaler geschnitten<\/span><\/li>\n<li><span style=\"font-family: verdana, geneva, sans-serif;\">6 praktische Taschen<\/span><\/li>\n<li><span style=\"font-family: verdana, geneva, sans-serif;\">100 % Baumwoll-Ripstop<\/span><\/li>\n<\/ul>","protected":false},"featured_media":16405,"comment_status":"open","ping_status":"closed","template":"","meta":[],"product_brand":[],"product_cat":[275],"product_tag":[328,17,341,279,358,280,357,331,281],"pa_sizes":[285,284,283,286],"class_list":{"0":"post-16614","1":"product","2":"type-product","3":"status-publish","4":"has-post-thumbnail","6":"product_cat-molecule-long-pants","7":"product_tag-328","8":"product_tag-black","9":"product_tag-black-trousers","10":"product_tag-carbon-black","11":"product_tag-cotton-ripstop","12":"product_tag-long-cargo-pants","13":"product_tag-ripstop","14":"product_tag-ripstop-fabric","15":"product_tag-travel-pants","16":"pa_sizes-size-l-large","17":"pa_sizes-size-m-medium","18":"pa_sizes-size-s-small","19":"pa_sizes-size-xl-extra-large","21":"first","22":"instock","23":"shipping-taxable","24":"purchasable","25":"product-type-variable"},"_links":{"self":[{"href":"https:\/\/thai-clothing.com\/de\/wp-json\/wp\/v2\/product\/16614","targetHints":{"allow":["GET"]}}],"collection":[{"href":"https:\/\/thai-clothing.com\/de\/wp-json\/wp\/v2\/product"}],"about":[{"href":"https:\/\/thai-clothing.com\/de\/wp-json\/wp\/v2\/types\/product"}],"replies":[{"embeddable":true,"href":"https:\/\/thai-clothing.com\/de\/wp-json\/wp\/v2\/comments?post=16614"}],"wp:featuredmedia":[{"embeddable":true,"href":"https:\/\/thai-clothing.com\/de\/wp-json\/wp\/v2\/media\/16405"}],"wp:attachment":[{"href":"https:\/\/thai-clothing.com\/de\/wp-json\/wp\/v2\/media?parent=16614"}],"wp:term":[{"taxonomy":"product_brand","embeddable":true,"href":"https:\/\/thai-clothing.com\/de\/wp-json\/wp\/v2\/product_brand?post=16614"},{"taxonomy":"product_cat","embeddable":true,"href":"https:\/\/thai-clothing.com\/de\/wp-json\/wp\/v2\/product_cat?post=16614"},{"taxonomy":"product_tag","embeddable":true,"href":"https:\/\/thai-clothing.com\/de\/wp-json\/wp\/v2\/product_tag?post=16614"},{"taxonomy":"pa_sizes","embeddable":true,"href":"https:\/\/thai-clothing.com\/de\/wp-json\/wp\/v2\/pa_sizes?post=16614"}],"curies":[{"name":"wp","href":"https:\/\/api.w.org\/{rel}","templated":true}]}}