{"id":16686,"date":"2021-03-11T14:33:37","date_gmt":"2021-03-11T14:33:37","guid":{"rendered":"https:\/\/thai-clothing.com\/?post_type=product&#038;p=16686"},"modified":"2026-04-15T18:30:01","modified_gmt":"2026-04-15T11:30:01","slug":"travelstar-molecule-3-4-pants-black","status":"publish","type":"product","link":"https:\/\/thai-clothing.com\/de\/produkt\/travelstar-molecule-3-4-pants-black\/","title":{"rendered":"\u201eTravelstar\u201c Molecule 3\/4 Hose Schwarze Cargohose"},"content":{"rendered":"<h2><span style=\"font-family: verdana, geneva, sans-serif;\">\u201eTravelstar\u201c Molecule 3\/4 Hose Schwarze Cargohose<img decoding=\"async\" class=\"wp-image-16235 size-full alignright lazyload\" data-src=\"http:\/\/thai-clothing.com\/wp-content\/uploads\/2016\/12\/Molecule_animated-GIF.gif\" alt=\"\" width=\"59\" height=\"59\" src=\"data:image\/svg+xml;base64,PHN2ZyB3aWR0aD0iMSIgaGVpZ2h0PSIxIiB4bWxucz0iaHR0cDovL3d3dy53My5vcmcvMjAwMC9zdmciPjwvc3ZnPg==\" style=\"--smush-placeholder-width: 59px; --smush-placeholder-aspect-ratio: 59\/59;\" \/><\/span><\/h2>\n<p><span style=\"font-size: 12pt; font-family: verdana, geneva, sans-serif;\">Das 3\/4-lange Modell 50006, hier in Schwarz, ist aus 100 % robuster Baumwolle mit klassischem Schnitt. Die Beine sind weit und bequem, aber weniger \"baggy\" als z.B. das <strong>Globetrotter<\/strong> Modell.<\/span><\/p>\n<p><span style=\"font-size: 12pt; font-family: verdana, geneva, sans-serif;\">Dieses Travelstar Modell hat insgesamt 8 Taschen, davon 4 mit Metallkn\u00f6pfen und 2 weitere mit Rei\u00dfverschl\u00fcssen. <\/span><\/p>\n<p><span style=\"font-size: 12pt; font-family: verdana, geneva, sans-serif;\">In dieser Hose kann man jede Menge Dinge verstauen und mit herumtragen und noch gr\u00f6\u00dfere Dinge wie ein Buch oder eine Kamera in den beiden seitlichen Cargotaschen, sodass man bei dieser Hose eigentlich kaum eine Tasche ben\u00f6tigt.<\/span><\/p>\n<p><span style=\"font-size: 12pt; font-family: verdana, geneva, sans-serif;\">Im Einzelnen gibt es<\/span><\/p>\n<ul>\n<li><span style=\"font-size: 12pt; font-family: verdana, geneva, sans-serif;\">2 Vordertaschen<\/span><\/li>\n<li><span style=\"font-size: 12pt; font-family: verdana, geneva, sans-serif;\">2 gro\u00dfe Rei\u00dfverschlusstaschen darunter<\/span><\/li>\n<li><span style=\"font-size: 12pt; font-family: verdana, geneva, sans-serif;\">2 gro\u00dfe Cargotaschen mit Patte + Eisenkn\u00f6pfen<\/span><\/li>\n<li><span style=\"font-size: 12pt; font-family: verdana, geneva, sans-serif;\">2 Ges\u00e4\u00dftaschen mit Patte + Eisenkn\u00f6pfen<\/span><\/li>\n<li><span style=\"font-size: 12pt; font-family: verdana, geneva, sans-serif;\">1 zus\u00e4tzliche Minitasche \u00fcber der rechten Fronttasche<\/span><\/li>\n<\/ul>\n<p><span style=\"font-size: 12pt; font-family: verdana, geneva, sans-serif;\">Durch den praktischen Innenbund mit Kordelzug braucht man nicht einmal einen G\u00fcrtel.<\/span><\/p>\n<p><span style=\"font-family: verdana, geneva, sans-serif;\"><strong><span style=\"font-size: 14pt;\">Travelstar Molecule 3\/4 Hose SCHWARZ \u2013 Gr\u00f6\u00dfen \/ Ma\u00dfe:<\/span><\/strong><\/span><\/p>\n<p style=\"letter-spacing: 0.8px; text-align: left; padding-left: 40px;\"><span style=\"font-size: 12pt; font-family: verdana, geneva, sans-serif;\"><strong>Standardgr\u00f6\u00dfen wie S, M, L, XL k\u00f6nnen sehr unterschiedlich ausfallen, daher bitte vor der Bestellung die spezifisch angegebenen Ma\u00dfe pr\u00fcfen! <\/strong><\/span><\/p>\n<p style=\"letter-spacing: 0.8px; text-align: left; padding-left: 40px;\"><span style=\"font-size: 12pt; font-family: verdana, geneva, sans-serif;\">Einfach eine gut sitzende Hose flach auf den Boden legen und die jeweiligen Ma\u00dfe vergleichen: <\/span><\/p>\n<p><span style=\"font-family: verdana, geneva, sans-serif;\"><h2 id=\"tablepress-1121-name\" class=\"tablepress-table-name tablepress-table-name-id-1121\">Ma\u00dfe Molecule TRAVELSTAR \/ 50006<\/h2>\n\n<table id=\"tablepress-1121\" class=\"tablepress tablepress-id-1121 tbody-has-connected-cells\" aria-labelledby=\"tablepress-1121-name\">\n<tbody class=\"row-striping row-hover\">\n<tr class=\"row-1\">\n\t<td class=\"column-1\"><center><strong>Gr\u00f6\u00dfe<\/strong><\/center><\/td><td class=\"column-2\"><center><strong>A) G\u00fcrtellinie (flach) \/ Taille<\/strong><\/center><\/td><td class=\"column-3\"><center><strong>B) L\u00e4nge (Schrittl\u00e4nge)<\/strong><\/center><\/td><td class=\"column-4\"><center><strong>C) Gesamtl\u00e4nge (Au\u00dfennaht)<\/strong><\/center><\/td><td rowspan=\"5\" class=\"column-5\"><img decoding=\"async\" data-src=\"http:\/\/thai-clothing.com\/wp-content\/uploads\/2021\/03\/11_Measurements_Molecule_Pants_Travelstar_red.jpg\" alt=\"\" width=\"180\" height=\"270\" class=\"alignnone size-full wp-image-16214 lazyload\" src=\"data:image\/svg+xml;base64,PHN2ZyB3aWR0aD0iMSIgaGVpZ2h0PSIxIiB4bWxucz0iaHR0cDovL3d3dy53My5vcmcvMjAwMC9zdmciPjwvc3ZnPg==\" style=\"--smush-placeholder-width: 180px; --smush-placeholder-aspect-ratio: 180\/270;\" \/><\/td>\n<\/tr>\n<tr class=\"row-2\">\n\t<td class=\"column-1\"><center><img decoding=\"async\" data-src=\"http:\/\/thai-clothing.com\/wp-content\/uploads\/2021\/03\/Molecule_Pants_Shop_Size_S.png\" alt=\"Molecule Pants size S\" width=\"40\" height=\"40\" class=\"alignnone size-full wp-image-16218 lazyload\" src=\"data:image\/svg+xml;base64,PHN2ZyB3aWR0aD0iMSIgaGVpZ2h0PSIxIiB4bWxucz0iaHR0cDovL3d3dy53My5vcmcvMjAwMC9zdmciPjwvc3ZnPg==\" style=\"--smush-placeholder-width: 40px; --smush-placeholder-aspect-ratio: 40\/40;\" \/><\/center><\/td><td class=\"column-2\"><center>16-16,5 inch \/ 41-42 cm<\/center><\/td><td class=\"column-3\"><center>16 inch \/ 41 cm<\/center><\/td><td class=\"column-4\"><center>26,5-27 inch \/ 67-69 cm<\/center><\/td>\n<\/tr>\n<tr class=\"row-3\">\n\t<td class=\"column-1\"><center><img decoding=\"async\" data-src=\"http:\/\/thai-clothing.com\/wp-content\/uploads\/2021\/03\/Molecule_Pants_Shop_Size_M.png\" alt=\"Molecule Pants size M\" width=\"40\" height=\"40\" class=\"alignnone size-full wp-image-16219 lazyload\" src=\"data:image\/svg+xml;base64,PHN2ZyB3aWR0aD0iMSIgaGVpZ2h0PSIxIiB4bWxucz0iaHR0cDovL3d3dy53My5vcmcvMjAwMC9zdmciPjwvc3ZnPg==\" style=\"--smush-placeholder-width: 40px; --smush-placeholder-aspect-ratio: 40\/40;\" \/><\/center><\/td><td class=\"column-2\"><center>17 inch \/ 43-44 cm<\/center><\/td><td class=\"column-3\"><center>16 inch \/ 41 cm<\/center><\/td><td class=\"column-4\"><center>26,5-27 inch \/ 67-69 cm<\/center><\/td>\n<\/tr>\n<tr class=\"row-4\">\n\t<td class=\"column-1\"><center><img decoding=\"async\" data-src=\"http:\/\/thai-clothing.com\/wp-content\/uploads\/2021\/03\/Molecule_Pants_Shop_Size_L.png\" alt=\"Molecule Pants size L\" width=\"40\" height=\"40\" class=\"alignnone size-full wp-image-16220 lazyload\" src=\"data:image\/svg+xml;base64,PHN2ZyB3aWR0aD0iMSIgaGVpZ2h0PSIxIiB4bWxucz0iaHR0cDovL3d3dy53My5vcmcvMjAwMC9zdmciPjwvc3ZnPg==\" style=\"--smush-placeholder-width: 40px; --smush-placeholder-aspect-ratio: 40\/40;\" \/><\/center><\/td><td class=\"column-2\"><center>18 inch \/ 46 cm<\/center><\/td><td class=\"column-3\"><center>16 inch \/ 41 cm<\/center><\/td><td class=\"column-4\"><center>27 inch \/ 69 cm<\/center><\/td>\n<\/tr>\n<tr class=\"row-5\">\n\t<td class=\"column-1\"><center><img decoding=\"async\" data-src=\"http:\/\/thai-clothing.com\/wp-content\/uploads\/2021\/03\/Molecule_Pants_Shop_Size_XL.png\" alt=\"Molecule Pants size XL\" width=\"40\" height=\"40\" class=\"alignnone size-full wp-image-16221 lazyload\" src=\"data:image\/svg+xml;base64,PHN2ZyB3aWR0aD0iMSIgaGVpZ2h0PSIxIiB4bWxucz0iaHR0cDovL3d3dy53My5vcmcvMjAwMC9zdmciPjwvc3ZnPg==\" style=\"--smush-placeholder-width: 40px; --smush-placeholder-aspect-ratio: 40\/40;\" \/><\/center><\/td><td class=\"column-2\"><center>19-19,5 inch \/ 48-50 cm<\/center><\/td><td class=\"column-3\"><center>16 inch \/ 41 cm<\/center><\/td><td class=\"column-4\"><center>28 inch \/ 71-72 cm<\/center><\/td>\n<\/tr>\n<\/tbody>\n<\/table>\n<!-- #tablepress-1121 from cache --><\/span><\/p>\n<p><span style=\"font-size: 12pt; font-family: verdana, geneva, sans-serif;\"><strong>Alle Ma\u00dfe sind ungef\u00e4hre Werte und k\u00f6nnen geringf\u00fcgig abweichen!<\/strong><\/span><\/p>\n<p><span style=\"font-size: 12pt; font-family: verdana, geneva, sans-serif;\">Wir bieten dieses Molecule Travelstar Modell in folgenden Farben an:<\/span><\/p>\n<table style=\"border-collapse: collapse; width: 100%; height: 213px;\">\n<tbody>\n<tr style=\"height: 213px; border-style: hidden;\">\n<td style=\"width: 20%; height: 213px; border-style: hidden;\"><span style=\"font-family: verdana, geneva, sans-serif;\"><img decoding=\"async\" class=\"alignnone wp-image-16414 size-full lazyload\" title=\"zur Produktseite der GR\u00dcNEN Travelstar 3\/4-Hose.\" data-src=\"http:\/\/thai-clothing.com\/wp-content\/uploads\/2021\/03\/Thai-Clothing_Molecule_Pants_Travelstar_GREEN-1.jpg\" alt=\"Travelstar Molecule 3\/4 Pants Green Cargo\" width=\"900\" height=\"900\" data-srcset=\"https:\/\/thai-clothing.com\/wp-content\/uploads\/2021\/03\/Thai-Clothing_Molecule_Pants_Travelstar_GREEN-1.jpg 900w, https:\/\/thai-clothing.com\/wp-content\/uploads\/2021\/03\/Thai-Clothing_Molecule_Pants_Travelstar_GREEN-1-300x300.jpg 300w, https:\/\/thai-clothing.com\/wp-content\/uploads\/2021\/03\/Thai-Clothing_Molecule_Pants_Travelstar_GREEN-1-100x100.jpg 100w, https:\/\/thai-clothing.com\/wp-content\/uploads\/2021\/03\/Thai-Clothing_Molecule_Pants_Travelstar_GREEN-1-600x600.jpg 600w\" data-sizes=\"auto, (max-width: 900px) 100vw, 900px\" src=\"data:image\/svg+xml;base64,PHN2ZyB3aWR0aD0iMSIgaGVpZ2h0PSIxIiB4bWxucz0iaHR0cDovL3d3dy53My5vcmcvMjAwMC9zdmciPjwvc3ZnPg==\" style=\"--smush-placeholder-width: 900px; --smush-placeholder-aspect-ratio: 900\/900;\" \/><\/span><\/td>\n<td style=\"width: 20%; height: 213px;\"><span style=\"font-family: verdana, geneva, sans-serif;\"><img decoding=\"async\" class=\"alignnone wp-image-16419 size-full lazyload\" title=\"zur Produktseite der SCHWARZEN Travelstar 3\/4-Hose.\" data-src=\"http:\/\/thai-clothing.com\/wp-content\/uploads\/2021\/03\/Thai-Clothing_Molecule_Pants_Travelstar_BLACK-1.jpg\" alt=\"Travelstar Molecule 3\/4 Pants Black Cargo\" width=\"900\" height=\"900\" data-srcset=\"https:\/\/thai-clothing.com\/wp-content\/uploads\/2021\/03\/Thai-Clothing_Molecule_Pants_Travelstar_BLACK-1.jpg 900w, https:\/\/thai-clothing.com\/wp-content\/uploads\/2021\/03\/Thai-Clothing_Molecule_Pants_Travelstar_BLACK-1-300x300.jpg 300w, https:\/\/thai-clothing.com\/wp-content\/uploads\/2021\/03\/Thai-Clothing_Molecule_Pants_Travelstar_BLACK-1-100x100.jpg 100w, https:\/\/thai-clothing.com\/wp-content\/uploads\/2021\/03\/Thai-Clothing_Molecule_Pants_Travelstar_BLACK-1-600x600.jpg 600w\" data-sizes=\"auto, (max-width: 900px) 100vw, 900px\" src=\"data:image\/svg+xml;base64,PHN2ZyB3aWR0aD0iMSIgaGVpZ2h0PSIxIiB4bWxucz0iaHR0cDovL3d3dy53My5vcmcvMjAwMC9zdmciPjwvc3ZnPg==\" style=\"--smush-placeholder-width: 900px; --smush-placeholder-aspect-ratio: 900\/900;\" \/><\/span><\/td>\n<td style=\"width: 20%; height: 213px; border-style: hidden;\"><span style=\"font-family: verdana, geneva, sans-serif;\"><img decoding=\"async\" class=\"alignnone wp-image-16425 size-full lazyload\" title=\"zur Produktseite der GRAUEN Travelstar 3\/4-Hose.\" data-src=\"http:\/\/thai-clothing.com\/wp-content\/uploads\/2021\/03\/Thai-Clothing_Molecule_Pants_Travelstar_GREY-1.jpg\" alt=\"Travelstar Molecule 3\/4 Pants Grey Cargo\" width=\"900\" height=\"900\" data-srcset=\"https:\/\/thai-clothing.com\/wp-content\/uploads\/2021\/03\/Thai-Clothing_Molecule_Pants_Travelstar_GREY-1.jpg 900w, https:\/\/thai-clothing.com\/wp-content\/uploads\/2021\/03\/Thai-Clothing_Molecule_Pants_Travelstar_GREY-1-300x300.jpg 300w, https:\/\/thai-clothing.com\/wp-content\/uploads\/2021\/03\/Thai-Clothing_Molecule_Pants_Travelstar_GREY-1-100x100.jpg 100w, https:\/\/thai-clothing.com\/wp-content\/uploads\/2021\/03\/Thai-Clothing_Molecule_Pants_Travelstar_GREY-1-600x600.jpg 600w\" data-sizes=\"auto, (max-width: 900px) 100vw, 900px\" src=\"data:image\/svg+xml;base64,PHN2ZyB3aWR0aD0iMSIgaGVpZ2h0PSIxIiB4bWxucz0iaHR0cDovL3d3dy53My5vcmcvMjAwMC9zdmciPjwvc3ZnPg==\" style=\"--smush-placeholder-width: 900px; --smush-placeholder-aspect-ratio: 900\/900;\" \/><\/span><\/td>\n<td style=\"width: 20%; height: 213px; border-style: hidden;\"><\/td>\n<td style=\"width: 20%; height: 213px;\"><\/td>\n<\/tr>\n<\/tbody>\n<\/table>\n<p><span style=\"font-size: 12pt; font-family: verdana, geneva, sans-serif;\">Und es gibt es auch in lang:<\/span><\/p>\n<table class=\"aligncenter\" style=\"width: 100%; border-collapse: collapse; border-style: hidden; height: 216px;\" border=\"0\">\n<tbody>\n<tr style=\"height: 216px; border-style: hidden;\">\n<td style=\"width: 206px; height: 216px; border-style: hidden;\"><span style=\"font-family: verdana, geneva, sans-serif;\"><img decoding=\"async\" class=\"alignnone wp-image-16310 size-full lazyload\" title=\"zur Produktseite der SCHWARZEN Combat Pants.\" data-src=\"http:\/\/thai-clothing.com\/wp-content\/uploads\/2021\/03\/Thai-Clothing_Molecule_Pants_Combat_Black-6.jpg\" alt=\"Combat Molecule Pants Black\" width=\"900\" height=\"900\" data-srcset=\"https:\/\/thai-clothing.com\/wp-content\/uploads\/2021\/03\/Thai-Clothing_Molecule_Pants_Combat_Black-6.jpg 900w, https:\/\/thai-clothing.com\/wp-content\/uploads\/2021\/03\/Thai-Clothing_Molecule_Pants_Combat_Black-6-300x300.jpg 300w, https:\/\/thai-clothing.com\/wp-content\/uploads\/2021\/03\/Thai-Clothing_Molecule_Pants_Combat_Black-6-100x100.jpg 100w, https:\/\/thai-clothing.com\/wp-content\/uploads\/2021\/03\/Thai-Clothing_Molecule_Pants_Combat_Black-6-600x600.jpg 600w\" data-sizes=\"auto, (max-width: 900px) 100vw, 900px\" src=\"data:image\/svg+xml;base64,PHN2ZyB3aWR0aD0iMSIgaGVpZ2h0PSIxIiB4bWxucz0iaHR0cDovL3d3dy53My5vcmcvMjAwMC9zdmciPjwvc3ZnPg==\" style=\"--smush-placeholder-width: 900px; --smush-placeholder-aspect-ratio: 900\/900;\" \/><\/span><\/td>\n<td style=\"width: 206px; height: 216px; border-style: hidden;\"><\/td>\n<td style=\"width: 206px; height: 216px; border-style: hidden;\"><\/td>\n<td style=\"width: 206px; height: 216px; border-style: hidden;\"><\/td>\n<td style=\"width: 206px; height: 216px; border-style: hidden;\"><\/td>\n<\/tr>\n<\/tbody>\n<\/table>\n<p><span style=\"font-size: 12pt; font-family: verdana, geneva, sans-serif;\">(Klicken Sie auf die Bilder, um zu den jeweiligen Produktseiten zu gelangen)<\/span><\/p>\n<p style=\"text-align: center;\"><span style=\"font-size: 12pt; font-family: verdana, geneva, sans-serif;\"><a title=\"Sehen Sie sich alle unsere LANGEN Molecule Cargohosen an\" href=\"\/product-category\/molecule-pants-thailand\/molecule-long-pants\/\" target=\"_blank\" rel=\"noopener\"><strong>Quick-Link zu all unseren LANGEN Molecule Cargohosen (hier klicken)<\/strong><\/a><\/span><\/p>\n<p style=\"text-align: center;\"><span style=\"font-size: 12pt; font-family: verdana, geneva, sans-serif;\"><a title=\"Sehen Sie sich alle unsere KURZEN Molecule Cargohosen an\" href=\"\/product-category\/molecule-pants-thailand\/molecule-short-pants\/\" target=\"_blank\" rel=\"noopener\"><strong>Quick-Link zu all unseren KURZEN Molecule Cargohosen (hier klicken)<\/strong><\/a><\/span><\/p>\n<h2><span style=\"font-family: verdana, geneva, sans-serif;\">Molecule Cargo Pants<\/span><\/h2>\n<p style=\"letter-spacing: 0.8px;\"><span style=\"font-size: 12pt; font-family: verdana, geneva, sans-serif;\">Molecule Cargo Pants sind hochwertige Hosen aus robuster und strapazierf\u00e4higer Baumwolle (100%) sehr gut verarbeitet mit festen N\u00e4hten. Deine Molecule Hose wird dein bester Freund unterwegs auf Reisen, im Urlaub, bei Ausfl\u00fcgen oder auch beim Einkaufen oder bei Freizeitaktivit\u00e4ten, auf Partys, Festivals, \u2026 Sie wird dich nie im Stich lassen!<\/span><\/p>\n<p style=\"letter-spacing: 0.8px;\"><span style=\"font-size: 12pt; font-family: verdana, geneva, sans-serif;\">Alle Molecule Hosen sind pflegeleicht, waschmaschinenfest (60\u00b0) und kein B\u00fcgeln n\u00f6tig, da sich der Stoff beim Tragen gerade zieht.<\/span><\/p>\n<p style=\"text-align: center;\"><span style=\"font-family: verdana, geneva, sans-serif;\"><a href=\"\/product-category\/molecule-pants-thailand\/\"><img decoding=\"async\" class=\"aligncenter wp-image-16207 size-full lazyload\" title=\"Molecule Cargo Pants - Molecule Clothing seit 1998 Thailand\" data-src=\"http:\/\/thai-clothing.com\/wp-content\/uploads\/2016\/12\/Molecule_Pants.png\" alt=\"Molecule Clothing since 1998\" width=\"518\" height=\"124\" src=\"data:image\/svg+xml;base64,PHN2ZyB3aWR0aD0iMSIgaGVpZ2h0PSIxIiB4bWxucz0iaHR0cDovL3d3dy53My5vcmcvMjAwMC9zdmciPjwvc3ZnPg==\" style=\"--smush-placeholder-width: 518px; --smush-placeholder-aspect-ratio: 518\/124;\" \/><\/a><\/span><\/p>\n<p style=\"text-align: center;\"><span style=\"font-size: 12pt; font-family: verdana, geneva, sans-serif;\">Wir verkaufen nur ORIGINAL Molecule Pants, die wir direkt vom Hersteller beziehen.<\/span><\/p>","protected":false},"excerpt":{"rendered":"<ul>\n<li><span style=\"font-family: verdana, geneva, sans-serif;\">50006 Schwarz<\/span><\/li>\n<li><span style=\"font-family: verdana, geneva, sans-serif;\">klassischer Cargo-Schnitt<\/span><\/li>\n<li><span style=\"font-family: verdana, geneva, sans-serif;\">8 praktische Taschen (+ 1 Mini)<\/span><\/li>\n<li><span style=\"font-family: verdana, geneva, sans-serif;\">100 % robuste Baumwolle<\/span><\/li>\n<\/ul>","protected":false},"featured_media":16419,"comment_status":"open","ping_status":"closed","template":"","meta":[],"product_brand":[],"product_cat":[290],"product_tag":[276,361,291,305,278,17,353,341,279,359,362,281,306],"pa_sizes":[285,284,283,286],"class_list":{"0":"post-16686","1":"product","2":"type-product","3":"status-publish","4":"has-post-thumbnail","6":"product_cat-molecule-short-pants","7":"product_tag-100-heavy-cotton","8":"product_tag-3-4","9":"product_tag-3-4-length","10":"product_tag-305","11":"product_tag-army-pants","12":"product_tag-black","13":"product_tag-black-cargo-pants","14":"product_tag-black-trousers","15":"product_tag-carbon-black","16":"product_tag-molecule","17":"product_tag-over-knee","18":"product_tag-travel-pants","19":"product_tag-travelstar","20":"pa_sizes-size-l-large","21":"pa_sizes-size-m-medium","22":"pa_sizes-size-s-small","23":"pa_sizes-size-xl-extra-large","25":"first","26":"instock","27":"shipping-taxable","28":"purchasable","29":"product-type-variable"},"_links":{"self":[{"href":"https:\/\/thai-clothing.com\/de\/wp-json\/wp\/v2\/product\/16686","targetHints":{"allow":["GET"]}}],"collection":[{"href":"https:\/\/thai-clothing.com\/de\/wp-json\/wp\/v2\/product"}],"about":[{"href":"https:\/\/thai-clothing.com\/de\/wp-json\/wp\/v2\/types\/product"}],"replies":[{"embeddable":true,"href":"https:\/\/thai-clothing.com\/de\/wp-json\/wp\/v2\/comments?post=16686"}],"wp:featuredmedia":[{"embeddable":true,"href":"https:\/\/thai-clothing.com\/de\/wp-json\/wp\/v2\/media\/16419"}],"wp:attachment":[{"href":"https:\/\/thai-clothing.com\/de\/wp-json\/wp\/v2\/media?parent=16686"}],"wp:term":[{"taxonomy":"product_brand","embeddable":true,"href":"https:\/\/thai-clothing.com\/de\/wp-json\/wp\/v2\/product_brand?post=16686"},{"taxonomy":"product_cat","embeddable":true,"href":"https:\/\/thai-clothing.com\/de\/wp-json\/wp\/v2\/product_cat?post=16686"},{"taxonomy":"product_tag","embeddable":true,"href":"https:\/\/thai-clothing.com\/de\/wp-json\/wp\/v2\/product_tag?post=16686"},{"taxonomy":"pa_sizes","embeddable":true,"href":"https:\/\/thai-clothing.com\/de\/wp-json\/wp\/v2\/pa_sizes?post=16686"}],"curies":[{"name":"wp","href":"https:\/\/api.w.org\/{rel}","templated":true}]}}