{"id":16727,"date":"2021-03-14T10:06:04","date_gmt":"2021-03-14T10:06:04","guid":{"rendered":"https:\/\/thai-clothing.com\/?post_type=product&#038;p=16727"},"modified":"2026-04-24T20:04:55","modified_gmt":"2026-04-24T13:04:55","slug":"cruiser-molecule-shorts-green-cargo","status":"publish","type":"product","link":"https:\/\/thai-clothing.com\/de\/produkt\/cruiser-molecule-shorts-green-cargo\/","title":{"rendered":"\u201eCruiser\u201c Molecule Shorts kurze Gr\u00fcne Cargohose"},"content":{"rendered":"<h2><span style=\"font-family: verdana, geneva, sans-serif;\">Cruiser Molecule Shorts kurze Gr\u00fcne Cargohose<img decoding=\"async\" class=\"wp-image-16235 size-full alignright lazyload\" data-src=\"http:\/\/thai-clothing.com\/wp-content\/uploads\/2016\/12\/Molecule_animated-GIF.gif\" alt=\"\" width=\"59\" height=\"59\" src=\"data:image\/svg+xml;base64,PHN2ZyB3aWR0aD0iMSIgaGVpZ2h0PSIxIiB4bWxucz0iaHR0cDovL3d3dy53My5vcmcvMjAwMC9zdmciPjwvc3ZnPg==\" style=\"--smush-placeholder-width: 59px; --smush-placeholder-aspect-ratio: 59\/59;\" \/><\/span><\/h2>\n<p><span style=\"font-size: 12pt; font-family: verdana, geneva, sans-serif;\">Das kurze Modell 50007, hier in Safarigr\u00fcn, ist aus 100% robuster Baumwolle mit klassischem Schnitt. Bequeme und praktische Cargo-Shorts speziell f\u00fcr Reisen, Camping etc.\u00a0<\/span><\/p>\n<p><span style=\"font-size: 12pt; font-family: verdana, geneva, sans-serif;\">Dieses Cruiser-Modell hat insgesamt 8 Taschen, von denen 4 mit Kn\u00f6pfen und 2 weitere mit Rei\u00dfverschl\u00fcssen ausgestattet sind. <\/span><\/p>\n<p><span style=\"font-size: 12pt; font-family: verdana, geneva, sans-serif;\">In dieser Hose kann man jede Menge Dinge verstauen und mit herumtragen und noch gr\u00f6\u00dfere Dinge wie ein Buch oder eine Kamera in den beiden seitlichen Cargotaschen, sodass man bei dieser Hose eigentlich kaum eine Tasche ben\u00f6tigt.<\/span><\/p>\n<p><span style=\"font-size: 12pt; font-family: verdana, geneva, sans-serif;\">Im Einzelnen gibt es<\/span><\/p>\n<ul>\n<li><span style=\"font-size: 12pt; font-family: verdana, geneva, sans-serif;\">2 Vordertaschen<\/span><\/li>\n<li><span style=\"font-size: 12pt; font-family: verdana, geneva, sans-serif;\">2 gro\u00dfe Rei\u00dfverschlusstaschen darunter<\/span><\/li>\n<li><span style=\"font-size: 12pt; font-family: verdana, geneva, sans-serif;\">2 gro\u00dfe Cargotaschen mit Patte + Eisenkn\u00f6pfen<\/span><\/li>\n<li><span style=\"font-size: 12pt; font-family: verdana, geneva, sans-serif;\">2 Ges\u00e4\u00dftaschen mit Patte + Eisenkn\u00f6pfen<\/span><\/li>\n<li><span style=\"font-size: 12pt; font-family: verdana, geneva, sans-serif;\">1 zus\u00e4tzliche Minitasche \u00fcber der rechten Fronttasche<\/span><\/li>\n<\/ul>\n<p><span style=\"font-size: 12pt; font-family: verdana, geneva, sans-serif;\">Durch den praktischen Innenbund mit Kordelzug braucht man nicht einmal einen G\u00fcrtel.<\/span><\/p>\n<p><span style=\"font-family: verdana, geneva, sans-serif;\"><strong><span style=\"font-size: 14pt;\">Cruiser Molecule Shorts GR\u00dcN \u2013 Gr\u00f6\u00dfen \/ Ma\u00dfe:<\/span><\/strong><\/span><\/p>\n<p style=\"letter-spacing: 0.8px; text-align: left; padding-left: 40px;\"><span style=\"font-size: 12pt; font-family: verdana, geneva, sans-serif;\"><strong>Standardgr\u00f6\u00dfen wie S, M, L, XL k\u00f6nnen sehr unterschiedlich ausfallen, daher bitte vor der Bestellung die spezifisch angegebenen Ma\u00dfe pr\u00fcfen! <\/strong><\/span><\/p>\n<p style=\"letter-spacing: 0.8px; text-align: left; padding-left: 40px;\"><span style=\"font-size: 12pt; font-family: verdana, geneva, sans-serif;\">Einfach eine gut sitzende Hose flach auf den Boden legen und die jeweiligen Ma\u00dfe vergleichen: <\/span><\/p>\n<p><span style=\"font-family: verdana, geneva, sans-serif;\"><h2 id=\"tablepress-1131-name\" class=\"tablepress-table-name tablepress-table-name-id-1131\">Ma\u00dfe Molecule CRUISER \/ 50007<\/h2>\n\n<table id=\"tablepress-1131\" class=\"tablepress tablepress-id-1131 tbody-has-connected-cells\" aria-labelledby=\"tablepress-1131-name\">\n<tbody class=\"row-striping row-hover\">\n<tr class=\"row-1\">\n\t<td class=\"column-1\"><center><strong>Gr\u00f6\u00dfe<\/strong><\/center><\/td><td class=\"column-2\"><center><strong>A) G\u00fcrtellinie (flach) \/ Taille<\/strong><\/center><\/td><td class=\"column-3\"><center><strong>B) L\u00e4nge (Schrittl\u00e4nge)<\/strong><\/center><\/td><td class=\"column-4\"><center><strong>C) Gesamtl\u00e4nge (Au\u00dfennaht)<\/strong><\/center><\/td><td rowspan=\"5\" class=\"column-5\"><img decoding=\"async\" data-src=\"http:\/\/thai-clothing.com\/wp-content\/uploads\/2021\/03\/21_Measurements_Molecule_Pants_Cruiser_red.jpg\" alt=\"\" width=\"180\" height=\"270\" class=\"alignnone size-full wp-image-16214 lazyload\" src=\"data:image\/svg+xml;base64,PHN2ZyB3aWR0aD0iMSIgaGVpZ2h0PSIxIiB4bWxucz0iaHR0cDovL3d3dy53My5vcmcvMjAwMC9zdmciPjwvc3ZnPg==\" style=\"--smush-placeholder-width: 180px; --smush-placeholder-aspect-ratio: 180\/270;\" \/><\/td>\n<\/tr>\n<tr class=\"row-2\">\n\t<td class=\"column-1\"><center><img decoding=\"async\" data-src=\"http:\/\/thai-clothing.com\/wp-content\/uploads\/2021\/03\/Molecule_Pants_Shop_Size_S.png\" alt=\"Molecule Pants size S\" width=\"40\" height=\"40\" class=\"alignnone size-full wp-image-16218 lazyload\" src=\"data:image\/svg+xml;base64,PHN2ZyB3aWR0aD0iMSIgaGVpZ2h0PSIxIiB4bWxucz0iaHR0cDovL3d3dy53My5vcmcvMjAwMC9zdmciPjwvc3ZnPg==\" style=\"--smush-placeholder-width: 40px; --smush-placeholder-aspect-ratio: 40\/40;\" \/><\/center><\/td><td class=\"column-2\"><center>15,5-16 inch \/ 39-41 cm<\/center><\/td><td class=\"column-3\"><center>13 inch \/ 33 cm<\/center><\/td><td class=\"column-4\"><center>23,5-24 inch \/ 60-61 cm<\/center><\/td>\n<\/tr>\n<tr class=\"row-3\">\n\t<td class=\"column-1\"><center><img decoding=\"async\" data-src=\"http:\/\/thai-clothing.com\/wp-content\/uploads\/2021\/03\/Molecule_Pants_Shop_Size_M.png\" alt=\"Molecule Pants size M\" width=\"40\" height=\"40\" class=\"alignnone size-full wp-image-16219 lazyload\" src=\"data:image\/svg+xml;base64,PHN2ZyB3aWR0aD0iMSIgaGVpZ2h0PSIxIiB4bWxucz0iaHR0cDovL3d3dy53My5vcmcvMjAwMC9zdmciPjwvc3ZnPg==\" style=\"--smush-placeholder-width: 40px; --smush-placeholder-aspect-ratio: 40\/40;\" \/><\/center><\/td><td class=\"column-2\"><center>17 inch \/ 43-44 cm<\/center><\/td><td class=\"column-3\"><center>13 inch \/ 33 cm<\/center><\/td><td class=\"column-4\"><center>23,5-24,5 inch \/ 60-62 cm<\/center><\/td>\n<\/tr>\n<tr class=\"row-4\">\n\t<td class=\"column-1\"><center><img decoding=\"async\" data-src=\"http:\/\/thai-clothing.com\/wp-content\/uploads\/2021\/03\/Molecule_Pants_Shop_Size_L.png\" alt=\"Molecule Pants size L\" width=\"40\" height=\"40\" class=\"alignnone size-full wp-image-16220 lazyload\" src=\"data:image\/svg+xml;base64,PHN2ZyB3aWR0aD0iMSIgaGVpZ2h0PSIxIiB4bWxucz0iaHR0cDovL3d3dy53My5vcmcvMjAwMC9zdmciPjwvc3ZnPg==\" style=\"--smush-placeholder-width: 40px; --smush-placeholder-aspect-ratio: 40\/40;\" \/><\/center><\/td><td class=\"column-2\"><center>18 inch \/ 46 cm<\/center><\/td><td class=\"column-3\"><center>14 inch \/ 35-36 cm<\/center><\/td><td class=\"column-4\"><center>24-25 inch \/ 61-63 cm<\/center><\/td>\n<\/tr>\n<tr class=\"row-5\">\n\t<td class=\"column-1\"><center><img decoding=\"async\" data-src=\"http:\/\/thai-clothing.com\/wp-content\/uploads\/2021\/03\/Molecule_Pants_Shop_Size_XL.png\" alt=\"Molecule Pants size XL\" width=\"40\" height=\"40\" class=\"alignnone size-full wp-image-16221 lazyload\" src=\"data:image\/svg+xml;base64,PHN2ZyB3aWR0aD0iMSIgaGVpZ2h0PSIxIiB4bWxucz0iaHR0cDovL3d3dy53My5vcmcvMjAwMC9zdmciPjwvc3ZnPg==\" style=\"--smush-placeholder-width: 40px; --smush-placeholder-aspect-ratio: 40\/40;\" \/><\/center><\/td><td class=\"column-2\"><center>19-19,5 inch \/ 48-50 cm<\/center><\/td><td class=\"column-3\"><center>14 inch \/ 35-36 cm<\/center><\/td><td class=\"column-4\"><center>24,5-25 inch \/ 62-64 cm<\/center><\/td>\n<\/tr>\n<\/tbody>\n<\/table>\n<!-- #tablepress-1131 from cache --><\/span><\/p>\n<p><span style=\"font-size: 12pt; font-family: verdana, geneva, sans-serif;\"><strong>Alle Ma\u00dfe sind ungef\u00e4hre Werte und k\u00f6nnen geringf\u00fcgig abweichen!<\/strong><\/span><\/p>\n<p><span style=\"font-size: 12pt; font-family: verdana, geneva, sans-serif;\">Wir bieten dieses Molecule Travelstar Modell in folgenden Farben an:<\/span><\/p>\n<table style=\"border-collapse: collapse; width: 100%; height: 213px;\">\n<tbody>\n<tr style=\"height: 213px; border-style: hidden;\">\n<td style=\"width: 20%; height: 213px; border-style: hidden;\"><span style=\"font-family: verdana, geneva, sans-serif;\"><img decoding=\"async\" class=\"alignnone wp-image-16454 size-full lazyload\" title=\"zur Produktseite der GR\u00dcNEN Cruiser Shorts.\" data-src=\"http:\/\/thai-clothing.com\/wp-content\/uploads\/2021\/03\/Thai-Clothing_Molecule_Pants_Cruiser_GREEN-1.jpg\" alt=\"Cruiser Molecule Shorts Green Cargo\" width=\"900\" height=\"900\" data-srcset=\"https:\/\/thai-clothing.com\/wp-content\/uploads\/2021\/03\/Thai-Clothing_Molecule_Pants_Cruiser_GREEN-1.jpg 900w, https:\/\/thai-clothing.com\/wp-content\/uploads\/2021\/03\/Thai-Clothing_Molecule_Pants_Cruiser_GREEN-1-300x300.jpg 300w, https:\/\/thai-clothing.com\/wp-content\/uploads\/2021\/03\/Thai-Clothing_Molecule_Pants_Cruiser_GREEN-1-100x100.jpg 100w, https:\/\/thai-clothing.com\/wp-content\/uploads\/2021\/03\/Thai-Clothing_Molecule_Pants_Cruiser_GREEN-1-600x600.jpg 600w\" data-sizes=\"auto, (max-width: 900px) 100vw, 900px\" src=\"data:image\/svg+xml;base64,PHN2ZyB3aWR0aD0iMSIgaGVpZ2h0PSIxIiB4bWxucz0iaHR0cDovL3d3dy53My5vcmcvMjAwMC9zdmciPjwvc3ZnPg==\" style=\"--smush-placeholder-width: 900px; --smush-placeholder-aspect-ratio: 900\/900;\" \/><\/span><\/td>\n<td style=\"width: 20%; height: 213px;\"><span style=\"font-family: verdana, geneva, sans-serif;\"><img decoding=\"async\" class=\"alignnone wp-image-16460 size-full lazyload\" title=\"zur Produktseite der SCHWARZEN Cruiser Shorts.\" data-src=\"http:\/\/thai-clothing.com\/wp-content\/uploads\/2021\/03\/Thai-Clothing_Molecule_Pants_Cruiser_BLACK-1.jpg\" alt=\"Molecule Pants Cruiser Black Cargo Shorts\" width=\"900\" height=\"900\" data-srcset=\"https:\/\/thai-clothing.com\/wp-content\/uploads\/2021\/03\/Thai-Clothing_Molecule_Pants_Cruiser_BLACK-1.jpg 900w, https:\/\/thai-clothing.com\/wp-content\/uploads\/2021\/03\/Thai-Clothing_Molecule_Pants_Cruiser_BLACK-1-300x300.jpg 300w, https:\/\/thai-clothing.com\/wp-content\/uploads\/2021\/03\/Thai-Clothing_Molecule_Pants_Cruiser_BLACK-1-100x100.jpg 100w, https:\/\/thai-clothing.com\/wp-content\/uploads\/2021\/03\/Thai-Clothing_Molecule_Pants_Cruiser_BLACK-1-600x600.jpg 600w\" data-sizes=\"auto, (max-width: 900px) 100vw, 900px\" src=\"data:image\/svg+xml;base64,PHN2ZyB3aWR0aD0iMSIgaGVpZ2h0PSIxIiB4bWxucz0iaHR0cDovL3d3dy53My5vcmcvMjAwMC9zdmciPjwvc3ZnPg==\" style=\"--smush-placeholder-width: 900px; --smush-placeholder-aspect-ratio: 900\/900;\" \/><\/span><\/td>\n<td style=\"width: 20%; height: 213px; border-style: hidden;\"><span style=\"font-family: verdana, geneva, sans-serif;\"><img decoding=\"async\" class=\"alignnone wp-image-16466 size-full lazyload\" title=\"zur Produktseite der GRAUEN Cruiser Shorts.\" data-src=\"http:\/\/thai-clothing.com\/wp-content\/uploads\/2021\/03\/Thai-Clothing_Molecule_Pants_Cruiser_GREY-1.jpg\" alt=\"Molecule Pants Cruiser Grey Cargo Shorts\" width=\"900\" height=\"900\" data-srcset=\"https:\/\/thai-clothing.com\/wp-content\/uploads\/2021\/03\/Thai-Clothing_Molecule_Pants_Cruiser_GREY-1.jpg 900w, https:\/\/thai-clothing.com\/wp-content\/uploads\/2021\/03\/Thai-Clothing_Molecule_Pants_Cruiser_GREY-1-300x300.jpg 300w, https:\/\/thai-clothing.com\/wp-content\/uploads\/2021\/03\/Thai-Clothing_Molecule_Pants_Cruiser_GREY-1-100x100.jpg 100w, https:\/\/thai-clothing.com\/wp-content\/uploads\/2021\/03\/Thai-Clothing_Molecule_Pants_Cruiser_GREY-1-600x600.jpg 600w\" data-sizes=\"auto, (max-width: 900px) 100vw, 900px\" src=\"data:image\/svg+xml;base64,PHN2ZyB3aWR0aD0iMSIgaGVpZ2h0PSIxIiB4bWxucz0iaHR0cDovL3d3dy53My5vcmcvMjAwMC9zdmciPjwvc3ZnPg==\" style=\"--smush-placeholder-width: 900px; --smush-placeholder-aspect-ratio: 900\/900;\" \/><\/span><\/td>\n<td style=\"width: 20%; height: 213px; border-style: hidden;\"><span style=\"font-family: verdana, geneva, sans-serif;\"><img decoding=\"async\" class=\"alignnone wp-image-16471 size-full lazyload\" title=\"zur Produktseite der WOODLAND TARNFARBEN Cruiser Shorts.\" data-src=\"http:\/\/thai-clothing.com\/wp-content\/uploads\/2021\/03\/Thai-Clothing_Molecule_Pants_Cruiser_WOODLAND-1.jpg\" alt=\"Molecule Military Pants Cruiser Woodland Camo Cargo Shorts\" width=\"900\" height=\"900\" data-srcset=\"https:\/\/thai-clothing.com\/wp-content\/uploads\/2021\/03\/Thai-Clothing_Molecule_Pants_Cruiser_WOODLAND-1.jpg 900w, https:\/\/thai-clothing.com\/wp-content\/uploads\/2021\/03\/Thai-Clothing_Molecule_Pants_Cruiser_WOODLAND-1-300x300.jpg 300w, https:\/\/thai-clothing.com\/wp-content\/uploads\/2021\/03\/Thai-Clothing_Molecule_Pants_Cruiser_WOODLAND-1-100x100.jpg 100w, https:\/\/thai-clothing.com\/wp-content\/uploads\/2021\/03\/Thai-Clothing_Molecule_Pants_Cruiser_WOODLAND-1-600x600.jpg 600w\" data-sizes=\"auto, (max-width: 900px) 100vw, 900px\" src=\"data:image\/svg+xml;base64,PHN2ZyB3aWR0aD0iMSIgaGVpZ2h0PSIxIiB4bWxucz0iaHR0cDovL3d3dy53My5vcmcvMjAwMC9zdmciPjwvc3ZnPg==\" style=\"--smush-placeholder-width: 900px; --smush-placeholder-aspect-ratio: 900\/900;\" \/><\/span><\/td>\n<td style=\"width: 20%; height: 213px;\"><\/td>\n<\/tr>\n<\/tbody>\n<\/table>\n<p><span style=\"font-size: 12pt; font-family: verdana, geneva, sans-serif;\">Und es gibt es auch in 3\/4 und Lang:<\/span><\/p>\n<table class=\"aligncenter\" style=\"width: 100%; border-collapse: collapse; border-style: hidden; height: 216px;\" border=\"0\">\n<tbody>\n<tr style=\"height: 216px; border-style: hidden;\">\n<td style=\"width: 206px; height: 216px; border-style: hidden;\"><span style=\"font-family: verdana, geneva, sans-serif;\"><img decoding=\"async\" class=\"alignnone wp-image-16414 size-full lazyload\" title=\"zur Produktseite der GR\u00dcNEN Travelstar 3\/4-Hose.\" data-src=\"http:\/\/thai-clothing.com\/wp-content\/uploads\/2021\/03\/Thai-Clothing_Molecule_Pants_Travelstar_GREEN-1.jpg\" alt=\"Travelstar Molecule 3\/4 Pants Green Cargo\" width=\"900\" height=\"900\" data-srcset=\"https:\/\/thai-clothing.com\/wp-content\/uploads\/2021\/03\/Thai-Clothing_Molecule_Pants_Travelstar_GREEN-1.jpg 900w, https:\/\/thai-clothing.com\/wp-content\/uploads\/2021\/03\/Thai-Clothing_Molecule_Pants_Travelstar_GREEN-1-300x300.jpg 300w, https:\/\/thai-clothing.com\/wp-content\/uploads\/2021\/03\/Thai-Clothing_Molecule_Pants_Travelstar_GREEN-1-100x100.jpg 100w, https:\/\/thai-clothing.com\/wp-content\/uploads\/2021\/03\/Thai-Clothing_Molecule_Pants_Travelstar_GREEN-1-600x600.jpg 600w\" data-sizes=\"auto, (max-width: 900px) 100vw, 900px\" src=\"data:image\/svg+xml;base64,PHN2ZyB3aWR0aD0iMSIgaGVpZ2h0PSIxIiB4bWxucz0iaHR0cDovL3d3dy53My5vcmcvMjAwMC9zdmciPjwvc3ZnPg==\" style=\"--smush-placeholder-width: 900px; --smush-placeholder-aspect-ratio: 900\/900;\" \/><\/span><\/td>\n<td style=\"width: 206px; height: 216px; border-style: hidden;\"><span style=\"font-family: verdana, geneva, sans-serif;\"><img decoding=\"async\" class=\"alignnone wp-image-16316 size-full lazyload\" title=\"zur Produktseite der GR\u00dcNEN Combat Pants.\" data-src=\"http:\/\/thai-clothing.com\/wp-content\/uploads\/2021\/03\/Thai-Clothing_Molecule_Pants_Combat_Green-1.jpg\" alt=\"Combat Molecule Pants Green\" width=\"900\" height=\"900\" data-srcset=\"https:\/\/thai-clothing.com\/wp-content\/uploads\/2021\/03\/Thai-Clothing_Molecule_Pants_Combat_Green-1.jpg 900w, https:\/\/thai-clothing.com\/wp-content\/uploads\/2021\/03\/Thai-Clothing_Molecule_Pants_Combat_Green-1-300x300.jpg 300w, https:\/\/thai-clothing.com\/wp-content\/uploads\/2021\/03\/Thai-Clothing_Molecule_Pants_Combat_Green-1-100x100.jpg 100w, https:\/\/thai-clothing.com\/wp-content\/uploads\/2021\/03\/Thai-Clothing_Molecule_Pants_Combat_Green-1-600x600.jpg 600w\" data-sizes=\"auto, (max-width: 900px) 100vw, 900px\" src=\"data:image\/svg+xml;base64,PHN2ZyB3aWR0aD0iMSIgaGVpZ2h0PSIxIiB4bWxucz0iaHR0cDovL3d3dy53My5vcmcvMjAwMC9zdmciPjwvc3ZnPg==\" style=\"--smush-placeholder-width: 900px; --smush-placeholder-aspect-ratio: 900\/900;\" \/><\/span><\/td>\n<td style=\"width: 206px; height: 216px; border-style: hidden;\"><\/td>\n<td style=\"width: 206px; height: 216px; border-style: hidden;\"><\/td>\n<td style=\"width: 206px; height: 216px; border-style: hidden;\"><\/td>\n<\/tr>\n<\/tbody>\n<\/table>\n<p><span style=\"font-size: 12pt; font-family: verdana, geneva, sans-serif;\">(Klicken Sie auf die Bilder, um zu den jeweiligen Produktseiten zu gelangen)<\/span><\/p>\n<p style=\"text-align: center;\"><span style=\"font-size: 12pt; font-family: verdana, geneva, sans-serif;\"><a title=\"Sehen Sie sich alle unsere LANGEN Molecule Cargohosen an\" href=\"\/product-category\/molecule-pants-thailand\/molecule-long-pants\/\" target=\"_blank\" rel=\"noopener\"><strong>Quick-Link zu all unseren LANGEN Molecule Cargohosen (hier klicken)<\/strong><\/a><\/span><\/p>\n<p style=\"text-align: center;\"><span style=\"font-size: 12pt; font-family: verdana, geneva, sans-serif;\"><a title=\"Sehen Sie sich alle unsere KURZEN Molecule Cargohosen an\" href=\"\/product-category\/molecule-pants-thailand\/molecule-short-pants\/\" target=\"_blank\" rel=\"noopener\"><strong>Quick-Link zu all unseren KURZEN Molecule Cargohosen (hier klicken)<\/strong><\/a><\/span><\/p>\n<h2><span style=\"font-family: verdana, geneva, sans-serif;\">Molecule Cargo Pants<\/span><\/h2>\n<p style=\"letter-spacing: 0.8px;\"><span style=\"font-size: 12pt; font-family: verdana, geneva, sans-serif;\">Molecule Cargo Pants sind hochwertige Hosen aus robuster und strapazierf\u00e4higer Baumwolle (100%) sehr gut verarbeitet mit festen N\u00e4hten. Deine Molecule Hose wird dein bester Freund unterwegs auf Reisen, im Urlaub, bei Ausfl\u00fcgen oder auch beim Einkaufen oder bei Freizeitaktivit\u00e4ten, auf Partys, Festivals, \u2026 Sie wird dich nie im Stich lassen!<\/span><\/p>\n<p style=\"letter-spacing: 0.8px;\"><span style=\"font-size: 12pt; font-family: verdana, geneva, sans-serif;\">Alle Molecule Hosen sind pflegeleicht, waschmaschinenfest (60\u00b0) und kein B\u00fcgeln n\u00f6tig, da sich der Stoff beim Tragen gerade zieht.<\/span><\/p>\n<p style=\"text-align: center;\"><span style=\"font-family: verdana, geneva, sans-serif;\"><a href=\"\/product-category\/molecule-pants-thailand\/\"><img decoding=\"async\" class=\"aligncenter wp-image-16207 size-full lazyload\" title=\"Molecule Cargo Pants - Molecule Clothing seit 1998 Thailand\" data-src=\"http:\/\/thai-clothing.com\/wp-content\/uploads\/2016\/12\/Molecule_Pants.png\" alt=\"Molecule Clothing since 1998\" width=\"518\" height=\"124\" src=\"data:image\/svg+xml;base64,PHN2ZyB3aWR0aD0iMSIgaGVpZ2h0PSIxIiB4bWxucz0iaHR0cDovL3d3dy53My5vcmcvMjAwMC9zdmciPjwvc3ZnPg==\" style=\"--smush-placeholder-width: 518px; --smush-placeholder-aspect-ratio: 518\/124;\" \/><\/a><\/span><\/p>\n<p style=\"text-align: center;\"><span style=\"font-size: 12pt; font-family: verdana, geneva, sans-serif;\">Wir verkaufen nur ORIGINAL Molecule Pants, die wir direkt vom Hersteller beziehen.<\/span><\/p>","protected":false},"excerpt":{"rendered":"<ul>\n<li><span style=\"font-family: verdana, geneva, sans-serif;\">50007 Gr\u00fcn<\/span><\/li>\n<li><span style=\"font-family: verdana, geneva, sans-serif;\">klassischer Cargo-Schnitt<\/span><\/li>\n<li><span style=\"font-family: verdana, geneva, sans-serif;\">8 praktische Taschen (+ 1 Mini)<\/span><\/li>\n<li><span style=\"font-family: verdana, geneva, sans-serif;\">100 % robuste Baumwolle<\/span><\/li>\n<\/ul>","protected":false},"featured_media":16454,"comment_status":"open","ping_status":"closed","template":"","meta":[],"product_brand":[],"product_cat":[290],"product_tag":[276,307,278,369,308,81,344,360,359,287,368,281],"pa_sizes":[285,284,283,286],"class_list":{"0":"post-16727","1":"product","2":"type-product","3":"status-publish","4":"has-post-thumbnail","6":"product_cat-molecule-short-pants","7":"product_tag-100-heavy-cotton","8":"product_tag-307","9":"product_tag-army-pants","10":"product_tag-cargo-shorts","11":"product_tag-cruiser","12":"product_tag-green","13":"product_tag-green-cargo-pants","14":"product_tag-green-shorts","15":"product_tag-molecule","16":"product_tag-safari-green","17":"product_tag-short","18":"product_tag-travel-pants","19":"pa_sizes-size-l-large","20":"pa_sizes-size-m-medium","21":"pa_sizes-size-s-small","22":"pa_sizes-size-xl-extra-large","24":"first","25":"instock","26":"shipping-taxable","27":"purchasable","28":"product-type-variable"},"_links":{"self":[{"href":"https:\/\/thai-clothing.com\/de\/wp-json\/wp\/v2\/product\/16727","targetHints":{"allow":["GET"]}}],"collection":[{"href":"https:\/\/thai-clothing.com\/de\/wp-json\/wp\/v2\/product"}],"about":[{"href":"https:\/\/thai-clothing.com\/de\/wp-json\/wp\/v2\/types\/product"}],"replies":[{"embeddable":true,"href":"https:\/\/thai-clothing.com\/de\/wp-json\/wp\/v2\/comments?post=16727"}],"wp:featuredmedia":[{"embeddable":true,"href":"https:\/\/thai-clothing.com\/de\/wp-json\/wp\/v2\/media\/16454"}],"wp:attachment":[{"href":"https:\/\/thai-clothing.com\/de\/wp-json\/wp\/v2\/media?parent=16727"}],"wp:term":[{"taxonomy":"product_brand","embeddable":true,"href":"https:\/\/thai-clothing.com\/de\/wp-json\/wp\/v2\/product_brand?post=16727"},{"taxonomy":"product_cat","embeddable":true,"href":"https:\/\/thai-clothing.com\/de\/wp-json\/wp\/v2\/product_cat?post=16727"},{"taxonomy":"product_tag","embeddable":true,"href":"https:\/\/thai-clothing.com\/de\/wp-json\/wp\/v2\/product_tag?post=16727"},{"taxonomy":"pa_sizes","embeddable":true,"href":"https:\/\/thai-clothing.com\/de\/wp-json\/wp\/v2\/pa_sizes?post=16727"}],"curies":[{"name":"wp","href":"https:\/\/api.w.org\/{rel}","templated":true}]}}