{"id":17179,"date":"2021-04-18T12:49:04","date_gmt":"2021-04-18T12:49:04","guid":{"rendered":"https:\/\/thai-clothing.com\/?post_type=product&#038;p=17179"},"modified":"2023-09-11T22:24:57","modified_gmt":"2023-09-11T15:24:57","slug":"fingerprint-thief-white-rocky-t-shirt","status":"publish","type":"product","link":"https:\/\/thai-clothing.com\/de\/produkt\/fingerprint-thief-white-rocky-t-shirt\/","title":{"rendered":"Fingerabdruck-Dieb \u2013 wei\u00dfes ROCKY T-Shirt"},"content":{"rendered":"<h2 style=\"text-align: center;\"><a href=\"\/product-category\/rocky-shirts-thailand\/\"><img decoding=\"async\" class=\"alignleft wp-image-17009 lazyload\" title=\"gehe zu Rocky Shirts (Kategorie)\" data-src=\"http:\/\/thai-clothing.com\/wp-content\/uploads\/2021\/04\/rocky_shirts.gif\" alt=\"Rocky T Shirts Thailand\" width=\"100\" height=\"107\" src=\"data:image\/svg+xml;base64,PHN2ZyB3aWR0aD0iMSIgaGVpZ2h0PSIxIiB4bWxucz0iaHR0cDovL3d3dy53My5vcmcvMjAwMC9zdmciPjwvc3ZnPg==\" style=\"--smush-placeholder-width: 100px; --smush-placeholder-aspect-ratio: 100\/107;\" \/><\/a><\/h2>\n<h2 style=\"text-align: center;\"><img decoding=\"async\" class=\"alignright wp-image-17184 size-medium lazyload\" title=\"Fingerprint Thief - white ROCKY T Shirt\" data-src=\"https:\/\/thai-clothing.com\/wp-content\/uploads\/2021\/04\/Rocky_T-Shirt-141-white-Stealing_Fingerprints-3-300x300.jpg\" alt=\"Fingerprint Thief - white ROCKY T Shirt\" width=\"300\" height=\"300\" data-srcset=\"https:\/\/thai-clothing.com\/wp-content\/uploads\/2021\/04\/Rocky_T-Shirt-141-white-Stealing_Fingerprints-3-300x300.jpg 300w, https:\/\/thai-clothing.com\/wp-content\/uploads\/2021\/04\/Rocky_T-Shirt-141-white-Stealing_Fingerprints-3-100x100.jpg 100w, https:\/\/thai-clothing.com\/wp-content\/uploads\/2021\/04\/Rocky_T-Shirt-141-white-Stealing_Fingerprints-3.jpg 600w\" data-sizes=\"auto, (max-width: 300px) 100vw, 300px\" src=\"data:image\/svg+xml;base64,PHN2ZyB3aWR0aD0iMSIgaGVpZ2h0PSIxIiB4bWxucz0iaHR0cDovL3d3dy53My5vcmcvMjAwMC9zdmciPjwvc3ZnPg==\" style=\"--smush-placeholder-width: 300px; --smush-placeholder-aspect-ratio: 300\/300;\" \/>Fingerabdruck-Dieb<\/h2>\n<h3 style=\"text-align: center;\"><span style=\"font-family: verdana, geneva, sans-serif;\">wei\u00dfes ROCKY T-Shirt<\/span><\/h3>\n<h4><span style=\"font-family: verdana, geneva, sans-serif;\">\u00a0\u00a0 Motiv: Fingerabdruck-Dieb<\/span><\/h4>\n<p><span style=\"font-family: verdana, geneva, sans-serif;\">Ein Dieb stiehlt einige Teile \/ Linien eines riesigen Fingerabdrucks und hinterl\u00e4sst den \"Abdruck\" seiner eigenen Gestalt. Rocky Shirts \u2013 poetisch, originell, witzig!<\/span><\/p>\n<h4><span style=\"font-family: verdana, geneva, sans-serif;\">\u00a0\u00a0 Rocky T Shirt:<\/span><\/h4>\n<p><span style=\"font-family: verdana, geneva, sans-serif;\">Das Shirt ist von guter Qualit\u00e4t und aus 100% Baumwolle, chlorfrei gebleicht und waschmaschinentauglich (kalt). Die Druckbilder sind haltbar, nicht zu steif und von guter Qualit\u00e4t.<\/span><\/p>\n<h4 style=\"padding-left: 40px;\"><span style=\"font-family: verdana, geneva, sans-serif;\"><a href=\"https:\/\/thai-clothing.com\/wp-content\/uploads\/2021\/06\/TC_Sure_Shirt_Men_T-Shirt_Measurement.jpg\"><img decoding=\"async\" class=\"alignleft wp-image-18018 size-full lazyload\" title=\"Rocky Shirts Gr\u00f6\u00dfen \/ Ma\u00dfe\" data-src=\"https:\/\/thai-clothing.com\/wp-content\/uploads\/2021\/06\/TC_Sure_Shirt_Men_T-Shirt_Measurement.jpg\" alt=\"Rocky T Shirt Size Measurements\" width=\"136\" height=\"119\" src=\"data:image\/svg+xml;base64,PHN2ZyB3aWR0aD0iMSIgaGVpZ2h0PSIxIiB4bWxucz0iaHR0cDovL3d3dy53My5vcmcvMjAwMC9zdmciPjwvc3ZnPg==\" style=\"--smush-placeholder-width: 136px; --smush-placeholder-aspect-ratio: 136\/119;\" \/><\/a><\/span><\/h4>\n<h4><span style=\"font-family: verdana, geneva, sans-serif;\">Ma\u00dfe (ca.):<\/span><a href=\"\/product\/rocky-shirts-catalog-over-600-motifs\/\" target=\"_blank\" rel=\"noopener\"><img decoding=\"async\" class=\"alignright wp-image-17083 lazyload\" title=\"w\u00e4hle aus \u00fcber 600 Motiven (mind. 5 St\u00fcck)\" data-src=\"https:\/\/thai-clothing.com\/wp-content\/uploads\/2021\/04\/Rocky_shirts_Special-Order_catalog_product-image-300x300.jpg\" alt=\"Rocky Shirts - Special Order from Catalog\" width=\"250\" height=\"250\" data-srcset=\"https:\/\/thai-clothing.com\/wp-content\/uploads\/2021\/04\/Rocky_shirts_Special-Order_catalog_product-image-300x300.jpg 300w, https:\/\/thai-clothing.com\/wp-content\/uploads\/2021\/04\/Rocky_shirts_Special-Order_catalog_product-image-100x100.jpg 100w, https:\/\/thai-clothing.com\/wp-content\/uploads\/2021\/04\/Rocky_shirts_Special-Order_catalog_product-image-600x600.jpg 600w, https:\/\/thai-clothing.com\/wp-content\/uploads\/2021\/04\/Rocky_shirts_Special-Order_catalog_product-image.jpg 900w\" data-sizes=\"auto, (max-width: 250px) 100vw, 250px\" src=\"data:image\/svg+xml;base64,PHN2ZyB3aWR0aD0iMSIgaGVpZ2h0PSIxIiB4bWxucz0iaHR0cDovL3d3dy53My5vcmcvMjAwMC9zdmciPjwvc3ZnPg==\" style=\"--smush-placeholder-width: 250px; --smush-placeholder-aspect-ratio: 250\/250;\" \/><\/a><\/h4>\n<p style=\"text-align: left;\"><span style=\"font-family: verdana, geneva, sans-serif;\">M \u2013 A = 20 Zoll \/ 51 cm \u00a0 B = 28 Zoll \/ 71 cm<\/span><br \/>\n<span style=\"font-family: verdana, geneva, sans-serif;\">L \u2013 A = 22 Zoll \/ 56 cm \u2013 B = 30 Zoll \/ 76 cm<\/span><br \/>\n<span style=\"font-family: verdana, geneva, sans-serif;\">XL \u2013 A = 24 Zoll \/ 61 cm \u00a0 B = 32 Zoll \/ 81 cm<\/span><\/p>\n<h4><span style=\"font-family: verdana, geneva, sans-serif;\">\u00a0\u00a0 Bitte beachten Sie:<\/span><\/h4>\n<p><span style=\"font-family: verdana, geneva, sans-serif;\">Gr\u00f6\u00dfenbezeichnungen wie S, M, L, XL sind nur ungenaue Zuordnungen.<\/span><br \/>\n<span style=\"font-family: verdana, geneva, sans-serif;\"><strong>Bitte vergleichen Sie die angegebenen Ma\u00dfe laut Bild mit einem passenden Hemd Ihrer Garderobe.<\/strong><\/span><\/p>\n<p><span style=\"font-family: verdana, geneva, sans-serif;\"><a href=\"\/product-category\/rocky-shirts-thailand\/\"><img decoding=\"async\" class=\"aligncenter wp-image-17084 size-full lazyload\" title=\"Sehen Sie sich alle Rocky Shirts an, die in unserem Shop\/auf unserer Website direkt erh\u00e4ltlich sind.\" data-src=\"https:\/\/thai-clothing.com\/wp-content\/uploads\/2021\/04\/ROCKY_Shirts_Graphics_BKK.jpeg\" alt=\"Rocky Shirts Graphics BKK\" width=\"700\" height=\"130\" data-srcset=\"https:\/\/thai-clothing.com\/wp-content\/uploads\/2021\/04\/ROCKY_Shirts_Graphics_BKK.jpeg 700w, https:\/\/thai-clothing.com\/wp-content\/uploads\/2021\/04\/ROCKY_Shirts_Graphics_BKK-600x111.jpeg 600w\" data-sizes=\"auto, (max-width: 700px) 100vw, 700px\" src=\"data:image\/svg+xml;base64,PHN2ZyB3aWR0aD0iMSIgaGVpZ2h0PSIxIiB4bWxucz0iaHR0cDovL3d3dy53My5vcmcvMjAwMC9zdmciPjwvc3ZnPg==\" style=\"--smush-placeholder-width: 700px; --smush-placeholder-aspect-ratio: 700\/130;\" \/><\/a><\/span><\/p>\n<p style=\"text-align: center;\"><span style=\"font-family: verdana, geneva, sans-serif;\">Wir verkaufen nur original ROCKY Shirts aus Thailand!<\/span><\/p>","protected":false},"excerpt":{"rendered":"<ul>\n<li><span style=\"font-family: verdana, geneva, sans-serif;\">erh\u00e4ltlich in M, L, XL<\/span><\/li>\n<li><span style=\"font-family: verdana, geneva, sans-serif;\">100% Baumwolle<\/span><\/li>\n<li><span style=\"font-family: verdana, geneva, sans-serif;\">hochwertiger Druck<\/span><\/li>\n<li><span style=\"font-family: verdana, geneva, sans-serif;\">waschbest\u00e4ndig<\/span><\/li>\n<li><span style=\"font-family: verdana, geneva, sans-serif;\">original ROCKY Thailand<\/span><\/li>\n<\/ul>","protected":false},"featured_media":17183,"comment_status":"open","ping_status":"closed","template":"","meta":[],"product_brand":[],"product_cat":[372],"product_tag":[296,404,375,376,373,377,56,23,24,405,69],"pa_sizes":[285,284,286],"class_list":{"0":"post-17179","1":"product","2":"type-product","3":"status-publish","4":"has-post-thumbnail","6":"product_cat-rocky-shirts-thailand","7":"product_tag-100-cotton","8":"product_tag-fingerprint","9":"product_tag-print","10":"product_tag-print-shirt","11":"product_tag-rocky","12":"product_tag-rocky-bangkok","13":"product_tag-t-shirt","14":"product_tag-thai-shirt","15":"product_tag-thailand-shirt","16":"product_tag-thief","17":"product_tag-white","18":"pa_sizes-size-l-large","19":"pa_sizes-size-m-medium","20":"pa_sizes-size-xl-extra-large","22":"first","23":"instock","24":"sale","25":"shipping-taxable","26":"purchasable","27":"product-type-variable"},"_links":{"self":[{"href":"https:\/\/thai-clothing.com\/de\/wp-json\/wp\/v2\/product\/17179","targetHints":{"allow":["GET"]}}],"collection":[{"href":"https:\/\/thai-clothing.com\/de\/wp-json\/wp\/v2\/product"}],"about":[{"href":"https:\/\/thai-clothing.com\/de\/wp-json\/wp\/v2\/types\/product"}],"replies":[{"embeddable":true,"href":"https:\/\/thai-clothing.com\/de\/wp-json\/wp\/v2\/comments?post=17179"}],"wp:featuredmedia":[{"embeddable":true,"href":"https:\/\/thai-clothing.com\/de\/wp-json\/wp\/v2\/media\/17183"}],"wp:attachment":[{"href":"https:\/\/thai-clothing.com\/de\/wp-json\/wp\/v2\/media?parent=17179"}],"wp:term":[{"taxonomy":"product_brand","embeddable":true,"href":"https:\/\/thai-clothing.com\/de\/wp-json\/wp\/v2\/product_brand?post=17179"},{"taxonomy":"product_cat","embeddable":true,"href":"https:\/\/thai-clothing.com\/de\/wp-json\/wp\/v2\/product_cat?post=17179"},{"taxonomy":"product_tag","embeddable":true,"href":"https:\/\/thai-clothing.com\/de\/wp-json\/wp\/v2\/product_tag?post=17179"},{"taxonomy":"pa_sizes","embeddable":true,"href":"https:\/\/thai-clothing.com\/de\/wp-json\/wp\/v2\/pa_sizes?post=17179"}],"curies":[{"name":"wp","href":"https:\/\/api.w.org\/{rel}","templated":true}]}}