{"id":17403,"date":"2021-04-28T06:04:42","date_gmt":"2021-04-28T06:04:42","guid":{"rendered":"https:\/\/thai-clothing.com\/?post_type=product&#038;p=17403"},"modified":"2022-05-09T06:49:53","modified_gmt":"2022-05-08T23:49:53","slug":"beige-brown-leg-lace-pants-big-tree","status":"publish","type":"product","link":"https:\/\/thai-clothing.com\/de\/produkt\/beige-brown-leg-lace-pants-big-tree\/","title":{"rendered":"Beige-braune Beinschn\u00fcr-Hose \u2013 BIG TREE"},"content":{"rendered":"<h2 style=\"text-align: center;\"><span style=\"font-family: verdana, geneva, sans-serif;\">Beige-braune Beinschn\u00fcr-Hose<\/span><\/h2>\n<h3 style=\"text-align: center;\"><span style=\"font-family: verdana, geneva, sans-serif;\">BIG TREE Hosen<\/span><\/h3>\n<h4><span style=\"font-family: verdana, geneva, sans-serif;\">\u00a0\u00a0 Stil: Beinschn\u00fcr-Hose<\/span><\/h4>\n<p><span style=\"font-family: verdana, geneva, sans-serif;\">Tolle, lange Freizeithose in Beige-Braun mit speziellem Beinschn\u00fcrsystem, das es erm\u00f6glicht, die Hosenbeine ganz einfach an den Oberschenkeln hoch zu schn\u00fcren. Die Hose hat auf beiden Seiten 2 gro\u00dfe Taschen, aus denen die Schn\u00fcrsenkel hervortreten, und einen eingelassenen Bund. Die sch\u00f6ne geschwungene Verzierung am linken Bein ist handgemalt.<\/span><\/p>\n<h4><span style=\"font-family: verdana, geneva, sans-serif;\">\u00a0\u00a0 Big Tree Hosen:<\/span><\/h4>\n<p><span style=\"font-family: verdana, geneva, sans-serif;\">Diese Hose besteht aus 100 % Baumwollstoff und ist unisex, sodass sie sowohl f\u00fcr Frauen als auch f\u00fcr M\u00e4nner geeignet ist. Sie ist nur in einer Gr\u00f6\u00dfe (Freesize) erh\u00e4ltlich, bitte \u00fcberpr\u00fcfen Sie die angegebenen Ma\u00dfe:<\/span><\/p>\n<p><span style=\"font-family: verdana, geneva, sans-serif;\"><img decoding=\"async\" class=\"alignleft wp-image-17383 lazyload\" title=\"Big Tree - Beinschn\u00fcr-Hosen Ma\u00dfe\" data-src=\"https:\/\/thai-clothing.com\/wp-content\/uploads\/2021\/04\/Big_Tree_Cotton_Clothing_Pants-150x150.gif\" alt=\"Big Tree - Leg Lace Pants Measurements\" width=\"200\" height=\"200\" src=\"data:image\/svg+xml;base64,PHN2ZyB3aWR0aD0iMSIgaGVpZ2h0PSIxIiB4bWxucz0iaHR0cDovL3d3dy53My5vcmcvMjAwMC9zdmciPjwvc3ZnPg==\" style=\"--smush-placeholder-width: 200px; --smush-placeholder-aspect-ratio: 200\/200;\" \/><\/span><\/p>\n<p>&nbsp;<\/p>\n<p><span style=\"font-family: verdana, geneva, sans-serif;\"><strong>Ma\u00dfe (ca.):<\/strong><\/span><\/p>\n<p><span style=\"font-family: verdana, geneva, sans-serif;\">A (Breite) = 20 Zoll \/ 51 cm<\/span><br \/>\n<span style=\"font-family: verdana, geneva, sans-serif;\">B (L\u00e4nge) = 39,5 Zoll \/ 100 cm<\/span><br \/>\n<span style=\"font-family: verdana, geneva, sans-serif;\">Gewicht = 380 g<\/span><\/p>\n<p>&nbsp;<\/p>\n<h4><\/h4>\n<p style=\"text-align: center;\"><span style=\"font-family: verdana, geneva, sans-serif;\">Big Tree ist ein thail\u00e4ndisches Modelabel. Die Produkte sind alle aus 100% Baumwolle und meist mit nat\u00fcrlichen Farben. Wir kaufen direkt bei Big Tree ein und verkaufen nur Original-Big-Tree-Produkte.<\/span><\/p>\n<p><span style=\"font-family: verdana, geneva, sans-serif;\"><a href=\"\/product-category\/big-tree-thai-cotton-clothing\/\" target=\"_blank\" rel=\"noopener\"><img decoding=\"async\" class=\"aligncenter wp-image-17390 size-full lazyload\" title=\"Sehen Sie sich alle unsere BIG TREE Cotton Clothing-Produkte an (hier klicken)\" data-src=\"https:\/\/thai-clothing.com\/wp-content\/uploads\/2021\/04\/Big_Tree_Natural_Cotton_Clothing_footer.gif\" alt=\"Big Tree Cotton Clothing\" width=\"798\" height=\"186\" data-srcset=\"https:\/\/thai-clothing.com\/wp-content\/uploads\/2021\/04\/Big_Tree_Natural_Cotton_Clothing_footer.gif 798w, https:\/\/thai-clothing.com\/wp-content\/uploads\/2021\/04\/Big_Tree_Natural_Cotton_Clothing_footer-600x140.gif 600w\" data-sizes=\"auto, (max-width: 798px) 100vw, 798px\" src=\"data:image\/svg+xml;base64,PHN2ZyB3aWR0aD0iMSIgaGVpZ2h0PSIxIiB4bWxucz0iaHR0cDovL3d3dy53My5vcmcvMjAwMC9zdmciPjwvc3ZnPg==\" style=\"--smush-placeholder-width: 798px; --smush-placeholder-aspect-ratio: 798\/186;\" \/><\/a><\/span><\/p>","protected":false},"excerpt":{"rendered":"<ul>\n<li><span style=\"font-family: verdana, geneva, sans-serif;\">100 % Baumwolle<\/span><\/li>\n<li><span style=\"font-family: verdana, geneva, sans-serif;\">bequem<\/span><\/li>\n<li><span style=\"font-family: verdana, geneva, sans-serif;\">Einheitsgr\u00f6\u00dfe<\/span><\/li>\n<li><span style=\"font-family: verdana, geneva, sans-serif;\">unisex<\/span><\/li>\n<li><span style=\"font-family: verdana, geneva, sans-serif;\">Beinschn\u00fcrsystem<\/span><\/li>\n<\/ul>","protected":false},"featured_media":17404,"comment_status":"open","ping_status":"closed","template":"","meta":[],"product_brand":[],"product_cat":[488],"product_tag":[500,492,498,495,494,493,497,496,499],"pa_sizes":[],"class_list":{"0":"post-17403","1":"product","2":"type-product","3":"status-publish","4":"has-post-thumbnail","6":"product_cat-big-tree-pants-baggy","7":"product_tag-beige-brown","8":"product_tag-big-tree","9":"product_tag-casual-pants","10":"product_tag-cotton","11":"product_tag-leg-lace","12":"product_tag-pants","13":"product_tag-thai-pants","14":"product_tag-thailand","15":"product_tag-trousers","17":"first","18":"outofstock","19":"shipping-taxable","20":"purchasable","21":"product-type-simple"},"_links":{"self":[{"href":"https:\/\/thai-clothing.com\/de\/wp-json\/wp\/v2\/product\/17403","targetHints":{"allow":["GET"]}}],"collection":[{"href":"https:\/\/thai-clothing.com\/de\/wp-json\/wp\/v2\/product"}],"about":[{"href":"https:\/\/thai-clothing.com\/de\/wp-json\/wp\/v2\/types\/product"}],"replies":[{"embeddable":true,"href":"https:\/\/thai-clothing.com\/de\/wp-json\/wp\/v2\/comments?post=17403"}],"wp:featuredmedia":[{"embeddable":true,"href":"https:\/\/thai-clothing.com\/de\/wp-json\/wp\/v2\/media\/17404"}],"wp:attachment":[{"href":"https:\/\/thai-clothing.com\/de\/wp-json\/wp\/v2\/media?parent=17403"}],"wp:term":[{"taxonomy":"product_brand","embeddable":true,"href":"https:\/\/thai-clothing.com\/de\/wp-json\/wp\/v2\/product_brand?post=17403"},{"taxonomy":"product_cat","embeddable":true,"href":"https:\/\/thai-clothing.com\/de\/wp-json\/wp\/v2\/product_cat?post=17403"},{"taxonomy":"product_tag","embeddable":true,"href":"https:\/\/thai-clothing.com\/de\/wp-json\/wp\/v2\/product_tag?post=17403"},{"taxonomy":"pa_sizes","embeddable":true,"href":"https:\/\/thai-clothing.com\/de\/wp-json\/wp\/v2\/pa_sizes?post=17403"}],"curies":[{"name":"wp","href":"https:\/\/api.w.org\/{rel}","templated":true}]}}