{"id":17439,"date":"2021-04-28T08:24:21","date_gmt":"2021-04-28T08:24:21","guid":{"rendered":"https:\/\/thai-clothing.com\/?post_type=product&#038;p=17439"},"modified":"2022-02-09T17:39:50","modified_gmt":"2022-02-09T10:39:50","slug":"dark-green-harem-pants-big-tree","status":"publish","type":"product","link":"https:\/\/thai-clothing.com\/de\/produkt\/dark-green-harem-pants-big-tree\/","title":{"rendered":"Dunkelgr\u00fcne Haremshose \u2013 BIG TREE"},"content":{"rendered":"<h2 style=\"text-align: center;\"><span style=\"font-family: verdana, geneva, sans-serif;\">Dunkelgr\u00fcne Haremshose<\/span><\/h2>\n<h3 style=\"text-align: center;\"><span style=\"font-family: verdana, geneva, sans-serif;\">BIG TREE Hosen<\/span><\/h3>\n<h4><span style=\"font-family: verdana, geneva, sans-serif;\">\u00a0\u00a0 Stil: Haremshose<\/span><\/h4>\n<p><span style=\"font-family: verdana, geneva, sans-serif;\">Sch\u00f6ne weite Haremshose aus Baumwolle in Dunkelgr\u00fcn. Die Hose hat eine Tasche auf der rechten Seite, eine handgemalte Verzierung auf der linken Seite und einen eingelassenen Bund mit Schn\u00fcrsenkeln.<\/span><\/p>\n<h4><span style=\"font-family: verdana, geneva, sans-serif;\">\u00a0\u00a0 Big Tree Hosen:<\/span><\/h4>\n<p><span style=\"font-family: verdana, geneva, sans-serif;\">Diese Hose besteht aus 100 % Baumwollstoff und ist unisex, sodass sie sowohl f\u00fcr Frauen als auch f\u00fcr M\u00e4nner geeignet ist. Sie ist nur in einer Gr\u00f6\u00dfe (Freesize) erh\u00e4ltlich, bitte \u00fcberpr\u00fcfen Sie die angegebenen Ma\u00dfe:<\/span><\/p>\n<p><span style=\"font-family: verdana, geneva, sans-serif;\"><img decoding=\"async\" class=\"alignleft wp-image-17385 lazyload\" title=\"Schwarze Haremshose - BIG TREE Ma\u00dfe\" data-src=\"https:\/\/thai-clothing.com\/wp-content\/uploads\/2021\/04\/Big_Tree_Cotton_Clothing_Baggy_Pants.gif\" alt=\"Black Harem Pants - BIG TREE - Measurements\" width=\"200\" height=\"200\" data-srcset=\"https:\/\/thai-clothing.com\/wp-content\/uploads\/2021\/04\/Big_Tree_Cotton_Clothing_Baggy_Pants.gif 300w, https:\/\/thai-clothing.com\/wp-content\/uploads\/2021\/04\/Big_Tree_Cotton_Clothing_Baggy_Pants-100x100.gif 100w\" data-sizes=\"auto, (max-width: 200px) 100vw, 200px\" src=\"data:image\/svg+xml;base64,PHN2ZyB3aWR0aD0iMSIgaGVpZ2h0PSIxIiB4bWxucz0iaHR0cDovL3d3dy53My5vcmcvMjAwMC9zdmciPjwvc3ZnPg==\" style=\"--smush-placeholder-width: 200px; --smush-placeholder-aspect-ratio: 200\/200;\" \/><\/span><\/p>\n<p>&nbsp;<\/p>\n<p><span style=\"font-family: verdana, geneva, sans-serif;\"><strong>Ma\u00dfe (ca.):<\/strong><\/span><\/p>\n<p><span style=\"font-family: verdana, geneva, sans-serif;\">A (Breite) = 24,5 Zoll \/ 62 cm<\/span><br \/>\n<span style=\"font-family: verdana, geneva, sans-serif;\">B (L\u00e4nge) = 39 Zoll \/ 99 cm<\/span><br \/>\n<span style=\"font-family: verdana, geneva, sans-serif;\">Gewicht = 370 g<\/span><\/p>\n<p>&nbsp;<\/p>\n<h4><\/h4>\n<p style=\"text-align: center;\"><span style=\"font-family: verdana, geneva, sans-serif;\">Big Tree ist ein thail\u00e4ndisches Modelabel. Die Produkte sind alle aus 100% Baumwolle und meist mit nat\u00fcrlichen Farben. Wir kaufen direkt bei Big Tree ein und verkaufen nur Original-Big-Tree-Produkte.<\/span><\/p>\n<p><span style=\"font-family: verdana, geneva, sans-serif;\"><a href=\"\/product-category\/big-tree-thai-cotton-clothing\/\" target=\"_blank\" rel=\"noopener\"><img decoding=\"async\" class=\"aligncenter wp-image-17390 size-full lazyload\" title=\"Sehen Sie sich alle unsere BIG TREE Cotton Clothing-Produkte an (hier klicken)\" data-src=\"https:\/\/thai-clothing.com\/wp-content\/uploads\/2021\/04\/Big_Tree_Natural_Cotton_Clothing_footer.gif\" alt=\"Big Tree Cotton Clothing\" width=\"798\" height=\"186\" data-srcset=\"https:\/\/thai-clothing.com\/wp-content\/uploads\/2021\/04\/Big_Tree_Natural_Cotton_Clothing_footer.gif 798w, https:\/\/thai-clothing.com\/wp-content\/uploads\/2021\/04\/Big_Tree_Natural_Cotton_Clothing_footer-600x140.gif 600w\" data-sizes=\"auto, (max-width: 798px) 100vw, 798px\" src=\"data:image\/svg+xml;base64,PHN2ZyB3aWR0aD0iMSIgaGVpZ2h0PSIxIiB4bWxucz0iaHR0cDovL3d3dy53My5vcmcvMjAwMC9zdmciPjwvc3ZnPg==\" style=\"--smush-placeholder-width: 798px; --smush-placeholder-aspect-ratio: 798\/186;\" \/><\/a><\/span><\/p>","protected":false},"excerpt":{"rendered":"<ul>\n<li><span style=\"font-family: verdana, geneva, sans-serif;\">100 % Baumwolle<\/span><\/li>\n<li><span style=\"font-family: verdana, geneva, sans-serif;\">bequem<\/span><\/li>\n<li><span style=\"font-family: verdana, geneva, sans-serif;\">Einheitsgr\u00f6\u00dfe<\/span><\/li>\n<li><span style=\"font-family: verdana, geneva, sans-serif;\">unisex<\/span><\/li>\n<li><span style=\"font-family: verdana, geneva, sans-serif;\">Aladin Stil<\/span><\/li>\n<\/ul>","protected":false},"featured_media":17440,"comment_status":"open","ping_status":"closed","template":"","meta":[],"product_brand":[],"product_cat":[488],"product_tag":[509,351,492,498,495,508,81,504,493,538,497,496,499],"pa_sizes":[],"class_list":{"0":"post-17439","1":"product","2":"type-product","3":"status-publish","4":"has-post-thumbnail","6":"product_cat-big-tree-pants-baggy","7":"product_tag-aladdin","8":"product_tag-baggy","9":"product_tag-big-tree","10":"product_tag-casual-pants","11":"product_tag-cotton","12":"product_tag-dark-green","13":"product_tag-green","14":"product_tag-harem","15":"product_tag-pants","16":"product_tag-parachute","17":"product_tag-thai-pants","18":"product_tag-thailand","19":"product_tag-trousers","21":"first","22":"instock","23":"shipping-taxable","24":"purchasable","25":"product-type-simple"},"_links":{"self":[{"href":"https:\/\/thai-clothing.com\/de\/wp-json\/wp\/v2\/product\/17439","targetHints":{"allow":["GET"]}}],"collection":[{"href":"https:\/\/thai-clothing.com\/de\/wp-json\/wp\/v2\/product"}],"about":[{"href":"https:\/\/thai-clothing.com\/de\/wp-json\/wp\/v2\/types\/product"}],"replies":[{"embeddable":true,"href":"https:\/\/thai-clothing.com\/de\/wp-json\/wp\/v2\/comments?post=17439"}],"wp:featuredmedia":[{"embeddable":true,"href":"https:\/\/thai-clothing.com\/de\/wp-json\/wp\/v2\/media\/17440"}],"wp:attachment":[{"href":"https:\/\/thai-clothing.com\/de\/wp-json\/wp\/v2\/media?parent=17439"}],"wp:term":[{"taxonomy":"product_brand","embeddable":true,"href":"https:\/\/thai-clothing.com\/de\/wp-json\/wp\/v2\/product_brand?post=17439"},{"taxonomy":"product_cat","embeddable":true,"href":"https:\/\/thai-clothing.com\/de\/wp-json\/wp\/v2\/product_cat?post=17439"},{"taxonomy":"product_tag","embeddable":true,"href":"https:\/\/thai-clothing.com\/de\/wp-json\/wp\/v2\/product_tag?post=17439"},{"taxonomy":"pa_sizes","embeddable":true,"href":"https:\/\/thai-clothing.com\/de\/wp-json\/wp\/v2\/pa_sizes?post=17439"}],"curies":[{"name":"wp","href":"https:\/\/api.w.org\/{rel}","templated":true}]}}