{"id":17442,"date":"2021-04-28T08:41:26","date_gmt":"2021-04-28T08:41:26","guid":{"rendered":"https:\/\/thai-clothing.com\/?post_type=product&#038;p=17442"},"modified":"2022-05-26T20:41:27","modified_gmt":"2022-05-26T13:41:27","slug":"brown-flared-thai-pants-big-tree-women","status":"publish","type":"product","link":"https:\/\/thai-clothing.com\/de\/produkt\/brown-flared-thai-pants-big-tree-women\/","title":{"rendered":"Braune ausgestellte Thai-Hose \u2013 BIG TREE \u2013 Damen"},"content":{"rendered":"<h2 style=\"text-align: center;\"><span style=\"font-family: verdana, geneva, sans-serif;\">Braune, ausgestellte Thai Hose<\/span><\/h2>\n<h3 style=\"text-align: center;\"><span style=\"font-family: verdana, geneva, sans-serif;\">BIG TREE Damenhose<\/span><\/h3>\n<h4><span style=\"font-family: verdana, geneva, sans-serif;\">\u00a0\u00a0 Stil: weit ausgestellte Thai-Hose \u2013 Damen<\/span><\/h4>\n<p><span style=\"font-family: verdana, geneva, sans-serif;\"><span id=\"result_box\" lang=\"en\"><span class=\"hps\">sch\u00f6ne<\/span>\u00a0<span class=\"hps\">wadenlange<\/span> <span class=\"hps\">und<\/span> <span class=\"hps\">sehr d\u00fcnne<\/span> <span class=\"hps\">Baumwoll<\/span> Thai Damen <span class=\"hps\">Hose<\/span> <span class=\"hps\">in<\/span> <span class=\"hps\">braun mit<\/span> <span class=\"hps\">weiten,<\/span> <span class=\"hps\">fliegenden<\/span> <span class=\"hps\">Hosenbeinen<\/span> <span class=\"hps\">und einem<\/span> <span class=\"hps\">hohen,<\/span> <\/span><span id=\"result_box\" lang=\"en\"><span class=\"hps\">seitlichen Einschnitt<\/span>. <span class=\"hps\">Auf der R\u00fcckseite<\/span> <span class=\"hps\">hat die Hose einen<\/span> <span class=\"hps\">eingen\u00e4hten<\/span> <span class=\"hps\">Gummibund<\/span> <span class=\"hps\">und <\/span><span class=\"hps\">mehrfarbige<\/span> <span class=\"hps\">H\u00fcft-<\/span> <span class=\"hps\">Bundschnur<\/span>.<\/span><\/span><\/p>\n<h4><span style=\"font-family: verdana, geneva, sans-serif;\">\u00a0\u00a0 Big Tree Hosen:<\/span><\/h4>\n<p><span style=\"font-family: verdana, geneva, sans-serif;\">Diese Hose besteht aus 100 % Baumwollstoff und ist unisex, sodass sie sowohl f\u00fcr Frauen als auch f\u00fcr M\u00e4nner geeignet ist. Sie ist nur in einer Gr\u00f6\u00dfe (Freesize) erh\u00e4ltlich, bitte \u00fcberpr\u00fcfen Sie die angegebenen Ma\u00dfe:<\/span><\/p>\n<p><span style=\"font-family: verdana, geneva, sans-serif;\"><img decoding=\"async\" class=\"alignleft wp-image-17459 lazyload\" title=\"Ausgestellte Thai-Hose \u2013 BIG TREE Damen - Ma\u00dfe\" data-src=\"https:\/\/thai-clothing.com\/wp-content\/uploads\/2021\/04\/Big_Tree_Cotton_Clothing_Flared_Pants.gif\" alt=\"BIG TREE - Flared Women Pants - Measurements\" width=\"200\" height=\"200\" data-srcset=\"https:\/\/thai-clothing.com\/wp-content\/uploads\/2021\/04\/Big_Tree_Cotton_Clothing_Flared_Pants.gif 300w, https:\/\/thai-clothing.com\/wp-content\/uploads\/2021\/04\/Big_Tree_Cotton_Clothing_Flared_Pants-100x100.gif 100w\" data-sizes=\"auto, (max-width: 200px) 100vw, 200px\" src=\"data:image\/svg+xml;base64,PHN2ZyB3aWR0aD0iMSIgaGVpZ2h0PSIxIiB4bWxucz0iaHR0cDovL3d3dy53My5vcmcvMjAwMC9zdmciPjwvc3ZnPg==\" style=\"--smush-placeholder-width: 200px; --smush-placeholder-aspect-ratio: 200\/200;\" \/><\/span><\/p>\n<p>&nbsp;<\/p>\n<p><span style=\"font-family: verdana, geneva, sans-serif;\"><strong>Ma\u00dfe (ca.):<\/strong><\/span><\/p>\n<p><span style=\"font-family: verdana, geneva, sans-serif;\">A (Breite) = 17,7 Zoll \/ 45 cm<\/span><br \/>\n<span style=\"font-family: verdana, geneva, sans-serif;\">B (L\u00e4nge) = 33,5 Zoll \/ 85 cm<\/span><br \/>\n<span style=\"font-family: verdana, geneva, sans-serif;\">Gewicht = 185 g<\/span><\/p>\n<p>&nbsp;<\/p>\n<h4><\/h4>\n<p style=\"text-align: center;\"><span style=\"font-family: verdana, geneva, sans-serif;\">Big Tree ist ein thail\u00e4ndisches Modelabel. Die Produkte sind alle aus 100% Baumwolle und meist mit nat\u00fcrlichen Farben. Wir kaufen direkt bei Big Tree ein und verkaufen nur Original-Big-Tree-Produkte.<\/span><\/p>\n<p><span style=\"font-family: verdana, geneva, sans-serif;\"><a href=\"\/product-category\/big-tree-thai-cotton-clothing\/\" target=\"_blank\" rel=\"noopener\"><img decoding=\"async\" class=\"aligncenter wp-image-17390 size-full lazyload\" title=\"Sehen Sie sich alle unsere BIG TREE Cotton Clothing-Produkte an (hier klicken)\" data-src=\"https:\/\/thai-clothing.com\/wp-content\/uploads\/2021\/04\/Big_Tree_Natural_Cotton_Clothing_footer.gif\" alt=\"Big Tree Cotton Clothing\" width=\"798\" height=\"186\" data-srcset=\"https:\/\/thai-clothing.com\/wp-content\/uploads\/2021\/04\/Big_Tree_Natural_Cotton_Clothing_footer.gif 798w, https:\/\/thai-clothing.com\/wp-content\/uploads\/2021\/04\/Big_Tree_Natural_Cotton_Clothing_footer-600x140.gif 600w\" data-sizes=\"auto, (max-width: 798px) 100vw, 798px\" src=\"data:image\/svg+xml;base64,PHN2ZyB3aWR0aD0iMSIgaGVpZ2h0PSIxIiB4bWxucz0iaHR0cDovL3d3dy53My5vcmcvMjAwMC9zdmciPjwvc3ZnPg==\" style=\"--smush-placeholder-width: 798px; --smush-placeholder-aspect-ratio: 798\/186;\" \/><\/a><\/span><\/p>","protected":false},"excerpt":{"rendered":"<ul>\n<li><span style=\"font-family: verdana, geneva, sans-serif;\">100 % Baumwolle<\/span><\/li>\n<li><span style=\"font-family: verdana, geneva, sans-serif;\">d\u00fcnn &amp; bequem<\/span><\/li>\n<li><span style=\"font-family: verdana, geneva, sans-serif;\">Einheitsgr\u00f6\u00dfe<\/span><\/li>\n<li><span style=\"font-family: verdana, geneva, sans-serif;\">Damenhose<\/span><\/li>\n<li><span style=\"font-family: verdana, geneva, sans-serif;\">fliegende Hosenbeine<\/span><\/li>\n<\/ul>","protected":false},"featured_media":17443,"comment_status":"open","ping_status":"closed","template":"","meta":[],"product_brand":[],"product_cat":[488],"product_tag":[492,430,498,495,510,27,493,497,496,499,300],"pa_sizes":[],"class_list":{"0":"post-17442","1":"product","2":"type-product","3":"status-publish","4":"has-post-thumbnail","6":"product_cat-big-tree-pants-baggy","7":"product_tag-big-tree","8":"product_tag-brown","9":"product_tag-casual-pants","10":"product_tag-cotton","11":"product_tag-flared","12":"product_tag-ladies","13":"product_tag-pants","14":"product_tag-thai-pants","15":"product_tag-thailand","16":"product_tag-trousers","17":"product_tag-women","19":"first","20":"instock","21":"shipping-taxable","22":"purchasable","23":"product-type-simple"},"_links":{"self":[{"href":"https:\/\/thai-clothing.com\/de\/wp-json\/wp\/v2\/product\/17442","targetHints":{"allow":["GET"]}}],"collection":[{"href":"https:\/\/thai-clothing.com\/de\/wp-json\/wp\/v2\/product"}],"about":[{"href":"https:\/\/thai-clothing.com\/de\/wp-json\/wp\/v2\/types\/product"}],"replies":[{"embeddable":true,"href":"https:\/\/thai-clothing.com\/de\/wp-json\/wp\/v2\/comments?post=17442"}],"wp:featuredmedia":[{"embeddable":true,"href":"https:\/\/thai-clothing.com\/de\/wp-json\/wp\/v2\/media\/17443"}],"wp:attachment":[{"href":"https:\/\/thai-clothing.com\/de\/wp-json\/wp\/v2\/media?parent=17442"}],"wp:term":[{"taxonomy":"product_brand","embeddable":true,"href":"https:\/\/thai-clothing.com\/de\/wp-json\/wp\/v2\/product_brand?post=17442"},{"taxonomy":"product_cat","embeddable":true,"href":"https:\/\/thai-clothing.com\/de\/wp-json\/wp\/v2\/product_cat?post=17442"},{"taxonomy":"product_tag","embeddable":true,"href":"https:\/\/thai-clothing.com\/de\/wp-json\/wp\/v2\/product_tag?post=17442"},{"taxonomy":"pa_sizes","embeddable":true,"href":"https:\/\/thai-clothing.com\/de\/wp-json\/wp\/v2\/pa_sizes?post=17442"}],"curies":[{"name":"wp","href":"https:\/\/api.w.org\/{rel}","templated":true}]}}