{"id":17471,"date":"2021-04-28T14:41:18","date_gmt":"2021-04-28T14:41:18","guid":{"rendered":"https:\/\/thai-clothing.com\/?post_type=product&#038;p=17471"},"modified":"2022-02-09T14:44:26","modified_gmt":"2022-02-09T07:44:26","slug":"black-long-sleeve-shirt-woven-om-sun","status":"publish","type":"product","link":"https:\/\/thai-clothing.com\/de\/produkt\/black-long-sleeve-shirt-woven-om-sun\/","title":{"rendered":"Schwarzes Langarmhemd \u2013 Gewebte Streifen Om \u2013 BIG TREE"},"content":{"rendered":"<h2 style=\"text-align: center;\"><span style=\"font-family: verdana, geneva, sans-serif;\">Schwarzes Langarmhemd \u2013 <\/span><span style=\"font-family: verdana, geneva, sans-serif;\">Gewebte Streifen \/ Om Sonne Sanskrit<\/span><\/h2>\n<h3 style=\"text-align: center;\"><span style=\"font-family: verdana, geneva, sans-serif;\">BIG TREE Hemden \/ Shirts<\/span><\/h3>\n<h4><span style=\"font-family: verdana, geneva, sans-serif;\">\u00a0\u00a0 Stil:<\/span><\/h4>\n<p><span style=\"font-family: verdana, geneva, sans-serif;\">Sch\u00f6nes, sehr d\u00fcnnes und bequemes Langarm-Shirt mit vertikal eingewebten Streifen (macht schlank!) in klassischem Schwarz. Auf der Brust hat es einen sch\u00f6nen Om \/ Sonne-Siebdruck und etwas Sanskrit dar\u00fcber und darunter geschrieben.<\/span><\/p>\n<h4><span style=\"font-family: verdana, geneva, sans-serif;\">\u00a0\u00a0 Big Tree Hemden:<\/span><\/h4>\n<p><span style=\"font-family: verdana, geneva, sans-serif;\">Diese Hemden sind aus einem sehr d\u00fcnnen und leichten Stoff aus 100 % Baumwolle. Sie sind nur in einer Gr\u00f6\u00dfe (Freesize) erh\u00e4ltlich, bitte \u00fcberpr\u00fcfen Sie die angegebenen Ma\u00dfe:<\/span><\/p>\n<p><span style=\"font-family: verdana, geneva, sans-serif;\"><img decoding=\"async\" class=\"alignleft wp-image-17386 lazyload\" title=\"Big Tree Baumwoll-Langarmhemd - Gewebte Streifen - Ma\u00dfe\" data-src=\"https:\/\/thai-clothing.com\/wp-content\/uploads\/2021\/04\/Big_Tree_Cotton_Clothing_Longsleeve_Shirt.gif\" alt=\"Big Tree Cotton Long Sleeve Shirt - Woven Stripes - Measurements\" width=\"200\" height=\"200\" data-srcset=\"https:\/\/thai-clothing.com\/wp-content\/uploads\/2021\/04\/Big_Tree_Cotton_Clothing_Longsleeve_Shirt.gif 300w, https:\/\/thai-clothing.com\/wp-content\/uploads\/2021\/04\/Big_Tree_Cotton_Clothing_Longsleeve_Shirt-100x100.gif 100w\" data-sizes=\"auto, (max-width: 200px) 100vw, 200px\" src=\"data:image\/svg+xml;base64,PHN2ZyB3aWR0aD0iMSIgaGVpZ2h0PSIxIiB4bWxucz0iaHR0cDovL3d3dy53My5vcmcvMjAwMC9zdmciPjwvc3ZnPg==\" style=\"--smush-placeholder-width: 200px; --smush-placeholder-aspect-ratio: 200\/200;\" \/><\/span><\/p>\n<p>&nbsp;<\/p>\n<p><span style=\"font-family: verdana, geneva, sans-serif;\"><strong>Ma\u00dfe (ca.):<\/strong><\/span><\/p>\n<p><span style=\"font-family: verdana, geneva, sans-serif;\">A (Breite) = 21,5 Zoll \/ 55 cm<\/span><br \/>\n<span style=\"font-family: verdana, geneva, sans-serif;\">B (L\u00e4nge) = 27,5 Zoll \/ 70 cm<\/span><br \/>\n<span style=\"font-family: verdana, geneva, sans-serif;\">Gewicht = 110 g<\/span><\/p>\n<p>&nbsp;<\/p>\n<h4><\/h4>\n<p style=\"text-align: center;\"><span style=\"font-family: verdana, geneva, sans-serif;\">Big Tree ist ein thail\u00e4ndisches Modelabel. Die Produkte sind alle aus 100% Baumwolle und meist mit nat\u00fcrlichen Farben. Wir kaufen direkt bei Big Tree ein und verkaufen nur Original-Big-Tree-Produkte.<\/span><\/p>\n<p><span style=\"font-family: verdana, geneva, sans-serif;\"><a href=\"\/product-category\/big-tree-thai-cotton-clothing\/\" target=\"_blank\" rel=\"noopener\"><img decoding=\"async\" class=\"aligncenter wp-image-17390 size-full lazyload\" title=\"Sehen Sie sich alle unsere BIG TREE Cotton Clothing-Produkte an (hier klicken)\" data-src=\"https:\/\/thai-clothing.com\/wp-content\/uploads\/2021\/04\/Big_Tree_Natural_Cotton_Clothing_footer.gif\" alt=\"Big Tree Cotton Clothing\" width=\"798\" height=\"186\" data-srcset=\"https:\/\/thai-clothing.com\/wp-content\/uploads\/2021\/04\/Big_Tree_Natural_Cotton_Clothing_footer.gif 798w, https:\/\/thai-clothing.com\/wp-content\/uploads\/2021\/04\/Big_Tree_Natural_Cotton_Clothing_footer-600x140.gif 600w\" data-sizes=\"auto, (max-width: 798px) 100vw, 798px\" src=\"data:image\/svg+xml;base64,PHN2ZyB3aWR0aD0iMSIgaGVpZ2h0PSIxIiB4bWxucz0iaHR0cDovL3d3dy53My5vcmcvMjAwMC9zdmciPjwvc3ZnPg==\" style=\"--smush-placeholder-width: 798px; --smush-placeholder-aspect-ratio: 798\/186;\" \/><\/a><\/span><\/p>","protected":false},"excerpt":{"rendered":"<ul>\n<li><span style=\"font-family: verdana, geneva, sans-serif;\">100 % Baumwolle<\/span><\/li>\n<li><span style=\"font-family: verdana, geneva, sans-serif;\">d\u00fcnn und leicht<\/span><\/li>\n<li><span style=\"font-family: verdana, geneva, sans-serif;\">Einheitsgr\u00f6\u00dfe<\/span><\/li>\n<li>Om &amp; Sanskrit Siebdruck<\/li>\n<\/ul>","protected":false},"featured_media":17472,"comment_status":"open","ping_status":"closed","template":"","meta":[],"product_brand":[],"product_cat":[489],"product_tag":[492,17,495,42,513,515,23,496],"pa_sizes":[],"class_list":{"0":"post-17471","1":"product","2":"type-product","3":"status-publish","4":"has-post-thumbnail","6":"product_cat-big-tree-shirts-thailand","7":"product_tag-big-tree","8":"product_tag-black","9":"product_tag-cotton","10":"product_tag-long-sleeve","11":"product_tag-shirt","12":"product_tag-stripes","13":"product_tag-thai-shirt","14":"product_tag-thailand","16":"first","17":"instock","18":"shipping-taxable","19":"purchasable","20":"product-type-simple"},"_links":{"self":[{"href":"https:\/\/thai-clothing.com\/de\/wp-json\/wp\/v2\/product\/17471","targetHints":{"allow":["GET"]}}],"collection":[{"href":"https:\/\/thai-clothing.com\/de\/wp-json\/wp\/v2\/product"}],"about":[{"href":"https:\/\/thai-clothing.com\/de\/wp-json\/wp\/v2\/types\/product"}],"replies":[{"embeddable":true,"href":"https:\/\/thai-clothing.com\/de\/wp-json\/wp\/v2\/comments?post=17471"}],"wp:featuredmedia":[{"embeddable":true,"href":"https:\/\/thai-clothing.com\/de\/wp-json\/wp\/v2\/media\/17472"}],"wp:attachment":[{"href":"https:\/\/thai-clothing.com\/de\/wp-json\/wp\/v2\/media?parent=17471"}],"wp:term":[{"taxonomy":"product_brand","embeddable":true,"href":"https:\/\/thai-clothing.com\/de\/wp-json\/wp\/v2\/product_brand?post=17471"},{"taxonomy":"product_cat","embeddable":true,"href":"https:\/\/thai-clothing.com\/de\/wp-json\/wp\/v2\/product_cat?post=17471"},{"taxonomy":"product_tag","embeddable":true,"href":"https:\/\/thai-clothing.com\/de\/wp-json\/wp\/v2\/product_tag?post=17471"},{"taxonomy":"pa_sizes","embeddable":true,"href":"https:\/\/thai-clothing.com\/de\/wp-json\/wp\/v2\/pa_sizes?post=17471"}],"curies":[{"name":"wp","href":"https:\/\/api.w.org\/{rel}","templated":true}]}}