{"id":17509,"date":"2021-04-29T14:08:41","date_gmt":"2021-04-29T14:08:41","guid":{"rendered":"https:\/\/thai-clothing.com\/?post_type=product&#038;p=17509"},"modified":"2022-02-10T15:03:23","modified_gmt":"2022-02-10T08:03:23","slug":"black-double-layer-dress-short-big-tree","status":"publish","type":"product","link":"https:\/\/thai-clothing.com\/de\/produkt\/black-double-layer-dress-short-big-tree\/","title":{"rendered":"Schwarzes doppellagiges Kleid kurz \u2013 BIG TREE \u2013 Damen"},"content":{"rendered":"<h2 style=\"text-align: center;\"><span style=\"font-family: verdana, geneva, sans-serif;\">Schwarzes doppellagiges Kleid kurz<\/span><\/h2>\n<h3 style=\"text-align: center;\"><span style=\"font-family: verdana, geneva, sans-serif;\">BIG TREE Damen<\/span><\/h3>\n<h4><span style=\"font-family: verdana, geneva, sans-serif;\">\u00a0\u00a0 Stil: Doppellagiges Kleid kurz<\/span><\/h4>\n<p><span style=\"font-family: verdana, geneva, sans-serif;\">Sehr sch\u00f6nes, kurzes d\u00fcnnes Baumwollkleid aus 2 Teilen: innen hellgrau, au\u00dfen schwarz. Der Stoff beider Teile besteht aus einem sehr leichten und angenehmen Knitter-Baumwollstoff \u2013 nicht b\u00fcgeln!<\/span><\/p>\n<h4><span style=\"font-family: verdana, geneva, sans-serif;\">\u00a0\u00a0 Big Tree Kleider:<\/span><\/h4>\n<p><span style=\"font-family: verdana, geneva, sans-serif;\">Diese Kleider bestehen aus 100% Baumwollstoff. Sie sind nur in einer Gr\u00f6\u00dfe (Freesize) erh\u00e4ltlich, bitte \u00fcberpr\u00fcfen Sie die angegebenen Ma\u00dfe:<\/span><\/p>\n<p><span style=\"font-family: verdana, geneva, sans-serif;\"><img decoding=\"async\" class=\"alignleft wp-image-17387 lazyload\" title=\"Doppellagiges Kleid kurz \u2013 BIG TREE \u2013 Damen - Ma\u00dfe\" data-src=\"https:\/\/thai-clothing.com\/wp-content\/uploads\/2021\/04\/Big_Tree_Cotton_Clothing_Short_Dress.gif\" alt=\"Double Layer Dress Short - BIG TREE - Women Measurements\" width=\"200\" height=\"200\" data-srcset=\"https:\/\/thai-clothing.com\/wp-content\/uploads\/2021\/04\/Big_Tree_Cotton_Clothing_Short_Dress.gif 300w, https:\/\/thai-clothing.com\/wp-content\/uploads\/2021\/04\/Big_Tree_Cotton_Clothing_Short_Dress-100x100.gif 100w\" data-sizes=\"auto, (max-width: 200px) 100vw, 200px\" src=\"data:image\/svg+xml;base64,PHN2ZyB3aWR0aD0iMSIgaGVpZ2h0PSIxIiB4bWxucz0iaHR0cDovL3d3dy53My5vcmcvMjAwMC9zdmciPjwvc3ZnPg==\" style=\"--smush-placeholder-width: 200px; --smush-placeholder-aspect-ratio: 200\/200;\" \/><\/span><\/p>\n<p><span style=\"font-family: verdana, geneva, sans-serif;\"><strong>Ma\u00dfe (ca.):<\/strong><\/span><\/p>\n<p><span style=\"font-family: verdana, geneva, sans-serif;\">\u00c4u\u00dferes A (Breite) = 17 Zoll \/ 43 cm<\/span><br \/>\n<span style=\"font-family: verdana, geneva, sans-serif;\">\u00c4u\u00dferes B (L\u00e4nge) = 25-30 Zoll \/ 65-76 cm<\/span><\/p>\n<p><span style=\"font-family: verdana, geneva, sans-serif;\">Inneres A (Breite) = 17 Zoll \/ 43 cm<\/span><br \/>\n<span style=\"font-family: verdana, geneva, sans-serif;\">Inneres B (L\u00e4nge) = 31,5 Zoll \/ 80 cm<\/span><\/p>\n<p><span style=\"font-family: verdana, geneva, sans-serif;\">Gewicht = 125 g<\/span><\/p>\n<h4><\/h4>\n<p style=\"text-align: center;\"><span style=\"font-family: verdana, geneva, sans-serif;\">Big Tree ist ein thail\u00e4ndisches Modelabel. Die Produkte sind alle aus 100% Baumwolle und meist mit nat\u00fcrlichen Farben. Wir kaufen direkt bei Big Tree ein und verkaufen nur Original-Big-Tree-Produkte.<\/span><\/p>\n<p><span style=\"font-family: verdana, geneva, sans-serif;\"><a href=\"\/product-category\/big-tree-thai-cotton-clothing\/\" target=\"_blank\" rel=\"noopener\"><img decoding=\"async\" class=\"aligncenter wp-image-17390 size-full lazyload\" title=\"Sehen Sie sich alle unsere BIG TREE Cotton Clothing-Produkte an (hier klicken)\" data-src=\"https:\/\/thai-clothing.com\/wp-content\/uploads\/2021\/04\/Big_Tree_Natural_Cotton_Clothing_footer.gif\" alt=\"Big Tree Cotton Clothing\" width=\"798\" height=\"186\" data-srcset=\"https:\/\/thai-clothing.com\/wp-content\/uploads\/2021\/04\/Big_Tree_Natural_Cotton_Clothing_footer.gif 798w, https:\/\/thai-clothing.com\/wp-content\/uploads\/2021\/04\/Big_Tree_Natural_Cotton_Clothing_footer-600x140.gif 600w\" data-sizes=\"auto, (max-width: 798px) 100vw, 798px\" src=\"data:image\/svg+xml;base64,PHN2ZyB3aWR0aD0iMSIgaGVpZ2h0PSIxIiB4bWxucz0iaHR0cDovL3d3dy53My5vcmcvMjAwMC9zdmciPjwvc3ZnPg==\" style=\"--smush-placeholder-width: 798px; --smush-placeholder-aspect-ratio: 798\/186;\" \/><\/a><\/span><\/p>","protected":false},"excerpt":{"rendered":"<ul>\n<li><span style=\"font-family: verdana, geneva, sans-serif;\">100 % Baumwolle<\/span><\/li>\n<li>Knitterstoff<\/li>\n<li><span style=\"font-family: verdana, geneva, sans-serif;\">d\u00fcnn &amp; bequem<\/span><\/li>\n<li><span style=\"font-family: verdana, geneva, sans-serif;\">Einheitsgr\u00f6\u00dfe<\/span><\/li>\n<li><span style=\"font-family: verdana, geneva, sans-serif;\">2-lagig<\/span><\/li>\n<\/ul>","protected":false},"featured_media":17510,"comment_status":"open","ping_status":"closed","template":"","meta":[],"product_brand":[],"product_cat":[490],"product_tag":[492,17,495,511,519,520,27,512,144,497,496,300],"pa_sizes":[],"class_list":{"0":"post-17509","1":"product","2":"type-product","3":"status-publish","4":"has-post-thumbnail","6":"product_cat-big-tree-dresses-thailand","7":"product_tag-big-tree","8":"product_tag-black","9":"product_tag-cotton","10":"product_tag-double","11":"product_tag-dress","12":"product_tag-dresses","13":"product_tag-ladies","14":"product_tag-layer","15":"product_tag-light-grey","16":"product_tag-thai-pants","17":"product_tag-thailand","18":"product_tag-women","20":"first","21":"instock","22":"shipping-taxable","23":"purchasable","24":"product-type-simple"},"_links":{"self":[{"href":"https:\/\/thai-clothing.com\/de\/wp-json\/wp\/v2\/product\/17509","targetHints":{"allow":["GET"]}}],"collection":[{"href":"https:\/\/thai-clothing.com\/de\/wp-json\/wp\/v2\/product"}],"about":[{"href":"https:\/\/thai-clothing.com\/de\/wp-json\/wp\/v2\/types\/product"}],"replies":[{"embeddable":true,"href":"https:\/\/thai-clothing.com\/de\/wp-json\/wp\/v2\/comments?post=17509"}],"wp:featuredmedia":[{"embeddable":true,"href":"https:\/\/thai-clothing.com\/de\/wp-json\/wp\/v2\/media\/17510"}],"wp:attachment":[{"href":"https:\/\/thai-clothing.com\/de\/wp-json\/wp\/v2\/media?parent=17509"}],"wp:term":[{"taxonomy":"product_brand","embeddable":true,"href":"https:\/\/thai-clothing.com\/de\/wp-json\/wp\/v2\/product_brand?post=17509"},{"taxonomy":"product_cat","embeddable":true,"href":"https:\/\/thai-clothing.com\/de\/wp-json\/wp\/v2\/product_cat?post=17509"},{"taxonomy":"product_tag","embeddable":true,"href":"https:\/\/thai-clothing.com\/de\/wp-json\/wp\/v2\/product_tag?post=17509"},{"taxonomy":"pa_sizes","embeddable":true,"href":"https:\/\/thai-clothing.com\/de\/wp-json\/wp\/v2\/pa_sizes?post=17509"}],"curies":[{"name":"wp","href":"https:\/\/api.w.org\/{rel}","templated":true}]}}