{"id":21728,"date":"2022-05-05T20:58:40","date_gmt":"2022-05-05T13:58:40","guid":{"rendered":"https:\/\/thai-clothing.com\/?post_type=product&#038;p=21728"},"modified":"2024-01-07T12:22:30","modified_gmt":"2024-01-07T05:22:30","slug":"molecule-canvas-buckle-belt-b06-black","status":"publish","type":"product","link":"https:\/\/thai-clothing.com\/de\/produkt\/molecule-canvas-buckle-belt-b06-black\/","title":{"rendered":"Molecule Canvas G\u00fcrtel mit Schnalle B06 \"Klassisch\" - SCHWARZ"},"content":{"rendered":"<h1 style=\"text-align: center;\"><span style=\"font-family: verdana, geneva, sans-serif; font-size: 24pt;\">Canvas G\u00fcrtel - Schwarz - Klassische Schnalle<\/span><\/h1>\n<h2 style=\"text-align: center;\"><span style=\"font-family: verdana, geneva, sans-serif;\">Molecule G\u00fcrtel \u2013 B06 (ganzes Molecule Symbol)<\/span><span style=\"font-family: verdana, geneva, sans-serif;\"><img decoding=\"async\" class=\"wp-image-16235 size-full alignright lazyload\" data-src=\"http:\/\/thai-clothing.com\/wp-content\/uploads\/2016\/12\/Molecule_animated-GIF.gif\" alt=\"\" width=\"59\" height=\"59\" src=\"data:image\/svg+xml;base64,PHN2ZyB3aWR0aD0iMSIgaGVpZ2h0PSIxIiB4bWxucz0iaHR0cDovL3d3dy53My5vcmcvMjAwMC9zdmciPjwvc3ZnPg==\" style=\"--smush-placeholder-width: 59px; --smush-placeholder-aspect-ratio: 59\/59;\" \/><\/span><\/h2>\n<p><span style=\"font-family: verdana, geneva, sans-serif;\">Dieser G\u00fcrtel ist nicht nur supercool, sondern auch sehr belastbar und praktisch. Er besteht aus robustem Canvas (Segeltuch) mit einer Chromschnalle, die das Molecule-Symbol zeigt. <\/span><\/p>\n<h3 style=\"padding-left: 80px;\"><span style=\"font-family: verdana, geneva, sans-serif;\">Ma\u00dfe:<\/span><\/h3>\n<ul>\n<li style=\"list-style-type: none;\">\n<ul>\n<li style=\"list-style-type: none;\">\n<ul>\n<li><span style=\"font-family: verdana, geneva, sans-serif;\">Breite: 1,5 Zoll \/ 3,8 cm<\/span><\/li>\n<li><span style=\"font-family: verdana, geneva, sans-serif;\">L\u00e4nge (ohne Schnalle): 45 Zoll \/ 115 cm<\/span><\/li>\n<li><span style=\"font-family: verdana, geneva, sans-serif;\">Schnallenl\u00e4nge: 2,5 Zoll \/ 6,5 cm<\/span><\/li>\n<\/ul>\n<\/li>\n<\/ul>\n<\/li>\n<\/ul>\n<p><span style=\"font-family: verdana, geneva, sans-serif;\">Der Gurt l\u00e4sst sich leicht k\u00fcrzen, indem man ihn einfach mit einer Schere abschneidet und wieder in den gezahnten B\u00fcgel der Schnalle einklemmt.<\/span><\/p>\n<p><span style=\"font-family: verdana, geneva, sans-serif;\"><strong>Gimmick<\/strong>: Die R\u00fcckseite der Schnalle kann als Bier\u00f6ffner verwendet werden!<\/span><\/p>\n<p style=\"text-align: center;\"><span style=\"font-family: verdana, geneva, sans-serif;\"><a href=\"\/product-category\/molecule-pants-thailand\/\"><img decoding=\"async\" class=\"aligncenter wp-image-16207 size-full lazyload\" title=\"Molecule Cargo Pants - Molecule Clothing seit 1998 Thailand\" data-src=\"http:\/\/thai-clothing.com\/wp-content\/uploads\/2016\/12\/Molecule_Pants.png\" alt=\"Molecule Clothing since 1998\" width=\"518\" height=\"124\" src=\"data:image\/svg+xml;base64,PHN2ZyB3aWR0aD0iMSIgaGVpZ2h0PSIxIiB4bWxucz0iaHR0cDovL3d3dy53My5vcmcvMjAwMC9zdmciPjwvc3ZnPg==\" style=\"--smush-placeholder-width: 518px; --smush-placeholder-aspect-ratio: 518\/124;\" \/><\/a><\/span><\/p>\n<p style=\"text-align: center;\"><span style=\"font-size: 12pt; font-family: verdana, geneva, sans-serif;\">Wir verkaufen nur ORIGINAL Molecule Pants, die wir direkt vom Hersteller beziehen.<\/span><\/p>","protected":false},"excerpt":{"rendered":"<ul>\n<li><span style=\"font-family: verdana, geneva, sans-serif;\">strapazierf\u00e4higer \"Canvas\" Stoff<\/span><\/li>\n<li><span style=\"font-family: verdana, geneva, sans-serif;\">coole Chrom-Schnalle<\/span><\/li>\n<li><span style=\"font-family: verdana, geneva, sans-serif;\">anpassbar<\/span><\/li>\n<li><span style=\"font-family: verdana, geneva, sans-serif;\">Bier\u00f6ffner<\/span><\/li>\n<\/ul>","protected":false},"featured_media":21738,"comment_status":"open","ping_status":"closed","template":"","meta":[],"product_brand":[],"product_cat":[600],"product_tag":[603,17,602,601,562,604,359],"pa_sizes":[285,284,283,286],"class_list":{"0":"post-21728","1":"product","2":"type-product","3":"status-publish","4":"has-post-thumbnail","6":"product_cat-molecule-belts","7":"product_tag-belt","8":"product_tag-black","9":"product_tag-buckle","10":"product_tag-canvas","11":"product_tag-classic","12":"product_tag-logo","13":"product_tag-molecule","14":"pa_sizes-size-l-large","15":"pa_sizes-size-m-medium","16":"pa_sizes-size-s-small","17":"pa_sizes-size-xl-extra-large","19":"first","20":"outofstock","21":"shipping-taxable","22":"purchasable","23":"product-type-simple"},"_links":{"self":[{"href":"https:\/\/thai-clothing.com\/de\/wp-json\/wp\/v2\/product\/21728","targetHints":{"allow":["GET"]}}],"collection":[{"href":"https:\/\/thai-clothing.com\/de\/wp-json\/wp\/v2\/product"}],"about":[{"href":"https:\/\/thai-clothing.com\/de\/wp-json\/wp\/v2\/types\/product"}],"replies":[{"embeddable":true,"href":"https:\/\/thai-clothing.com\/de\/wp-json\/wp\/v2\/comments?post=21728"}],"wp:featuredmedia":[{"embeddable":true,"href":"https:\/\/thai-clothing.com\/de\/wp-json\/wp\/v2\/media\/21738"}],"wp:attachment":[{"href":"https:\/\/thai-clothing.com\/de\/wp-json\/wp\/v2\/media?parent=21728"}],"wp:term":[{"taxonomy":"product_brand","embeddable":true,"href":"https:\/\/thai-clothing.com\/de\/wp-json\/wp\/v2\/product_brand?post=21728"},{"taxonomy":"product_cat","embeddable":true,"href":"https:\/\/thai-clothing.com\/de\/wp-json\/wp\/v2\/product_cat?post=21728"},{"taxonomy":"product_tag","embeddable":true,"href":"https:\/\/thai-clothing.com\/de\/wp-json\/wp\/v2\/product_tag?post=21728"},{"taxonomy":"pa_sizes","embeddable":true,"href":"https:\/\/thai-clothing.com\/de\/wp-json\/wp\/v2\/pa_sizes?post=21728"}],"curies":[{"name":"wp","href":"https:\/\/api.w.org\/{rel}","templated":true}]}}