{"id":24746,"date":"2022-09-27T01:47:50","date_gmt":"2022-09-26T18:47:50","guid":{"rendered":"https:\/\/thai-clothing.com\/?post_type=product&#038;p=24746"},"modified":"2026-02-05T13:33:38","modified_gmt":"2026-02-05T06:33:38","slug":"universal-traveller-molecule-pants-green","status":"publish","type":"product","link":"https:\/\/thai-clothing.com\/de\/produkt\/universal-traveller-molecule-pants-green\/","title":{"rendered":"\"Universal Traveller\" Molecule Hose - Gr\u00fcne lange Cargohose (Unisex)"},"content":{"rendered":"<h2><span style=\"font-family: verdana, geneva, sans-serif;\">Universal Traveller Molecule Hose Gr\u00fcn<img decoding=\"async\" class=\"wp-image-16235 size-full alignright lazyload\" data-src=\"http:\/\/thai-clothing.com\/wp-content\/uploads\/2016\/12\/Molecule_animated-GIF.gif\" alt=\"\" width=\"59\" height=\"59\" src=\"data:image\/svg+xml;base64,PHN2ZyB3aWR0aD0iMSIgaGVpZ2h0PSIxIiB4bWxucz0iaHR0cDovL3d3dy53My5vcmcvMjAwMC9zdmciPjwvc3ZnPg==\" style=\"--smush-placeholder-width: 59px; --smush-placeholder-aspect-ratio: 59\/59;\" \/><\/span><\/h2>\n<p><span style=\"font-size: 12pt; font-family: verdana, geneva, sans-serif;\">Das Modell 45038, hier in Safarigr\u00fcn, ist aus 100% Baumwolle mit klassischem Schnitt. Die Beine sind weit und bequem, aber weniger baggy als z.B. das Molecule<strong> Venture<\/strong> Modell.<\/span><\/p>\n<p><span style=\"font-size: 12pt; font-family: verdana, geneva, sans-serif;\"><span style=\"color: #ff0000;\"><strong>Achtung:<\/strong> <\/span>Dieses Modell ist <strong>unisex<\/strong> und die Gr\u00f6\u00dfeneinstufung (S, M, L, XL) entspricht eher Damengr\u00f6\u00dfen, bitte <strong>vergleichen Sie daher die unten angegebenen Ma\u00dfe<\/strong>, Sie m\u00fcssen eventuell 1 Nummer gr\u00f6\u00dfer w\u00e4hlen!<\/span><\/p>\n<p><span style=\"font-size: 12pt; font-family: verdana, geneva, sans-serif;\">Dieses Universal Traveller Modell hat insgesamt 6 Taschen, alle mit Patten und Druckkn\u00f6pfen. <\/span><\/p>\n<p><span style=\"font-size: 12pt; font-family: verdana, geneva, sans-serif;\">In dieser Hose kann man eine Menge Dinge verstauen und mit herumtragen und noch gr\u00f6\u00dfere Dinge wie ein Buch oder eine Kamera in den beiden seitlichen Cargotaschen, sodass man bei dieser Hose eigentlich kaum eine Tasche ben\u00f6tigt.<\/span><\/p>\n<p><span style=\"font-size: 12pt; font-family: verdana, geneva, sans-serif;\">Im Einzelnen gibt es<\/span><\/p>\n<ul>\n<li><span style=\"font-size: 12pt; font-family: verdana, geneva, sans-serif;\">2 Vordertaschen<\/span><\/li>\n<li><span style=\"font-size: 12pt; font-family: verdana, geneva, sans-serif;\">2 Vordertaschen mit Patte + Druckkn\u00f6pfe<\/span><\/li>\n<li><span style=\"font-size: 12pt; font-family: verdana, geneva, sans-serif;\">2 Ges\u00e4\u00dftaschen mit Patte + Druckkn\u00f6pfe<\/span><\/li>\n<\/ul>\n<p><span style=\"font-size: 12pt; font-family: verdana, geneva, sans-serif;\">Durch den praktischen Innenbund mit Kordelzug, der vorne heraus kommt, braucht man nicht einmal einen G\u00fcrtel.<\/span><\/p>\n<p><span style=\"font-family: verdana, geneva, sans-serif;\"><strong><span style=\"font-size: 14pt;\">Universal Traveller Molecule Hose GR\u00dcN \u2013 Gr\u00f6\u00dfen \/ Ma\u00dfe:<\/span><\/strong><\/span><\/p>\n<p style=\"letter-spacing: 0.8px; text-align: left; padding-left: 40px;\"><span style=\"font-size: 12pt; font-family: verdana, geneva, sans-serif;\"><strong>Standardgr\u00f6\u00dfen wie S, M, L, XL k\u00f6nnen sehr unterschiedlich ausfallen, daher bitte vor der Bestellung die spezifisch angegebenen Ma\u00dfe pr\u00fcfen! <\/strong><\/span><\/p>\n<p style=\"letter-spacing: 0.8px; text-align: left; padding-left: 40px;\"><span style=\"font-size: 12pt; font-family: verdana, geneva, sans-serif;\">Einfach eine gut sitzende Hose flach auf den Boden legen und die jeweiligen Ma\u00dfe vergleichen: <\/span><\/p>\n<p><span style=\"font-family: verdana, geneva, sans-serif;\"><h2 id=\"tablepress-1211-name\" class=\"tablepress-table-name tablepress-table-name-id-1211\">Ma\u00dfe Molecule Damen TRAVELER \/ 45038<\/h2>\n\n<table id=\"tablepress-1211\" class=\"tablepress tablepress-id-1211 tbody-has-connected-cells\" aria-labelledby=\"tablepress-1211-name\">\n<tbody class=\"row-striping row-hover\">\n<tr class=\"row-1\">\n\t<td class=\"column-1\"><center><strong>Gr\u00f6\u00dfe<\/strong><\/center><\/td><td class=\"column-2\"><center><strong>A) G\u00fcrtellinie (flach) \/ Taille<\/strong><\/center><\/td><td class=\"column-3\"><center><strong>B) L\u00e4nge (Schrittl\u00e4nge)<\/strong><\/center><\/td><td class=\"column-4\"><center><strong>C) Gesamtl\u00e4nge (Au\u00dfennaht)<\/strong><\/center><\/td><td rowspan=\"5\" class=\"column-5\"><img decoding=\"async\" data-src=\"http:\/\/thai-clothing.com\/wp-content\/uploads\/2021\/03\/61_Measurements_Molecule_Pants_Lady-Traveler_red.jpg\" alt=\"\" width=\"180\" height=\"270\" class=\"alignnone size-full wp-image-16214 lazyload\" src=\"data:image\/svg+xml;base64,PHN2ZyB3aWR0aD0iMSIgaGVpZ2h0PSIxIiB4bWxucz0iaHR0cDovL3d3dy53My5vcmcvMjAwMC9zdmciPjwvc3ZnPg==\" style=\"--smush-placeholder-width: 180px; --smush-placeholder-aspect-ratio: 180\/270;\" \/><\/td>\n<\/tr>\n<tr class=\"row-2\">\n\t<td class=\"column-1\"><center><img decoding=\"async\" data-src=\"http:\/\/thai-clothing.com\/wp-content\/uploads\/2021\/03\/Molecule_Pants_Shop_Size_S.png\" alt=\"Molecule Pants size S\" width=\"40\" height=\"40\" class=\"alignnone size-full wp-image-16218 lazyload\" src=\"data:image\/svg+xml;base64,PHN2ZyB3aWR0aD0iMSIgaGVpZ2h0PSIxIiB4bWxucz0iaHR0cDovL3d3dy53My5vcmcvMjAwMC9zdmciPjwvc3ZnPg==\" style=\"--smush-placeholder-width: 40px; --smush-placeholder-aspect-ratio: 40\/40;\" \/><\/center><\/td><td class=\"column-2\"><center>13 inch \/ 33 cm<\/center><\/td><td class=\"column-3\"><center>30,5 inch \/ 77-78 cm<\/center><\/td><td class=\"column-4\"><center>39-41 inch \/ 99-104 cm<\/center><\/td>\n<\/tr>\n<tr class=\"row-3\">\n\t<td class=\"column-1\"><center><img decoding=\"async\" data-src=\"http:\/\/thai-clothing.com\/wp-content\/uploads\/2021\/03\/Molecule_Pants_Shop_Size_M.png\" alt=\"Molecule Pants size M\" width=\"40\" height=\"40\" class=\"alignnone size-full wp-image-16219 lazyload\" src=\"data:image\/svg+xml;base64,PHN2ZyB3aWR0aD0iMSIgaGVpZ2h0PSIxIiB4bWxucz0iaHR0cDovL3d3dy53My5vcmcvMjAwMC9zdmciPjwvc3ZnPg==\" style=\"--smush-placeholder-width: 40px; --smush-placeholder-aspect-ratio: 40\/40;\" \/><\/center><\/td><td class=\"column-2\"><center>15 inch \/ 38-39 cm<\/center><\/td><td class=\"column-3\"><center>32 inch \/ 81-82 cm<\/center><\/td><td class=\"column-4\"><center>41-42 inch \/ 103-106 cm<\/center><\/td>\n<\/tr>\n<tr class=\"row-4\">\n\t<td class=\"column-1\"><center><img decoding=\"async\" data-src=\"http:\/\/thai-clothing.com\/wp-content\/uploads\/2021\/03\/Molecule_Pants_Shop_Size_L.png\" alt=\"Molecule Pants size L\" width=\"40\" height=\"40\" class=\"alignnone size-full wp-image-16220 lazyload\" src=\"data:image\/svg+xml;base64,PHN2ZyB3aWR0aD0iMSIgaGVpZ2h0PSIxIiB4bWxucz0iaHR0cDovL3d3dy53My5vcmcvMjAwMC9zdmciPjwvc3ZnPg==\" style=\"--smush-placeholder-width: 40px; --smush-placeholder-aspect-ratio: 40\/40;\" \/><\/center><\/td><td class=\"column-2\"><center>16,5-17 inch \/ 42-43 cm<\/center><\/td><td class=\"column-3\"><center>32 inch \/ 81-82 cm<\/center><\/td><td class=\"column-4\"><center>41-42 inch \/ 104-107 cm<\/center><\/td>\n<\/tr>\n<tr class=\"row-5\">\n\t<td class=\"column-1\"><center><img decoding=\"async\" data-src=\"http:\/\/thai-clothing.com\/wp-content\/uploads\/2021\/03\/Molecule_Pants_Shop_Size_XL.png\" alt=\"Molecule Pants size XL\" width=\"40\" height=\"40\" class=\"alignnone size-full wp-image-16221 lazyload\" src=\"data:image\/svg+xml;base64,PHN2ZyB3aWR0aD0iMSIgaGVpZ2h0PSIxIiB4bWxucz0iaHR0cDovL3d3dy53My5vcmcvMjAwMC9zdmciPjwvc3ZnPg==\" style=\"--smush-placeholder-width: 40px; --smush-placeholder-aspect-ratio: 40\/40;\" \/><\/center><\/td><td class=\"column-2\"><center>17-18 inch \/ 46-47 cm<\/center><\/td><td class=\"column-3\"><center>32-33 inch \/ 84-87 cm<\/center><\/td><td class=\"column-4\"><center>42,5-44 inch \/ 109-112 cm<\/center><\/td>\n<\/tr>\n<\/tbody>\n<\/table>\n<!-- #tablepress-1211 from cache --><\/span><\/p>\n<p><span style=\"font-size: 12pt; font-family: verdana, geneva, sans-serif;\"><strong>Alle Ma\u00dfe sind ungef\u00e4hre Werte und k\u00f6nnen geringf\u00fcgig abweichen!<\/strong><\/span><\/p>\n<p><span style=\"font-family: verdana, geneva, sans-serif;\">Wir bieten dieses Molecule Universal Traveller Modell in folgenden Farben an:<\/span><\/p>\n<table style=\"border-style: none; width: 100%; height: 546px;\">\n<tbody>\n<tr style=\"height: 522px;\">\n<td style=\"border-style: none; height: 522px;\"><span style=\"font-family: verdana, geneva, sans-serif;\"><a href=\"https:\/\/thai-clothing.com\/wp-content\/uploads\/2021\/03\/Thai-Clothing_Molecule_Women_Pants_Lady-Traveller_GREEN-1.jpg\"><img decoding=\"async\" class=\"alignnone wp-image-16512 size-full lazyload\" title=\"zur Produktseite der GR\u00dcNEN Combat Pants.\" data-src=\"https:\/\/thai-clothing.com\/wp-content\/uploads\/2021\/03\/Thai-Clothing_Molecule_Women_Pants_Lady-Traveller_GREEN-1.jpg\" alt=\"Molecule Women Pants Lady Traveler Green\" width=\"900\" height=\"900\" data-srcset=\"https:\/\/thai-clothing.com\/wp-content\/uploads\/2021\/03\/Thai-Clothing_Molecule_Women_Pants_Lady-Traveller_GREEN-1.jpg 900w, https:\/\/thai-clothing.com\/wp-content\/uploads\/2021\/03\/Thai-Clothing_Molecule_Women_Pants_Lady-Traveller_GREEN-1-300x300.jpg 300w, https:\/\/thai-clothing.com\/wp-content\/uploads\/2021\/03\/Thai-Clothing_Molecule_Women_Pants_Lady-Traveller_GREEN-1-100x100.jpg 100w, https:\/\/thai-clothing.com\/wp-content\/uploads\/2021\/03\/Thai-Clothing_Molecule_Women_Pants_Lady-Traveller_GREEN-1-600x600.jpg 600w\" data-sizes=\"auto, (max-width: 900px) 100vw, 900px\" src=\"data:image\/svg+xml;base64,PHN2ZyB3aWR0aD0iMSIgaGVpZ2h0PSIxIiB4bWxucz0iaHR0cDovL3d3dy53My5vcmcvMjAwMC9zdmciPjwvc3ZnPg==\" style=\"--smush-placeholder-width: 900px; --smush-placeholder-aspect-ratio: 900\/900;\" \/><\/a><\/span><\/td>\n<td style=\"border-style: none; height: 522px;\"><span style=\"font-family: verdana, geneva, sans-serif;\"><a href=\"https:\/\/thai-clothing.com\/wp-content\/uploads\/2021\/03\/Thai-Clothing_Molecule_Women_Pants_Lady-Traveller_BLACK-1.jpg\"><img decoding=\"async\" class=\"alignnone wp-image-16515 size-full lazyload\" title=\"zur Produktseite der SCHWARZEN Combat Pants.\" data-src=\"https:\/\/thai-clothing.com\/wp-content\/uploads\/2021\/03\/Thai-Clothing_Molecule_Women_Pants_Lady-Traveller_BLACK-1.jpg\" alt=\"Molecule Women Pants Lady Traveler Black\" width=\"900\" height=\"900\" data-srcset=\"https:\/\/thai-clothing.com\/wp-content\/uploads\/2021\/03\/Thai-Clothing_Molecule_Women_Pants_Lady-Traveller_BLACK-1.jpg 900w, https:\/\/thai-clothing.com\/wp-content\/uploads\/2021\/03\/Thai-Clothing_Molecule_Women_Pants_Lady-Traveller_BLACK-1-300x300.jpg 300w, https:\/\/thai-clothing.com\/wp-content\/uploads\/2021\/03\/Thai-Clothing_Molecule_Women_Pants_Lady-Traveller_BLACK-1-100x100.jpg 100w, https:\/\/thai-clothing.com\/wp-content\/uploads\/2021\/03\/Thai-Clothing_Molecule_Women_Pants_Lady-Traveller_BLACK-1-600x600.jpg 600w\" data-sizes=\"auto, (max-width: 900px) 100vw, 900px\" src=\"data:image\/svg+xml;base64,PHN2ZyB3aWR0aD0iMSIgaGVpZ2h0PSIxIiB4bWxucz0iaHR0cDovL3d3dy53My5vcmcvMjAwMC9zdmciPjwvc3ZnPg==\" style=\"--smush-placeholder-width: 900px; --smush-placeholder-aspect-ratio: 900\/900;\" \/><\/a><\/span><\/td>\n<td style=\"border-style: none; height: 522px;\"><\/td>\n<\/tr>\n<tr style=\"height: 24px;\">\n<td style=\"border-style: none; height: 24px;\"><\/td>\n<td style=\"border-style: none; height: 24px;\"><\/td>\n<td style=\"border-style: none; height: 24px;\"><\/td>\n<\/tr>\n<\/tbody>\n<\/table>\n<p><span style=\"font-family: verdana, geneva, sans-serif;\">(Klicken Sie auf die Bilder, um zu den jeweiligen Produktseiten zu gelangen)<\/span><\/p>\n<h2><span style=\"font-family: verdana, geneva, sans-serif;\">Molecule Cargo Pants<\/span><\/h2>\n<p style=\"letter-spacing: 0.8px;\"><span style=\"font-size: 12pt; font-family: verdana, geneva, sans-serif;\">Molecule Cargo Pants sind hochwertige Hosen aus robuster und strapazierf\u00e4higer Baumwolle (100%) sehr gut verarbeitet mit festen N\u00e4hten. Deine Molecule Hose wird dein bester Freund unterwegs auf Reisen, im Urlaub, bei Ausfl\u00fcgen oder auch beim Einkaufen oder bei Freizeitaktivit\u00e4ten, auf Partys, Festivals, \u2026 Sie wird dich nie im Stich lassen!<\/span><\/p>\n<p style=\"letter-spacing: 0.8px;\"><span style=\"font-size: 12pt; font-family: verdana, geneva, sans-serif;\">Alle Molecule Hosen sind pflegeleicht, waschmaschinenfest (60\u00b0) und kein B\u00fcgeln n\u00f6tig, da sich der Stoff beim Tragen gerade zieht.<\/span><\/p>\n<p style=\"text-align: center;\"><span style=\"font-family: verdana, geneva, sans-serif;\"><a href=\"\/product-category\/molecule-pants-thailand\/\"><img decoding=\"async\" class=\"aligncenter wp-image-16207 size-full lazyload\" title=\"Molecule Cargo Pants - Molecule Clothing seit 1998 Thailand\" data-src=\"http:\/\/thai-clothing.com\/wp-content\/uploads\/2016\/12\/Molecule_Pants.png\" alt=\"Molecule Clothing since 1998\" width=\"518\" height=\"124\" src=\"data:image\/svg+xml;base64,PHN2ZyB3aWR0aD0iMSIgaGVpZ2h0PSIxIiB4bWxucz0iaHR0cDovL3d3dy53My5vcmcvMjAwMC9zdmciPjwvc3ZnPg==\" style=\"--smush-placeholder-width: 518px; --smush-placeholder-aspect-ratio: 518\/124;\" \/><\/a><\/span><\/p>\n<p style=\"text-align: center;\"><span style=\"font-size: 12pt; font-family: verdana, geneva, sans-serif;\">Wir verkaufen nur ORIGINAL Molecule Pants, die wir direkt vom Hersteller beziehen.<\/span><\/p>","protected":false},"excerpt":{"rendered":"<ul>\n<li><span style=\"font-family: verdana, geneva, sans-serif;\">45038 Green<\/span><\/li>\n<li><span style=\"font-family: verdana, geneva, sans-serif;\">klassischer Cargo-Schnitt<\/span><\/li>\n<li><span style=\"font-family: verdana, geneva, sans-serif;\">6 praktische Taschen<\/span><\/li>\n<li><span style=\"font-family: verdana, geneva, sans-serif;\">100 % robuste Baumwolle<\/span><\/li>\n<li><span style=\"font-family: verdana, geneva, sans-serif;\">unisex<\/span><\/li>\n<\/ul>","protected":false},"featured_media":16512,"comment_status":"open","ping_status":"closed","template":"","meta":[],"product_brand":[],"product_cat":[275,295],"product_tag":[276,326,278,81,344,343,280,359,287,281,616,617,615],"pa_sizes":[285,284,283,286],"class_list":{"0":"post-24746","1":"product","2":"type-product","3":"status-publish","4":"has-post-thumbnail","6":"product_cat-molecule-long-pants","7":"product_cat-molecule-women-pants","8":"product_tag-100-heavy-cotton","9":"product_tag-326","10":"product_tag-army-pants","11":"product_tag-green","12":"product_tag-green-cargo-pants","13":"product_tag-green-trousers","14":"product_tag-long-cargo-pants","15":"product_tag-molecule","16":"product_tag-safari-green","17":"product_tag-travel-pants","18":"product_tag-traveller","19":"product_tag-unisex","20":"product_tag-universal","21":"pa_sizes-size-l-large","22":"pa_sizes-size-m-medium","23":"pa_sizes-size-s-small","24":"pa_sizes-size-xl-extra-large","26":"first","27":"instock","28":"shipping-taxable","29":"purchasable","30":"product-type-variable"},"_links":{"self":[{"href":"https:\/\/thai-clothing.com\/de\/wp-json\/wp\/v2\/product\/24746","targetHints":{"allow":["GET"]}}],"collection":[{"href":"https:\/\/thai-clothing.com\/de\/wp-json\/wp\/v2\/product"}],"about":[{"href":"https:\/\/thai-clothing.com\/de\/wp-json\/wp\/v2\/types\/product"}],"replies":[{"embeddable":true,"href":"https:\/\/thai-clothing.com\/de\/wp-json\/wp\/v2\/comments?post=24746"}],"wp:featuredmedia":[{"embeddable":true,"href":"https:\/\/thai-clothing.com\/de\/wp-json\/wp\/v2\/media\/16512"}],"wp:attachment":[{"href":"https:\/\/thai-clothing.com\/de\/wp-json\/wp\/v2\/media?parent=24746"}],"wp:term":[{"taxonomy":"product_brand","embeddable":true,"href":"https:\/\/thai-clothing.com\/de\/wp-json\/wp\/v2\/product_brand?post=24746"},{"taxonomy":"product_cat","embeddable":true,"href":"https:\/\/thai-clothing.com\/de\/wp-json\/wp\/v2\/product_cat?post=24746"},{"taxonomy":"product_tag","embeddable":true,"href":"https:\/\/thai-clothing.com\/de\/wp-json\/wp\/v2\/product_tag?post=24746"},{"taxonomy":"pa_sizes","embeddable":true,"href":"https:\/\/thai-clothing.com\/de\/wp-json\/wp\/v2\/pa_sizes?post=24746"}],"curies":[{"name":"wp","href":"https:\/\/api.w.org\/{rel}","templated":true}]}}