{"id":24896,"date":"2022-09-27T20:21:32","date_gmt":"2022-09-27T13:21:32","guid":{"rendered":"https:\/\/thai-clothing.com\/?post_type=product&#038;p=24896"},"modified":"2024-07-08T22:27:23","modified_gmt":"2024-07-08T15:27:23","slug":"canvas-buckle-belt-b06-classic-beige","status":"publish","type":"product","link":"https:\/\/thai-clothing.com\/de\/produkt\/canvas-buckle-belt-b06-classic-beige\/","title":{"rendered":"Molecule Canvas G\u00fcrtel mit Schnalle B06 \"Klassisch\" - Beige"},"content":{"rendered":"<h1 style=\"text-align: center;\"><span style=\"font-family: verdana, geneva, sans-serif; font-size: 24pt;\">Canvas G\u00fcrtel - Beige - Klassische Schnalle<\/span><\/h1>\n<h2 style=\"text-align: center;\"><span style=\"font-family: verdana, geneva, sans-serif;\">Molecule G\u00fcrtel \u2013 B06 (ganzes Molecule Symbol)<\/span><span style=\"font-family: verdana, geneva, sans-serif;\"><img decoding=\"async\" class=\"wp-image-16235 size-full alignright lazyload\" data-src=\"http:\/\/thai-clothing.com\/wp-content\/uploads\/2016\/12\/Molecule_animated-GIF.gif\" alt=\"\" width=\"59\" height=\"59\" src=\"data:image\/svg+xml;base64,PHN2ZyB3aWR0aD0iMSIgaGVpZ2h0PSIxIiB4bWxucz0iaHR0cDovL3d3dy53My5vcmcvMjAwMC9zdmciPjwvc3ZnPg==\" style=\"--smush-placeholder-width: 59px; --smush-placeholder-aspect-ratio: 59\/59;\" \/><\/span><\/h2>\n<p><span style=\"font-family: verdana, geneva, sans-serif;\">Dieser G\u00fcrtel ist nicht nur supercool, sondern auch sehr belastbar und praktisch. Er besteht aus robustem Canvas (Segeltuch) mit einer Chromschnalle, die das Molecule-Symbol zeigt. <\/span><\/p>\n<h3 style=\"padding-left: 80px;\"><span style=\"font-family: verdana, geneva, sans-serif;\">Ma\u00dfe:<\/span><\/h3>\n<ul>\n<li style=\"list-style-type: none;\">\n<ul>\n<li style=\"list-style-type: none;\">\n<ul>\n<li><span style=\"font-family: verdana, geneva, sans-serif;\">Breite: 1,5 Zoll \/ 3,8 cm<\/span><\/li>\n<li><span style=\"font-family: verdana, geneva, sans-serif;\">L\u00e4nge (ohne Schnalle): 45 Zoll \/ 115 cm<\/span><\/li>\n<li><span style=\"font-family: verdana, geneva, sans-serif;\">Schnallenl\u00e4nge: 2,5 Zoll \/ 6,5 cm<\/span><\/li>\n<\/ul>\n<\/li>\n<\/ul>\n<\/li>\n<\/ul>\n<p><span style=\"font-family: verdana, geneva, sans-serif;\">Der Gurt l\u00e4sst sich leicht k\u00fcrzen, indem man ihn einfach mit einer Schere abschneidet und wieder in den gezahnten B\u00fcgel der Schnalle einklemmt.<\/span><\/p>\n<p><span style=\"font-family: verdana, geneva, sans-serif;\"><strong>Gimmick<\/strong>: Die R\u00fcckseite der Schnalle kann als Bier\u00f6ffner verwendet werden!<\/span><\/p>\n<p style=\"text-align: center;\"><span style=\"font-family: verdana, geneva, sans-serif;\"><a href=\"\/product-category\/molecule-pants-thailand\/\"><img decoding=\"async\" class=\"aligncenter wp-image-16207 size-full lazyload\" title=\"Molecule Cargo Pants - Molecule Clothing seit 1998 Thailand\" data-src=\"http:\/\/thai-clothing.com\/wp-content\/uploads\/2016\/12\/Molecule_Pants.png\" alt=\"Molecule Clothing since 1998\" width=\"518\" height=\"124\" src=\"data:image\/svg+xml;base64,PHN2ZyB3aWR0aD0iMSIgaGVpZ2h0PSIxIiB4bWxucz0iaHR0cDovL3d3dy53My5vcmcvMjAwMC9zdmciPjwvc3ZnPg==\" style=\"--smush-placeholder-width: 518px; --smush-placeholder-aspect-ratio: 518\/124;\" \/><\/a><\/span><\/p>\n<p style=\"text-align: center;\"><span style=\"font-size: 12pt; font-family: verdana, geneva, sans-serif;\">Wir verkaufen nur ORIGINAL Molecule Pants, die wir direkt vom Hersteller beziehen.<\/span><\/p>","protected":false},"excerpt":{"rendered":"<ul>\n<li><span style=\"font-family: verdana, geneva, sans-serif;\">strapazierf\u00e4higer \"Canvas\" Stoff<\/span><\/li>\n<li><span style=\"font-family: verdana, geneva, sans-serif;\">coole Chrom-Schnalle<\/span><\/li>\n<li><span style=\"font-family: verdana, geneva, sans-serif;\">anpassbar<\/span><\/li>\n<li><span style=\"font-family: verdana, geneva, sans-serif;\">Bier\u00f6ffner<\/span><\/li>\n<\/ul>","protected":false},"featured_media":24894,"comment_status":"open","ping_status":"closed","template":"","meta":[],"product_brand":[],"product_cat":[600],"product_tag":[60,364,603,602,601,562,604,359],"pa_sizes":[285,284,283,286],"class_list":{"0":"post-24896","1":"product","2":"type-product","3":"status-publish","4":"has-post-thumbnail","6":"product_cat-molecule-belts","7":"product_tag-beige","8":"product_tag-beige-cream","9":"product_tag-belt","10":"product_tag-buckle","11":"product_tag-canvas","12":"product_tag-classic","13":"product_tag-logo","14":"product_tag-molecule","15":"pa_sizes-size-l-large","16":"pa_sizes-size-m-medium","17":"pa_sizes-size-s-small","18":"pa_sizes-size-xl-extra-large","20":"first","21":"outofstock","22":"shipping-taxable","23":"purchasable","24":"product-type-simple"},"_links":{"self":[{"href":"https:\/\/thai-clothing.com\/de\/wp-json\/wp\/v2\/product\/24896","targetHints":{"allow":["GET"]}}],"collection":[{"href":"https:\/\/thai-clothing.com\/de\/wp-json\/wp\/v2\/product"}],"about":[{"href":"https:\/\/thai-clothing.com\/de\/wp-json\/wp\/v2\/types\/product"}],"replies":[{"embeddable":true,"href":"https:\/\/thai-clothing.com\/de\/wp-json\/wp\/v2\/comments?post=24896"}],"wp:featuredmedia":[{"embeddable":true,"href":"https:\/\/thai-clothing.com\/de\/wp-json\/wp\/v2\/media\/24894"}],"wp:attachment":[{"href":"https:\/\/thai-clothing.com\/de\/wp-json\/wp\/v2\/media?parent=24896"}],"wp:term":[{"taxonomy":"product_brand","embeddable":true,"href":"https:\/\/thai-clothing.com\/de\/wp-json\/wp\/v2\/product_brand?post=24896"},{"taxonomy":"product_cat","embeddable":true,"href":"https:\/\/thai-clothing.com\/de\/wp-json\/wp\/v2\/product_cat?post=24896"},{"taxonomy":"product_tag","embeddable":true,"href":"https:\/\/thai-clothing.com\/de\/wp-json\/wp\/v2\/product_tag?post=24896"},{"taxonomy":"pa_sizes","embeddable":true,"href":"https:\/\/thai-clothing.com\/de\/wp-json\/wp\/v2\/pa_sizes?post=24896"}],"curies":[{"name":"wp","href":"https:\/\/api.w.org\/{rel}","templated":true}]}}