{"id":25012,"date":"2022-10-03T22:22:45","date_gmt":"2022-10-03T15:22:45","guid":{"rendered":"https:\/\/thai-clothing.com\/?post_type=product&#038;p=25012"},"modified":"2026-04-12T21:32:30","modified_gmt":"2026-04-12T14:32:30","slug":"vogue-molecule-women-pants-black-long-flared","status":"publish","type":"product","link":"https:\/\/thai-clothing.com\/de\/produkt\/vogue-molecule-women-pants-black-long-flared\/","title":{"rendered":"\"Vogue\" Molecule Damenhose - Schwarze lange ausgestellte Hose"},"content":{"rendered":"<h2><span style=\"font-family: verdana, geneva, sans-serif;\">Vogue Molecule Damenhose Schwarz<img decoding=\"async\" class=\"wp-image-16235 size-full alignright lazyload\" data-src=\"http:\/\/thai-clothing.com\/wp-content\/uploads\/2016\/12\/Molecule_animated-GIF.gif\" alt=\"\" width=\"59\" height=\"59\" src=\"data:image\/svg+xml;base64,PHN2ZyB3aWR0aD0iMSIgaGVpZ2h0PSIxIiB4bWxucz0iaHR0cDovL3d3dy53My5vcmcvMjAwMC9zdmciPjwvc3ZnPg==\" style=\"--smush-placeholder-width: 59px; --smush-placeholder-aspect-ratio: 59\/59;\" \/><\/span><\/h2>\n<p><span style=\"font-size: 12pt; font-family: verdana, geneva, sans-serif;\">Das Damenmodell 45062, hier in Schwarz, ist aus 100% Baumwolle, ist modisch tief geschnitten und <span style=\"font-family: verdana, geneva, sans-serif;\">ziemlich schmal und <span style=\"color: #000000;\"><strong>recht eng (!) von der H\u00fcfte bis zu den Knien<\/strong><\/span> (dann l\u00e4uft sie auseinander), daher sein Sie vorsichtig bei der Wahl der Gr\u00f6\u00dfe! Auch die 7 Hosentaschen sind eher klein und flach (im Gegensatz zu typischen Cargo-Hosentaschen).<\/span><\/span><\/p>\n<p><span style=\"font-size: 12pt; font-family: verdana, geneva, sans-serif;\"><span style=\"color: #ff0000;\"><strong>Achtung:<\/strong> <span style=\"font-family: verdana, geneva, sans-serif;\"><span style=\"color: #c44747;\">Bitte beachten Sie, dass dieses Modell <strong>nicht<\/strong> weit und baggy geschnitten ist (wie die meisten Molecule-Hosen), sondern <strong>ziemlich schmal!<\/strong> Wir empfehlen eine genaue Pr\u00fcfung und Vergleich mit den angegebenen Ma\u00dfen (siehe unten)<\/span><span style=\"color: #c44747;\"><span style=\"color: #000000;\">!<\/span><\/span><\/span><\/span><\/span><\/p>\n<h3><span style=\"font-family: verdana, geneva, sans-serif;\">7 Taschen insgesamt:<\/span><\/h3>\n<ul>\n<li><span style=\"font-family: verdana, geneva, sans-serif;\">\u00a0\u00a0\u00a0 2 Vordertaschen<\/span><\/li>\n<li><span style=\"font-family: verdana, geneva, sans-serif;\">\u00a0\u00a0\u00a0 2 Taschen auf der R\u00fcckseite mit Patte und Schn\u00fcrung (sch\u00f6nes Gimmick!)<\/span><\/li>\n<li><span style=\"font-family: verdana, geneva, sans-serif;\">\u00a0\u00a0\u00a0 2 Cargo-Seitentaschen mit Patte, links mit Druckknopf, rechts mit normalem Knopf<\/span><\/li>\n<li><span style=\"font-family: verdana, geneva, sans-serif;\">\u00a0\u00a0\u00a0 1 weitere \u201eCargo\u201c-Seitentasche links (unter der anderen), ebenfalls mit Patte und normalem Knopf<\/span><\/li>\n<\/ul>\n<p><span style=\"font-family: verdana, geneva, sans-serif;\">Auf der Vorderseite an der Taille hat diese Hose 2 Kn\u00f6pfe darunter und einen kurzen Rei\u00dfverschluss.<\/span><\/p>\n<p><span style=\"font-family: verdana, geneva, sans-serif;\">Die G\u00fcrtelschlaufen sind breit und haben auch je einen Knopf (keine Funktion, sieht nur gut aus). An den Hosenbeinen au\u00dfen befindet sich eine kurze Lasche mit Knopf, die ebenfalls keine Funktion hat, aber zum besonderen Look dieser modischen Damenhose passt.<\/span><\/p>\n<p><span style=\"font-family: verdana, geneva, sans-serif;\"><strong><span style=\"font-size: 14pt;\">Vogue Molecule Hose SCHWARZ \u2013 Gr\u00f6\u00dfen \/ Ma\u00dfe:<\/span><\/strong><\/span><\/p>\n<p style=\"letter-spacing: 0.8px; text-align: left; padding-left: 40px;\"><span style=\"font-size: 12pt; font-family: verdana, geneva, sans-serif;\"><strong>Standardgr\u00f6\u00dfen wie S, M, L, XL k\u00f6nnen sehr unterschiedlich ausfallen, daher bitte vor der Bestellung die spezifisch angegebenen Ma\u00dfe pr\u00fcfen! <\/strong><\/span><\/p>\n<p style=\"letter-spacing: 0.8px; text-align: left; padding-left: 40px;\"><span style=\"font-size: 12pt; font-family: verdana, geneva, sans-serif;\">Einfach eine gut sitzende Hose flach auf den Boden legen und die jeweiligen Ma\u00dfe vergleichen: <\/span><\/p>\n<p><span style=\"font-family: verdana, geneva, sans-serif;\"><h2 id=\"tablepress-1212-name\" class=\"tablepress-table-name tablepress-table-name-id-1212\">Ma\u00dfe Molecule VOGUE \/ 45062<\/h2>\n\n<table id=\"tablepress-1212\" class=\"tablepress tablepress-id-1212 tbody-has-connected-cells\" aria-labelledby=\"tablepress-1212-name\">\n<tbody class=\"row-striping row-hover\">\n<tr class=\"row-1\">\n\t<td class=\"column-1\"><center><strong>Gr\u00f6\u00dfe<\/strong><\/center><\/td><td class=\"column-2\"><center><strong>A) G\u00fcrtellinie (flach) \/ Taille<\/strong><\/center><\/td><td class=\"column-3\"><center><strong>B) L\u00e4nge (Schrittl\u00e4nge)<\/strong><\/center><\/td><td class=\"column-4\"><center><strong>C) Gesamtl\u00e4nge (Au\u00dfennaht)<\/strong><\/center><\/td><td rowspan=\"5\" class=\"column-5\"><img decoding=\"async\" data-src=\"http:\/\/thai-clothing.com\/wp-content\/uploads\/2021\/03\/62_Measurements_Molecule_Pants_Vogue_red.jpg\" alt=\"\" width=\"180\" height=\"270\" class=\"alignnone size-full wp-image-16214 lazyload\" src=\"data:image\/svg+xml;base64,PHN2ZyB3aWR0aD0iMSIgaGVpZ2h0PSIxIiB4bWxucz0iaHR0cDovL3d3dy53My5vcmcvMjAwMC9zdmciPjwvc3ZnPg==\" style=\"--smush-placeholder-width: 180px; --smush-placeholder-aspect-ratio: 180\/270;\" \/><\/td>\n<\/tr>\n<tr class=\"row-2\">\n\t<td class=\"column-1\"><center><img decoding=\"async\" data-src=\"http:\/\/thai-clothing.com\/wp-content\/uploads\/2021\/03\/Molecule_Pants_Shop_Size_S.png\" alt=\"Molecule Pants size S\" width=\"40\" height=\"40\" class=\"alignnone size-full wp-image-16218 lazyload\" src=\"data:image\/svg+xml;base64,PHN2ZyB3aWR0aD0iMSIgaGVpZ2h0PSIxIiB4bWxucz0iaHR0cDovL3d3dy53My5vcmcvMjAwMC9zdmciPjwvc3ZnPg==\" style=\"--smush-placeholder-width: 40px; --smush-placeholder-aspect-ratio: 40\/40;\" \/><\/center><\/td><td class=\"column-2\"><center>14 inch \/ 36 cm<\/center><\/td><td class=\"column-3\"><center>32 inch \/ 81-82 cm<\/center><\/td><td class=\"column-4\"><center>39-41 inch \/ 99-104 cm<\/center><\/td>\n<\/tr>\n<tr class=\"row-3\">\n\t<td class=\"column-1\"><center><img decoding=\"async\" data-src=\"http:\/\/thai-clothing.com\/wp-content\/uploads\/2021\/03\/Molecule_Pants_Shop_Size_M.png\" alt=\"Molecule Pants size M\" width=\"40\" height=\"40\" class=\"alignnone size-full wp-image-16219 lazyload\" src=\"data:image\/svg+xml;base64,PHN2ZyB3aWR0aD0iMSIgaGVpZ2h0PSIxIiB4bWxucz0iaHR0cDovL3d3dy53My5vcmcvMjAwMC9zdmciPjwvc3ZnPg==\" style=\"--smush-placeholder-width: 40px; --smush-placeholder-aspect-ratio: 40\/40;\" \/><\/center><\/td><td class=\"column-2\"><center>15,5 inch \/ 39-40 cm<\/center><\/td><td class=\"column-3\"><center>32 inch \/ 81-82 cm<\/center><\/td><td class=\"column-4\"><center>39-41 inch \/ 99-104 cm<\/center><\/td>\n<\/tr>\n<tr class=\"row-4\">\n\t<td class=\"column-1\"><center><img decoding=\"async\" data-src=\"http:\/\/thai-clothing.com\/wp-content\/uploads\/2021\/03\/Molecule_Pants_Shop_Size_L.png\" alt=\"Molecule Pants size L\" width=\"40\" height=\"40\" class=\"alignnone size-full wp-image-16220 lazyload\" src=\"data:image\/svg+xml;base64,PHN2ZyB3aWR0aD0iMSIgaGVpZ2h0PSIxIiB4bWxucz0iaHR0cDovL3d3dy53My5vcmcvMjAwMC9zdmciPjwvc3ZnPg==\" style=\"--smush-placeholder-width: 40px; --smush-placeholder-aspect-ratio: 40\/40;\" \/><\/center><\/td><td class=\"column-2\"><center>16-16,5 inch \/ 40-42 cm<\/center><\/td><td class=\"column-3\"><center>32 inch \/ 81-82 cm<\/center><\/td><td class=\"column-4\"><center>40,5-42 inch \/ 103-107 cm<\/center><\/td>\n<\/tr>\n<tr class=\"row-5\">\n\t<td class=\"column-1\"><center><img decoding=\"async\" data-src=\"http:\/\/thai-clothing.com\/wp-content\/uploads\/2021\/03\/Molecule_Pants_Shop_Size_XL.png\" alt=\"Molecule Pants size XL\" width=\"40\" height=\"40\" class=\"alignnone size-full wp-image-16221 lazyload\" src=\"data:image\/svg+xml;base64,PHN2ZyB3aWR0aD0iMSIgaGVpZ2h0PSIxIiB4bWxucz0iaHR0cDovL3d3dy53My5vcmcvMjAwMC9zdmciPjwvc3ZnPg==\" style=\"--smush-placeholder-width: 40px; --smush-placeholder-aspect-ratio: 40\/40;\" \/><\/center><\/td><td class=\"column-2\"><center>17 inch \/ 43-44 cm<\/center><\/td><td class=\"column-3\"><center>33-34 inch \/ 84-87 cm<\/center><\/td><td class=\"column-4\"><center>42-43 inch \/ 107-109<\/center><\/td>\n<\/tr>\n<\/tbody>\n<\/table>\n<!-- #tablepress-1212 from cache --><\/span><\/p>\n<p><span style=\"font-size: 12pt; font-family: verdana, geneva, sans-serif;\"><strong>Alle Ma\u00dfe sind ungef\u00e4hre Werte und k\u00f6nnen geringf\u00fcgig abweichen!<\/strong><\/span><\/p>\n<p><span style=\"font-family: verdana, geneva, sans-serif;\">Wir bieten dieses Molecule Universal Traveller Modell in folgenden Farben an:<\/span><\/p>\n<p>&nbsp;<\/p>\n<table style=\"width: 100%; border-collapse: collapse; border-style: none;\">\n<tbody>\n<tr>\n<td style=\"width: 33.3333%; border-style: none;\"><a href=\"\/product\/vogue-molecule-women-pants-green-long\/\"><img decoding=\"async\" class=\"alignnone wp-image-16523 size-full lazyload\" title=\"go to Vogue Green product page!\" data-src=\"https:\/\/thai-clothing.com\/wp-content\/uploads\/2021\/03\/Thai-Clothing_Molecule_Women_Pants_Vogue_GREEN-4.jpg\" alt=\"Molecule Women Pants Vogue Green (slim!)\" width=\"900\" height=\"900\" data-srcset=\"https:\/\/thai-clothing.com\/wp-content\/uploads\/2021\/03\/Thai-Clothing_Molecule_Women_Pants_Vogue_GREEN-4.jpg 900w, https:\/\/thai-clothing.com\/wp-content\/uploads\/2021\/03\/Thai-Clothing_Molecule_Women_Pants_Vogue_GREEN-4-300x300.jpg 300w, https:\/\/thai-clothing.com\/wp-content\/uploads\/2021\/03\/Thai-Clothing_Molecule_Women_Pants_Vogue_GREEN-4-100x100.jpg 100w, https:\/\/thai-clothing.com\/wp-content\/uploads\/2021\/03\/Thai-Clothing_Molecule_Women_Pants_Vogue_GREEN-4-600x600.jpg 600w\" data-sizes=\"auto, (max-width: 900px) 100vw, 900px\" src=\"data:image\/svg+xml;base64,PHN2ZyB3aWR0aD0iMSIgaGVpZ2h0PSIxIiB4bWxucz0iaHR0cDovL3d3dy53My5vcmcvMjAwMC9zdmciPjwvc3ZnPg==\" style=\"--smush-placeholder-width: 900px; --smush-placeholder-aspect-ratio: 900\/900;\" \/><\/a><\/td>\n<td style=\"width: 33.3333%; border-style: none;\"><a href=\"\/product\/vogue-molecule-women-pants-black-long-flared\/\"><img decoding=\"async\" class=\"alignnone wp-image-16525 size-full lazyload\" title=\"go to Vogue Black product page!\" data-src=\"https:\/\/thai-clothing.com\/wp-content\/uploads\/2021\/03\/Thai-Clothing_Molecule_Women_Pants_Vogue_BLACK-1.jpg\" alt=\"Molecule Women Pants Vogue Black (slim!)\" width=\"900\" height=\"900\" data-srcset=\"https:\/\/thai-clothing.com\/wp-content\/uploads\/2021\/03\/Thai-Clothing_Molecule_Women_Pants_Vogue_BLACK-1.jpg 900w, https:\/\/thai-clothing.com\/wp-content\/uploads\/2021\/03\/Thai-Clothing_Molecule_Women_Pants_Vogue_BLACK-1-300x300.jpg 300w, https:\/\/thai-clothing.com\/wp-content\/uploads\/2021\/03\/Thai-Clothing_Molecule_Women_Pants_Vogue_BLACK-1-100x100.jpg 100w, https:\/\/thai-clothing.com\/wp-content\/uploads\/2021\/03\/Thai-Clothing_Molecule_Women_Pants_Vogue_BLACK-1-600x600.jpg 600w\" data-sizes=\"auto, (max-width: 900px) 100vw, 900px\" src=\"data:image\/svg+xml;base64,PHN2ZyB3aWR0aD0iMSIgaGVpZ2h0PSIxIiB4bWxucz0iaHR0cDovL3d3dy53My5vcmcvMjAwMC9zdmciPjwvc3ZnPg==\" style=\"--smush-placeholder-width: 900px; --smush-placeholder-aspect-ratio: 900\/900;\" \/><\/a><\/td>\n<td style=\"width: 33.3333%; border-style: none;\"><a href=\"\/product\/vogue-molecule-women-pants-woodland-camo\/\"><img decoding=\"async\" class=\"alignnone wp-image-25022 size-full lazyload\" title=\"go to Vogue Woodland Camo product page!\" data-src=\"https:\/\/thai-clothing.com\/wp-content\/uploads\/2022\/10\/Thai-Clothing_Molecule_Women_Pants_Vogue_Woodland-Camo_01.jpg\" alt=\"Molecule Women Pants Vogue Woodland Camo (slim!)\" width=\"900\" height=\"900\" data-srcset=\"https:\/\/thai-clothing.com\/wp-content\/uploads\/2022\/10\/Thai-Clothing_Molecule_Women_Pants_Vogue_Woodland-Camo_01.jpg 900w, https:\/\/thai-clothing.com\/wp-content\/uploads\/2022\/10\/Thai-Clothing_Molecule_Women_Pants_Vogue_Woodland-Camo_01-300x300.jpg 300w, https:\/\/thai-clothing.com\/wp-content\/uploads\/2022\/10\/Thai-Clothing_Molecule_Women_Pants_Vogue_Woodland-Camo_01-100x100.jpg 100w, https:\/\/thai-clothing.com\/wp-content\/uploads\/2022\/10\/Thai-Clothing_Molecule_Women_Pants_Vogue_Woodland-Camo_01-600x600.jpg 600w, https:\/\/thai-clothing.com\/wp-content\/uploads\/2022\/10\/Thai-Clothing_Molecule_Women_Pants_Vogue_Woodland-Camo_01-150x150.jpg 150w, https:\/\/thai-clothing.com\/wp-content\/uploads\/2022\/10\/Thai-Clothing_Molecule_Women_Pants_Vogue_Woodland-Camo_01-768x768.jpg 768w, https:\/\/thai-clothing.com\/wp-content\/uploads\/2022\/10\/Thai-Clothing_Molecule_Women_Pants_Vogue_Woodland-Camo_01-12x12.jpg 12w\" data-sizes=\"auto, (max-width: 900px) 100vw, 900px\" src=\"data:image\/svg+xml;base64,PHN2ZyB3aWR0aD0iMSIgaGVpZ2h0PSIxIiB4bWxucz0iaHR0cDovL3d3dy53My5vcmcvMjAwMC9zdmciPjwvc3ZnPg==\" style=\"--smush-placeholder-width: 900px; --smush-placeholder-aspect-ratio: 900\/900;\" \/><\/a><\/td>\n<\/tr>\n<\/tbody>\n<\/table>\n<p><span style=\"font-family: verdana, geneva, sans-serif;\">(Klicken Sie auf die Bilder, um zu den jeweiligen Produktseiten zu gelangen)<\/span><\/p>\n<h2><span style=\"font-family: verdana, geneva, sans-serif;\">Molecule Cargo Pants<\/span><\/h2>\n<p style=\"letter-spacing: 0.8px;\"><span style=\"font-size: 12pt; font-family: verdana, geneva, sans-serif;\">Molecule Cargo Pants sind hochwertige Hosen aus robuster und strapazierf\u00e4higer Baumwolle (100%) sehr gut verarbeitet mit festen N\u00e4hten. Deine Molecule Hose wird dein bester Freund unterwegs auf Reisen, im Urlaub, bei Ausfl\u00fcgen oder auch beim Einkaufen oder bei Freizeitaktivit\u00e4ten, auf Partys, Festivals, \u2026 Sie wird dich nie im Stich lassen!<\/span><\/p>\n<p style=\"letter-spacing: 0.8px;\"><span style=\"font-size: 12pt; font-family: verdana, geneva, sans-serif;\">Alle Molecule Hosen sind pflegeleicht, waschmaschinenfest (60\u00b0) und kein B\u00fcgeln n\u00f6tig, da sich der Stoff beim Tragen gerade zieht.<\/span><\/p>\n<p style=\"text-align: center;\"><span style=\"font-family: verdana, geneva, sans-serif;\"><a href=\"\/product-category\/molecule-pants-thailand\/\"><img decoding=\"async\" class=\"aligncenter wp-image-16207 size-full lazyload\" title=\"Molecule Cargo Pants - Molecule Clothing seit 1998 Thailand\" data-src=\"http:\/\/thai-clothing.com\/wp-content\/uploads\/2016\/12\/Molecule_Pants.png\" alt=\"Molecule Clothing since 1998\" width=\"518\" height=\"124\" src=\"data:image\/svg+xml;base64,PHN2ZyB3aWR0aD0iMSIgaGVpZ2h0PSIxIiB4bWxucz0iaHR0cDovL3d3dy53My5vcmcvMjAwMC9zdmciPjwvc3ZnPg==\" style=\"--smush-placeholder-width: 518px; --smush-placeholder-aspect-ratio: 518\/124;\" \/><\/a><\/span><\/p>\n<p style=\"text-align: center;\"><span style=\"font-size: 12pt; font-family: verdana, geneva, sans-serif;\">Wir verkaufen nur ORIGINAL Molecule Pants, die wir direkt vom Hersteller beziehen.<\/span><\/p>","protected":false},"excerpt":{"rendered":"<ul>\n<li><span style=\"font-family: verdana, geneva, sans-serif;\">45062 Schwarz<\/span><\/li>\n<li><span style=\"font-family: verdana, geneva, sans-serif;\">modisch ausgestellter Schnitt<\/span><\/li>\n<li><span style=\"font-family: verdana, geneva, sans-serif;\">7 (kleine) Taschen<\/span><\/li>\n<li><span style=\"font-family: verdana, geneva, sans-serif;\">100 % robuste Baumwolle<\/span><\/li>\n<\/ul>","protected":false},"featured_media":16525,"comment_status":"open","ping_status":"closed","template":"","meta":[],"product_brand":[],"product_cat":[295],"product_tag":[276,297,17,626,27,280,359,621,281,616,299,620],"pa_sizes":[318,285,284,283,286],"class_list":{"0":"post-25012","1":"product","2":"type-product","3":"status-publish","4":"has-post-thumbnail","6":"product_cat-molecule-women-pants","7":"product_tag-100-heavy-cotton","8":"product_tag-297","9":"product_tag-black","10":"product_tag-carbon","11":"product_tag-ladies","12":"product_tag-long-cargo-pants","13":"product_tag-molecule","14":"product_tag-molecule-women","15":"product_tag-travel-pants","16":"product_tag-traveller","17":"product_tag-vogue","18":"product_tag-women-pants","19":"pa_sizes-size-2xl-double-extra-large","20":"pa_sizes-size-l-large","21":"pa_sizes-size-m-medium","22":"pa_sizes-size-s-small","23":"pa_sizes-size-xl-extra-large","25":"first","26":"instock","27":"shipping-taxable","28":"purchasable","29":"product-type-variable"},"_links":{"self":[{"href":"https:\/\/thai-clothing.com\/de\/wp-json\/wp\/v2\/product\/25012","targetHints":{"allow":["GET"]}}],"collection":[{"href":"https:\/\/thai-clothing.com\/de\/wp-json\/wp\/v2\/product"}],"about":[{"href":"https:\/\/thai-clothing.com\/de\/wp-json\/wp\/v2\/types\/product"}],"replies":[{"embeddable":true,"href":"https:\/\/thai-clothing.com\/de\/wp-json\/wp\/v2\/comments?post=25012"}],"wp:featuredmedia":[{"embeddable":true,"href":"https:\/\/thai-clothing.com\/de\/wp-json\/wp\/v2\/media\/16525"}],"wp:attachment":[{"href":"https:\/\/thai-clothing.com\/de\/wp-json\/wp\/v2\/media?parent=25012"}],"wp:term":[{"taxonomy":"product_brand","embeddable":true,"href":"https:\/\/thai-clothing.com\/de\/wp-json\/wp\/v2\/product_brand?post=25012"},{"taxonomy":"product_cat","embeddable":true,"href":"https:\/\/thai-clothing.com\/de\/wp-json\/wp\/v2\/product_cat?post=25012"},{"taxonomy":"product_tag","embeddable":true,"href":"https:\/\/thai-clothing.com\/de\/wp-json\/wp\/v2\/product_tag?post=25012"},{"taxonomy":"pa_sizes","embeddable":true,"href":"https:\/\/thai-clothing.com\/de\/wp-json\/wp\/v2\/pa_sizes?post=25012"}],"curies":[{"name":"wp","href":"https:\/\/api.w.org\/{rel}","templated":true}]}}