{"id":25257,"date":"2022-10-08T23:24:45","date_gmt":"2022-10-08T16:24:45","guid":{"rendered":"https:\/\/thai-clothing.com\/?post_type=product&#038;p=25257"},"modified":"2023-08-31T14:31:21","modified_gmt":"2023-08-31T07:31:21","slug":"rayon-pants-dress-flowers-red-pink","status":"publish","type":"product","link":"https:\/\/thai-clothing.com\/de\/produkt\/rayon-pants-dress-flowers-red-pink\/","title":{"rendered":"Viskose Hosenkleid \"Blumen \u2013 Streifen &amp; Ranken\" 2 in 1 - Haremshose (rot pink)"},"content":{"rendered":"<h2 style=\"text-align: center;\"><span style=\"font-family: verdana, geneva, sans-serif;\">Viskose Hosenkleid \u2013 Blumen \u2013 Streifen &amp; Ranken<\/span><\/h2>\n<h3 style=\"text-align: center;\"><span style=\"font-family: verdana, geneva, sans-serif;\">2 in 1 \u2013 Haremshose \/ Tanzhose (rot pink)<\/span><\/h3>\n<h4><span style=\"font-family: verdana, geneva, sans-serif;\">\u00a0\u00a0 Stil: Baggy Haremhose<\/span><\/h4>\n<p><span style=\"font-family: verdana, geneva, sans-serif;\">Diese luftig-leichte Dance Dress-Pants mit sch\u00f6nem \u201eFlowers \u2013 Stripes &amp; Tendrils\u201c-Muster in den Farben Rot, Pink und Gelb stammt aus Nordthailand und ist aufgrund ihres Tragekomforts und ihrer Beinfreiheit ideal f\u00fcr hei\u00dfe Sommertage und allerlei Freizeitaktivit\u00e4ten geeignet . Der schlichte und bequeme Schnitt besticht ebenso wie die lebendigen Farben und Muster und der angenehm weiche Viskose-Stoff.<\/span><\/p>\n<h4><span style=\"font-family: verdana, geneva, sans-serif;\">\u00a0\u00a0 2 in 1:<\/span><\/h4>\n<p><span style=\"font-family: verdana, geneva, sans-serif;\">Man kann den Bund auch \u00fcber die Brust ziehen und die Taillenb\u00e4nder hinter dem Hals zusammen binden, um es wie ein Kleid zu tragen \u2013 wirklich schick!<\/span><\/p>\n<h4><span style=\"font-family: verdana, geneva, sans-serif;\">\u00a0\u00a0 Material:<\/span><\/h4>\n<p><span style=\"font-family: verdana, geneva, sans-serif;\">Diese modische Sommerhose f\u00fcr Damen besteht aus 100 % Rayon \/ Viskose \u2013 sehr leicht, d\u00fcnn und bequem. <\/span><\/p>\n<p><span style=\"font-family: verdana, geneva, sans-serif;\">Sie sind nur in einer Gr\u00f6\u00dfe (Freesize) erh\u00e4ltlich, bitte \u00fcberpr\u00fcfen Sie die angegebenen Ma\u00dfe:<\/span><\/p>\n<p><span style=\"font-family: verdana, geneva, sans-serif;\"><img decoding=\"async\" class=\"wp-image-25189 size-full alignleft lazyload\" title=\"Rayon-Hosenkleid - Ma\u00dfe\" data-src=\"https:\/\/thai-clothing.com\/wp-content\/uploads\/2022\/10\/Rayon-Pants-Dress_Measurements.png\" alt=\"Rayon Pants Dress - Measurements\" width=\"300\" height=\"300\" data-srcset=\"https:\/\/thai-clothing.com\/wp-content\/uploads\/2022\/10\/Rayon-Pants-Dress_Measurements.png 300w, https:\/\/thai-clothing.com\/wp-content\/uploads\/2022\/10\/Rayon-Pants-Dress_Measurements-100x100.png 100w, https:\/\/thai-clothing.com\/wp-content\/uploads\/2022\/10\/Rayon-Pants-Dress_Measurements-150x150.png 150w, https:\/\/thai-clothing.com\/wp-content\/uploads\/2022\/10\/Rayon-Pants-Dress_Measurements-12x12.png 12w\" data-sizes=\"auto, (max-width: 300px) 100vw, 300px\" src=\"data:image\/svg+xml;base64,PHN2ZyB3aWR0aD0iMSIgaGVpZ2h0PSIxIiB4bWxucz0iaHR0cDovL3d3dy53My5vcmcvMjAwMC9zdmciPjwvc3ZnPg==\" style=\"--smush-placeholder-width: 300px; --smush-placeholder-aspect-ratio: 300\/300;\" \/><\/span><\/p>\n<p>&nbsp;<\/p>\n<p><span style=\"font-family: verdana, geneva, sans-serif;\"><strong>Ma\u00dfe (ca.):<\/strong><\/span><\/p>\n<p><span style=\"font-family: verdana, geneva, sans-serif;\">A (Breite) = 11,5-18 Zoll \/ 30-45 cm (dehnbar)<\/span><br \/>\n<span style=\"font-family: verdana, geneva, sans-serif;\">B (L\u00e4nge) = 37,5 Zoll \/ 95 cm<\/span><br \/>\n<span style=\"font-family: verdana, geneva, sans-serif;\">Gewicht = 230 g<\/span><\/p>\n<p>&nbsp;<\/p>\n<h4><\/h4>\n<p>&nbsp;<\/p>","protected":false},"excerpt":{"rendered":"<ul>\n<li><span style=\"font-family: verdana, geneva, sans-serif;\">2 in 1 (Hose\/Kleid)<\/span><\/li>\n<li><span style=\"font-family: verdana, geneva, sans-serif;\">100 % Rayon (Viskose)<\/span><\/li>\n<li><span style=\"font-family: verdana, geneva, sans-serif;\">d\u00fcnn &amp; leicht<\/span><\/li>\n<li><span style=\"font-family: verdana, geneva, sans-serif;\">Einheitsgr\u00f6\u00dfe<\/span><\/li>\n<\/ul>","protected":false},"featured_media":25258,"comment_status":"open","ping_status":"closed","template":"","meta":[],"product_brand":[],"product_cat":[691,658],"product_tag":[631,509,498,632,519,638,505,27,493,628,212,633,49,515,639,497,496,300,108],"pa_sizes":[],"class_list":{"0":"post-25257","1":"product","2":"type-product","3":"status-publish","4":"has-post-thumbnail","6":"product_cat-rayon-pants-dress","7":"product_cat-thai-pants","8":"product_tag-2-in-1","9":"product_tag-aladdin","10":"product_tag-casual-pants","11":"product_tag-dance-pants","12":"product_tag-dress","13":"product_tag-flowers","14":"product_tag-harem-pants","15":"product_tag-ladies","16":"product_tag-pants","17":"product_tag-pants-dress","18":"product_tag-pink","19":"product_tag-rayon","20":"product_tag-red","21":"product_tag-stripes","22":"product_tag-tendrils","23":"product_tag-thai-pants","24":"product_tag-thailand","25":"product_tag-women","26":"product_tag-yellow","28":"first","29":"instock","30":"shipping-taxable","31":"purchasable","32":"product-type-simple"},"_links":{"self":[{"href":"https:\/\/thai-clothing.com\/de\/wp-json\/wp\/v2\/product\/25257","targetHints":{"allow":["GET"]}}],"collection":[{"href":"https:\/\/thai-clothing.com\/de\/wp-json\/wp\/v2\/product"}],"about":[{"href":"https:\/\/thai-clothing.com\/de\/wp-json\/wp\/v2\/types\/product"}],"replies":[{"embeddable":true,"href":"https:\/\/thai-clothing.com\/de\/wp-json\/wp\/v2\/comments?post=25257"}],"wp:featuredmedia":[{"embeddable":true,"href":"https:\/\/thai-clothing.com\/de\/wp-json\/wp\/v2\/media\/25258"}],"wp:attachment":[{"href":"https:\/\/thai-clothing.com\/de\/wp-json\/wp\/v2\/media?parent=25257"}],"wp:term":[{"taxonomy":"product_brand","embeddable":true,"href":"https:\/\/thai-clothing.com\/de\/wp-json\/wp\/v2\/product_brand?post=25257"},{"taxonomy":"product_cat","embeddable":true,"href":"https:\/\/thai-clothing.com\/de\/wp-json\/wp\/v2\/product_cat?post=25257"},{"taxonomy":"product_tag","embeddable":true,"href":"https:\/\/thai-clothing.com\/de\/wp-json\/wp\/v2\/product_tag?post=25257"},{"taxonomy":"pa_sizes","embeddable":true,"href":"https:\/\/thai-clothing.com\/de\/wp-json\/wp\/v2\/pa_sizes?post=25257"}],"curies":[{"name":"wp","href":"https:\/\/api.w.org\/{rel}","templated":true}]}}