{"id":25589,"date":"2022-10-24T17:50:28","date_gmt":"2022-10-24T10:50:28","guid":{"rendered":"https:\/\/thai-clothing.com\/?post_type=product&#038;p=25589"},"modified":"2022-10-24T18:11:46","modified_gmt":"2022-10-24T11:11:46","slug":"failanna-black-long-sleeve-cotton-shirt","status":"publish","type":"product","link":"https:\/\/thai-clothing.com\/de\/produkt\/failanna-black-long-sleeve-cotton-shirt\/","title":{"rendered":"Failanna &#8211; BLACK Long Sleeve Cotton Shirt &#8211; Soft Chunky Wool"},"content":{"rendered":"<h2 style=\"text-align: center;\"><span style=\"font-family: verdana, geneva, sans-serif;\">BLACK Long Sleeve Cotton Shirt<\/span><\/h2>\n<h3 style=\"text-align: center;\"><span style=\"font-family: verdana, geneva, sans-serif;\">Failanna &#8211; Soft Chunky Wool<\/span><\/h3>\n<p><span style=\"font-family: verdana, geneva, sans-serif;\"><a href=\"\/product-category\/failanna-cotton-shirts\/\"><img decoding=\"async\" class=\"alignright wp-image-25501 size-full lazyload\" title=\"Go to Failanna category ...\" data-src=\"https:\/\/thai-clothing.com\/wp-content\/uploads\/2022\/10\/Failanna_Cotton-Shirts_footer.png\" alt=\"FaiLanna - Natural soft woollen Tees &amp; Longsleeve Shirts\" width=\"250\" height=\"250\" data-srcset=\"https:\/\/thai-clothing.com\/wp-content\/uploads\/2022\/10\/Failanna_Cotton-Shirts_footer.png 250w, https:\/\/thai-clothing.com\/wp-content\/uploads\/2022\/10\/Failanna_Cotton-Shirts_footer-100x100.png 100w, https:\/\/thai-clothing.com\/wp-content\/uploads\/2022\/10\/Failanna_Cotton-Shirts_footer-150x150.png 150w, https:\/\/thai-clothing.com\/wp-content\/uploads\/2022\/10\/Failanna_Cotton-Shirts_footer-12x12.png 12w\" data-sizes=\"auto, (max-width: 250px) 100vw, 250px\" src=\"data:image\/svg+xml;base64,PHN2ZyB3aWR0aD0iMSIgaGVpZ2h0PSIxIiB4bWxucz0iaHR0cDovL3d3dy53My5vcmcvMjAwMC9zdmciPjwvc3ZnPg==\" style=\"--smush-placeholder-width: 250px; --smush-placeholder-aspect-ratio: 250\/250;\" \/><\/a>Black colored soft and comfortable long-sleeved shirt made of 100 % chunky cotton.<\/span><\/p>\n<p><span style=\"font-family: verdana, geneva, sans-serif;\">This is no factory product, these shirts are designed and tailored by women of a village in northern Thailand.<\/span><\/p>\n<p><span style=\"font-family: verdana, geneva, sans-serif;\">The shirts are washmachine friendly (cold), but if you want to preserve the softness of the fabric for a long time, you might consider handwashing.<\/span><\/p>\n<p style=\"text-align: center;\"><span style=\"font-family: verdana, geneva, sans-serif;\"><strong>These shirts are unisex!<\/strong><\/span><\/p>\n<h4 style=\"text-align: left;\"><span style=\"font-family: verdana, geneva, sans-serif;\"><img decoding=\"async\" class=\"alignleft wp-image-18029 size-full lazyload\" title=\"Failanna - soft chunky Cotton Longsleeve Shirts\" data-src=\"https:\/\/thai-clothing.com\/wp-content\/uploads\/2018\/05\/TC_Sure_Shirt_Longsleeve-Shirt_Measurement.jpg\" alt=\"Failanna - soft chunky Cotton Longsleeve Shirts\" width=\"136\" height=\"119\" src=\"data:image\/svg+xml;base64,PHN2ZyB3aWR0aD0iMSIgaGVpZ2h0PSIxIiB4bWxucz0iaHR0cDovL3d3dy53My5vcmcvMjAwMC9zdmciPjwvc3ZnPg==\" style=\"--smush-placeholder-width: 136px; --smush-placeholder-aspect-ratio: 136\/119;\" \/><\/span><\/h4>\n<p><span style=\"font-family: verdana, geneva, sans-serif;\"><strong>The shirt is available in the following sizes:<\/strong><\/span><\/p>\n<p><span style=\"font-family: verdana, geneva, sans-serif;\">M (rather S) \u00a0 A = 49 cm \/ 19 inch\u00a0\u00a0\u00a0\u00a0\u00a0 B = 61 cm \/\u00a024 inch<\/span><br \/>\n<span style=\"font-family: verdana, geneva, sans-serif;\">L (rather M) \u00a0 A = 55 cm \/ 21,5 inch\u00a0\u00a0 B = 67 cm \/\u00a026 inch<\/span><br \/>\n<span style=\"font-family: verdana, geneva, sans-serif;\">XL (rather L)\u00a0 A = 58 cm \/ 23 inch\u00a0\u00a0\u00a0\u00a0\u00a0 B = 71 cm \/ 28 inch<\/span><\/p>\n<p><span style=\"font-family: verdana, geneva, sans-serif;\"><strong>Bitte legen Sie Ihr Lieblingshemd flach auf den Boden und vergleichen Sie dann die Ma\u00dfe gem\u00e4\u00df dem Bild und den angegebenen Ma\u00dfen, wie im Bild oben gezeigt.<\/strong><\/span><\/p>\n<h4><span style=\"font-family: verdana, geneva, sans-serif;\">\u00a0\u00a0 Bitte beachten Sie:<\/span><\/h4>\n<ul>\n<li><span style=\"font-family: verdana, geneva, sans-serif;\">Gr\u00f6\u00dfenbezeichnungen wie S, M, L, XL sind nur ungenaue Zuordnungen.<\/span><\/li>\n<li><span style=\"font-family: verdana, geneva, sans-serif;\">All Failanna shirts&#8217; measurements can differ slightly from shirt to shirt since they are handmade.<\/span><\/li>\n<li><span style=\"font-family: verdana, geneva, sans-serif;\">These chunky woollen shirts are not very stretchable and might shrink a lilttle when washing hot.<\/span><\/li>\n<\/ul>\n<p><span style=\"font-family: verdana, geneva, sans-serif;\"><strong><a title=\"Click on this Link\" href=\"\/contact-us\/\" target=\"_blank\" rel=\"noopener\" data-cke-saved-href=\"\/Kontakt:_:7.html\">If you wish to order more or any shirts that currently are not in stock, that&#8217;s probably possible and would just take a couple of days more. If so, please send us an email. (Click here)<\/a><\/strong><\/span><\/p>\n<p><span style=\"font-family: verdana, geneva, sans-serif;\"><a href=\"\/product-category\/failanna-cotton-shirts\/\"><img decoding=\"async\" class=\"aligncenter wp-image-25504 size-full lazyload\" title=\"See all available Failanna Shirts ...\" data-src=\"https:\/\/thai-clothing.com\/wp-content\/uploads\/2022\/10\/all_colors_flat.jpg\" alt=\"FaiLanna - Natural soft woollen Shirts - Colors\" width=\"960\" height=\"150\" data-srcset=\"https:\/\/thai-clothing.com\/wp-content\/uploads\/2022\/10\/all_colors_flat.jpg 960w, https:\/\/thai-clothing.com\/wp-content\/uploads\/2022\/10\/all_colors_flat-600x94.jpg 600w, https:\/\/thai-clothing.com\/wp-content\/uploads\/2022\/10\/all_colors_flat-300x47.jpg 300w, https:\/\/thai-clothing.com\/wp-content\/uploads\/2022\/10\/all_colors_flat-768x120.jpg 768w, https:\/\/thai-clothing.com\/wp-content\/uploads\/2022\/10\/all_colors_flat-18x3.jpg 18w\" data-sizes=\"auto, (max-width: 960px) 100vw, 960px\" src=\"data:image\/svg+xml;base64,PHN2ZyB3aWR0aD0iMSIgaGVpZ2h0PSIxIiB4bWxucz0iaHR0cDovL3d3dy53My5vcmcvMjAwMC9zdmciPjwvc3ZnPg==\" style=\"--smush-placeholder-width: 960px; --smush-placeholder-aspect-ratio: 960\/150;\" \/><\/a><\/span><\/p>","protected":false},"excerpt":{"rendered":"<ul>\n<li><span style=\"font-family: verdana, geneva, sans-serif;\">100 % chunky cotton<\/span><\/li>\n<li><span style=\"font-family: verdana, geneva, sans-serif;\">soft &amp; comfortable<\/span><\/li>\n<li><span style=\"font-family: verdana, geneva, sans-serif;\">handmade in Thailand<\/span><\/li>\n<li><span style=\"font-family: verdana, geneva, sans-serif;\">unisex<\/span><\/li>\n<\/ul>","protected":false},"featured_media":25594,"comment_status":"open","ping_status":"closed","template":"","meta":[],"product_brand":[],"product_cat":[641],"product_tag":[16,17,642,645,646,42,43,647,20,23,24,643,644],"pa_sizes":[285,284,283,286],"class_list":{"0":"post-25589","1":"product","2":"type-product","3":"status-publish","4":"has-post-thumbnail","6":"product_cat-failanna-cotton-shirts","7":"product_tag-anthracite","8":"product_tag-black","9":"product_tag-chunky","10":"product_tag-failanna","11":"product_tag-handmade","12":"product_tag-long-sleeve","13":"product_tag-longsleeve","14":"product_tag-soft","15":"product_tag-sure-shirt","16":"product_tag-thai-shirt","17":"product_tag-thailand-shirt","18":"product_tag-wool","19":"product_tag-woollen","20":"pa_sizes-size-l-large","21":"pa_sizes-size-m-medium","22":"pa_sizes-size-s-small","23":"pa_sizes-size-xl-extra-large","25":"first","26":"outofstock","27":"shipping-taxable","28":"product-type-variable"},"_links":{"self":[{"href":"https:\/\/thai-clothing.com\/de\/wp-json\/wp\/v2\/product\/25589","targetHints":{"allow":["GET"]}}],"collection":[{"href":"https:\/\/thai-clothing.com\/de\/wp-json\/wp\/v2\/product"}],"about":[{"href":"https:\/\/thai-clothing.com\/de\/wp-json\/wp\/v2\/types\/product"}],"replies":[{"embeddable":true,"href":"https:\/\/thai-clothing.com\/de\/wp-json\/wp\/v2\/comments?post=25589"}],"wp:featuredmedia":[{"embeddable":true,"href":"https:\/\/thai-clothing.com\/de\/wp-json\/wp\/v2\/media\/25594"}],"wp:attachment":[{"href":"https:\/\/thai-clothing.com\/de\/wp-json\/wp\/v2\/media?parent=25589"}],"wp:term":[{"taxonomy":"product_brand","embeddable":true,"href":"https:\/\/thai-clothing.com\/de\/wp-json\/wp\/v2\/product_brand?post=25589"},{"taxonomy":"product_cat","embeddable":true,"href":"https:\/\/thai-clothing.com\/de\/wp-json\/wp\/v2\/product_cat?post=25589"},{"taxonomy":"product_tag","embeddable":true,"href":"https:\/\/thai-clothing.com\/de\/wp-json\/wp\/v2\/product_tag?post=25589"},{"taxonomy":"pa_sizes","embeddable":true,"href":"https:\/\/thai-clothing.com\/de\/wp-json\/wp\/v2\/pa_sizes?post=25589"}],"curies":[{"name":"wp","href":"https:\/\/api.w.org\/{rel}","templated":true}]}}