{"id":28744,"date":"2023-05-16T12:48:58","date_gmt":"2023-05-16T05:48:58","guid":{"rendered":"https:\/\/thai-clothing.com\/?post_type=product&#038;p=28744"},"modified":"2024-04-13T15:11:05","modified_gmt":"2024-04-13T08:11:05","slug":"thai-elephant-pants-blue","status":"publish","type":"product","link":"https:\/\/thai-clothing.com\/de\/produkt\/thai-elephant-pants-blue\/","title":{"rendered":"Thail\u00e4ndische Elefantenhose Blau - 4 Farben"},"content":{"rendered":"<h2 style=\"text-align: center;\"><span style=\"font-family: verdana, geneva, sans-serif;\">Long Thai Elephant Pants &#8211; Blue<br \/>\n<\/span><\/h2>\n<h3 style=\"text-align: center;\"><span style=\"font-family: verdana, geneva, sans-serif;\">4 Colors: Blue Black Cream White<\/span><\/h3>\n<p><span style=\"font-family: verdana, geneva, sans-serif;\"><a href=\"\/product-category\/elephant-pants\/\"><img decoding=\"async\" class=\"alignright wp-image-28774 size-medium lazyload\" data-src=\"https:\/\/thai-clothing.com\/wp-content\/uploads\/2023\/05\/Elephant-closeup-300x195.png\" alt=\"Thai Elephant Pants, Skirts, Dresses\" width=\"300\" height=\"195\" data-srcset=\"https:\/\/thai-clothing.com\/wp-content\/uploads\/2023\/05\/Elephant-closeup-300x195.png 300w, https:\/\/thai-clothing.com\/wp-content\/uploads\/2023\/05\/Elephant-closeup-600x390.png 600w, https:\/\/thai-clothing.com\/wp-content\/uploads\/2023\/05\/Elephant-closeup-1024x665.png 1024w, https:\/\/thai-clothing.com\/wp-content\/uploads\/2023\/05\/Elephant-closeup-768x499.png 768w, https:\/\/thai-clothing.com\/wp-content\/uploads\/2023\/05\/Elephant-closeup-18x12.png 18w, https:\/\/thai-clothing.com\/wp-content\/uploads\/2023\/05\/Elephant-closeup.png 1163w\" data-sizes=\"auto, (max-width: 300px) 100vw, 300px\" src=\"data:image\/svg+xml;base64,PHN2ZyB3aWR0aD0iMSIgaGVpZ2h0PSIxIiB4bWxucz0iaHR0cDovL3d3dy53My5vcmcvMjAwMC9zdmciPjwvc3ZnPg==\" style=\"--smush-placeholder-width: 300px; --smush-placeholder-aspect-ratio: 300\/195;\" \/><\/a>Elephant Pants seem to be the no. 1 best selling garment in Thailand. Tourists, locals, Asians, Westerners, &#8230; Everywhere you look, you will see some people wearing these super comfortable and always nice looking pants.<\/span><\/p>\n<p style=\"text-align: center;\"><span style=\"font-family: verdana, geneva, sans-serif;\">This is our Elephant Pants Blue long model with 4 colors.<\/span><\/p>\n<p><span style=\"font-family: verdana, geneva, sans-serif;\">They have an elastic waistband with a drawstring to keep them in place, 1 front pocket on the right side and elastic cuffs.<\/span><\/p>\n<h4><span style=\"font-family: verdana, geneva, sans-serif;\">\u00a0\u00a0 Stil: Thai Freizeithose<\/span><\/h4>\n<p><span style=\"font-family: verdana, geneva, sans-serif;\">Der Stil dieser Hosen stammt aus s\u00fcdostasiatischen L\u00e4ndern wie Thailand oder Indien und zeichnet sich durch seinen lockeren Schnitt aus und besteht aus leichtem und atmungsaktivem Material. Sie haben sehr sch\u00f6ne Elefantenmuster (daher der Name) und sind in verschiedenen Farben, T\u00f6nungen, Schnitten und Gr\u00f6\u00dfen erh\u00e4ltlich.<br \/>\n<\/span><\/p>\n<p><span style=\"font-family: verdana, geneva, sans-serif;\">Elephant pants are unisex and usually worn by men and women alike.<\/span><\/p>\n<h4><span style=\"font-family: verdana, geneva, sans-serif;\">\u00a0\u00a0 Material:<\/span><\/h4>\n<p><span style=\"font-family: verdana, geneva, sans-serif;\">Our Thai Elephant Pants are made of 100% rayon fabric &#8211; very light, thin, breathable and super comfortable.<\/span><\/p>\n<h4><span style=\"font-family: verdana, geneva, sans-serif;\">\u00a0\u00a0 Gr\u00f6\u00dfe:<\/span><\/h4>\n<p><span style=\"font-family: verdana, geneva, sans-serif;\">Elephant Pants are usually available in only one size (free-size), but every model may differ from each other (depending on its manufacturer). <strong>Bitte beachten Sie daher immer unsere angegebenen Ma\u00dfe<\/strong>:<\/span><\/p>\n<p><span style=\"font-family: verdana, geneva, sans-serif;\"><a href=\"https:\/\/thai-clothing.com\/wp-content\/uploads\/2023\/05\/Elephant_Pants.png\"><img decoding=\"async\" class=\"wp-image-28747 size-full alignleft lazyload\" title=\"Rayon-Hosenkleid - Ma\u00dfe\" data-src=\"https:\/\/thai-clothing.com\/wp-content\/uploads\/2023\/05\/Elephant_Pants.png\" alt=\"Thai Elephant Pants Measurements\" width=\"170\" height=\"287\" data-srcset=\"https:\/\/thai-clothing.com\/wp-content\/uploads\/2023\/05\/Elephant_Pants.png 170w, https:\/\/thai-clothing.com\/wp-content\/uploads\/2023\/05\/Elephant_Pants-7x12.png 7w\" data-sizes=\"auto, (max-width: 170px) 100vw, 170px\" src=\"data:image\/svg+xml;base64,PHN2ZyB3aWR0aD0iMSIgaGVpZ2h0PSIxIiB4bWxucz0iaHR0cDovL3d3dy53My5vcmcvMjAwMC9zdmciPjwvc3ZnPg==\" style=\"--smush-placeholder-width: 170px; --smush-placeholder-aspect-ratio: 170\/287;\" \/><\/a><\/span><\/p>\n<p>&nbsp;<\/p>\n<p><span style=\"font-family: verdana, geneva, sans-serif;\"><strong>Ma\u00dfe (ca.):<\/strong><\/span><\/p>\n<p><span style=\"font-family: verdana, geneva, sans-serif;\">A (Breite) = 11,5-18 Zoll \/ 30-45 cm (dehnbar)<\/span><br \/>\n<span style=\"font-family: verdana, geneva, sans-serif;\">B (length) = 41 inch \/ 105 cm<\/span><br \/>\n<span style=\"font-family: verdana, geneva, sans-serif;\">Weight = 160 g<\/span><\/p>\n<p>&nbsp;<\/p>\n<h4><\/h4>\n<p>&nbsp;<\/p>\n<figure id=\"attachment_28712\" aria-describedby=\"caption-attachment-28712\" style=\"width: 920px\" class=\"wp-caption aligncenter\"><a href=\"\/product-category\/elephant-pants\/\"><img decoding=\"async\" class=\"wp-image-28712 size-full lazyload\" data-src=\"https:\/\/thai-clothing.com\/wp-content\/uploads\/2023\/05\/Elephant-Pants-Skirts-Dresses.jpg\" alt=\"Thai Elephant Pants, Skirts, Dresses\" width=\"920\" height=\"320\" data-srcset=\"https:\/\/thai-clothing.com\/wp-content\/uploads\/2023\/05\/Elephant-Pants-Skirts-Dresses.jpg 920w, https:\/\/thai-clothing.com\/wp-content\/uploads\/2023\/05\/Elephant-Pants-Skirts-Dresses-600x209.jpg 600w, https:\/\/thai-clothing.com\/wp-content\/uploads\/2023\/05\/Elephant-Pants-Skirts-Dresses-300x104.jpg 300w, https:\/\/thai-clothing.com\/wp-content\/uploads\/2023\/05\/Elephant-Pants-Skirts-Dresses-768x267.jpg 768w, https:\/\/thai-clothing.com\/wp-content\/uploads\/2023\/05\/Elephant-Pants-Skirts-Dresses-18x6.jpg 18w\" data-sizes=\"auto, (max-width: 920px) 100vw, 920px\" src=\"data:image\/svg+xml;base64,PHN2ZyB3aWR0aD0iMSIgaGVpZ2h0PSIxIiB4bWxucz0iaHR0cDovL3d3dy53My5vcmcvMjAwMC9zdmciPjwvc3ZnPg==\" style=\"--smush-placeholder-width: 920px; --smush-placeholder-aspect-ratio: 920\/320;\" \/><\/a><figcaption id=\"caption-attachment-28712\" class=\"wp-caption-text\"><span style=\"font-family: verdana, geneva, sans-serif;\">Der Nr. 1-Seller in Thailand \u2013 super bequeme Freizeithosen\u2026<\/span><\/figcaption><\/figure>","protected":false},"excerpt":{"rendered":"<ul>\n<li><span style=\"font-family: verdana, geneva, sans-serif;\">100 % Rayon (Viskose)<\/span><\/li>\n<li><span style=\"font-family: verdana, geneva, sans-serif;\">d\u00fcnn, leicht, atmungsaktiv<br \/>\n<\/span><\/li>\n<li><span style=\"font-family: verdana, geneva, sans-serif;\">Einheitsgr\u00f6\u00dfe<\/span><\/li>\n<li><span style=\"font-family: verdana, geneva, sans-serif;\">4 colors<\/span><\/li>\n<\/ul>","protected":false},"featured_media":29039,"comment_status":"open","ping_status":"closed","template":"","meta":[],"product_brand":[],"product_cat":[648],"product_tag":[26,632,120,649,650,493,633,651,497,496],"pa_sizes":[],"class_list":{"0":"post-28744","1":"product","2":"type-product","3":"status-publish","4":"has-post-thumbnail","6":"product_cat-elephant-pants","7":"product_tag-blue","8":"product_tag-dance-pants","9":"product_tag-elephant","10":"product_tag-elephant-pants","11":"product_tag-leisure-pants","12":"product_tag-pants","13":"product_tag-rayon","14":"product_tag-rayon-fabric","15":"product_tag-thai-pants","16":"product_tag-thailand","18":"first","19":"outofstock","20":"shipping-taxable","21":"purchasable","22":"product-type-simple"},"_links":{"self":[{"href":"https:\/\/thai-clothing.com\/de\/wp-json\/wp\/v2\/product\/28744","targetHints":{"allow":["GET"]}}],"collection":[{"href":"https:\/\/thai-clothing.com\/de\/wp-json\/wp\/v2\/product"}],"about":[{"href":"https:\/\/thai-clothing.com\/de\/wp-json\/wp\/v2\/types\/product"}],"replies":[{"embeddable":true,"href":"https:\/\/thai-clothing.com\/de\/wp-json\/wp\/v2\/comments?post=28744"}],"wp:featuredmedia":[{"embeddable":true,"href":"https:\/\/thai-clothing.com\/de\/wp-json\/wp\/v2\/media\/29039"}],"wp:attachment":[{"href":"https:\/\/thai-clothing.com\/de\/wp-json\/wp\/v2\/media?parent=28744"}],"wp:term":[{"taxonomy":"product_brand","embeddable":true,"href":"https:\/\/thai-clothing.com\/de\/wp-json\/wp\/v2\/product_brand?post=28744"},{"taxonomy":"product_cat","embeddable":true,"href":"https:\/\/thai-clothing.com\/de\/wp-json\/wp\/v2\/product_cat?post=28744"},{"taxonomy":"product_tag","embeddable":true,"href":"https:\/\/thai-clothing.com\/de\/wp-json\/wp\/v2\/product_tag?post=28744"},{"taxonomy":"pa_sizes","embeddable":true,"href":"https:\/\/thai-clothing.com\/de\/wp-json\/wp\/v2\/pa_sizes?post=28744"}],"curies":[{"name":"wp","href":"https:\/\/api.w.org\/{rel}","templated":true}]}}