{"id":29648,"date":"2023-06-19T16:56:56","date_gmt":"2023-06-19T09:56:56","guid":{"rendered":"https:\/\/thai-clothing.com\/?post_type=product&#038;p=29648"},"modified":"2023-09-25T15:53:52","modified_gmt":"2023-09-25T08:53:52","slug":"vert-slit-rayon-pants-candy-black-white","status":"publish","type":"product","link":"https:\/\/thai-clothing.com\/de\/produkt\/vert-slit-rayon-pants-candy-black-white\/","title":{"rendered":"Vert. Schlitz Rayon Hose - Candy (Schwarz &amp; Weiss)"},"content":{"rendered":"<h2 style=\"text-align: center;\"><span style=\"font-family: verdana, geneva, sans-serif;\">Smart Vert. Slit Rayon Pants<br \/>\n<\/span><\/h2>\n<h2 style=\"text-align: center;\"><span style=\"font-family: verdana, geneva, sans-serif;\">Candy<\/span><\/h2>\n<h4><span style=\"font-family: verdana, geneva, sans-serif;\">\u00a0\u00a0 Stil: Weite Beine mit eingen\u00e4hten vertikalen Falten<\/span><\/h4>\n<p><span style=\"font-family: verdana, geneva, sans-serif;\"><a href=\"https:\/\/thai-clothing.com\/wp-content\/uploads\/2023\/06\/Smart-Rayon-Crease-Pants_ABC_legs-laces_zoom.gif\" target=\"_blank\" rel=\"noopener\"><img decoding=\"async\" class=\"alignright wp-image-29574 size-full lazyload\" title=\"Smart Vert. Slit Rayon Pants - Leg bottom laces\" data-src=\"https:\/\/thai-clothing.com\/wp-content\/uploads\/2023\/06\/Smart-Rayon-Crease-Pants_ABC_legs-laces_zoom_s.gif\" alt=\"Leg bottom laces of Vert. Slit Rayon Pants\" width=\"250\" height=\"250\" src=\"data:image\/svg+xml;base64,PHN2ZyB3aWR0aD0iMSIgaGVpZ2h0PSIxIiB4bWxucz0iaHR0cDovL3d3dy53My5vcmcvMjAwMC9zdmciPjwvc3ZnPg==\" style=\"--smush-placeholder-width: 250px; --smush-placeholder-aspect-ratio: 250\/250;\" \/><\/a>Diese leichte und bequeme Viskosehose mit einzigartigem Muster stammt aus Nordthailand und ist aufgrund des d\u00fcnnen Stoffes und der Beinfreiheit ideal f\u00fcr warmes Klima und alle Arten von Freizeitaktivit\u00e4ten geeignet.<\/span><\/p>\n<p><span style=\"font-family: verdana, geneva, sans-serif;\">At the front of the legs, these pants have 2 long vertical slits with black fabric sewn under, expanding when stretched. This not only gives these pants a very interesting and unique look but also extends the leg-space even more.<\/span><\/p>\n<p><span style=\"font-family: verdana, geneva, sans-serif;\">Auf der R\u00fcckseite ist die Hose schwarz, nur die 2 Ges\u00e4\u00dftaschen haben eine Umrandung mit dem Muster der Vorderseite. Auf der R\u00fcckseite ist ein Gummiband eingearbeitet.<\/span><\/p>\n<p><span style=\"font-family: verdana, geneva, sans-serif;\">Die Hosenbeine sind an der Unterseite mit Schn\u00fcrb\u00e4ndern versehen, so dass Sie die L\u00e4nge der Beine leicht anpassen und ihnen auch einen anderen Look verleihen k\u00f6nnen, indem Sie sie k\u00fcrzer machen.<\/span><\/p>\n<h4><span style=\"font-family: verdana, geneva, sans-serif;\">\u00a0\u00a0 Material:<\/span><\/h4>\n<p><span style=\"font-family: verdana, geneva, sans-serif;\">Diese modische Sommerhose f\u00fcr Damen besteht aus 100 % Rayon \/ Viskose \u2013 sehr leicht, d\u00fcnn und bequem. <\/span><\/p>\n<p><span style=\"font-family: verdana, geneva, sans-serif;\">Sie sind nur in einer Gr\u00f6\u00dfe (Freesize) erh\u00e4ltlich, bitte \u00fcberpr\u00fcfen Sie die angegebenen Ma\u00dfe:<\/span><\/p>\n<p><span style=\"font-family: verdana, geneva, sans-serif;\"><a href=\"https:\/\/thai-clothing.com\/wp-content\/uploads\/2021\/04\/Big_Tree_Cotton_Clothing_Pants.gif\"><img decoding=\"async\" class=\"alignleft wp-image-17383 size-full lazyload\" title=\"Vert. Slit Rayon Pants - Measurements\" data-src=\"https:\/\/thai-clothing.com\/wp-content\/uploads\/2021\/04\/Big_Tree_Cotton_Clothing_Pants.gif\" alt=\"Vert. Slit Rayon Pants Measurements\" width=\"300\" height=\"300\" data-srcset=\"https:\/\/thai-clothing.com\/wp-content\/uploads\/2021\/04\/Big_Tree_Cotton_Clothing_Pants.gif 300w, https:\/\/thai-clothing.com\/wp-content\/uploads\/2021\/04\/Big_Tree_Cotton_Clothing_Pants-100x100.gif 100w\" data-sizes=\"auto, (max-width: 300px) 100vw, 300px\" src=\"data:image\/svg+xml;base64,PHN2ZyB3aWR0aD0iMSIgaGVpZ2h0PSIxIiB4bWxucz0iaHR0cDovL3d3dy53My5vcmcvMjAwMC9zdmciPjwvc3ZnPg==\" style=\"--smush-placeholder-width: 300px; --smush-placeholder-aspect-ratio: 300\/300;\" \/><\/a><\/span><\/p>\n<p>&nbsp;<\/p>\n<p><span style=\"font-family: verdana, geneva, sans-serif;\"><strong>Ma\u00dfe (ca.):<\/strong><\/span><\/p>\n<p><span style=\"font-family: verdana, geneva, sans-serif;\">A = max.45 cm \/ 17,5 inch<\/span><br \/>\n<span style=\"font-family: verdana, geneva, sans-serif;\">B = 95 cm \/ 37,5 inch<\/span><\/p>\n<p>&nbsp;<\/p>\n<h4><\/h4>\n<p>&nbsp;<\/p>\n<p>&nbsp;<\/p>\n<p><span style=\"font-family: verdana, geneva, sans-serif;\"><a href=\"\/product-category\/thai-pants\/\"><img decoding=\"async\" class=\"aligncenter wp-image-29572 size-full lazyload\" title=\"Schauen Sie sich alle unsere Thai-Hosen an (klicken)\" data-src=\"https:\/\/thai-clothing.com\/wp-content\/uploads\/2023\/06\/Thai-Pants_category.gif\" alt=\"Thai Pants\" width=\"250\" height=\"100\" src=\"data:image\/svg+xml;base64,PHN2ZyB3aWR0aD0iMSIgaGVpZ2h0PSIxIiB4bWxucz0iaHR0cDovL3d3dy53My5vcmcvMjAwMC9zdmciPjwvc3ZnPg==\" style=\"--smush-placeholder-width: 250px; --smush-placeholder-aspect-ratio: 250\/100;\" \/><\/a><\/span><\/p>\n<p><span style=\"font-family: verdana, geneva, sans-serif;\"><a href=\"\/product-category\/elephant-pants\/\"><img decoding=\"async\" class=\"aligncenter wp-image-28712 size-medium lazyload\" title=\"Check out our Elephant Pants, Shorts, Skirts ... (click)\" data-src=\"https:\/\/thai-clothing.com\/wp-content\/uploads\/2023\/05\/Elephant-Pants-Skirts-Dresses-300x104.jpg\" alt=\"Thai Elephant Pants, Skirts, Dresses\" width=\"300\" height=\"104\" data-srcset=\"https:\/\/thai-clothing.com\/wp-content\/uploads\/2023\/05\/Elephant-Pants-Skirts-Dresses-300x104.jpg 300w, https:\/\/thai-clothing.com\/wp-content\/uploads\/2023\/05\/Elephant-Pants-Skirts-Dresses-600x209.jpg 600w, https:\/\/thai-clothing.com\/wp-content\/uploads\/2023\/05\/Elephant-Pants-Skirts-Dresses-768x267.jpg 768w, https:\/\/thai-clothing.com\/wp-content\/uploads\/2023\/05\/Elephant-Pants-Skirts-Dresses-18x6.jpg 18w, https:\/\/thai-clothing.com\/wp-content\/uploads\/2023\/05\/Elephant-Pants-Skirts-Dresses.jpg 920w\" data-sizes=\"auto, (max-width: 300px) 100vw, 300px\" src=\"data:image\/svg+xml;base64,PHN2ZyB3aWR0aD0iMSIgaGVpZ2h0PSIxIiB4bWxucz0iaHR0cDovL3d3dy53My5vcmcvMjAwMC9zdmciPjwvc3ZnPg==\" style=\"--smush-placeholder-width: 300px; --smush-placeholder-aspect-ratio: 300\/104;\" \/><\/a><\/span><\/p>","protected":false},"excerpt":{"rendered":"<ul>\n<li><span style=\"font-family: verdana, geneva, sans-serif;\">100 % Rayon (Viskose)<\/span><\/li>\n<li><span style=\"font-family: verdana, geneva, sans-serif;\">d\u00fcnn &amp; leicht<\/span><\/li>\n<li><span style=\"font-family: verdana, geneva, sans-serif;\">weite Hosenbeine<\/span><\/li>\n<li><span style=\"font-family: verdana, geneva, sans-serif;\">Einheitsgr\u00f6\u00dfe<\/span><\/li>\n<\/ul>","protected":false},"featured_media":29593,"comment_status":"open","ping_status":"closed","template":"","meta":[],"product_brand":[],"product_cat":[658,689],"product_tag":[660,661,634,498,659,632,27,493,633,693,692,694,666,497,496,69,300],"pa_sizes":[],"class_list":{"0":"post-29648","1":"product","2":"type-product","3":"status-publish","4":"has-post-thumbnail","6":"product_cat-thai-pants","7":"product_cat-vert-slit-rayon-pants","8":"product_tag-black-white","9":"product_tag-black-and-white","10":"product_tag-candy","11":"product_tag-casual-pants","12":"product_tag-crease-smart-black","13":"product_tag-dance-pants","14":"product_tag-ladies","15":"product_tag-pants","16":"product_tag-rayon","17":"product_tag-slashed","18":"product_tag-slit","19":"product_tag-slits","20":"product_tag-snails","21":"product_tag-thai-pants","22":"product_tag-thailand","23":"product_tag-white","24":"product_tag-women","26":"first","27":"instock","28":"sale","29":"shipping-taxable","30":"purchasable","31":"product-type-simple"},"_links":{"self":[{"href":"https:\/\/thai-clothing.com\/de\/wp-json\/wp\/v2\/product\/29648","targetHints":{"allow":["GET"]}}],"collection":[{"href":"https:\/\/thai-clothing.com\/de\/wp-json\/wp\/v2\/product"}],"about":[{"href":"https:\/\/thai-clothing.com\/de\/wp-json\/wp\/v2\/types\/product"}],"replies":[{"embeddable":true,"href":"https:\/\/thai-clothing.com\/de\/wp-json\/wp\/v2\/comments?post=29648"}],"wp:featuredmedia":[{"embeddable":true,"href":"https:\/\/thai-clothing.com\/de\/wp-json\/wp\/v2\/media\/29593"}],"wp:attachment":[{"href":"https:\/\/thai-clothing.com\/de\/wp-json\/wp\/v2\/media?parent=29648"}],"wp:term":[{"taxonomy":"product_brand","embeddable":true,"href":"https:\/\/thai-clothing.com\/de\/wp-json\/wp\/v2\/product_brand?post=29648"},{"taxonomy":"product_cat","embeddable":true,"href":"https:\/\/thai-clothing.com\/de\/wp-json\/wp\/v2\/product_cat?post=29648"},{"taxonomy":"product_tag","embeddable":true,"href":"https:\/\/thai-clothing.com\/de\/wp-json\/wp\/v2\/product_tag?post=29648"},{"taxonomy":"pa_sizes","embeddable":true,"href":"https:\/\/thai-clothing.com\/de\/wp-json\/wp\/v2\/pa_sizes?post=29648"}],"curies":[{"name":"wp","href":"https:\/\/api.w.org\/{rel}","templated":true}]}}