{"id":30532,"date":"2023-08-04T14:21:31","date_gmt":"2023-08-04T07:21:31","guid":{"rendered":"https:\/\/thai-clothing.com\/?post_type=product&#038;p=30532"},"modified":"2023-08-31T12:34:18","modified_gmt":"2023-08-31T05:34:18","slug":"rayon-ribbon-pants-leaves-olive-green","status":"publish","type":"product","link":"https:\/\/thai-clothing.com\/de\/produkt\/rayon-ribbon-pants-leaves-olive-green\/","title":{"rendered":"Weite Rayon-Ribbon-Hose - Orientalisch (olivgr\u00fcn)"},"content":{"rendered":"<h2 style=\"text-align: center;\"><span style=\"font-family: verdana, geneva, sans-serif;\">Weite Rayon Ribbon Hose<\/span><\/h2>\n<h2 style=\"text-align: center;\"><span style=\"font-family: verdana, geneva, sans-serif;\">Orientalisch \u2013 olivgr\u00fcn<\/span><\/h2>\n<h4><span style=\"font-family: verdana, geneva, sans-serif;\">\u00a0\u00a0 Stil: Weite Hosenbeine + Ribbon<br \/>\n<\/span><\/h4>\n<p><span style=\"font-family: verdana, geneva, sans-serif;\">Diese olivgr\u00fcne, leichte und bequeme Viskosehose mit gro\u00dfer Schleife vorne stammt aus Nordthailand und ist aufgrund des d\u00fcnnen Stoffes und der Beinfreiheit ideal f\u00fcr warmes Klima und alle m\u00f6glichen Freizeitaktivit\u00e4ten geeignet. <\/span><\/p>\n<p><span style=\"font-family: verdana, geneva, sans-serif;\">An der Vorderseite der Taille befindet sich eine breite Schleife mit einem sch\u00f6nen orientalischen Muster, um die Hose etwas enger zu binden. An der Taille hinten befindet sich ein Gummiband (im Stoff eingebettet).<\/span><\/p>\n<h4><span style=\"font-family: verdana, geneva, sans-serif;\">\u00a0\u00a0 Material:<\/span><\/h4>\n<p><span style=\"font-family: verdana, geneva, sans-serif;\">Diese modische Sommerhose f\u00fcr Damen besteht aus 100 % Rayon \/ Viskose \u2013 sehr leicht, d\u00fcnn und bequem. <\/span><\/p>\n<p><span style=\"font-family: verdana, geneva, sans-serif;\">Sie sind nur in einer Gr\u00f6\u00dfe (Freesize) erh\u00e4ltlich, bitte \u00fcberpr\u00fcfen Sie die angegebenen Ma\u00dfe:<\/span><\/p>\n<p><span style=\"font-family: verdana, geneva, sans-serif;\"><a href=\"https:\/\/thai-clothing.com\/wp-content\/uploads\/2021\/04\/Big_Tree_Cotton_Clothing_Pants.gif\"><img decoding=\"async\" class=\"wp-image-17383 size-full alignleft lazyload\" title=\"Rayon-Hosenkleid - Ma\u00dfe\" data-src=\"https:\/\/thai-clothing.com\/wp-content\/uploads\/2021\/04\/Big_Tree_Cotton_Clothing_Pants.gif\" alt=\"Big Tree Pants Measurements\" width=\"300\" height=\"300\" data-srcset=\"https:\/\/thai-clothing.com\/wp-content\/uploads\/2021\/04\/Big_Tree_Cotton_Clothing_Pants.gif 300w, https:\/\/thai-clothing.com\/wp-content\/uploads\/2021\/04\/Big_Tree_Cotton_Clothing_Pants-100x100.gif 100w\" data-sizes=\"auto, (max-width: 300px) 100vw, 300px\" src=\"data:image\/svg+xml;base64,PHN2ZyB3aWR0aD0iMSIgaGVpZ2h0PSIxIiB4bWxucz0iaHR0cDovL3d3dy53My5vcmcvMjAwMC9zdmciPjwvc3ZnPg==\" style=\"--smush-placeholder-width: 300px; --smush-placeholder-aspect-ratio: 300\/300;\" \/><\/a><\/span><\/p>\n<p>&nbsp;<\/p>\n<p><span style=\"font-family: verdana, geneva, sans-serif;\"><strong>Ma\u00dfe (ca.):<\/strong><\/span><\/p>\n<p><span style=\"font-family: verdana, geneva, sans-serif;\">A = max.49 cm \/ 19,5 inch<\/span><br \/>\n<span style=\"font-family: verdana, geneva, sans-serif;\">B = 90 cm \/ 35,5 inch<\/span><\/p>\n<p>&nbsp;<\/p>\n<h4><\/h4>\n<p>&nbsp;<\/p>\n<p>&nbsp;<\/p>\n<p><span style=\"font-family: verdana, geneva, sans-serif;\"><a href=\"\/product-category\/thai-pants\/\"><img decoding=\"async\" class=\"aligncenter wp-image-29572 size-full lazyload\" title=\"Schauen Sie sich alle unsere Thai-Hosen an (klicken)\" data-src=\"https:\/\/thai-clothing.com\/wp-content\/uploads\/2023\/06\/Thai-Pants_category.gif\" alt=\"Thai Pants\" width=\"250\" height=\"100\" src=\"data:image\/svg+xml;base64,PHN2ZyB3aWR0aD0iMSIgaGVpZ2h0PSIxIiB4bWxucz0iaHR0cDovL3d3dy53My5vcmcvMjAwMC9zdmciPjwvc3ZnPg==\" style=\"--smush-placeholder-width: 250px; --smush-placeholder-aspect-ratio: 250\/100;\" \/><\/a><\/span><\/p>","protected":false},"excerpt":{"rendered":"<ul>\n<li><span style=\"font-family: verdana, geneva, sans-serif;\">100 % Rayon (Viskose)<\/span><\/li>\n<li><span style=\"font-family: verdana, geneva, sans-serif;\">d\u00fcnn &amp; leicht<\/span><\/li>\n<li><span style=\"font-family: verdana, geneva, sans-serif;\">weite Hosenbeine<\/span><\/li>\n<li><span style=\"font-family: verdana, geneva, sans-serif;\">Einheitsgr\u00f6\u00dfe<\/span><\/li>\n<\/ul>","protected":false},"featured_media":30515,"comment_status":"open","ping_status":"closed","template":"","meta":[],"product_brand":[],"product_cat":[658,687],"product_tag":[498,632,81,27,102,673,493,633,670,671,497,496,300],"pa_sizes":[],"class_list":{"0":"post-30532","1":"product","2":"type-product","3":"status-publish","4":"has-post-thumbnail","6":"product_cat-thai-pants","7":"product_cat-rayon-ribbon-pants","8":"product_tag-casual-pants","9":"product_tag-dance-pants","10":"product_tag-green","11":"product_tag-ladies","12":"product_tag-olive","13":"product_tag-oriental","14":"product_tag-pants","15":"product_tag-rayon","16":"product_tag-smart","17":"product_tag-summer-pants","18":"product_tag-thai-pants","19":"product_tag-thailand","20":"product_tag-women","22":"first","23":"instock","24":"sale","25":"shipping-taxable","26":"purchasable","27":"product-type-simple"},"_links":{"self":[{"href":"https:\/\/thai-clothing.com\/de\/wp-json\/wp\/v2\/product\/30532","targetHints":{"allow":["GET"]}}],"collection":[{"href":"https:\/\/thai-clothing.com\/de\/wp-json\/wp\/v2\/product"}],"about":[{"href":"https:\/\/thai-clothing.com\/de\/wp-json\/wp\/v2\/types\/product"}],"replies":[{"embeddable":true,"href":"https:\/\/thai-clothing.com\/de\/wp-json\/wp\/v2\/comments?post=30532"}],"wp:featuredmedia":[{"embeddable":true,"href":"https:\/\/thai-clothing.com\/de\/wp-json\/wp\/v2\/media\/30515"}],"wp:attachment":[{"href":"https:\/\/thai-clothing.com\/de\/wp-json\/wp\/v2\/media?parent=30532"}],"wp:term":[{"taxonomy":"product_brand","embeddable":true,"href":"https:\/\/thai-clothing.com\/de\/wp-json\/wp\/v2\/product_brand?post=30532"},{"taxonomy":"product_cat","embeddable":true,"href":"https:\/\/thai-clothing.com\/de\/wp-json\/wp\/v2\/product_cat?post=30532"},{"taxonomy":"product_tag","embeddable":true,"href":"https:\/\/thai-clothing.com\/de\/wp-json\/wp\/v2\/product_tag?post=30532"},{"taxonomy":"pa_sizes","embeddable":true,"href":"https:\/\/thai-clothing.com\/de\/wp-json\/wp\/v2\/pa_sizes?post=30532"}],"curies":[{"name":"wp","href":"https:\/\/api.w.org\/{rel}","templated":true}]}}