{"id":30599,"date":"2023-08-05T14:42:54","date_gmt":"2023-08-05T07:42:54","guid":{"rendered":"https:\/\/thai-clothing.com\/?post_type=product&#038;p=30599"},"modified":"2023-08-31T14:34:57","modified_gmt":"2023-08-31T07:34:57","slug":"hmong-harem-pants-cotton-jaguar-1","status":"publish","type":"product","link":"https:\/\/thai-clothing.com\/de\/produkt\/hmong-harem-pants-cotton-jaguar-1\/","title":{"rendered":"Hmong-Haremshose - Baumwolle - Jaguar \/ Schildkr\u00f6te 1 (schwarz\/wei\u00df)"},"content":{"rendered":"<h2 style=\"text-align: center;\"><span style=\"font-family: verdana, geneva, sans-serif;\">Hmong-Haremshose \u2013 Baumwolle<\/span><\/h2>\n<h2 style=\"text-align: center;\"><span style=\"font-family: verdana, geneva, sans-serif;\">Jaguar \/ Schildkr\u00f6te 1 \u2013 schwarz\/wei\u00df<\/span><\/h2>\n<h4><span style=\"font-family: verdana, geneva, sans-serif;\">\u00a0\u00a0 Stil: Haremshose: Baggy \/ Aladin + handgefertigte Hmong-Borte<br \/>\n<\/span><\/h4>\n<p><span style=\"font-family: verdana, geneva, sans-serif;\">Diese Hmong-Haremshose besteht aus 100 % Baumwolle mit einem schwarz-wei\u00dfen \u201eJaguar\/Schildkr\u00f6te\u201c-Muster. Sie haben eine einzigartige handgefertigte Hmong-Borte mit Pompons vorne und einem Gummiband (im Stoff eingebettet) hinten. <\/span><\/p>\n<p><span style=\"font-family: verdana, geneva, sans-serif;\">Auf der rechten Vorderseite ist au\u00dferdem eine Au\u00dfentasche aufgen\u00e4ht, die ebenfalls mit einer sch\u00f6nen Hmong-Stickerei versehen ist.<\/span><\/p>\n<p><span style=\"font-family: verdana, geneva, sans-serif;\">Aufgrund des d\u00fcnnen Stoffes und der Beinfreiheit sind sie ideal f\u00fcr warmes Klima und alle Arten von Freizeitaktivit\u00e4ten geeignet. <\/span><\/p>\n<h4><span style=\"font-family: verdana, geneva, sans-serif;\">\u00a0\u00a0 Material:<\/span><\/h4>\n<p><span style=\"font-family: verdana, geneva, sans-serif;\">Diese Unisex-Sommerhose besteht aus 100 % Baumwolle \u2013 sehr leicht, d\u00fcnn und bequem. <\/span><\/p>\n<p><span style=\"font-family: verdana, geneva, sans-serif;\">Sie sind nur in einer Gr\u00f6\u00dfe (Freesize) erh\u00e4ltlich, bitte \u00fcberpr\u00fcfen Sie die angegebenen Ma\u00dfe:<\/span><\/p>\n<p><span style=\"font-family: verdana, geneva, sans-serif;\"><a href=\"https:\/\/thai-clothing.com\/wp-content\/uploads\/2021\/04\/Big_Tree_Cotton_Clothing_Pants.gif\"><img decoding=\"async\" class=\"alignleft wp-image-17383 size-full lazyload\" title=\"Hmong Harem Pants - Measurements\" data-src=\"https:\/\/thai-clothing.com\/wp-content\/uploads\/2021\/04\/Big_Tree_Cotton_Clothing_Pants.gif\" alt=\"Hmong Harem Pants Measurements\" width=\"300\" height=\"300\" data-srcset=\"https:\/\/thai-clothing.com\/wp-content\/uploads\/2021\/04\/Big_Tree_Cotton_Clothing_Pants.gif 300w, https:\/\/thai-clothing.com\/wp-content\/uploads\/2021\/04\/Big_Tree_Cotton_Clothing_Pants-100x100.gif 100w\" data-sizes=\"auto, (max-width: 300px) 100vw, 300px\" src=\"data:image\/svg+xml;base64,PHN2ZyB3aWR0aD0iMSIgaGVpZ2h0PSIxIiB4bWxucz0iaHR0cDovL3d3dy53My5vcmcvMjAwMC9zdmciPjwvc3ZnPg==\" style=\"--smush-placeholder-width: 300px; --smush-placeholder-aspect-ratio: 300\/300;\" \/><\/a><\/span><\/p>\n<p>&nbsp;<\/p>\n<p><span style=\"font-family: verdana, geneva, sans-serif;\"><strong>Ma\u00dfe (ca.):<\/strong><\/span><\/p>\n<p><span style=\"font-family: verdana, geneva, sans-serif;\">A = max.49 cm \/ 19,5 inch<\/span><br \/>\n<span style=\"font-family: verdana, geneva, sans-serif;\">B = 97 cm \/ 38,5 inch<\/span><\/p>\n<p>&nbsp;<\/p>\n<h4><\/h4>\n<p>&nbsp;<\/p>\n<p>&nbsp;<\/p>\n<p><span style=\"font-family: verdana, geneva, sans-serif;\">Die Hmong sind ein Bergvolk im Norden Thailands, das f\u00fcr seine einzigartigen Stickereien und Stoffe bekannt ist.<\/span><\/p>\n<p>&nbsp;<\/p>\n<p><span style=\"font-family: verdana, geneva, sans-serif;\"><a href=\"\/product-category\/thai-pants\/\"><img decoding=\"async\" class=\"aligncenter wp-image-29572 size-full lazyload\" title=\"Schauen Sie sich alle unsere Thai-Hosen an (klicken)\" data-src=\"https:\/\/thai-clothing.com\/wp-content\/uploads\/2023\/06\/Thai-Pants_category.gif\" alt=\"Thai Pants\" width=\"250\" height=\"100\" src=\"data:image\/svg+xml;base64,PHN2ZyB3aWR0aD0iMSIgaGVpZ2h0PSIxIiB4bWxucz0iaHR0cDovL3d3dy53My5vcmcvMjAwMC9zdmciPjwvc3ZnPg==\" style=\"--smush-placeholder-width: 250px; --smush-placeholder-aspect-ratio: 250\/100;\" \/><\/a><\/span><\/p>","protected":false},"excerpt":{"rendered":"<ul>\n<li><span style=\"font-family: verdana, geneva, sans-serif;\">100 % Baumwolle<\/span><\/li>\n<li><span style=\"font-family: verdana, geneva, sans-serif;\">d\u00fcnn &amp; leicht<\/span><\/li>\n<li><span style=\"font-family: verdana, geneva, sans-serif;\">baggy<\/span><\/li>\n<li><span style=\"font-family: verdana, geneva, sans-serif;\">Hmong Borte (handgemacht)<\/span><\/li>\n<li><span style=\"font-family: verdana, geneva, sans-serif;\">Einheitsgr\u00f6\u00dfe<\/span><\/li>\n<\/ul>","protected":false},"featured_media":30571,"comment_status":"open","ping_status":"closed","template":"","meta":[],"product_brand":[],"product_cat":[658,686],"product_tag":[682,351,661,498,495,632,505,677,493,670,671,497,496],"pa_sizes":[],"class_list":{"0":"post-30599","1":"product","2":"type-product","3":"status-publish","4":"has-post-thumbnail","6":"product_cat-thai-pants","7":"product_cat-hmong-harem-pants","8":"product_tag-aladdin-pants","9":"product_tag-baggy","10":"product_tag-black-and-white","11":"product_tag-casual-pants","12":"product_tag-cotton","13":"product_tag-dance-pants","14":"product_tag-harem-pants","15":"product_tag-hmong","16":"product_tag-pants","17":"product_tag-smart","18":"product_tag-summer-pants","19":"product_tag-thai-pants","20":"product_tag-thailand","22":"first","23":"instock","24":"sale","25":"shipping-taxable","26":"purchasable","27":"product-type-simple"},"_links":{"self":[{"href":"https:\/\/thai-clothing.com\/de\/wp-json\/wp\/v2\/product\/30599","targetHints":{"allow":["GET"]}}],"collection":[{"href":"https:\/\/thai-clothing.com\/de\/wp-json\/wp\/v2\/product"}],"about":[{"href":"https:\/\/thai-clothing.com\/de\/wp-json\/wp\/v2\/types\/product"}],"replies":[{"embeddable":true,"href":"https:\/\/thai-clothing.com\/de\/wp-json\/wp\/v2\/comments?post=30599"}],"wp:featuredmedia":[{"embeddable":true,"href":"https:\/\/thai-clothing.com\/de\/wp-json\/wp\/v2\/media\/30571"}],"wp:attachment":[{"href":"https:\/\/thai-clothing.com\/de\/wp-json\/wp\/v2\/media?parent=30599"}],"wp:term":[{"taxonomy":"product_brand","embeddable":true,"href":"https:\/\/thai-clothing.com\/de\/wp-json\/wp\/v2\/product_brand?post=30599"},{"taxonomy":"product_cat","embeddable":true,"href":"https:\/\/thai-clothing.com\/de\/wp-json\/wp\/v2\/product_cat?post=30599"},{"taxonomy":"product_tag","embeddable":true,"href":"https:\/\/thai-clothing.com\/de\/wp-json\/wp\/v2\/product_tag?post=30599"},{"taxonomy":"pa_sizes","embeddable":true,"href":"https:\/\/thai-clothing.com\/de\/wp-json\/wp\/v2\/pa_sizes?post=30599"}],"curies":[{"name":"wp","href":"https:\/\/api.w.org\/{rel}","templated":true}]}}