{"id":30680,"date":"2023-08-05T17:25:41","date_gmt":"2023-08-05T10:25:41","guid":{"rendered":"https:\/\/thai-clothing.com\/?post_type=product&#038;p=30680"},"modified":"2023-09-08T11:59:23","modified_gmt":"2023-09-08T04:59:23","slug":"hmong-harem-bat-pants-cotton-bamboo","status":"publish","type":"product","link":"https:\/\/thai-clothing.com\/de\/produkt\/hmong-harem-bat-pants-cotton-bamboo\/","title":{"rendered":"Hmong Fledermaus Haremshose \u2013 Baumwolle \u2013 Bambus (schwarz\/wei\u00df)"},"content":{"rendered":"<h2 style=\"text-align: center;\"><span style=\"font-family: verdana, geneva, sans-serif;\">Hmong Fledermaus Haremshose \u2013 Baumwolle<\/span><\/h2>\n<h2 style=\"text-align: center;\"><span style=\"font-family: verdana, geneva, sans-serif;\">Bambus \u2013 schwarz\/wei\u00df<\/span><\/h2>\n<h4><span style=\"font-family: verdana, geneva, sans-serif;\">\u00a0\u00a0 Stil: Haremshose, weit geschnitten mit ausgefallenem Fledermausschnitt + handgefertigte Hmong-Borten<br \/>\n<\/span><\/h4>\n<p><span style=\"font-family: verdana, geneva, sans-serif;\">Diese Hmong-Haremshose hat eine Art Fledermausfl\u00fcgelform und besteht aus 100 % Baumwolle mit einem schwarz-wei\u00dfen \u201eBambus\u201c-Muster. Sie hat zudem einzigartige handgefertigte Hmong-Borten, einen an der linken Taillenseite (wo die Schn\u00fcrsenkel gebunden sind), einen an der aufgen\u00e4hten Au\u00dfentasche auf der rechten Seite und jeweils an den Fu\u00dfenden.<\/span><\/p>\n<p><span style=\"font-family: verdana, geneva, sans-serif;\">Der einzigartige Schnitt mit den weit ge\u00f6ffneten Beinen und den Hmong-B\u00fcndchen an den Beinenden, an denen die luftigen Hosenbeine gebunden werden, verleiht dieser Hose eine Art Fledermausfl\u00fcgel-Look.<br \/>\n<\/span><\/p>\n<h4><span style=\"font-family: verdana, geneva, sans-serif;\">\u00a0\u00a0 Material:<\/span><\/h4>\n<p><span style=\"font-family: verdana, geneva, sans-serif;\">Diese Unisex-Sommerhose besteht aus 100 % Baumwolle \u2013 sehr leicht, d\u00fcnn und bequem. <\/span><\/p>\n<p><span style=\"font-family: verdana, geneva, sans-serif;\">Sie sind nur in einer Gr\u00f6\u00dfe (Freesize) erh\u00e4ltlich, bitte \u00fcberpr\u00fcfen Sie die angegebenen Ma\u00dfe:<\/span><\/p>\n<p><span style=\"font-family: verdana, geneva, sans-serif;\"><a href=\"https:\/\/thai-clothing.com\/wp-content\/uploads\/2021\/04\/Big_Tree_Cotton_Clothing_Pants.gif\"><img decoding=\"async\" class=\"alignleft wp-image-17383 size-full lazyload\" title=\"Hmong Harem Pants - Measurements\" data-src=\"https:\/\/thai-clothing.com\/wp-content\/uploads\/2021\/04\/Big_Tree_Cotton_Clothing_Pants.gif\" alt=\"Hmong Harem Pants Measurements\" width=\"300\" height=\"300\" data-srcset=\"https:\/\/thai-clothing.com\/wp-content\/uploads\/2021\/04\/Big_Tree_Cotton_Clothing_Pants.gif 300w, https:\/\/thai-clothing.com\/wp-content\/uploads\/2021\/04\/Big_Tree_Cotton_Clothing_Pants-100x100.gif 100w\" data-sizes=\"auto, (max-width: 300px) 100vw, 300px\" src=\"data:image\/svg+xml;base64,PHN2ZyB3aWR0aD0iMSIgaGVpZ2h0PSIxIiB4bWxucz0iaHR0cDovL3d3dy53My5vcmcvMjAwMC9zdmciPjwvc3ZnPg==\" style=\"--smush-placeholder-width: 300px; --smush-placeholder-aspect-ratio: 300\/300;\" \/><\/a><\/span><\/p>\n<p>&nbsp;<\/p>\n<p><span style=\"font-family: verdana, geneva, sans-serif;\"><strong>Ma\u00dfe (ca.):<\/strong><\/span><\/p>\n<p><span style=\"font-family: verdana, geneva, sans-serif;\">A = max.48 cm \/ 19,5 inch<\/span><br \/>\n<span style=\"font-family: verdana, geneva, sans-serif;\">B = 87 cm \/ 34 inch<\/span><\/p>\n<p>&nbsp;<\/p>\n<h4><\/h4>\n<p>&nbsp;<\/p>\n<p>&nbsp;<\/p>\n<p><span style=\"font-family: verdana, geneva, sans-serif;\">Die Hmong sind ein Bergvolk im Norden Thailands, das f\u00fcr seine einzigartigen Stickereien und Stoffe bekannt ist.<\/span><\/p>\n<p>&nbsp;<\/p>\n<p><span style=\"font-family: verdana, geneva, sans-serif;\"><a href=\"\/product-category\/thai-pants\/\"><img decoding=\"async\" class=\"aligncenter wp-image-29572 size-full lazyload\" title=\"Schauen Sie sich alle unsere Thai-Hosen an (klicken)\" data-src=\"https:\/\/thai-clothing.com\/wp-content\/uploads\/2023\/06\/Thai-Pants_category.gif\" alt=\"Thai Pants\" width=\"250\" height=\"100\" src=\"data:image\/svg+xml;base64,PHN2ZyB3aWR0aD0iMSIgaGVpZ2h0PSIxIiB4bWxucz0iaHR0cDovL3d3dy53My5vcmcvMjAwMC9zdmciPjwvc3ZnPg==\" style=\"--smush-placeholder-width: 250px; --smush-placeholder-aspect-ratio: 250\/100;\" \/><\/a><\/span><\/p>","protected":false},"excerpt":{"rendered":"<ul>\n<li><span style=\"font-family: verdana, geneva, sans-serif;\">100 % Baumwolle<\/span><\/li>\n<li><span style=\"font-family: verdana, geneva, sans-serif;\">Fledermausfl\u00fcgel-Form<br \/>\n<\/span><\/li>\n<li><span style=\"font-family: verdana, geneva, sans-serif;\">baggy<\/span><\/li>\n<li><span style=\"font-family: verdana, geneva, sans-serif;\">Hmong Stickerei<br \/>\n<\/span><\/li>\n<li><span style=\"font-family: verdana, geneva, sans-serif;\">Einheitsgr\u00f6\u00dfe<\/span><\/li>\n<\/ul>","protected":false},"featured_media":30655,"comment_status":"open","ping_status":"closed","template":"","meta":[],"product_brand":[],"product_cat":[658,688],"product_tag":[682,351,683,684,661,498,495,685,632,505,677,493,670,671,497,496],"pa_sizes":[],"class_list":{"0":"post-30680","1":"product","2":"type-product","3":"status-publish","4":"has-post-thumbnail","6":"product_cat-thai-pants","7":"product_cat-hmong-bat-wing-pants","8":"product_tag-aladdin-pants","9":"product_tag-baggy","10":"product_tag-bat","11":"product_tag-bat-wing","12":"product_tag-black-and-white","13":"product_tag-casual-pants","14":"product_tag-cotton","15":"product_tag-cuffs","16":"product_tag-dance-pants","17":"product_tag-harem-pants","18":"product_tag-hmong","19":"product_tag-pants","20":"product_tag-smart","21":"product_tag-summer-pants","22":"product_tag-thai-pants","23":"product_tag-thailand","25":"first","26":"instock","27":"sale","28":"shipping-taxable","29":"purchasable","30":"product-type-simple"},"_links":{"self":[{"href":"https:\/\/thai-clothing.com\/de\/wp-json\/wp\/v2\/product\/30680","targetHints":{"allow":["GET"]}}],"collection":[{"href":"https:\/\/thai-clothing.com\/de\/wp-json\/wp\/v2\/product"}],"about":[{"href":"https:\/\/thai-clothing.com\/de\/wp-json\/wp\/v2\/types\/product"}],"replies":[{"embeddable":true,"href":"https:\/\/thai-clothing.com\/de\/wp-json\/wp\/v2\/comments?post=30680"}],"wp:featuredmedia":[{"embeddable":true,"href":"https:\/\/thai-clothing.com\/de\/wp-json\/wp\/v2\/media\/30655"}],"wp:attachment":[{"href":"https:\/\/thai-clothing.com\/de\/wp-json\/wp\/v2\/media?parent=30680"}],"wp:term":[{"taxonomy":"product_brand","embeddable":true,"href":"https:\/\/thai-clothing.com\/de\/wp-json\/wp\/v2\/product_brand?post=30680"},{"taxonomy":"product_cat","embeddable":true,"href":"https:\/\/thai-clothing.com\/de\/wp-json\/wp\/v2\/product_cat?post=30680"},{"taxonomy":"product_tag","embeddable":true,"href":"https:\/\/thai-clothing.com\/de\/wp-json\/wp\/v2\/product_tag?post=30680"},{"taxonomy":"pa_sizes","embeddable":true,"href":"https:\/\/thai-clothing.com\/de\/wp-json\/wp\/v2\/pa_sizes?post=30680"}],"curies":[{"name":"wp","href":"https:\/\/api.w.org\/{rel}","templated":true}]}}