{"id":36865,"date":"2024-04-12T13:14:18","date_gmt":"2024-04-12T06:14:18","guid":{"rendered":"https:\/\/thai-clothing.com\/?post_type=product&#038;p=36865"},"modified":"2024-04-28T16:21:00","modified_gmt":"2024-04-28T09:21:00","slug":"rayon-cat-pants-xl-navy-blue-beige","status":"publish","type":"product","link":"https:\/\/thai-clothing.com\/de\/produkt\/rayon-cat-pants-xl-navy-blue-beige\/","title":{"rendered":"Rayon Katzenhose \u2013 XL \u2013 Nachtblau-Beige"},"content":{"rendered":"<h2 style=\"text-align: center;\"><span style=\"font-family: verdana, geneva, sans-serif;\">Cat Pants \/ Katzenhose \u2013 XL<br \/>\n<\/span><\/h2>\n<h3 style=\"text-align: center;\"><span style=\"font-family: verdana, geneva, sans-serif;\">Hauptfarben: Marineblau, Beige-Creme<br \/>\n<\/span><\/h3>\n<p><span style=\"font-family: verdana, geneva, sans-serif;\"><a href=\"\/product-category\/elephant-pants\/cat-pants\/\"><img decoding=\"async\" class=\"alignleft wp-image-37554 lazyload\" title=\"nur Katzenhosen \/ Katzenmuster\" data-src=\"https:\/\/thai-clothing.com\/wp-content\/uploads\/2024\/04\/Cat-Pants_Cat-Image-150x150.png\" alt=\"CAT Pants variation of Elephant Pants\" width=\"131\" height=\"121\" data-srcset=\"https:\/\/thai-clothing.com\/wp-content\/uploads\/2024\/04\/Cat-Pants_Cat-Image-13x12.png 13w, https:\/\/thai-clothing.com\/wp-content\/uploads\/2024\/04\/Cat-Pants_Cat-Image.png 193w\" data-sizes=\"auto, (max-width: 131px) 100vw, 131px\" src=\"data:image\/svg+xml;base64,PHN2ZyB3aWR0aD0iMSIgaGVpZ2h0PSIxIiB4bWxucz0iaHR0cDovL3d3dy53My5vcmcvMjAwMC9zdmciPjwvc3ZnPg==\" style=\"--smush-placeholder-width: 131px; --smush-placeholder-aspect-ratio: 131\/121;\" \/><\/a>CAT Pants \/ Katzenhosen sind eine neue Variante der Elephant Pants: gleiche Idee, anderes Muster\/Tier.<br \/>\n<\/span><\/p>\n<p><span style=\"font-family: verdana, geneva, sans-serif;\">Dieses Modell ist XL und sollte daher den meisten Menschen aus dem Westen passen (das m\u00e4nnliche Modell auf den Bildern ist 1,85 m\/73 Zoll gro\u00df), aber bitte \u00fcberpr\u00fcfen Sie die Ma\u00dfe immer sorgf\u00e4ltig!<\/span><\/p>\n<p><span style=\"font-family: verdana, geneva, sans-serif;\"><a href=\"\/product-category\/elephant-pants\/\"><img decoding=\"async\" class=\"alignright wp-image-28774 size-medium lazyload\" data-src=\"https:\/\/thai-clothing.com\/wp-content\/uploads\/2023\/05\/Elephant-closeup-300x195.png\" alt=\"Thai Elephant Pants, Skirts, Dresses\" width=\"300\" height=\"195\" data-srcset=\"https:\/\/thai-clothing.com\/wp-content\/uploads\/2023\/05\/Elephant-closeup-300x195.png 300w, https:\/\/thai-clothing.com\/wp-content\/uploads\/2023\/05\/Elephant-closeup-600x390.png 600w, https:\/\/thai-clothing.com\/wp-content\/uploads\/2023\/05\/Elephant-closeup-1024x665.png 1024w, https:\/\/thai-clothing.com\/wp-content\/uploads\/2023\/05\/Elephant-closeup-768x499.png 768w, https:\/\/thai-clothing.com\/wp-content\/uploads\/2023\/05\/Elephant-closeup-18x12.png 18w, https:\/\/thai-clothing.com\/wp-content\/uploads\/2023\/05\/Elephant-closeup.png 1163w\" data-sizes=\"auto, (max-width: 300px) 100vw, 300px\" src=\"data:image\/svg+xml;base64,PHN2ZyB3aWR0aD0iMSIgaGVpZ2h0PSIxIiB4bWxucz0iaHR0cDovL3d3dy53My5vcmcvMjAwMC9zdmciPjwvc3ZnPg==\" style=\"--smush-placeholder-width: 300px; --smush-placeholder-aspect-ratio: 300\/195;\" \/><\/a>Diese Elefantenhose besteht aus 100 % Rayon (Viskosestoff) mit Doppeln\u00e4hten f\u00fcr bessere Belastbarkeit. Der leichte Stoff ist sehr glatt und d\u00fcnn (Handw\u00e4sche wird empfohlen), was das Tragen in warmem Klima oder in Innenr\u00e4umen sehr angenehm macht.<\/span><\/p>\n<p><span style=\"font-family: verdana, geneva, sans-serif;\"> Rund um die Taille hat die Hose einen elastischen Bund und zus\u00e4tzlich einen Stoffkordelzug, der sie an Ort und Stelle h\u00e4lt, sowie eine eingen\u00e4hte Tasche auf beiden Vorderseiten.<br \/>\n<\/span><\/p>\n<p><span style=\"font-family: verdana, geneva, sans-serif;\">Die Beinabschl\u00fcsse sind au\u00dferdem mit einem Gummizug versehen, so dass Sie die Beinl\u00e4nge leicht anpassen k\u00f6nnen.<br \/>\n<\/span><\/p>\n<h4><span style=\"font-family: verdana, geneva, sans-serif;\">\u00a0\u00a0 Stil: Thai Freizeithose<\/span><\/h4>\n<p><span style=\"font-family: verdana, geneva, sans-serif;\">Der Stil dieser Hosen stammt aus s\u00fcdostasiatischen L\u00e4ndern wie Thailand oder Indien und zeichnet sich durch seinen lockeren Schnitt aus und besteht aus leichtem und atmungsaktivem Material. Sie haben sehr sch\u00f6ne Elefantenmuster (daher der Name) und sind in verschiedenen Farben, T\u00f6nungen, Schnitten und Gr\u00f6\u00dfen erh\u00e4ltlich.<br \/>\n<\/span><\/p>\n<p><span style=\"font-family: verdana, geneva, sans-serif;\">Elefantenhosen sind unisex und k\u00f6nnen von M\u00e4nnern und Frauen gleicherma\u00dfen getragen werden.<\/span><\/p>\n<h4><span style=\"font-family: verdana, geneva, sans-serif;\">\u00a0\u00a0 Material:<\/span><\/h4>\n<p><span style=\"font-family: verdana, geneva, sans-serif;\">Das Material dieser Thai Elephant Pants besteht zu 100 % aus Rayon (Viskosestoff) \u2013 sehr leicht, d\u00fcnn, atmungsaktiv und super bequem. <\/span><\/p>\n<p><span style=\"font-family: verdana, geneva, sans-serif;\">Handw\u00e4sche wird empfohlen. Beachten Sie, dass die Farben bei den ersten paar W\u00e4schen ausbluten k\u00f6nnen!<br \/>\n<\/span><\/p>\n<h4><span style=\"font-family: verdana, geneva, sans-serif;\">\u00a0\u00a0 Gr\u00f6\u00dfe:<\/span><\/h4>\n<p><span style=\"font-family: verdana, geneva, sans-serif;\">Elephant Pants sind meist nur in einer Gr\u00f6\u00dfe (Freesize) pro Modell erh\u00e4ltlich, die Modelle unterscheiden sich jedoch voneinander! <\/span><\/p>\n<p><span style=\"font-family: verdana, geneva, sans-serif;\"><strong>Bitte beachten Sie daher immer unsere angegebenen Ma\u00dfe<\/strong>.<\/span><\/p>\n<h3><span style=\"font-family: verdana, geneva, sans-serif;\"><strong>\u00a0\u00a0\u00a0\u00a0\u00a0\u00a0 Ma\u00dfe (ca.):<\/strong><\/span><\/h3>\n<h3><span style=\"font-family: verdana, geneva, sans-serif;\"><a href=\"https:\/\/thai-clothing.com\/wp-content\/uploads\/2024\/04\/Elephant_Pants_multi_measurements.jpg\"><img decoding=\"async\" class=\"size-full wp-image-36734 alignleft lazyload\" data-src=\"https:\/\/thai-clothing.com\/wp-content\/uploads\/2024\/04\/Elephant_Pants_multi_measurements.jpg\" alt=\"Elephant Pants Measurements\" width=\"168\" height=\"304\" data-srcset=\"https:\/\/thai-clothing.com\/wp-content\/uploads\/2024\/04\/Elephant_Pants_multi_measurements.jpg 168w, https:\/\/thai-clothing.com\/wp-content\/uploads\/2024\/04\/Elephant_Pants_multi_measurements-166x300.jpg 166w, https:\/\/thai-clothing.com\/wp-content\/uploads\/2024\/04\/Elephant_Pants_multi_measurements-7x12.jpg 7w\" data-sizes=\"auto, (max-width: 168px) 100vw, 168px\" src=\"data:image\/svg+xml;base64,PHN2ZyB3aWR0aD0iMSIgaGVpZ2h0PSIxIiB4bWxucz0iaHR0cDovL3d3dy53My5vcmcvMjAwMC9zdmciPjwvc3ZnPg==\" style=\"--smush-placeholder-width: 168px; --smush-placeholder-aspect-ratio: 168\/304;\" \/><\/a><\/span><\/h3>\n<p><span style=\"font-family: verdana, geneva, sans-serif;\"><strong>L\u00e4nge (gesamt): 98\u2013102 cm<\/strong><\/span><\/p>\n<p><span style=\"font-family: verdana, geneva, sans-serif;\">L\u00e4nge der Innennaht: \u00a0 \u00a0 \u00a0 \u00a0\u00a0\u00a0 68 cm \/ 26,5 Zoll<\/span><\/p>\n<p><span style=\"font-family: verdana, geneva, sans-serif;\">L\u00e4nge Schritt-Taille: 33 cm \/ 13 Zoll<\/span><\/p>\n<p><span style=\"font-family: verdana, geneva, sans-serif;\"><strong>Breite (bequem): <\/strong>30-<strong>50 cm \/ <\/strong>12-<strong>19.5 inch<\/strong><\/span><\/p>\n<p><span style=\"font-family: verdana, geneva, sans-serif;\">Maximale Breite:\u00a0\u00a0\u00a0\u00a0\u00a0 \u00a0 \u00a0 \u00a0 \u00a0\u00a0 57 cm\u00a0 \/ 22,5 Zoll<\/span><\/p>\n<p><span style=\"font-family: verdana, geneva, sans-serif;\">Breite an Oberschenkeln:\u00a0\u00a0\u00a0\u00a0\u00a0\u00a0\u00a0\u00a0\u00a0\u00a0\u00a0\u00a0 30-33 cm\u00a0 \/ 12-13 Zoll<\/span><\/p>\n<p><span style=\"font-family: verdana, geneva, sans-serif;\"><strong>Es k\u00f6nnen leichte Ma\u00dfabweichungen auftreten!<\/strong><\/span><\/p>\n<p>&nbsp;<\/p>\n<p style=\"text-align: center;\"><span style=\"font-family: verdana, geneva, sans-serif;\">Elefantenhosen sind das meistverkaufte Kleidungsst\u00fcck in Thailand. Touristen, Einheimische, Asiaten, Westler, \u2026 <\/span><\/p>\n<p style=\"text-align: center;\"><span style=\"font-family: verdana, geneva, sans-serif;\">Wohin man auch schaut, sieht man Menschen, Einheimische wie Ausl\u00e4nder, die diese super bequemen und gut aussehenden Hosen tragen.<\/span><\/p>\n<figure id=\"attachment_28712\" aria-describedby=\"caption-attachment-28712\" style=\"width: 920px\" class=\"wp-caption aligncenter\"><a href=\"\/product-category\/elephant-pants\/\"><img decoding=\"async\" class=\"wp-image-28712 size-full lazyload\" data-src=\"https:\/\/thai-clothing.com\/wp-content\/uploads\/2023\/05\/Elephant-Pants-Skirts-Dresses.jpg\" alt=\"Thai Elephant Pants, Skirts, Dresses\" width=\"920\" height=\"320\" data-srcset=\"https:\/\/thai-clothing.com\/wp-content\/uploads\/2023\/05\/Elephant-Pants-Skirts-Dresses.jpg 920w, https:\/\/thai-clothing.com\/wp-content\/uploads\/2023\/05\/Elephant-Pants-Skirts-Dresses-600x209.jpg 600w, https:\/\/thai-clothing.com\/wp-content\/uploads\/2023\/05\/Elephant-Pants-Skirts-Dresses-300x104.jpg 300w, https:\/\/thai-clothing.com\/wp-content\/uploads\/2023\/05\/Elephant-Pants-Skirts-Dresses-768x267.jpg 768w, https:\/\/thai-clothing.com\/wp-content\/uploads\/2023\/05\/Elephant-Pants-Skirts-Dresses-18x6.jpg 18w\" data-sizes=\"auto, (max-width: 920px) 100vw, 920px\" src=\"data:image\/svg+xml;base64,PHN2ZyB3aWR0aD0iMSIgaGVpZ2h0PSIxIiB4bWxucz0iaHR0cDovL3d3dy53My5vcmcvMjAwMC9zdmciPjwvc3ZnPg==\" style=\"--smush-placeholder-width: 920px; --smush-placeholder-aspect-ratio: 920\/320;\" \/><\/a><figcaption id=\"caption-attachment-28712\" class=\"wp-caption-text\"><span style=\"font-family: verdana, geneva, sans-serif;\">Der Nr. 1-Seller in Thailand \u2013 super bequeme Freizeithosen\u2026<\/span><\/figcaption><\/figure>","protected":false},"excerpt":{"rendered":"<ul>\n<li><span style=\"font-family: verdana, geneva, sans-serif;\">100 % Rayon (Viskose)<br \/>\n<\/span><\/li>\n<li><span style=\"font-family: verdana, geneva, sans-serif;\">d\u00fcnn, leicht, atmungsaktiv <\/span><\/li>\n<li><span style=\"font-family: verdana, geneva, sans-serif;\">XL (L:99cm, W:50cm)<br \/>\n<\/span><\/li>\n<li><span style=\"font-family: verdana, geneva, sans-serif;\">1 Tasche<\/span><\/li>\n<\/ul>","protected":false},"featured_media":37428,"comment_status":"open","ping_status":"closed","template":"","meta":[],"product_brand":[],"product_cat":[718,648,715],"product_tag":[60,26,580,698,346,632,120,649,650,695,699,493,633,651,696,497,496,499],"pa_sizes":[],"class_list":{"0":"post-36865","1":"product","2":"type-product","3":"status-publish","4":"has-post-thumbnail","6":"product_cat-cat-pants","7":"product_cat-elephant-pants","8":"product_cat-elephant-pants-xl","9":"product_tag-beige","10":"product_tag-blue","11":"product_tag-cat","12":"product_tag-cat-pants","13":"product_tag-cream","14":"product_tag-dance-pants","15":"product_tag-elephant","16":"product_tag-elephant-pants","17":"product_tag-leisure-pants","18":"product_tag-light-fabric","19":"product_tag-navy-blue","20":"product_tag-pants","21":"product_tag-rayon","22":"product_tag-rayon-fabric","23":"product_tag-rayon-trousers","24":"product_tag-thai-pants","25":"product_tag-thailand","26":"product_tag-trousers","28":"first","29":"instock","30":"shipping-taxable","31":"purchasable","32":"product-type-simple"},"_links":{"self":[{"href":"https:\/\/thai-clothing.com\/de\/wp-json\/wp\/v2\/product\/36865","targetHints":{"allow":["GET"]}}],"collection":[{"href":"https:\/\/thai-clothing.com\/de\/wp-json\/wp\/v2\/product"}],"about":[{"href":"https:\/\/thai-clothing.com\/de\/wp-json\/wp\/v2\/types\/product"}],"replies":[{"embeddable":true,"href":"https:\/\/thai-clothing.com\/de\/wp-json\/wp\/v2\/comments?post=36865"}],"wp:featuredmedia":[{"embeddable":true,"href":"https:\/\/thai-clothing.com\/de\/wp-json\/wp\/v2\/media\/37428"}],"wp:attachment":[{"href":"https:\/\/thai-clothing.com\/de\/wp-json\/wp\/v2\/media?parent=36865"}],"wp:term":[{"taxonomy":"product_brand","embeddable":true,"href":"https:\/\/thai-clothing.com\/de\/wp-json\/wp\/v2\/product_brand?post=36865"},{"taxonomy":"product_cat","embeddable":true,"href":"https:\/\/thai-clothing.com\/de\/wp-json\/wp\/v2\/product_cat?post=36865"},{"taxonomy":"product_tag","embeddable":true,"href":"https:\/\/thai-clothing.com\/de\/wp-json\/wp\/v2\/product_tag?post=36865"},{"taxonomy":"pa_sizes","embeddable":true,"href":"https:\/\/thai-clothing.com\/de\/wp-json\/wp\/v2\/pa_sizes?post=36865"}],"curies":[{"name":"wp","href":"https:\/\/api.w.org\/{rel}","templated":true}]}}