{"id":88,"date":"2018-05-10T16:54:55","date_gmt":"2018-05-10T09:54:55","guid":{"rendered":"http:\/\/sure-shirts.com\/?post_type=product&#038;p=88"},"modified":"2021-06-19T23:29:31","modified_gmt":"2021-06-19T16:29:31","slug":"golden-eagle-red-sure-long-sleeve-shirt","status":"publish","type":"product","link":"https:\/\/thai-clothing.com\/de\/produkt\/golden-eagle-red-sure-long-sleeve-shirt\/","title":{"rendered":"Steinadler \u2013 Rotes SURE Langarmshirt Gr\u00f6\u00dfe M"},"content":{"rendered":"<h2 style=\"text-align: center;\">Steinadler<\/h2>\n<h3 style=\"text-align: center;\">Rotes SURE Langarmshirt Gr\u00f6\u00dfe M<\/h3>\n<h4>\u00a0\u00a0 Motiv: Steinadler<\/h4>\n<p>Sch\u00f6nes Bild von einem beeindruckenden <a title=\"Wikipedia: Steinadler\" href=\"https:\/\/de.wikipedia.org\/wiki\/Steinadler\" target=\"_blank\" rel=\"noopener noreferrer\">Steinadler<\/a> (Aquila chrysaetos), der kurz davor steht, mit erhobenen m\u00e4chtigen Fl\u00fcgeln zu landen. Der ber\u00fchmte und m\u00e4chtige Steinadler ist in Nordamerika, Eurasien und Nordafrika beheimatet.<\/p>\n<h4>\u00a0\u00a0 Sure Langarmshirt Gr\u00f6\u00dfe M<\/h4>\n<p>Tolles \u201eSteinadler\u201c Bild auf einem <strong>rot gef\u00e4rbten<\/strong> Langarm-Shirt.<\/p>\n<h4 style=\"text-align: left;\"><span style=\"font-family: verdana, geneva, sans-serif;\"><a href=\"https:\/\/thai-clothing.com\/wp-content\/uploads\/2018\/05\/TC_Sure_Shirt_Longsleeve-Shirt_Measurement.jpg\"><img decoding=\"async\" class=\"alignleft wp-image-18029 size-full lazyload\" title=\"SURE Langarm-Shirt aus 100% Baumwoll-Knittergewebe\" data-src=\"https:\/\/thai-clothing.com\/wp-content\/uploads\/2018\/05\/TC_Sure_Shirt_Longsleeve-Shirt_Measurement.jpg\" alt=\"SURE Longsleeve Shirt - measurements\" width=\"136\" height=\"119\" src=\"data:image\/svg+xml;base64,PHN2ZyB3aWR0aD0iMSIgaGVpZ2h0PSIxIiB4bWxucz0iaHR0cDovL3d3dy53My5vcmcvMjAwMC9zdmciPjwvc3ZnPg==\" style=\"--smush-placeholder-width: 136px; --smush-placeholder-aspect-ratio: 136\/119;\" \/><\/a><\/span><\/h4>\n<h4 style=\"text-align: left;\">Ma\u00dfe (ca.):<\/h4>\n<p style=\"text-align: left;\">A = 20 inch \/ 51 cm<br \/>\nB = 26,5 inch \/ 68 c<span style=\"font-family: verdana, geneva, sans-serif;\">m<\/span><\/p>\n<p>&nbsp;<\/p>\n<h4><span style=\"font-family: verdana, geneva, sans-serif;\">\u00a0\u00a0 Bitte beachten Sie:<\/span><\/h4>\n<p><span style=\"font-family: verdana, geneva, sans-serif;\">Gr\u00f6\u00dfenbezeichnungen wie S, M, L, XL sind nur ungenaue Zuordnungen.<\/span><br \/>\n<span style=\"font-family: verdana, geneva, sans-serif;\">Die Ma\u00dfe aller Sure-Shirts k\u00f6nnen von Modell zu Modell, von Motiv zu Motiv und sogar von Farbe zu Farbe (des gleichen Motivs) voneinander abweichen!<\/span><br \/>\n<strong><span style=\"font-family: verdana, geneva, sans-serif;\">Wir versuchen unser Bestes, um genaue Ma\u00dfe f\u00fcr jedes einzelne Hemd anzugeben.<\/span><\/strong><br \/>\n<strong><span style=\"font-family: verdana, geneva, sans-serif;\">Bitte legen Sie Ihr Lieblingshemd flach auf den Boden und vergleichen Sie dann die Ma\u00dfe gem\u00e4\u00df dem Bild und den angegebenen Ma\u00dfen, wie im Bild oben gezeigt.<\/span><\/strong><\/p>\n<h4><span style=\"font-family: verdana, geneva, sans-serif;\">\u00a0\u00a0 Lesen Sie mehr \u00fcber:<\/span><\/h4>\n<p style=\"text-align: center;\"><span style=\"font-family: verdana, geneva, sans-serif;\"><a title=\"Dehnbarer Knitterstoff aus 100 % Baumwolle - die Knitterfalten verleihen diesen Shirts einen besonderen Look. Weiterlesen...\" href=\"\/sure-brand-thailand\/comfortable-wrinkle-fabric-cotton-shirts\/\" target=\"_blank\" rel=\"noopener\">Sure Shirts \u2013 Knitterstoff<\/a><\/span><\/p>\n<p style=\"text-align: center;\"><span style=\"font-family: verdana, geneva, sans-serif;\"><a title=\"Kaum f\u00fchlbare Siebdrucktechnik, waschbest\u00e4ndig und von guter Qualit\u00e4t. Weiterlesen...\" href=\"\/sure-brand-thailand\/serigraphy-screen-print\/\" target=\"_blank\" rel=\"noopener\">Sure Shirts \u2013 Siebdruck<\/a><\/span><\/p>\n<p style=\"text-align: center;\"><span style=\"font-family: verdana, geneva, sans-serif;\"><a title=\"Die Gr\u00f6\u00dfen von SURE-Hemden variieren aufgrund des zerknitterten Stoffes von Hemd zu Hemd. Bitte \u00fcberpr\u00fcfen Sie die individuell angegebenen Abmessungen, um die richtige Wahl zu treffen, bevor Sie eine Bestellung abschlie\u00dfen. Weiterlesen...\" href=\"\/sure-brand-thailand\/standard-sizes-measurements-dimensions\/\" target=\"_blank\" rel=\"noopener\">Sure Shirts \u2013 Gr\u00f6\u00dfen<\/a><\/span><\/p>\n<p style=\"text-align: center;\"><span style=\"font-family: verdana, geneva, sans-serif;\"><a title=\"Sure ist ein thail\u00e4ndischer Markenname mit Sitz in Bangkok. Weiterlesen...\" href=\"\/sure-brand-thailand\/sure-shirts-thailand\/\" target=\"_blank\" rel=\"noopener\">Sure Shirts \u2013 Marke<\/a><\/span><\/p>\n<p><span style=\"font-family: verdana, geneva, sans-serif;\"><a href=\"\/product-category\/sure-shirts-thailand\/\"><img decoding=\"async\" class=\"aligncenter wp-image-18019 size-full lazyload\" title=\"zu SURE Shirts (Hauptkategorie)\" data-src=\"https:\/\/thai-clothing.com\/wp-content\/uploads\/2021\/06\/Sure_Shirts_Banner.gif\" alt=\"Sure Shirts Thailand\" width=\"900\" height=\"176\" data-srcset=\"https:\/\/thai-clothing.com\/wp-content\/uploads\/2021\/06\/Sure_Shirts_Banner.gif 900w, https:\/\/thai-clothing.com\/wp-content\/uploads\/2021\/06\/Sure_Shirts_Banner-600x117.gif 600w\" data-sizes=\"auto, (max-width: 900px) 100vw, 900px\" src=\"data:image\/svg+xml;base64,PHN2ZyB3aWR0aD0iMSIgaGVpZ2h0PSIxIiB4bWxucz0iaHR0cDovL3d3dy53My5vcmcvMjAwMC9zdmciPjwvc3ZnPg==\" style=\"--smush-placeholder-width: 900px; --smush-placeholder-aspect-ratio: 900\/176;\" \/><\/a><\/span><\/p>\n<p style=\"text-align: center;\"><span style=\"font-family: verdana, geneva, sans-serif;\">Wir verkaufen nur original SURE Shirts aus Thailand!<\/span><\/p>","protected":false},"excerpt":{"rendered":"<ul>\n<li>Rotes Langarmshirt Gr\u00f6\u00dfe M<\/li>\n<li>100% Baumwolle<\/li>\n<li>dehnbarer Knitterstoff<\/li>\n<li>d\u00fcnn und bequem<\/li>\n<li>kaum f\u00fchlbarer Siebdruck<\/li>\n<li>waschbest\u00e4ndig<\/li>\n<li>Original SURE Thailand<\/li>\n<\/ul>","protected":false},"featured_media":15172,"comment_status":"open","ping_status":"closed","template":"","meta":[],"product_brand":[],"product_cat":[269],"product_tag":[18,42,43,49,19,20,23,24,25],"pa_sizes":[],"class_list":{"0":"post-88","1":"product","2":"type-product","3":"status-publish","4":"has-post-thumbnail","6":"product_cat-sure-size-m-long-sleeve-shirts-hoodies","7":"product_tag-eagle","8":"product_tag-long-sleeve","9":"product_tag-longsleeve","10":"product_tag-red","11":"product_tag-size-m","12":"product_tag-sure-shirt","13":"product_tag-thai-shirt","14":"product_tag-thailand-shirt","15":"product_tag-wrinkle-shirt","17":"first","18":"instock","19":"shipping-taxable","20":"purchasable","21":"product-type-simple"},"_links":{"self":[{"href":"https:\/\/thai-clothing.com\/de\/wp-json\/wp\/v2\/product\/88","targetHints":{"allow":["GET"]}}],"collection":[{"href":"https:\/\/thai-clothing.com\/de\/wp-json\/wp\/v2\/product"}],"about":[{"href":"https:\/\/thai-clothing.com\/de\/wp-json\/wp\/v2\/types\/product"}],"replies":[{"embeddable":true,"href":"https:\/\/thai-clothing.com\/de\/wp-json\/wp\/v2\/comments?post=88"}],"wp:featuredmedia":[{"embeddable":true,"href":"https:\/\/thai-clothing.com\/de\/wp-json\/wp\/v2\/media\/15172"}],"wp:attachment":[{"href":"https:\/\/thai-clothing.com\/de\/wp-json\/wp\/v2\/media?parent=88"}],"wp:term":[{"taxonomy":"product_brand","embeddable":true,"href":"https:\/\/thai-clothing.com\/de\/wp-json\/wp\/v2\/product_brand?post=88"},{"taxonomy":"product_cat","embeddable":true,"href":"https:\/\/thai-clothing.com\/de\/wp-json\/wp\/v2\/product_cat?post=88"},{"taxonomy":"product_tag","embeddable":true,"href":"https:\/\/thai-clothing.com\/de\/wp-json\/wp\/v2\/product_tag?post=88"},{"taxonomy":"pa_sizes","embeddable":true,"href":"https:\/\/thai-clothing.com\/de\/wp-json\/wp\/v2\/pa_sizes?post=88"}],"curies":[{"name":"wp","href":"https:\/\/api.w.org\/{rel}","templated":true}]}}